{"id":2557,"date":"2024-01-29T19:39:55","date_gmt":"2024-01-29T23:39:55","guid":{"rendered":"https:\/\/iwantmyhealthback.com\/product\/metasomer-gel-for-utvartes-bruk\/"},"modified":"2025-05-07T06:07:19","modified_gmt":"2025-05-07T10:07:19","slug":"metasomer-gel-for-utvartes-bruk","status":"publish","type":"product","link":"https:\/\/iwantmyhealthback.com\/sv\/produkt\/metasomer-gel-for-utvartes-bruk\/","title":{"rendered":"NANO SOMA\u00ae Topical Gel"},"content":{"rendered":"\n\t<section class=\"section\" id=\"section_1211961196\">\n\t\t<div class=\"section-bg fill\" >\n\t\t\t\t\t\t\t\t\t\n\t\t\t\n\n\t\t<\/div>\n\n\t\t\n\n\t\t<div class=\"section-content relative\">\n\t\t\t\n<p>NANO SOMA<sup>\u00ae<\/sup> Topical Gel \u00e4r en gelform av Metadichol<sup>\u00ae<\/sup> som l\u00e4tt kan appliceras p\u00e5 huden. M\u00e5nga m\u00e4nniskor har rapporterat fantastiska f\u00f6rdelar med att anv\u00e4nda NANO SOMA<sup>\u00ae<\/sup> Topical Gel, som <a href=\"http:\/\/testimonials.thenanosoma.com\/\" target=\"_blank\" rel=\"noopener\">finns h\u00e4r<\/a>. H\u00e4r \u00e4r n\u00e5gra exempel:<\/p>\n<p><strong>Bilden nedan visar f\u00f6r\u00e4ndringen av utseendet p\u00e5 en bula efter sju veckor med NANO SOMA<sup>\u00ae<\/sup> Topical Gel.<\/strong><\/p>\n<figure class=\"text-center\"><img decoding=\"async\" src=\"https:\/\/magicdichol.info\/wp-content\/uploads\/2023\/12\/EL20neck20bump.png\" width=\"654\" height=\"217.70834350585938\" \/><\/figure>\n<p><strong>&#8221;Jag blev av med ett f\u00f6delsem\u00e4rke p\u00e5 n\u00e5gra dagar med hj\u00e4lp av NANO SOMA Topical Gel.&#8221;<\/strong><br \/>\n\u2013 <em>Randy Now<\/em><\/p>\n<hr \/>\n<p><strong>&#8221;I fredags genomgick jag en operation f\u00f6r att byta ut mitt andra kn\u00e4. Idag, s\u00f6ndag, var v\u00e4rmen och obehaget outh\u00e4rdligt. Med detta i \u00e5tanke hade jag f\u00f6rbest\u00e4llt NANO SOMA Topical Gel. Ikv\u00e4ll applicerade jag det \u00f6ver hela benet. Som en Reiki-m\u00e4stare som tar bort traumat gjorde NANO SOMA Topical Gel det p\u00e5 en minut. Wow. Det \u00e4r allt.&#8221;<\/strong><br \/>\n\u2013 <em>Charlie Zev<\/em><\/p>\n<hr \/>\n<p><strong>&#8221;Den h\u00e4r NANO SOMA Topical Gel \u00e4r ett mirakeltillskott. Jag anv\u00e4nde det p\u00e5 b\u00e5da mina kn\u00e4n fyra g\u00e5nger om dagen i fyra dagar. Kl\u00e5dan som jag haft i 15 \u00e5r \u00e4r helt borta. Det \u00e4r en fantastisk produkt.&#8221;<\/strong><br \/>\n\u2013 <em>Seyed och Ummu Mohamed, Indien<\/em><\/p>\n<hr \/>\n<p><strong>NANO SOMA Topical Gel<\/strong> \u00e4r en nanoemulsion av l\u00e5ngkedjiga alkoholer som finns i m\u00e5nga livsmedel. Dessa alkoholer kallas vanligtvis policosanol och finns i oraffinerade livsmedel som ris, sockerr\u00f6r och vete. Denna nanoemulsion av policosanol i gelform \u00e4r patenterad av Dr. Raghavan (US 9006292).<\/p>\n<p><strong>ANVISNINGAR F\u00d6R ANV\u00c4NDNING:<\/strong><br \/>\nApplicera p\u00e5 huden vid behov.<\/p>\n<p><strong>F\u00d6RDELAR:<\/strong><\/p>\n<ul>\n<li>F\u00f6rnyar huden.*<\/li>\n<li>St\u00f6djer normal l\u00e4kning.*<\/li>\n<li>Fr\u00e4mjar h\u00e4lsosam hud.*<\/li>\n<li>S\u00e4ker att anv\u00e4nda runt \u00f6gonen och andra k\u00e4nsliga omr\u00e5den.*<\/li>\n<li>Fr\u00e4mjar lindring av obehag.*<\/li>\n<\/ul>\n<p><strong>Inneh\u00e5ll:<\/strong> 1 fl. oz. (30 ml)<\/p>\n<p><strong>Ingredienser:<\/strong><br \/>\nNanoemulsion av policosanol, Vitamin E, Vatten, Sackarosfettsyraester, Citronsyra, \u00c4tligt xantangummi<\/p>\n<div class=\"row\"  id=\"row-642628920\">\n\n\t<div id=\"col-384776027\" class=\"col small-12 large-12\"  >\n\t\t\t\t<div class=\"col-inner\"  >\n\t\t\t\n\t<div class=\"is-border\"\n\t\tstyle=\"border-color:rgb(204, 204, 204);border-width:2px 2px 2px 2px;\">\n\t<\/div>\n\t\t\t\n\t<div id=\"text-1738538120\" class=\"text\">\n\t\t\n<div style=\"text-align: center;\"><b>*Detta uttalande har inte utv\u00e4rderats av Food and Drug Administration. Denna produkt \u00e4r inte avsedd att diagnostisera eller ordinera f\u00f6r n\u00e5got medicinskt tillst\u00e5nd, inte heller f\u00f6r att f\u00f6rebygga, behandla, lindra eller bota s\u00e5dana tillst\u00e5nd. Om du har n\u00e5gon sjukdom eller medicinsk <\/b><strong>tillst\u00e5nd, kontakta din v\u00e5rdgivare.<\/strong><\/div>\n\t\t\n<style>\n#text-1738538120 {\n  font-size: 0.9rem;\n}\n<\/style>\n\t<\/div>\n\t\n\t\t<\/div>\n\t\t\t\t\n<style>\n#col-384776027 > .col-inner {\n  padding: 10px 20px 10px 20px;\n}\n<\/style>\n\t<\/div>\n\n\t\n<\/div>\n\t\t<\/div>\n\n\t\t\n<style>\n#section_1211961196 {\n  padding-top: 30px;\n  padding-bottom: 30px;\n}\n<\/style>\n\t<\/section>\n\t\n","protected":false},"excerpt":{"rendered":"<p>NANO SOMA\u00ae Topical Gel \u00e4r en gelform av Metadichol\u00ae som enkelt kan appliceras p\u00e5 huden. M\u00e5nga m\u00e4nniskor har rapporterat fantastiska f\u00f6rdelar med att anv\u00e4nda NANO SOMA Topical Gel, som kan hittas <a href=\"https:\/\/iwantmyhealthback.com\/wp-content\/uploads\/2024\/01\/METASOMER-Topical-Gel-Testimonials.pdf\" target=\"_blank\" rel=\"noopener\">h\u00e4r<\/a>. H\u00e4r \u00e4r n\u00e5gra exempel:<\/p>\n","protected":false},"featured_media":11781,"comment_status":"open","ping_status":"closed","template":"","meta":{"bwfblock_default_font":"","_uag_custom_page_level_css":""},"product_brand":[],"product_cat":[80],"product_tag":[],"class_list":{"0":"post-2557","1":"product","2":"type-product","3":"status-publish","4":"has-post-thumbnail","6":"product_cat-halsa","8":"first","9":"instock","10":"taxable","11":"shipping-taxable","12":"purchasable","13":"product-type-simple"},"uagb_featured_image_src":{"full":["https:\/\/iwantmyhealthback.com\/wp-content\/uploads\/2024\/01\/signal-2025-03-28-144430_002.jpeg",1142,1286,false],"thumbnail":["https:\/\/iwantmyhealthback.com\/wp-content\/uploads\/2024\/01\/signal-2025-03-28-144430_002-150x150.jpeg",150,150,true],"medium":["https:\/\/iwantmyhealthback.com\/wp-content\/uploads\/2024\/01\/signal-2025-03-28-144430_002-266x300.jpeg",266,300,true],"medium_large":["https:\/\/iwantmyhealthback.com\/wp-content\/uploads\/2024\/01\/signal-2025-03-28-144430_002-768x865.jpeg",768,865,true],"large":["https:\/\/iwantmyhealthback.com\/wp-content\/uploads\/2024\/01\/signal-2025-03-28-144430_002-909x1024.jpeg",909,1024,true],"1536x1536":["https:\/\/iwantmyhealthback.com\/wp-content\/uploads\/2024\/01\/signal-2025-03-28-144430_002.jpeg",1142,1286,false],"2048x2048":["https:\/\/iwantmyhealthback.com\/wp-content\/uploads\/2024\/01\/signal-2025-03-28-144430_002.jpeg",1142,1286,false],"woocommerce_thumbnail":["https:\/\/iwantmyhealthback.com\/wp-content\/uploads\/2024\/01\/signal-2025-03-28-144430_002-300x338.jpeg",300,338,true],"woocommerce_single":["https:\/\/iwantmyhealthback.com\/wp-content\/uploads\/2024\/01\/signal-2025-03-28-144430_002-510x574.jpeg",510,574,true],"woocommerce_gallery_thumbnail":["https:\/\/iwantmyhealthback.com\/wp-content\/uploads\/2024\/01\/signal-2025-03-28-144430_002-100x100.jpeg",100,100,true]},"uagb_author_info":{"display_name":"IWantMyHealthBack","author_link":"https:\/\/iwantmyhealthback.com\/sv\/author\/"},"uagb_comment_info":0,"uagb_excerpt":"NANO SOMA\u00ae Topical Gel \u00e4r en gelform av Metadichol\u00ae som enkelt kan appliceras p\u00e5 huden. M\u00e5nga m\u00e4nniskor har rapporterat fantastiska f\u00f6rdelar med att anv\u00e4nda NANO SOMA Topical Gel, som kan hittas h\u00e4r. H\u00e4r \u00e4r n\u00e5gra exempel:","_links":{"self":[{"href":"https:\/\/iwantmyhealthback.com\/sv\/wp-json\/wp\/v2\/product\/2557","targetHints":{"allow":["GET"]}}],"collection":[{"href":"https:\/\/iwantmyhealthback.com\/sv\/wp-json\/wp\/v2\/product"}],"about":[{"href":"https:\/\/iwantmyhealthback.com\/sv\/wp-json\/wp\/v2\/types\/product"}],"replies":[{"embeddable":true,"href":"https:\/\/iwantmyhealthback.com\/sv\/wp-json\/wp\/v2\/comments?post=2557"}],"wp:featuredmedia":[{"embeddable":true,"href":"https:\/\/iwantmyhealthback.com\/sv\/wp-json\/wp\/v2\/media\/11781"}],"wp:attachment":[{"href":"https:\/\/iwantmyhealthback.com\/sv\/wp-json\/wp\/v2\/media?parent=2557"}],"wp:term":[{"taxonomy":"product_brand","embeddable":true,"href":"https:\/\/iwantmyhealthback.com\/sv\/wp-json\/wp\/v2\/product_brand?post=2557"},{"taxonomy":"product_cat","embeddable":true,"href":"https:\/\/iwantmyhealthback.com\/sv\/wp-json\/wp\/v2\/product_cat?post=2557"},{"taxonomy":"product_tag","embeddable":true,"href":"https:\/\/iwantmyhealthback.com\/sv\/wp-json\/wp\/v2\/product_tag?post=2557"}],"curies":[{"name":"wp","href":"https:\/\/api.w.org\/{rel}","templated":true}]}}