{"id":2526,"date":"2024-01-30T14:50:29","date_gmt":"2024-01-30T14:50:29","guid":{"rendered":"https:\/\/iwantmyhealthback.com\/product\/metasomer-telomerase-natural-skin-cream-3-pack\/"},"modified":"2025-05-17T11:52:26","modified_gmt":"2025-05-17T15:52:26","slug":"metasomer-telomerase-natural-skin-cream-3-pack","status":"publish","type":"product","link":"https:\/\/iwantmyhealthback.com\/sv\/produkt\/metasomer-telomerase-natural-skin-cream-3-pack\/","title":{"rendered":"NANO SOMA\u00ae Skin Cream 3-pack"},"content":{"rendered":"\n\t<section class=\"section\" id=\"section_1006261375\">\n\t\t<div class=\"section-bg fill\" >\n\t\t\t\t\t\t\t\t\t\n\t\t\t\n\n\t\t<\/div>\n\n\t\t\n\n\t\t<div class=\"section-content relative\">\n\t\t\t\n<p><strong>NANO SOMA Skin Cream \u00e4r en vacker, len och oljefri hudkr\u00e4m med en underbar doft av ekologisk vanillin. Eftersom den naturligt triggar produktionen av C-vitamin i hudcellerna, triggar NANO SOMA Skin Cream naturligt och enkelt \u00e5terskapandet av kollagen i din hud. <\/strong><\/p>\n<p><img loading=\"lazy\" decoding=\"async\" class=\"alignnone size-full wp-image-254\" src=\"https:\/\/magicdichol.info\/wp-content\/uploads\/2023\/12\/Topical20vitamin20C20for20skin20regeneration.jpg\" alt=\"\" width=\"815\" height=\"505\"><\/p>\n<p><strong>H\u00e4r \u00e4r en illustration av hur NANO SOMA Skin Cream fungerar:<\/strong><\/p>\n<p><strong><img loading=\"lazy\" decoding=\"async\" class=\"alignnone size-full wp-image-5493\" src=\"https:\/\/magicdichol.info\/wp-content\/uploads\/2023\/12\/Female-58-years-old.png\" alt=\"\" width=\"1021\" height=\"697\"><\/strong><\/p>\n<p><strong>V\u00e5r erfarenhet \u00e4r att de som provar NANO SOMA Skin Cream helt enkelt \u00c4LSKAR det!!!<br \/>\n<\/strong><\/p>\n<p><strong>Inneh\u00e5ll: 30 ml (1 fl. oz.)  <\/strong><\/p>\n<p><strong>INGREDIENSER:<br \/>\nVatten, Hemisqualane neossance, Glycerin, Cetostearylalkohol, Oljevax, Vitamin E TPGS, 2-fenoxietanol, Xantangummi, Policosanoler, Sackarosmonolaurat, Kaliumsorbat, Hyaluronsyra, Citronsyra monohydrat, Doft (vaniljmj\u00f6lk)<\/strong><\/p>\n<p><strong>Ingredienser \u00e4r allm\u00e4nt erk\u00e4nda som s\u00e4kra (GRAS)<\/strong><\/p>\n<div class=\"row\"  id=\"row-1498496516\">\n\n\t<div id=\"col-403786989\" class=\"col small-12 large-12\"  >\n\t\t\t\t<div class=\"col-inner\"  >\n\t\t\t\n\t<div class=\"is-border\"\n\t\tstyle=\"border-color:rgb(204, 204, 204);border-width:1px 1px 1px 1px;\">\n\t<\/div>\n\t\t\t\n\t<div id=\"text-217485998\" class=\"text\">\n\t\t\n<p>*Detta uttalande har inte utv\u00e4rderats av Food and Drug Administration. Denna produkt \u00e4r inte avsedd att diagnostisera eller ordinera f\u00f6r n\u00e5got medicinskt tillst\u00e5nd, inte heller f\u00f6r att f\u00f6rebygga, behandla, lindra eller bota s\u00e5dana tillst\u00e5nd. Om du har n\u00e5gon sjukdom eller n\u00e5got medicinskt tillst\u00e5nd, kontakta din v\u00e5rdgivare.<\/p>\n\t\t\n<style>\n#text-217485998 {\n  font-size: 0.9rem;\n  text-align: left;\n}\n<\/style>\n\t<\/div>\n\t\n\t\t<\/div>\n\t\t\t\t\n<style>\n#col-403786989 > .col-inner {\n  padding: 20px 20px 20px 20px;\n}\n<\/style>\n\t<\/div>\n\n\t\n<\/div>\n\t\t<\/div>\n\n\t\t\n<style>\n#section_1006261375 {\n  padding-top: 30px;\n  padding-bottom: 30px;\n}\n<\/style>\n\t<\/section>\n\t\n","protected":false},"excerpt":{"rendered":"<p>NANO SOMA Skin Cream \u00e4r en vacker, len och oljefri hudkr\u00e4m med en underbar doft av ekologisk vanillin. Eftersom den naturligt triggar produktionen av C-vitamin i hudcellerna, triggar NANO SOMA Skin Cream naturligt och enkelt \u00e5terskapandet av kollagen i din hud. <\/p>\n","protected":false},"featured_media":18732,"comment_status":"open","ping_status":"closed","template":"","meta":{"bwfblock_default_font":"","_uag_custom_page_level_css":""},"product_brand":[],"product_cat":[75],"product_tag":[1218],"class_list":{"0":"post-2526","1":"product","2":"type-product","3":"status-publish","4":"has-post-thumbnail","6":"product_cat-3-forpackningar","7":"product_tag-nano-soma-hudkram","9":"first","10":"instock","11":"sale","12":"taxable","13":"shipping-taxable","14":"purchasable","15":"product-type-simple"},"uagb_featured_image_src":{"full":["https:\/\/iwantmyhealthback.com\/wp-content\/uploads\/2024\/01\/signal-2025-10-18-203311_003.jpeg",1142,1286,false],"thumbnail":["https:\/\/iwantmyhealthback.com\/wp-content\/uploads\/2024\/01\/signal-2025-10-18-203311_003-150x150.jpeg",150,150,true],"medium":["https:\/\/iwantmyhealthback.com\/wp-content\/uploads\/2024\/01\/signal-2025-10-18-203311_003-266x300.jpeg",266,300,true],"medium_large":["https:\/\/iwantmyhealthback.com\/wp-content\/uploads\/2024\/01\/signal-2025-10-18-203311_003-768x865.jpeg",768,865,true],"large":["https:\/\/iwantmyhealthback.com\/wp-content\/uploads\/2024\/01\/signal-2025-10-18-203311_003-909x1024.jpeg",909,1024,true],"1536x1536":["https:\/\/iwantmyhealthback.com\/wp-content\/uploads\/2024\/01\/signal-2025-10-18-203311_003.jpeg",1142,1286,false],"2048x2048":["https:\/\/iwantmyhealthback.com\/wp-content\/uploads\/2024\/01\/signal-2025-10-18-203311_003.jpeg",1142,1286,false],"woocommerce_thumbnail":["https:\/\/iwantmyhealthback.com\/wp-content\/uploads\/2024\/01\/signal-2025-10-18-203311_003-300x338.jpeg",300,338,true],"woocommerce_single":["https:\/\/iwantmyhealthback.com\/wp-content\/uploads\/2024\/01\/signal-2025-10-18-203311_003-510x574.jpeg",510,574,true],"woocommerce_gallery_thumbnail":["https:\/\/iwantmyhealthback.com\/wp-content\/uploads\/2024\/01\/signal-2025-10-18-203311_003-100x100.jpeg",100,100,true]},"uagb_author_info":{"display_name":"IWantMyHealthBack","author_link":"https:\/\/iwantmyhealthback.com\/sv\/author\/"},"uagb_comment_info":0,"uagb_excerpt":"NANO SOMA Skin Cream \u00e4r en vacker, len och oljefri hudkr\u00e4m med en underbar doft av ekologisk vanillin. Eftersom den naturligt triggar produktionen av C-vitamin i hudcellerna, triggar NANO SOMA Skin Cream naturligt och enkelt \u00e5terskapandet av kollagen i din hud.","_links":{"self":[{"href":"https:\/\/iwantmyhealthback.com\/sv\/wp-json\/wp\/v2\/product\/2526","targetHints":{"allow":["GET"]}}],"collection":[{"href":"https:\/\/iwantmyhealthback.com\/sv\/wp-json\/wp\/v2\/product"}],"about":[{"href":"https:\/\/iwantmyhealthback.com\/sv\/wp-json\/wp\/v2\/types\/product"}],"replies":[{"embeddable":true,"href":"https:\/\/iwantmyhealthback.com\/sv\/wp-json\/wp\/v2\/comments?post=2526"}],"wp:featuredmedia":[{"embeddable":true,"href":"https:\/\/iwantmyhealthback.com\/sv\/wp-json\/wp\/v2\/media\/18732"}],"wp:attachment":[{"href":"https:\/\/iwantmyhealthback.com\/sv\/wp-json\/wp\/v2\/media?parent=2526"}],"wp:term":[{"taxonomy":"product_brand","embeddable":true,"href":"https:\/\/iwantmyhealthback.com\/sv\/wp-json\/wp\/v2\/product_brand?post=2526"},{"taxonomy":"product_cat","embeddable":true,"href":"https:\/\/iwantmyhealthback.com\/sv\/wp-json\/wp\/v2\/product_cat?post=2526"},{"taxonomy":"product_tag","embeddable":true,"href":"https:\/\/iwantmyhealthback.com\/sv\/wp-json\/wp\/v2\/product_tag?post=2526"}],"curies":[{"name":"wp","href":"https:\/\/api.w.org\/{rel}","templated":true}]}}