{"id":2501,"date":"2024-01-30T15:09:26","date_gmt":"2024-01-30T19:09:26","guid":{"rendered":"https:\/\/iwantmyhealthback.com\/product\/nano-soma-vatska-12-pack\/"},"modified":"2025-06-12T14:50:01","modified_gmt":"2025-06-12T18:50:01","slug":"nano-soma-liquid-12-pack","status":"publish","type":"product","link":"https:\/\/iwantmyhealthback.com\/sv\/produkt\/nano-soma-liquid-12-pack\/","title":{"rendered":"NANO SOMA\u00ae Liquid &#8211; 12-pack"},"content":{"rendered":"<p>NANO SOMA\u00ae Liquid \u00e4r en <i>revolution<\/i> f\u00f6r din h\u00e4lsa.<\/p>\n<p>Letar du efter ett enkelt, helt naturligt och kraftfullt verktyg f\u00f6r att st\u00f6dja din kropp p\u00e5 <i>ett helt nytt s\u00e4tt?<\/i><\/p>\n<p>NANO SOMA uppmanar kroppen att:<\/p>\n<ul>\n<li>Producerar endogent C-vitamin<\/li>\n<li>Reglera vitamin D-receptorn<\/li>\n<li>Reglerar alla 48\/9 nukle\u00e4ra receptorer<\/li>\n<li>Fr\u00e4mjar h\u00e4lsosamt \u00e5ldrande* genom nytt st\u00f6d f\u00f6r telomerer<\/li>\n<li>Uppmuntrar till stark immunitet*<\/li>\n<\/ul>\n<p>Men NANO SOMA \u00e4r ett livsmedel, inte ett l\u00e4kemedel, och dess ingredienser \u00e4r klassificerade som GRAS (Generally Recognized as Safe) av FDA.<\/p>\n<hr>\n<p class=\"text-center\" style=\"text-align: center;\"><b>&#8220;En substans som <i>st\u00f6r <\/i>systemets normala funktion \u00e4r ett l\u00e4kemedel; en substans som <i>\u00e5terst\u00e4ller <\/i>systemets normala funktion \u00e4r ett n\u00e4rings\u00e4mne.&#8221;  <\/b><\/p>\n<p class=\"text-center\" style=\"text-align: center;\"><i>Dr Raghavan<\/i>, skapare av NANO SOMA.<\/p>\n<hr>\n<p><u>Vad \u00e4r NANO SOMA?<\/u><\/p>\n<p>NANO SOMA \u00e4r varum\u00e4rket f\u00f6r <sup>Metadichol\u00ae<\/sup>. Metadichol \u00e4r en brett <a href=\"https:\/\/magicdichol.info\/worldwide-patents\" target=\"_blank\" rel=\"noopener\">patenterad<\/a> nanoemulsion av l\u00e5ngkedjiga alkoholer som kallas <i>policosanol<\/i> &#8211; ett naturligt \u00e4mne som avl\u00e4gsnas fr\u00e5n v\u00e5r mat n\u00e4r den raffineras. <\/p>\n<p>NANO SOMA \u00e4r som den <b>saknade nyckeln till v\u00e5r kropps optimala h\u00e4lsa<\/b> som vi inte visste saknades f\u00f6rr\u00e4n den d\u00f6k upp.<\/p>\n<p><u>Revolution f\u00f6r h\u00e4lsa<\/u><\/p>\n<p>Eftersom NANO SOMA \u00e4r tillverkat av livsmedel reagerar kroppen p\u00e5 det p\u00e5 ett fantastiskt s\u00e4tt. I st\u00e4llet f\u00f6r att st\u00f6ra naturliga processer <i>p\u00e5minner<\/i> NANO SOMA kroppen om hur den ska fungera optimalt. <\/p>\n<p>Dess viktigaste ingrediens, Metadichol, har visat sig <a href=\"https:\/\/www.researchgate.net\/publication\/361666714_Title_MetadicholR_is_a_nano_lipid_emulsion_that_expresses_all_48_nuclear_receptors_in_stem_and_somatic_cells\" target=\"_blank\" rel=\"noopener\"><b>reglera alla 48\/9 nukle\u00e4ra receptorer<\/b><\/a> i cellk\u00e4rnan och att skapa dem n\u00e4r de inte fanns d\u00e4r tidigare.<\/p>\n<p>Detta inneb\u00e4r att din kropp, i n\u00e4rvaro av NANO SOMA, f\u00e5r resurser att producera det den beh\u00f6ver f\u00f6r att uppr\u00e4tth\u00e5lla idealisk h\u00e4lsa &#8211; oavsett om det \u00e4r friska gener, celler och DNA, eller stark immunitet och robusta metaboliska och l\u00e4kande processer.*<\/p>\n<p><u>Rekommendationer och p\u00e5minnelser<\/u><\/p>\n<p>\u00c5terigen, NANO SOMA helar, botar eller behandlar inte <i>n\u00e5gonting.<\/i> Snarare <b>stimulerar den kroppens egna naturliga l\u00e4kningsmekanismer<\/b>.<\/p>\n<p>Konsekvent anv\u00e4ndning \u00e4r nyckeln. Om du tar 5 sprayer en g\u00e5ng om dagen (f\u00f6r att bibeh\u00e5lla h\u00e4lsan) r\u00e4cker varje flaska i ungef\u00e4r 1 m\u00e5nad. D\u00e4rf\u00f6r, om du precis har b\u00f6rjat din resa med NANO SOMA, <b><u>rekommenderar vi att du k\u00f6per minst 3 flaskor<\/u><\/b>.  <\/p>\n<p>Det rekommenderas i allm\u00e4nhet att man anv\u00e4nder produkten i 90 dagar innan man f\u00f6rv\u00e4ntar sig ett resultat, s\u00e5 att k\u00f6pa minst 3 flaskor f\u00f6r din f\u00f6rsta best\u00e4llning st\u00f6der din resa med NANO SOMA p\u00e5 b\u00e4sta s\u00e4tt.<\/p>\n<p>__<\/p>\n<p><strong>Ingredienser:<\/strong><strong> <\/strong>Vatten, vitamin E TPGS, polikosanoler, konserveringsmedel (kaliumsorbat), surhetsreglerande medel (citronsyra), emulgeringsmedel (sukrosestrar av fettsyror)<\/p>\n<p>__<\/p>\n<p><i>V\u00e4nligen f\u00f6rst\u00e5 att varken de f\u00f6retag som levererar n\u00e5gon av de Metadichol-baserade produkterna eller f\u00f6retagens styrelseledam\u00f6ter eller aktie\u00e4gare \u00e4r l\u00e4kare och inte ger medicinsk r\u00e5dgivning. F\u00f6r medicinsk r\u00e5dgivning, v\u00e4nligen konsultera din l\u00e4kare.  Vidare \u00e4r dessa produkter inte avsedda att diagnostisera, behandla, bota eller f\u00f6rebygga n\u00e5gon sjukdom. Snarare stimulerar de kroppens naturliga l\u00e4kningsmekanismer, som \u00e4r mycket mer omfattande \u00e4n de flesta av oss uppskattar. <\/i><\/p>\n<div class=\"row\"  id=\"row-621267362\">\n\n\t<div id=\"col-909708929\" class=\"col small-12 large-12\"  >\n\t\t\t\t<div class=\"col-inner\"  >\n\t\t\t\n\t<div class=\"is-border\"\n\t\tstyle=\"border-color:rgb(204, 204, 204);border-width:1px 1px 1px 1px;\">\n\t<\/div>\n\t\t\t\n\t<div id=\"text-61589313\" class=\"text\">\n\t\t\n<p>*Detta uttalande har inte utv\u00e4rderats av Food and Drug Administration. Denna produkt \u00e4r inte avsedd att diagnostisera eller ordinera f\u00f6r n\u00e5got medicinskt tillst\u00e5nd, inte heller f\u00f6r att f\u00f6rebygga, behandla, lindra eller bota s\u00e5dana tillst\u00e5nd. Om du har n\u00e5gon sjukdom eller n\u00e5got medicinskt tillst\u00e5nd, kontakta din v\u00e5rdgivare.<\/p>\n<p>Vittnesm\u00e5l, uttalanden och \u00e5sikter som presenteras p\u00e5 v\u00e5r webbplats g\u00e4ller f\u00f6r och godk\u00e4nns av de personer som avbildas. Resultaten varierar och kanske inte \u00e4r representativa f\u00f6r andras erfarenheter.<br \/>\n\t\t\n<style>\n#text-61589313 {\n  font-size: 0.75rem;\n  text-align: left;\n}\n<\/style>\n\t<\/div>\n\t\n\t\t<\/div>\n\t\t\t\t\n<style>\n#col-909708929 > .col-inner {\n  padding: 20px 20px 20px 20px;\n}\n<\/style>\n\t<\/div>\n\n\t\n<\/div>\n","protected":false},"excerpt":{"rendered":"<p>NANO <sup>SOMA\u00ae<\/sup> Liquid \u00e4r en <i>revolution<\/i> f\u00f6r din h\u00e4lsa.<\/p>\n<p>Letar du efter ett enkelt, helt naturligt och kraftfullt verktyg f\u00f6r att st\u00f6dja din kropp p\u00e5 <i>ett helt nytt s\u00e4tt?<\/i><\/p>\n<p>NANO SOMA uppmanar kroppen att:<\/p>\n<ul>\n<li>Producerar endogent C-vitamin<\/li>\n<li>Reglera vitamin D-receptorn<\/li>\n<li>Reglerar alla 48\/9 nukle\u00e4ra receptorer<\/li>\n<li>Fr\u00e4mjar h\u00e4lsosamt \u00e5ldrande* genom nytt st\u00f6d f\u00f6r telomerer<\/li>\n<li>Uppmuntrar till stark immunitet*<\/li>\n<\/ul>\n<p>Men NANO SOMA \u00e4r ett livsmedel, inte ett l\u00e4kemedel, och dess ingredienser \u00e4r klassificerade som GRAS (Generally Recognized as Safe) av FDA.<\/p>\n","protected":false},"featured_media":1547,"comment_status":"open","ping_status":"closed","template":"","meta":{"bwfblock_default_font":"","_uag_custom_page_level_css":""},"product_brand":[],"product_cat":[70],"product_tag":[1214],"class_list":{"0":"post-2501","1":"product","2":"type-product","3":"status-publish","4":"has-post-thumbnail","6":"product_cat-12-forpackningar","7":"product_tag-nano-soma-vatska","9":"first","10":"instock","11":"sale","12":"taxable","13":"shipping-taxable","14":"purchasable","15":"product-type-simple"},"uagb_featured_image_src":{"full":["https:\/\/iwantmyhealthback.com\/wp-content\/uploads\/2024\/01\/USNS12PACKBottlesGradient20Nov2023.png",1142,1286,false],"thumbnail":["https:\/\/iwantmyhealthback.com\/wp-content\/uploads\/2024\/01\/USNS12PACKBottlesGradient20Nov2023-150x150.png",150,150,true],"medium":["https:\/\/iwantmyhealthback.com\/wp-content\/uploads\/2024\/01\/USNS12PACKBottlesGradient20Nov2023-266x300.png",266,300,true],"medium_large":["https:\/\/iwantmyhealthback.com\/wp-content\/uploads\/2024\/01\/USNS12PACKBottlesGradient20Nov2023-768x865.png",768,865,true],"large":["https:\/\/iwantmyhealthback.com\/wp-content\/uploads\/2024\/01\/USNS12PACKBottlesGradient20Nov2023-909x1024.png",909,1024,true],"1536x1536":["https:\/\/iwantmyhealthback.com\/wp-content\/uploads\/2024\/01\/USNS12PACKBottlesGradient20Nov2023.png",1142,1286,false],"2048x2048":["https:\/\/iwantmyhealthback.com\/wp-content\/uploads\/2024\/01\/USNS12PACKBottlesGradient20Nov2023.png",1142,1286,false],"woocommerce_thumbnail":["https:\/\/iwantmyhealthback.com\/wp-content\/uploads\/2024\/01\/USNS12PACKBottlesGradient20Nov2023-300x338.png",300,338,true],"woocommerce_single":["https:\/\/iwantmyhealthback.com\/wp-content\/uploads\/2024\/01\/USNS12PACKBottlesGradient20Nov2023-510x574.png",510,574,true],"woocommerce_gallery_thumbnail":["https:\/\/iwantmyhealthback.com\/wp-content\/uploads\/2024\/01\/USNS12PACKBottlesGradient20Nov2023-100x100.png",100,100,true]},"uagb_author_info":{"display_name":"IWantMyHealthBack","author_link":"https:\/\/iwantmyhealthback.com\/sv\/author\/"},"uagb_comment_info":0,"uagb_excerpt":"NANO SOMA\u00ae Liquid \u00e4r en revolution f\u00f6r din h\u00e4lsa. Letar du efter ett enkelt, helt naturligt och kraftfullt verktyg f\u00f6r att st\u00f6dja din kropp p\u00e5 ett helt nytt s\u00e4tt? NANO SOMA uppmanar kroppen att: Producerar endogent C-vitamin Reglera vitamin D-receptorn Reglerar alla 48\/9 nukle\u00e4ra receptorer Fr\u00e4mjar h\u00e4lsosamt \u00e5ldrande* genom nytt st\u00f6d f\u00f6r telomerer Uppmuntrar till&hellip;","_links":{"self":[{"href":"https:\/\/iwantmyhealthback.com\/sv\/wp-json\/wp\/v2\/product\/2501","targetHints":{"allow":["GET"]}}],"collection":[{"href":"https:\/\/iwantmyhealthback.com\/sv\/wp-json\/wp\/v2\/product"}],"about":[{"href":"https:\/\/iwantmyhealthback.com\/sv\/wp-json\/wp\/v2\/types\/product"}],"replies":[{"embeddable":true,"href":"https:\/\/iwantmyhealthback.com\/sv\/wp-json\/wp\/v2\/comments?post=2501"}],"wp:featuredmedia":[{"embeddable":true,"href":"https:\/\/iwantmyhealthback.com\/sv\/wp-json\/wp\/v2\/media\/1547"}],"wp:attachment":[{"href":"https:\/\/iwantmyhealthback.com\/sv\/wp-json\/wp\/v2\/media?parent=2501"}],"wp:term":[{"taxonomy":"product_brand","embeddable":true,"href":"https:\/\/iwantmyhealthback.com\/sv\/wp-json\/wp\/v2\/product_brand?post=2501"},{"taxonomy":"product_cat","embeddable":true,"href":"https:\/\/iwantmyhealthback.com\/sv\/wp-json\/wp\/v2\/product_cat?post=2501"},{"taxonomy":"product_tag","embeddable":true,"href":"https:\/\/iwantmyhealthback.com\/sv\/wp-json\/wp\/v2\/product_tag?post=2501"}],"curies":[{"name":"wp","href":"https:\/\/api.w.org\/{rel}","templated":true}]}}