{"id":2496,"date":"2024-01-30T15:11:59","date_gmt":"2024-01-30T19:11:59","guid":{"rendered":"https:\/\/iwantmyhealthback.com\/product\/metasomer-gel-for-utvartes-bruk-12-pack\/"},"modified":"2025-05-17T11:51:59","modified_gmt":"2025-05-17T15:51:59","slug":"metasomer-gel-for-utvartes-bruk-12-pack","status":"publish","type":"product","link":"https:\/\/iwantmyhealthback.com\/sv\/produkt\/metasomer-gel-for-utvartes-bruk-12-pack\/","title":{"rendered":"NANO SOMA\u00ae Topical Gel &#8211; 12 Pack"},"content":{"rendered":"\n\t<section class=\"section\" id=\"section_161989277\">\n\t\t<div class=\"section-bg fill\" >\n\t\t\t\t\t\t\t\t\t\n\t\t\t\n\n\t\t<\/div>\n\n\t\t\n\n\t\t<div class=\"section-content relative\">\n\t\t\t\n<p>NANO SOMA Topical Gel \u00e4r en gelform av Metadichol\u00ae som l\u00e4tt kan appliceras p\u00e5 huden. M\u00e5nga m\u00e4nniskor har rapporterat fantastiska f\u00f6rdelar med att anv\u00e4nda NANO SOMA Topical Gel, som du <a href=\"https:\/\/iwantmyhealthback.com\/wp-content\/uploads\/2024\/01\/METASOMER-Topical-Gel-Testimonials.pdf\" target=\"_blank\" rel=\"noopener\">hittar h\u00e4r.<\/a>  H\u00e4r \u00e4r n\u00e5gra exempel:<\/p>\n<p><strong>Bilden nedan visar f\u00f6r\u00e4ndringen i utseendet p\u00e5 en oj\u00e4mnhet efter sju veckor med NANO SOMA Topical Gel.<\/strong><\/p>\n<figure class=\"text-center\"><img decoding=\"async\" src=\"https:\/\/magicdichol.info\/wp-content\/uploads\/2023\/12\/EL20neck20bump.png\" width=\"654\" height=\"217.70834350585938\"><\/figure>\n<p>&#8212;<\/p>\n<p><b>&#8220;Jag blev av med ett f\u00f6delsem\u00e4rke p\u00e5 n\u00e5gra dagar med hj\u00e4lp av NANO SOMA Topical Gel.&#8221;<\/b><\/p>\n<p><b>Randy nu<\/b><\/p>\n<p>&#8212;<\/p>\n<p><b>&#8220;I fredags fick jag mitt andra kn\u00e4 utbytt. S\u00f6ndag, idag, var v\u00e4rmen och obehaget outh\u00e4rdligt. Eftersom jag visste detta f\u00f6rbest\u00e4llde jag NANO SOMA Topical Gel. Ikv\u00e4ll applicerade jag den \u00f6ver hela benet. Som en Reiki-m\u00e4stare som tar bort traumat, gjorde NANO SOMA Topical Gel det p\u00e5 en minut. Oj, oj. S\u00e5 ska det se ut.&#8221;<\/b><\/p>\n<p><b>Charlie Zev<\/b><\/p>\n<p>&#8212;<\/p>\n<p><b>&#8220;Denna NANO SOMA Topical Gel \u00e4r ett mirakeltillskott. Jag anv\u00e4nde den p\u00e5 b\u00e5da mina kn\u00e4n fyra g\u00e5nger om dagen i fyra dagar. Kl\u00e5dan som jag haft de senaste 15 \u00e5ren \u00e4r helt borta. Det \u00e4r en fantastisk produkt.&#8221;<\/b><\/p>\n<p><b>Seyed och Ummu Mohamed, Indien<\/b><\/p>\n<p>&#8212;<\/p>\n<p>NANO SOMA Topical Gel \u00e4r en nanoemulsion av l\u00e5ngkedjiga alkoholer som finns i m\u00e5nga livsmedel. Den kallas vanligen policosanol och finns i oraffinerade livsmedel som ris, sockerr\u00f6r och vete. Denna nanoemulsion av policosanol i gelform \u00e4r patenterad av Dr. Raghavan (US 9006292).  <\/p>\n<p><strong>ANVISNINGAR F\u00d6R ANV\u00c4NDNING:<br \/>\n<\/strong><\/p>\n<p>Applicera p\u00e5 huden efter behov.<\/p>\n<p><strong>F\u00d6RM\u00c5NER:<br \/>\n<\/strong><\/p>\n<p>Revitaliserar huden.*<br \/>\nSt\u00f6djer normal l\u00e4kning.*<br \/>\nFr\u00e4mjar frisk hud.*<br \/>\nS\u00e4ker att anv\u00e4nda runt \u00f6gonen och andra k\u00e4nsliga omr\u00e5den.*<\/p>\n<p>Fr\u00e4mjar lindring av obehag.*<\/p>\n<p>Inneh\u00e5ll: 30 ml (1 fl. oz.)  <\/p>\n<p><strong>Ingredienser:<\/strong> Nanoemulsion av polikosanol, vitamin E, vatten, fettsyraester av sackaros, citronsyra, \u00e4tbart xantangummi<\/p>\n<div class=\"row\"  id=\"row-1799643470\">\n\n\t<div id=\"col-1888380630\" class=\"col small-12 large-12\"  >\n\t\t\t\t<div class=\"col-inner\"  >\n\t\t\t\n\t<div class=\"is-border\"\n\t\tstyle=\"border-color:rgb(204, 204, 204);border-width:2px 2px 2px 2px;\">\n\t<\/div>\n\t\t\t\n\t<div id=\"text-3907463965\" class=\"text\">\n\t\t\n<div style=\"text-align: center;\"><b>*Detta uttalande har inte utv\u00e4rderats av Food and Drug Administration. Denna produkt \u00e4r inte avsedd att diagnostisera eller ordinera f\u00f6r n\u00e5got medicinskt tillst\u00e5nd, inte heller f\u00f6r att f\u00f6rebygga, behandla, lindra eller bota s\u00e5dana tillst\u00e5nd. Om du har n\u00e5gon sjukdom eller medicinskt    <\/b><strong>tillst\u00e5nd, kontakta din v\u00e5rdgivare.<\/strong><\/div>\n\t\t\n<style>\n#text-3907463965 {\n  font-size: 0.9rem;\n}\n<\/style>\n\t<\/div>\n\t\n\t\t<\/div>\n\t\t\t\t\n<style>\n#col-1888380630 > .col-inner {\n  padding: 10px 20px 10px 20px;\n}\n<\/style>\n\t<\/div>\n\n\t\n<\/div>\n\t\t<\/div>\n\n\t\t\n<style>\n#section_161989277 {\n  padding-top: 30px;\n  padding-bottom: 30px;\n}\n<\/style>\n\t<\/section>\n\t\n","protected":false},"excerpt":{"rendered":"<p>NANO SOMA Topical Gel \u00e4r en gelform av Metadichol\u00ae som l\u00e4tt kan appliceras p\u00e5 huden. M\u00e5nga m\u00e4nniskor har rapporterat fantastiska f\u00f6rdelar med att anv\u00e4nda NANO SOMA Topical Gel, som du <a href=\"https:\/\/iwantmyhealthback.com\/wp-content\/uploads\/2024\/01\/METASOMER-Topical-Gel-Testimonials.pdf\" target=\"_blank\" rel=\"noopener\">hittar h\u00e4r.<\/a>  H\u00e4r \u00e4r n\u00e5gra exempel:<\/p>\n","protected":false},"featured_media":11795,"comment_status":"open","ping_status":"closed","template":"","meta":{"bwfblock_default_font":"","_uag_custom_page_level_css":""},"product_brand":[],"product_cat":[70],"product_tag":[1223],"class_list":{"0":"post-2496","1":"product","2":"type-product","3":"status-publish","4":"has-post-thumbnail","6":"product_cat-12-forpackningar","7":"product_tag-nano-soma-topisk-gel","9":"first","10":"instock","11":"sale","12":"taxable","13":"shipping-taxable","14":"purchasable","15":"product-type-simple"},"uagb_featured_image_src":{"full":["https:\/\/iwantmyhealthback.com\/wp-content\/uploads\/2024\/01\/signal-2025-03-28-144430_004.jpeg",1142,1286,false],"thumbnail":["https:\/\/iwantmyhealthback.com\/wp-content\/uploads\/2024\/01\/signal-2025-03-28-144430_004-150x150.jpeg",150,150,true],"medium":["https:\/\/iwantmyhealthback.com\/wp-content\/uploads\/2024\/01\/signal-2025-03-28-144430_004-266x300.jpeg",266,300,true],"medium_large":["https:\/\/iwantmyhealthback.com\/wp-content\/uploads\/2024\/01\/signal-2025-03-28-144430_004-768x865.jpeg",768,865,true],"large":["https:\/\/iwantmyhealthback.com\/wp-content\/uploads\/2024\/01\/signal-2025-03-28-144430_004-909x1024.jpeg",909,1024,true],"1536x1536":["https:\/\/iwantmyhealthback.com\/wp-content\/uploads\/2024\/01\/signal-2025-03-28-144430_004.jpeg",1142,1286,false],"2048x2048":["https:\/\/iwantmyhealthback.com\/wp-content\/uploads\/2024\/01\/signal-2025-03-28-144430_004.jpeg",1142,1286,false],"woocommerce_thumbnail":["https:\/\/iwantmyhealthback.com\/wp-content\/uploads\/2024\/01\/signal-2025-03-28-144430_004-300x338.jpeg",300,338,true],"woocommerce_single":["https:\/\/iwantmyhealthback.com\/wp-content\/uploads\/2024\/01\/signal-2025-03-28-144430_004-510x574.jpeg",510,574,true],"woocommerce_gallery_thumbnail":["https:\/\/iwantmyhealthback.com\/wp-content\/uploads\/2024\/01\/signal-2025-03-28-144430_004-100x100.jpeg",100,100,true]},"uagb_author_info":{"display_name":"IWantMyHealthBack","author_link":"https:\/\/iwantmyhealthback.com\/sv\/author\/"},"uagb_comment_info":0,"uagb_excerpt":"NANO SOMA Topical Gel \u00e4r en gelform av Metadichol\u00ae som l\u00e4tt kan appliceras p\u00e5 huden. M\u00e5nga m\u00e4nniskor har rapporterat fantastiska f\u00f6rdelar med att anv\u00e4nda NANO SOMA Topical Gel, som du hittar h\u00e4r. H\u00e4r \u00e4r n\u00e5gra exempel:","_links":{"self":[{"href":"https:\/\/iwantmyhealthback.com\/sv\/wp-json\/wp\/v2\/product\/2496","targetHints":{"allow":["GET"]}}],"collection":[{"href":"https:\/\/iwantmyhealthback.com\/sv\/wp-json\/wp\/v2\/product"}],"about":[{"href":"https:\/\/iwantmyhealthback.com\/sv\/wp-json\/wp\/v2\/types\/product"}],"replies":[{"embeddable":true,"href":"https:\/\/iwantmyhealthback.com\/sv\/wp-json\/wp\/v2\/comments?post=2496"}],"wp:featuredmedia":[{"embeddable":true,"href":"https:\/\/iwantmyhealthback.com\/sv\/wp-json\/wp\/v2\/media\/11795"}],"wp:attachment":[{"href":"https:\/\/iwantmyhealthback.com\/sv\/wp-json\/wp\/v2\/media?parent=2496"}],"wp:term":[{"taxonomy":"product_brand","embeddable":true,"href":"https:\/\/iwantmyhealthback.com\/sv\/wp-json\/wp\/v2\/product_brand?post=2496"},{"taxonomy":"product_cat","embeddable":true,"href":"https:\/\/iwantmyhealthback.com\/sv\/wp-json\/wp\/v2\/product_cat?post=2496"},{"taxonomy":"product_tag","embeddable":true,"href":"https:\/\/iwantmyhealthback.com\/sv\/wp-json\/wp\/v2\/product_tag?post=2496"}],"curies":[{"name":"wp","href":"https:\/\/api.w.org\/{rel}","templated":true}]}}