{"id":2446,"date":"2024-03-15T16:31:07","date_gmt":"2024-03-15T16:31:07","guid":{"rendered":"https:\/\/iwantmyhealthback.com\/product\/magicdichol-startpaket\/"},"modified":"2025-10-19T17:41:30","modified_gmt":"2025-10-19T21:41:30","slug":"magicdichol-startpaket","status":"publish","type":"product","link":"https:\/\/iwantmyhealthback.com\/sv\/produkt\/magicdichol-startpaket\/","title":{"rendered":"MagicDichol\u00ae Startpaket"},"content":{"rendered":"<p>Med <sup>MagicDichol\u00ae<\/sup> Starter Pack f\u00e5r du 3 flaskor NANO <sup>SOMA\u00ae<\/sup> Liquid, 1 NANO <sup>SOMA\u00ae<\/sup> Topical Gel och 1 NANO <sup>SOMA\u00ae<\/sup> Skin Cream, alla rabatterade med 15% j\u00e4mf\u00f6rt med priserna f\u00f6r enstaka flaskor.<\/p>\n<p>MagicDichol Starter Pack \u00e4r utformat f\u00f6r att introducera dig till de 3 MagicDichol-produkterna och f\u00f6r att hj\u00e4lpa dig att komma ig\u00e5ng p\u00e5 din fantastiska resa med dessa fantastiska och, f\u00f6r m\u00e5nga, livsf\u00f6r\u00e4ndrande produkter.<\/p>\n<p>NANO SOMA Ingredienser: Vatten, Vitamin E TPGS, Policosanols, Konserveringsmedel (Kaliumsorbat), Surhetsreglerande medel (Citronsyra), Emulgeringsmedel (Sackarosestrar av fettsyror)<\/p>\n<p>NANO SOMA Topical Gel Ingredienser: Polikosanol-nanoemulsion, vitamin E, vatten, sukrosfettsyraester, citronsyra, \u00e4tbart xantangummi<\/p>\n<p>NANO SOMA Hudkr\u00e4m Ingredienser: Vatten, Hemisqualane neossance, Glycerin, Cetostearylalkohol, Oljevax, Vitamin E TPGS, 2-Phenoxyethanol, Xanthangummi, Policosanoler, Sackarosmonolaurat, Kaliumsorbat, Hyaluronsyra, Citronsyra monohydrat, Doft (vaniljmj\u00f6lk)<\/p>\n<div class=\"row\"  id=\"row-1711521150\">\n\n\t<div id=\"col-521771201\" class=\"col small-12 large-12\"  >\n\t\t\t\t<div class=\"col-inner\"  >\n\t\t\t\n\t<div class=\"is-border\"\n\t\tstyle=\"border-color:rgb(204, 204, 204);border-width:2px 2px 2px 2px;\">\n\t<\/div>\n\t\t\t\n\t<div id=\"text-4277097948\" class=\"text\">\n\t\t\n<div style=\"text-align: left;\">*Detta uttalande har inte utv\u00e4rderats av Food and Drug Administration. Denna produkt \u00e4r inte avsedd att diagnostisera eller ordinera f\u00f6r n\u00e5got medicinskt tillst\u00e5nd, inte heller f\u00f6r att f\u00f6rebygga, behandla, lindra eller bota s\u00e5dana tillst\u00e5nd. Om du har n\u00e5gon sjukdom eller n\u00e5got medicinskt tillst\u00e5nd, kontakta din v\u00e5rdgivare.<\/div>\n\t\t\n<style>\n#text-4277097948 {\n  font-size: 0.75rem;\n  text-align: left;\n  color: rgb(0,0,0);\n}\n#text-4277097948 > * {\n  color: rgb(0,0,0);\n}\n<\/style>\n\t<\/div>\n\t\n\t\t<\/div>\n\t\t\t\t\n<style>\n#col-521771201 > .col-inner {\n  padding: 10px 20px 10px 20px;\n}\n<\/style>\n\t<\/div>\n\n\t\n<\/div>\n","protected":false},"excerpt":{"rendered":"<p>MagicDichol Starter Pack ger dig 3 flaskor av NANO SOMA Liquid och 1 vardera av NANO SOMA Topical Gel och NANO SOMA Skin Cream, alla rabatterade med 15% fr\u00e5n priserna f\u00f6r enstaka flaskor.<\/p>\n","protected":false},"featured_media":18716,"comment_status":"open","ping_status":"closed","template":"","meta":{"bwfblock_default_font":"","_uag_custom_page_level_css":""},"product_brand":[],"product_cat":[65],"product_tag":[],"class_list":{"0":"post-2446","1":"product","2":"type-product","3":"status-publish","4":"has-post-thumbnail","6":"product_cat-startpaket","8":"first","9":"instock","10":"sale","11":"taxable","12":"shipping-taxable","13":"purchasable","14":"product-type-simple"},"uagb_featured_image_src":{"full":["https:\/\/iwantmyhealthback.com\/wp-content\/uploads\/2024\/03\/MD-Starter-Pack-New-Cream-High-Quality-1.jpg",580,400,false],"thumbnail":["https:\/\/iwantmyhealthback.com\/wp-content\/uploads\/2024\/03\/MD-Starter-Pack-New-Cream-High-Quality-1-150x150.jpg",150,150,true],"medium":["https:\/\/iwantmyhealthback.com\/wp-content\/uploads\/2024\/03\/MD-Starter-Pack-New-Cream-High-Quality-1-300x207.jpg",300,207,true],"medium_large":["https:\/\/iwantmyhealthback.com\/wp-content\/uploads\/2024\/03\/MD-Starter-Pack-New-Cream-High-Quality-1.jpg",580,400,false],"large":["https:\/\/iwantmyhealthback.com\/wp-content\/uploads\/2024\/03\/MD-Starter-Pack-New-Cream-High-Quality-1.jpg",580,400,false],"1536x1536":["https:\/\/iwantmyhealthback.com\/wp-content\/uploads\/2024\/03\/MD-Starter-Pack-New-Cream-High-Quality-1.jpg",580,400,false],"2048x2048":["https:\/\/iwantmyhealthback.com\/wp-content\/uploads\/2024\/03\/MD-Starter-Pack-New-Cream-High-Quality-1.jpg",580,400,false],"woocommerce_thumbnail":["https:\/\/iwantmyhealthback.com\/wp-content\/uploads\/2024\/03\/MD-Starter-Pack-New-Cream-High-Quality-1-300x207.jpg",300,207,true],"woocommerce_single":["https:\/\/iwantmyhealthback.com\/wp-content\/uploads\/2024\/03\/MD-Starter-Pack-New-Cream-High-Quality-1-510x352.jpg",510,352,true],"woocommerce_gallery_thumbnail":["https:\/\/iwantmyhealthback.com\/wp-content\/uploads\/2024\/03\/MD-Starter-Pack-New-Cream-High-Quality-1-100x100.jpg",100,100,true]},"uagb_author_info":{"display_name":"IWantMyHealthBack","author_link":"https:\/\/iwantmyhealthback.com\/sv\/author\/"},"uagb_comment_info":0,"uagb_excerpt":"MagicDichol Starter Pack ger dig 3 flaskor av NANO SOMA Liquid och 1 vardera av NANO SOMA Topical Gel och NANO SOMA Skin Cream, alla rabatterade med 15% fr\u00e5n priserna f\u00f6r enstaka flaskor.","_links":{"self":[{"href":"https:\/\/iwantmyhealthback.com\/sv\/wp-json\/wp\/v2\/product\/2446","targetHints":{"allow":["GET"]}}],"collection":[{"href":"https:\/\/iwantmyhealthback.com\/sv\/wp-json\/wp\/v2\/product"}],"about":[{"href":"https:\/\/iwantmyhealthback.com\/sv\/wp-json\/wp\/v2\/types\/product"}],"replies":[{"embeddable":true,"href":"https:\/\/iwantmyhealthback.com\/sv\/wp-json\/wp\/v2\/comments?post=2446"}],"wp:featuredmedia":[{"embeddable":true,"href":"https:\/\/iwantmyhealthback.com\/sv\/wp-json\/wp\/v2\/media\/18716"}],"wp:attachment":[{"href":"https:\/\/iwantmyhealthback.com\/sv\/wp-json\/wp\/v2\/media?parent=2446"}],"wp:term":[{"taxonomy":"product_brand","embeddable":true,"href":"https:\/\/iwantmyhealthback.com\/sv\/wp-json\/wp\/v2\/product_brand?post=2446"},{"taxonomy":"product_cat","embeddable":true,"href":"https:\/\/iwantmyhealthback.com\/sv\/wp-json\/wp\/v2\/product_cat?post=2446"},{"taxonomy":"product_tag","embeddable":true,"href":"https:\/\/iwantmyhealthback.com\/sv\/wp-json\/wp\/v2\/product_tag?post=2446"}],"curies":[{"name":"wp","href":"https:\/\/api.w.org\/{rel}","templated":true}]}}