{"id":7634,"date":"2024-10-16T03:45:03","date_gmt":"2024-10-16T07:45:03","guid":{"rendered":"https:\/\/iwantmyhealthback.com\/seans-vittnesmal-om-nano-soma\/"},"modified":"2025-05-21T08:45:02","modified_gmt":"2025-05-21T12:45:02","slug":"seans-vittnesmal-om-nano-soma","status":"publish","type":"page","link":"https:\/\/iwantmyhealthback.com\/sv\/seans-vittnesmal-om-nano-soma\/","title":{"rendered":"Seans vittnesm\u00e5l om NANO SOMA"},"content":{"rendered":"\n\n\t<section class=\"section\" id=\"section_1855593421\">\n\t\t<div class=\"section-bg fill\" >\n\t\t\t\t\t\t\t\t\t\n\t\t\t\n\n\t\t<\/div>\n\n\t\t\n\n\t\t<div class=\"section-content relative\">\n\t\t\t\n\n<div class=\"row align-middle align-center\"  id=\"row-940252467\">\n\n\n\t<div id=\"col-2001704375\" class=\"col medium-10 small-12 large-10\"  >\n\t\t\t\t<div class=\"col-inner text-center\"  >\n\t\t\t\n\t\t\t\n\n\t<div id=\"text-650226549\" class=\"text hide-for-small\">\n\t\t\n\n<h1 style=\"font-size: 40px\">Seans NANO SOMA\u00ae-ber\u00e4ttelse<\/h1>\n<p style=\"font-size:22px\">Vikten av att ta NANO SOMA\u00ae dagligen<\/p>\n\n\t\t\n<style>\n#text-650226549 {\n  font-size: 1.6rem;\n}\n@media (min-width:550px) {\n  #text-650226549 {\n    font-size: 2.4rem;\n  }\n}\n<\/style>\n\t<\/div>\n\t\n\t<div id=\"text-1859298682\" class=\"text show-for-small\">\n\t\t\n\n<h1 style=\"font-size: 25px\">Seans NANO <sup>SOMA\u00ae-ber\u00e4ttelse<\/sup> <\/h1>\n<p style=\"font-size:15px\">Vikten av att ta NANO <sup>SOMA\u00ae<\/sup> dagligen<\/p>\n\t\t\n<style>\n#text-1859298682 {\n  font-size: 1.6rem;\n}\n@media (min-width:550px) {\n  #text-1859298682 {\n    font-size: 2.4rem;\n  }\n}\n<\/style>\n\t<\/div>\n\t\n\n\n<div style=\"padding:45.36% 0 0 0;position:relative;\"><iframe src=\"https:\/\/player.vimeo.com\/video\/853261799?h=699cd07194\" style=\"position:absolute;top:0;left:0;width:100%;height:100%;\" frameborder=\"0\" allow=\"autoplay; fullscreen; picture-in-picture\" allowfullscreen=\"\"><\/iframe><\/div><script src=\"https:\/\/player.vimeo.com\/api\/player.js\"><\/script>\n\n\t<div id=\"gap-184852259\" class=\"gap-element clearfix\" style=\"display:block; height:auto;\">\n\t\t\n<style>\n#gap-184852259 {\n  padding-top: 30px;\n}\n<\/style>\n\t<\/div>\n\t\n\n<a href=\"https:\/\/iwantmyhealthback.com\/sv\/handla-nu\/\" target=\"_blank\" class=\"button primary is-xlarge hide-for-small\" rel=\"noopener\" >\n\t\t<span>SHOP NU<\/span>\n\t<\/a>\n\n\n<a href=\"https:\/\/magicdichol.info\/products\/#nanosoma\" target=\"_blank\" class=\"button primary is-larger expand show-for-small\" rel=\"noopener\">\n\t\t<span>SHOP NANO SOMA<\/span>\n\t<\/a>\n\n\n\t<div id=\"text-106002567\" class=\"text\">\n\t\t\n\n<p>Att ta NANO SOMA\u00ae varje dag, som Sean g\u00f6r, \u00e4r viktigt \u00e4ven om du redan \u00e4r vid god h\u00e4lsa eller har uppn\u00e5tt dina h\u00e4lsom\u00e5l, eftersom NANO SOMA:<\/p>\n<ul>\n<li><span style=\"font-size: 115%;\">Uppmuntrar kroppen att producera sitt eget C-vitamin, vilket f\u00f6rb\u00e4ttrar det naturliga immunf\u00f6rsvaret*.<\/span><\/li>\n<li><span style=\"font-size: 115%;\">Reglerar alla kroppens nukle\u00e4ra receptorer, som sk\u00f6ldk\u00f6rteln eller vitamin D-receptorn, vilket ger st\u00f6d f\u00f6r balans i hela kroppen<\/span><\/li>\n<li><span style=\"font-size: 115%;\">Ett djupg\u00e5ende st\u00f6d f\u00f6r att bibeh\u00e5lla ungdomlighet och motverka effekterna av biologiskt \u00e5ldrande*<\/span><\/li>\n<li><span style=\"font-size: 115%;\">Bibeh\u00e5ller ett friskt DNA genom att st\u00f6dja cellul\u00e4r h\u00e4lsa och optimera genomfunktionen*.<\/span><\/li>\n<li><span style=\"font-size: 115%;\">Hj\u00e4lper till att hantera h\u00e4lsoproblem som vi kanske inte ens \u00e4r medvetna om<\/span><\/li>\n<\/ul>\n<p>Genom att integrera NANO SOMA i din dagliga rutin ser du till att din kropp f\u00f6rblir energisk, levande och kapabel att uppr\u00e4tth\u00e5lla \u00f6vergripande v\u00e4lbefinnande, oavsett ditt nuvarande h\u00e4lsotillst\u00e5nd .<\/p>\n\n\t\t\n<style>\n#text-106002567 {\n  font-size: 1rem;\n  text-align: left;\n}\n@media (min-width:550px) {\n  #text-106002567 {\n    font-size: 1.3rem;\n  }\n}\n<\/style>\n\t<\/div>\n\t\n<a href=\"https:\/\/iwantmyhealthback.com\/sv\/produkt\/nano-soma-vatska\/\" target=\"_blank\" class=\"button primary is-xlarge hide-for-small\" rel=\"noopener\">\n\t\t<span>SHOP NANO SOMA<\/span>\n\t<\/a>\n\n\n\t<div id=\"text-1804457897\" class=\"text\">\n\t\t\n\n<p>NANO SOMA hj\u00e4lper din kropp fr\u00e5n insidan och ut. Har du inte provat v\u00e5r NANO SOMA Skin Cream eller NANO SOMA Topical Gel \u00e4nnu? Prova dem idag och upplev skillnaden!  <\/p>\n\t\t\n<style>\n#text-1804457897 {\n  font-size: 1.3rem;\n  text-align: left;\n}\n<\/style>\n\t<\/div>\n\t\n<a href=\"https:\/\/iwantmyhealthback.com\/sv\/handla-nu\/\" class=\"button primary is-xlarge hide-for-small\">\n\t\t<span>G\u00c5 TILL BUTIKEN<\/span>\n\t<\/a>\n\n\n<a href=\"https:\/\/magicdichol.info\/shop-now\" class=\"button primary is-larger expand show-for-small\" target=\"_blank\" rel=\"noopener\">\n\t\t<span>SHOP NU<\/span>\n\t<\/a>\n\n\n\n\t\t<\/div>\n\t\t\t\t\n<style>\n#col-2001704375 > .col-inner {\n  padding: 0px 0px 0px 0px;\n}\n<\/style>\n\t<\/div>\n\n\t\n\n<\/div>\n\n\t\t<\/div>\n\n\t\t\n<style>\n#section_1855593421 {\n  padding-top: 30px;\n  padding-bottom: 30px;\n}\n<\/style>\n\t<\/section>\n\t\n\n","protected":false},"excerpt":{"rendered":"","protected":false},"author":2,"featured_media":0,"parent":0,"menu_order":0,"comment_status":"closed","ping_status":"closed","template":"","meta":{"bwfblock_default_font":"","_uag_custom_page_level_css":"","footnotes":""},"class_list":["post-7634","page","type-page","status-publish","hentry"],"uagb_featured_image_src":{"full":false,"thumbnail":false,"medium":false,"medium_large":false,"large":false,"1536x1536":false,"2048x2048":false,"woocommerce_thumbnail":false,"woocommerce_single":false,"woocommerce_gallery_thumbnail":false},"uagb_author_info":{"display_name":"IWantMyHealthBack","author_link":"https:\/\/iwantmyhealthback.com\/sv\/author\/anthonette\/"},"uagb_comment_info":0,"uagb_excerpt":null,"_links":{"self":[{"href":"https:\/\/iwantmyhealthback.com\/sv\/wp-json\/wp\/v2\/pages\/7634","targetHints":{"allow":["GET"]}}],"collection":[{"href":"https:\/\/iwantmyhealthback.com\/sv\/wp-json\/wp\/v2\/pages"}],"about":[{"href":"https:\/\/iwantmyhealthback.com\/sv\/wp-json\/wp\/v2\/types\/page"}],"author":[{"embeddable":true,"href":"https:\/\/iwantmyhealthback.com\/sv\/wp-json\/wp\/v2\/users\/2"}],"replies":[{"embeddable":true,"href":"https:\/\/iwantmyhealthback.com\/sv\/wp-json\/wp\/v2\/comments?post=7634"}],"version-history":[{"count":0,"href":"https:\/\/iwantmyhealthback.com\/sv\/wp-json\/wp\/v2\/pages\/7634\/revisions"}],"wp:attachment":[{"href":"https:\/\/iwantmyhealthback.com\/sv\/wp-json\/wp\/v2\/media?parent=7634"}],"curies":[{"name":"wp","href":"https:\/\/api.w.org\/{rel}","templated":true}]}}