{"id":5202,"date":"2024-07-04T10:20:02","date_gmt":"2024-07-04T14:20:02","guid":{"rendered":"https:\/\/iwantmyhealthback.com\/dave-hodges-vittnesmal\/"},"modified":"2025-06-02T11:01:36","modified_gmt":"2025-06-02T15:01:36","slug":"dave-hodges-vittnesmal","status":"publish","type":"page","link":"https:\/\/iwantmyhealthback.com\/sv\/dave-hodges-vittnesmal\/","title":{"rendered":"Dave Hodges vittnesm\u00e5l"},"content":{"rendered":"\n\n\t<section class=\"section\" id=\"section_1196584438\">\n\t\t<div class=\"section-bg fill\" >\n\t\t\t\t\t\t\t\t\t\n\t\t\t\n\n\t\t<\/div>\n\n\t\t\n\n\t\t<div class=\"section-content relative\">\n\t\t\t\n\n<div class=\"row align-middle align-center\"  id=\"row-247536613\">\n\n\n\t<div id=\"col-1608982738\" class=\"col medium-10 small-12 large-10\"  >\n\t\t\t\t<div class=\"col-inner text-center\"  >\n\t\t\t\n\t\t\t\n\n\t<div id=\"text-3445363495\" class=\"text\">\n\t\t\n\n<h1>Dave Hodges ber\u00e4ttelse<\/h1>\n\t\t\n<style>\n#text-3445363495 {\n  font-size: 1.2rem;\n  text-align: center;\n}\n@media (min-width:550px) {\n  #text-3445363495 {\n    font-size: 1.5rem;\n  }\n}\n<\/style>\n\t<\/div>\n\t\n\t<div class=\"img has-hover x md-x lg-x y md-y lg-y\" id=\"image_1884657723\">\n\t\t\t\t\t\t\t\t<div class=\"img-inner dark\" >\n\t\t\t<img loading=\"lazy\" decoding=\"async\" width=\"1020\" height=\"1020\" src=\"https:\/\/iwantmyhealthback.com\/wp-content\/uploads\/2024\/07\/Dave-Hodges.jpeg\" class=\"attachment-large size-large\" alt=\"\" srcset=\"https:\/\/iwantmyhealthback.com\/wp-content\/uploads\/2024\/07\/Dave-Hodges.jpeg 1024w, https:\/\/iwantmyhealthback.com\/wp-content\/uploads\/2024\/07\/Dave-Hodges-300x300.jpeg 300w, https:\/\/iwantmyhealthback.com\/wp-content\/uploads\/2024\/07\/Dave-Hodges-100x100.jpeg 100w, https:\/\/iwantmyhealthback.com\/wp-content\/uploads\/2024\/07\/Dave-Hodges-510x510.jpeg 510w, https:\/\/iwantmyhealthback.com\/wp-content\/uploads\/2024\/07\/Dave-Hodges-150x150.jpeg 150w, https:\/\/iwantmyhealthback.com\/wp-content\/uploads\/2024\/07\/Dave-Hodges-768x768.jpeg 768w\" sizes=\"auto, (max-width: 1020px) 100vw, 1020px\" \/>\t\t\t\t\t\t\n\t\t\t\t\t<\/div>\n\t\t\t\t\t\t\t\t\n<style>\n#image_1884657723 {\n  width: 51%;\n}\n<\/style>\n\t<\/div>\n\t\n\n\t<div class=\"img has-hover x md-x lg-x y md-y lg-y\" id=\"image_1367880625\">\n\t\t\t\t\t\t\t\t<div class=\"img-inner dark\" >\n\t\t\t\t\t\t\t\t\t\n\t\t\t\t\t<\/div>\n\t\t\t\t\t\t\t\t\n<style>\n#image_1367880625 {\n  width: 40%;\n}\n<\/style>\n\t<\/div>\n\t\n\n\t<div id=\"text-641528086\" class=\"text\">\n\t\t\n\n<p>&#8220;I b\u00f6rjan av mars var jag inte i s\u00e5 d\u00e5ligt skick, men jag fick diagnosen lunginflammation och respiratoriskt syncytialvirus (RSV). Jag var helt f\u00f6rsvagad, sov 16-18 timmar per dygn och kunde inte g\u00e5 uppf\u00f6r en trappa. <\/p>\n<p>Jag behandlades inledningsvis med antibiotika och steroidpreparatet prednison. Efter ett par veckor slutade jag ta medicinerna, f\u00f6rutom min diabetesmedicin. Jag slutade med steroiderna och antibiotikan eftersom de inte lindrade mina symtom.  <\/p>\n<p>I mitten av mars tr\u00e4ffade jag en lungspecialist som gav mig en dyster prognos. Han konstaterade att RSV var allvarlig och hade slitit bort mina lungbl\u00e5sor. Han sa att de kanske inte skulle \u00e5terg\u00e5 till det normala och att min lungfunktion d\u00e4rmed skulle f\u00f6rs\u00e4mras permanent. Inneb\u00f6rden var att jag skulle kunna f\u00e5 syrgas inom en snar framtid OCH F\u00d6R RESTEN AV MITT LIV.   <\/p>\n<p>Kort d\u00e4refter fick jag h\u00f6ra talas om NANO SOMA\u00ae. Eftersom man inte kan \u00f6verdosera sprayen tog jag den varje timme. Inom en vecka f\u00f6rb\u00e4ttrades min energi och jag \u00e5terv\u00e4nde till gymmet. Trots att jag var i ett f\u00f6rsvagat tillst\u00e5nd arbetade jag med att \u00f6ka min arbetsbelastning varje dag. Inom en m\u00e5nad var jag tillbaka till full normal aktivitet.    <strong>  Idag \u00e4r jag starkare och mer atletisk \u00e4n jag har varit p\u00e5 25 \u00e5r.<\/strong>  Den enda produkt jag tog, F\u00d6R LUNGFUNKTION och st\u00f6d, var NANO SOMA.<\/p>\n<p>N\u00e4r jag \u00e5terv\u00e4nde till gymmet \u00f6kade min arbetsbelastning och mitt h\u00f6gra kn\u00e4, som hade diagnostiserats som ben mot ben, b\u00f6rjade svullna, vilket begr\u00e4nsade en del av mina aktiviteter. Senare fick jag h\u00f6ra talas om NANO SOMA\u00ae Topical Gel. Jag b\u00f6rjade applicera gelen p\u00e5 mitt skadade kn\u00e4 varje dag. Idag g\u00f6r jag saker som jag inte har gjort p\u00e5 25 \u00e5r.   <\/p>\n<p>Jag kan till exempel g\u00f6ra kn\u00e4b\u00f6j, marklyft och step-ups. Dessutom springer jag sprintar och skjuter p\u00e5 en sl\u00e4de f\u00f6r konditionstr\u00e4ning. \u00c4ven om mina muskler blir \u00f6mma svullnar inte kn\u00e4et. Om jag tidigare hade gjort bara en br\u00e5kdel av det jag beskriver ovan skulle mitt kn\u00e4 ha svullnat upp rej\u00e4lt och gjort mig inaktiv. Nu \u00e4r jag starkare och kan g\u00f6ra saker som jag inte har gjort p\u00e5 25 \u00e5r.    <\/p>\n<p>Dessa tv\u00e5 produkter tog mig tillbaka fr\u00e5n en dyster prognos. Jag har f\u00e5tt tillbaka mitt liv och min livsstil har f\u00f6rb\u00e4ttrats dramatiskt. Och, i all blygsamhet, det \u00e4r trevligt att h\u00f6ra v\u00e4nner och familj ber\u00e4tta hur bra man ser ut. Och jag \u00f6verdriver inte n\u00e4r jag s\u00e4ger att yngre m\u00e4nniskor kommer fram till mig p\u00e5 gymmet och fr\u00e5gar mig var en man i min \u00e5lder f\u00e5r sin energi ifr\u00e5n.   <\/p>\n<p>Jag v\u00e4ljer att anv\u00e4nda dessa produkter under resten av mitt liv.<\/p>\n<p>Jag b\u00f6r ocks\u00e5 notera att jag under denna pr\u00f6vning har diagnostiserats som icke-diabetiker med ett A1C p\u00e5 5,0, och jag har nyligen slutat med all diabetesmedicinering. Tack, MagicDichol\u00ae!<strong>&#8220;<\/strong><\/p>\n\t\t\n<style>\n#text-641528086 {\n  font-size: 1rem;\n  text-align: left;\n}\n@media (min-width:550px) {\n  #text-641528086 {\n    font-size: 1.15rem;\n  }\n}\n<\/style>\n\t<\/div>\n\t\n\t<div id=\"text-952187306\" class=\"text\">\n\t\t\n\n<h3 style=\"text-align: center;\">Dr Richard Presser lyfter fram ett enormt revolutionerande <br>genombrott inom naturlig h\u00e4lsov\u00e5rd<\/h3>\n\t\t\n<style>\n#text-952187306 {\n  font-size: 1.2rem;\n}\n@media (min-width:550px) {\n  #text-952187306 {\n    font-size: 1.55rem;\n  }\n}\n<\/style>\n\t<\/div>\n\t\n\n\n<div style=\"padding:56.25% 0 0 0;position:relative;\"><iframe src=\"https:\/\/player.vimeo.com\/video\/989160042?badge=0&amp;autopause=0&amp;player_id=0&amp;app_id=58479\" frameborder=\"0\" allow=\"autoplay; fullscreen; picture-in-picture; clipboard-write\" style=\"position:absolute;top:0;left:0;width:100%;height:100%;\" title=\"Dr Richard Presser lyfter fram stort revolutionerande genombrott inom naturl\u00e4kemedel\"><\/iframe><\/div><script src=\"https:\/\/player.vimeo.com\/api\/player.js\"><\/script>\n\n\t<div id=\"gap-761446634\" class=\"gap-element clearfix\" style=\"display:block; height:auto;\">\n\t\t\n<style>\n#gap-761446634 {\n  padding-top: 30px;\n}\n<\/style>\n\t<\/div>\n\t\n\n\t<div id=\"text-3932688312\" class=\"text\">\n\t\t\n\n<h3 style=\"text-align: center;\">Vad \u00e4r NANO SOMA\u00ae <br>och varf\u00f6r \u00e4r allm\u00e4nheten besatt av det?<\/h3>\n\t\t\n<style>\n#text-3932688312 {\n  font-size: 1.2rem;\n}\n@media (min-width:550px) {\n  #text-3932688312 {\n    font-size: 1.55rem;\n  }\n}\n<\/style>\n\t<\/div>\n\t\n\n\n<div style=\"padding:56.25% 0 0 0;position:relative;\"><iframe src=\"https:\/\/player.vimeo.com\/video\/989161665?badge=0&amp;autopause=0&amp;player_id=0&amp;app_id=58479\" frameborder=\"0\" allow=\"autoplay; fullscreen; picture-in-picture; clipboard-write\" style=\"position:absolute;top:0;left:0;width:100%;height:100%;\" title=\"Du kan vara den b\u00e4sta versionen av dig sj\u00e4lv\"><\/iframe><\/div><script src=\"https:\/\/player.vimeo.com\/api\/player.js\"><\/script>\n\n\t<div id=\"gap-1567016769\" class=\"gap-element clearfix\" style=\"display:block; height:auto;\">\n\t\t\n<style>\n#gap-1567016769 {\n  padding-top: 30px;\n}\n<\/style>\n\t<\/div>\n\t\n\n<a href=\"https:\/\/iwantmyhealthback.com\/?infid=9\" target=\"_blank\" class=\"button primary is-xlarge\" rel=\"noopener\" >\n\t\t<span>K\u00f6p nu<\/span>\n\t<\/a>\n\n\n\n\t\t<\/div>\n\t\t\t\t\t<\/div>\n\n\t\n\n<\/div>\n\n\t\t<\/div>\n\n\t\t\n<style>\n#section_1196584438 {\n  padding-top: 30px;\n  padding-bottom: 30px;\n}\n<\/style>\n\t<\/section>\n\t\n\n","protected":false},"excerpt":{"rendered":"","protected":false},"author":2,"featured_media":0,"parent":0,"menu_order":0,"comment_status":"closed","ping_status":"closed","template":"page-blank.php","meta":{"bwfblock_default_font":"","_uag_custom_page_level_css":"","footnotes":""},"class_list":["post-5202","page","type-page","status-publish","hentry"],"uagb_featured_image_src":{"full":false,"thumbnail":false,"medium":false,"medium_large":false,"large":false,"1536x1536":false,"2048x2048":false,"woocommerce_thumbnail":false,"woocommerce_single":false,"woocommerce_gallery_thumbnail":false},"uagb_author_info":{"display_name":"IWantMyHealthBack","author_link":"https:\/\/iwantmyhealthback.com\/sv\/author\/anthonette\/"},"uagb_comment_info":0,"uagb_excerpt":null,"_links":{"self":[{"href":"https:\/\/iwantmyhealthback.com\/sv\/wp-json\/wp\/v2\/pages\/5202","targetHints":{"allow":["GET"]}}],"collection":[{"href":"https:\/\/iwantmyhealthback.com\/sv\/wp-json\/wp\/v2\/pages"}],"about":[{"href":"https:\/\/iwantmyhealthback.com\/sv\/wp-json\/wp\/v2\/types\/page"}],"author":[{"embeddable":true,"href":"https:\/\/iwantmyhealthback.com\/sv\/wp-json\/wp\/v2\/users\/2"}],"replies":[{"embeddable":true,"href":"https:\/\/iwantmyhealthback.com\/sv\/wp-json\/wp\/v2\/comments?post=5202"}],"version-history":[{"count":0,"href":"https:\/\/iwantmyhealthback.com\/sv\/wp-json\/wp\/v2\/pages\/5202\/revisions"}],"wp:attachment":[{"href":"https:\/\/iwantmyhealthback.com\/sv\/wp-json\/wp\/v2\/media?parent=5202"}],"curies":[{"name":"wp","href":"https:\/\/api.w.org\/{rel}","templated":true}]}}