{"id":4588,"date":"2024-07-19T10:38:19","date_gmt":"2024-07-19T14:38:19","guid":{"rendered":"https:\/\/iwantmyhealthback.com\/vanliga-fragor\/"},"modified":"2025-12-25T22:35:29","modified_gmt":"2025-12-26T02:35:29","slug":"vanliga-fragor","status":"publish","type":"page","link":"https:\/\/iwantmyhealthback.com\/sv\/vanliga-fragor\/","title":{"rendered":"Vanliga fr\u00e5gor"},"content":{"rendered":"\n\n\t<section class=\"section has-scroll-for-more\" id=\"section_1237770626\">\n\t\t<div class=\"section-bg fill\" >\n\t\t\t\t\t\t\t\t\t<button class=\"scroll-for-more z-5 icon absolute bottom h-center\" aria-label=\"Scroll for more\"><i class=\"icon-angle-down\" aria-hidden=\"true\" style=\"font-size:42px;\"><\/i><\/button>\n\t\t\t\n\t<div class=\"is-border\"\n\t\tstyle=\"border-width:0px 0px 0px 0px;\">\n\t<\/div>\n\n\t\t<\/div>\n\n\t\t\n\n\t\t<div class=\"section-content relative\">\n\t\t\t\n\n<div class=\"row align-center\"  id=\"row-259897501\">\n\n\n\t<div id=\"col-516068601\" class=\"col medium-8 small-10 large-10\"  >\n\t\t\t\t<div class=\"col-inner text-center\"  >\n\t\t\t\n\t\t\t\n\n<h3>VANLIGA FR\u00c5GOR OCH SVAR<\/h3>\n<h2 style=\"font-size: 250%;\">Vanliga fr\u00e5gor<\/h2>\n<p>Hur kan vi hj\u00e4lpa dig?<\/p>\n\n\t\t<\/div>\n\t\t\t\t\n<style>\n#col-516068601 > .col-inner {\n  padding: 40px 0px 0px 0px;\n}\n<\/style>\n\t<\/div>\n\n\t\n\n<\/div>\n\n\t\t<\/div>\n\n\t\t\n<style>\n#section_1237770626 {\n  padding-top: 30px;\n  padding-bottom: 30px;\n}\n<\/style>\n\t<\/section>\n\t\n\n\t<section class=\"section\" id=\"section_965116789\">\n\t\t<div class=\"section-bg fill\" >\n\t\t\t\t\t\t\t\t\t\n\t\t\t\n\n\t\t<\/div>\n\n\t\t\n\n\t\t<div class=\"section-content relative\">\n\t\t\t\n\n<div class=\"row\"  id=\"row-1921929470\">\n\n\n\t<div id=\"col-2077979904\" class=\"col small-12 large-12\"  >\n\t\t\t\t<div class=\"col-inner\"  >\n\t\t\t\n\t\t\t\n\n<div class=\"accordion\">\n\n\t<div id=\"accordion-487785388\" class=\"accordion-item\">\n\t\t<a id=\"accordion-487785388-label\" class=\"accordion-title plain\" href=\"#accordion-item-hur-uttalar-man-metadichol\u00ae-och-magicdichol\u00ae?\" aria-expanded=\"false\" aria-controls=\"accordion-487785388-content\">\n\t\t\t<button class=\"toggle\" aria-label=\"Toggle\"><i class=\"icon-angle-down\" aria-hidden=\"true\"><\/i><\/button>\n\t\t\t<span>Hur uttalar man Metadichol\u00ae och MagicDichol\u00ae?<\/span>\n\t\t<\/a>\n\t\t<div id=\"accordion-487785388-content\" class=\"accordion-inner\" aria-labelledby=\"accordion-487785388-label\">\n\t\t\t\n\n<p>Metadichol uttalas: &#8220;Met-uh-dye-call&#8221;. MagicDichol uttalas: &#8220;Magic-dye-call&#8221;. <\/p>\n\n\t\t<\/div>\n\t<\/div>\n\t\n\t<div id=\"accordion-638407716\" class=\"accordion-item\">\n\t\t<a id=\"accordion-638407716-label\" class=\"accordion-title plain\" href=\"#accordion-item-vad-\u00e4r-nano-soma\u00ae-liquid?\" aria-expanded=\"false\" aria-controls=\"accordion-638407716-content\">\n\t\t\t<button class=\"toggle\" aria-label=\"Toggle\"><i class=\"icon-angle-down\" aria-hidden=\"true\"><\/i><\/button>\n\t\t\t<span>Vad \u00e4r NANO SOMA\u00ae Liquid?<\/span>\n\t\t<\/a>\n\t\t<div id=\"accordion-638407716-content\" class=\"accordion-inner\" aria-labelledby=\"accordion-638407716-label\">\n\t\t\t\n\n<p>NANO SOMA Liquid \u00e4r ett namn f\u00f6r Metadichol. Det \u00e4r ett flytande tillskott med nanopartiklar av policosanol. <\/p>\n\n\t\t<\/div>\n\t<\/div>\n\t\n\t<div id=\"accordion-3889136255\" class=\"accordion-item\">\n\t\t<a id=\"accordion-3889136255-label\" class=\"accordion-title plain\" href=\"#accordion-item-vilka-\u00e4r-ingredienserna-i-nano-soma?\" aria-expanded=\"false\" aria-controls=\"accordion-3889136255-content\">\n\t\t\t<button class=\"toggle\" aria-label=\"Toggle\"><i class=\"icon-angle-down\" aria-hidden=\"true\"><\/i><\/button>\n\t\t\t<span>Vilka \u00e4r ingredienserna i NANO SOMA?<\/span>\n\t\t<\/a>\n\t\t<div id=\"accordion-3889136255-content\" class=\"accordion-inner\" aria-labelledby=\"accordion-3889136255-label\">\n\t\t\t\n\n<p>De prim\u00e4ra ingredienserna i NANO SOMA \u00e4r en nanoemulsion av policosanol fr\u00e5n risvax och vatten, samt mindre ingredienser f\u00f6r nanoemulsionens stabilitet.<\/p>\n\n\t\t<\/div>\n\t<\/div>\n\t\n\t<div id=\"accordion-1008720948\" class=\"accordion-item\">\n\t\t<a id=\"accordion-1008720948-label\" class=\"accordion-title plain\" href=\"#accordion-item-hur-l\u00e5ng-tid-tar-det-att-se-effekterna-av-nano-soma\u00ae?\" aria-expanded=\"false\" aria-controls=\"accordion-1008720948-content\">\n\t\t\t<button class=\"toggle\" aria-label=\"Toggle\"><i class=\"icon-angle-down\" aria-hidden=\"true\"><\/i><\/button>\n\t\t\t<span>Hur l\u00e5ng tid tar det att se effekterna av NANO SOMA\u00ae?<\/span>\n\t\t<\/a>\n\t\t<div id=\"accordion-1008720948-content\" class=\"accordion-inner\" aria-labelledby=\"accordion-1008720948-label\">\n\t\t\t\n\n<p>Det f\u00f6resl\u00e5s att anv\u00e4nda produkten konsekvent i 90 dagar innan man f\u00f6rv\u00e4ntar sig synliga h\u00e4lsof\u00f6rdelar, men m\u00e5nga m\u00e4nniskor m\u00e4rker f\u00f6rb\u00e4ttringar innan dess.<\/p>\n\n\t\t<\/div>\n\t<\/div>\n\t\n\t<div id=\"accordion-302307992\" class=\"accordion-item\">\n\t\t<a id=\"accordion-302307992-label\" class=\"accordion-title plain\" href=\"#accordion-item-vad-\u00e4r-nano-soma\u00ae-topical-gel?\" aria-expanded=\"false\" aria-controls=\"accordion-302307992-content\">\n\t\t\t<button class=\"toggle\" aria-label=\"Toggle\"><i class=\"icon-angle-down\" aria-hidden=\"true\"><\/i><\/button>\n\t\t\t<span>Vad \u00e4r NANO SOMA\u00ae Topical Gel?<\/span>\n\t\t<\/a>\n\t\t<div id=\"accordion-302307992-content\" class=\"accordion-inner\" aria-labelledby=\"accordion-302307992-label\">\n\t\t\t\n\n<p>NANO SOMA\u00ae Topical Gel \u00e4r till f\u00f6r din hud. Det \u00e4r NANO SOMA med tillsats av xantangummi f\u00f6r att g\u00f6ra den l\u00e4mplig f\u00f6r hudanv\u00e4ndning. Det hj\u00e4lper till med hudens h\u00e4lsa. <\/p>\n\n\t\t<\/div>\n\t<\/div>\n\t\n\t<div id=\"accordion-3902778154\" class=\"accordion-item\">\n\t\t<a id=\"accordion-3902778154-label\" class=\"accordion-title plain\" href=\"#accordion-item-vad-\u00e4r-nano-soma\u00ae-skin-cream?\" aria-expanded=\"false\" aria-controls=\"accordion-3902778154-content\">\n\t\t\t<button class=\"toggle\" aria-label=\"Toggle\"><i class=\"icon-angle-down\" aria-hidden=\"true\"><\/i><\/button>\n\t\t\t<span>Vad \u00e4r NANO SOMA\u00ae Skin Cream?<\/span>\n\t\t<\/a>\n\t\t<div id=\"accordion-3902778154-content\" class=\"accordion-inner\" aria-labelledby=\"accordion-3902778154-label\">\n\t\t\t\n\n<p>NANO SOMA\u00ae Skin Cream \u00e4r en len, oljefri kr\u00e4m med samma nyckelingrediens som NANO SOMA. Den doftar vanilj, hj\u00e4lper till att lugna huden och reducerar fina linjer och rynkor. <\/p>\n\n\t\t<\/div>\n\t<\/div>\n\t\n\t<div id=\"accordion-3747434715\" class=\"accordion-item\">\n\t\t<a id=\"accordion-3747434715-label\" class=\"accordion-title plain\" href=\"#accordion-item-\u00c4r-nano-soma-rekommenderat-f\u00f6r-friska-personer-eller-personer-med-sjukdomar?\" aria-expanded=\"false\" aria-controls=\"accordion-3747434715-content\">\n\t\t\t<button class=\"toggle\" aria-label=\"Toggle\"><i class=\"icon-angle-down\" aria-hidden=\"true\"><\/i><\/button>\n\t\t\t<span>\u00c4r NANO SOMA rekommenderat f\u00f6r friska personer eller personer med sjukdomar?<\/span>\n\t\t<\/a>\n\t\t<div id=\"accordion-3747434715-content\" class=\"accordion-inner\" aria-labelledby=\"accordion-3747434715-label\">\n\t\t\t\n\n<p>NANO SOMA st\u00f6der en optimal kroppsfunktion * Detta g\u00e4ller f\u00f6r alla.<\/p>\n\n\t\t<\/div>\n\t<\/div>\n\t\n\t<div id=\"accordion-2863291145\" class=\"accordion-item\">\n\t\t<a id=\"accordion-2863291145-label\" class=\"accordion-title plain\" href=\"#accordion-item-vilken-\u00e4r-den-b\u00e4sta-tiden-att-ta-nano-soma?-ska-det-tas-med-mat-eller-vatten?-\" aria-expanded=\"false\" aria-controls=\"accordion-2863291145-content\">\n\t\t\t<button class=\"toggle\" aria-label=\"Toggle\"><i class=\"icon-angle-down\" aria-hidden=\"true\"><\/i><\/button>\n\t\t\t<span>Vilken \u00e4r den b\u00e4sta tiden att ta NANO SOMA? Ska det tas med mat eller vatten? <\/span>\n\t\t<\/a>\n\t\t<div id=\"accordion-2863291145-content\" class=\"accordion-inner\" aria-labelledby=\"accordion-2863291145-label\">\n\t\t\t\n\n<p>NANO SOMA kan tas n\u00e4r som helst p\u00e5 dygnet och med eller utan mat och vatten.<\/p>\n\n\t\t<\/div>\n\t<\/div>\n\t\n\t<div id=\"accordion-1386280430\" class=\"accordion-item\">\n\t\t<a id=\"accordion-1386280430-label\" class=\"accordion-title plain\" href=\"#accordion-item-\u00c4r-det-okej-att-ta-nano-soma-om-jag-har-en-f\u00f6do\u00e4mnesallergi-(jordn\u00f6tter,-skaldjur,-sesam,-etc.)?\" aria-expanded=\"false\" aria-controls=\"accordion-1386280430-content\">\n\t\t\t<button class=\"toggle\" aria-label=\"Toggle\"><i class=\"icon-angle-down\" aria-hidden=\"true\"><\/i><\/button>\n\t\t\t<span>\u00c4r det okej att ta NANO SOMA om jag har en f\u00f6do\u00e4mnesallergi (jordn\u00f6tter, skaldjur, sesam, etc.)?<\/span>\n\t\t<\/a>\n\t\t<div id=\"accordion-1386280430-content\" class=\"accordion-inner\" aria-labelledby=\"accordion-1386280430-label\">\n\t\t\t\n\n<p>NANO SOMA har inga k\u00e4nda allergiska reaktioner.<\/p>\n\n\t\t<\/div>\n\t<\/div>\n\t\n\t<div id=\"accordion-3038605347\" class=\"accordion-item\">\n\t\t<a id=\"accordion-3038605347-label\" class=\"accordion-title plain\" href=\"#accordion-item-\u00c4r-det-okej-att-ta-nano-soma-tillsammans-med-receptbelagda-l\u00e4kemedel-eller-blodf\u00f6rtunnande-medel?\" aria-expanded=\"false\" aria-controls=\"accordion-3038605347-content\">\n\t\t\t<button class=\"toggle\" aria-label=\"Toggle\"><i class=\"icon-angle-down\" aria-hidden=\"true\"><\/i><\/button>\n\t\t\t<span>\u00c4r det okej att ta NANO SOMA tillsammans med receptbelagda l\u00e4kemedel eller blodf\u00f6rtunnande medel?<\/span>\n\t\t<\/a>\n\t\t<div id=\"accordion-3038605347-content\" class=\"accordion-inner\" aria-labelledby=\"accordion-3038605347-label\">\n\t\t\t\n\n<p>Det finns inga k\u00e4nda interaktioner mellan NANO SOMA och receptbelagda l\u00e4kemedel.<\/p>\n\n\t\t<\/div>\n\t<\/div>\n\t\n\t<div id=\"accordion-3099126827\" class=\"accordion-item\">\n\t\t<a id=\"accordion-3099126827-label\" class=\"accordion-title plain\" href=\"#accordion-item-\u00c4r-nano-soma-s\u00e4kert-f\u00f6r-barn-och-sp\u00e4dbarn?\" aria-expanded=\"false\" aria-controls=\"accordion-3099126827-content\">\n\t\t\t<button class=\"toggle\" aria-label=\"Toggle\"><i class=\"icon-angle-down\" aria-hidden=\"true\"><\/i><\/button>\n\t\t\t<span>\u00c4r NANO SOMA s\u00e4kert f\u00f6r barn och sp\u00e4dbarn?<\/span>\n\t\t<\/a>\n\t\t<div id=\"accordion-3099126827-content\" class=\"accordion-inner\" aria-labelledby=\"accordion-3099126827-label\">\n\t\t\t\n\n<p>Ja, NANO SOMA \u00e4r s\u00e4kert f\u00f6r barn och sp\u00e4dbarn, men tala med din l\u00e4kare.<\/p>\n\n\t\t<\/div>\n\t<\/div>\n\t\n\t<div id=\"accordion-3808062844\" class=\"accordion-item\">\n\t\t<a id=\"accordion-3808062844-label\" class=\"accordion-title plain\" href=\"#accordion-item-vilka-\u00e4r-de-rekommenderade-och-maximala-dagliga-anv\u00e4ndningsomr\u00e5dena?\" aria-expanded=\"false\" aria-controls=\"accordion-3808062844-content\">\n\t\t\t<button class=\"toggle\" aria-label=\"Toggle\"><i class=\"icon-angle-down\" aria-hidden=\"true\"><\/i><\/button>\n\t\t\t<span>Vilka \u00e4r de rekommenderade och maximala dagliga anv\u00e4ndningsomr\u00e5dena?<\/span>\n\t\t<\/a>\n\t\t<div id=\"accordion-3808062844-content\" class=\"accordion-inner\" aria-labelledby=\"accordion-3808062844-label\">\n\t\t\t\n\n<p>Den vanliga m\u00e4ngden att anv\u00e4nda f\u00f6r att h\u00e5lla sig frisk \u00e4r fem sprayningar av NANO SOMA varje dag. Du kan anv\u00e4nda fler om du vill. <strong><a href=\"https:\/\/iwantmyhealthback.com\/sv\/anvandning-protokoll\/\">I detta dokument<\/a><\/strong> ger mer information om hur du anv\u00e4nder MagicDichol Family of Products. <\/p>\n\n\t\t<\/div>\n\t<\/div>\n\t\n\t<div id=\"accordion-2834372196\" class=\"accordion-item\">\n\t\t<a id=\"accordion-2834372196-label\" class=\"accordion-title plain\" href=\"#accordion-item-har-nano-soma-biverkningar?\" aria-expanded=\"false\" aria-controls=\"accordion-2834372196-content\">\n\t\t\t<button class=\"toggle\" aria-label=\"Toggle\"><i class=\"icon-angle-down\" aria-hidden=\"true\"><\/i><\/button>\n\t\t\t<span>Har NANO SOMA biverkningar?<\/span>\n\t\t<\/a>\n\t\t<div id=\"accordion-2834372196-content\" class=\"accordion-inner\" aria-labelledby=\"accordion-2834372196-label\">\n\t\t\t\n\n<p>NANO SOMA \u00e4r tillverkad av helt naturliga livsmedelsbaserade ingredienser och har inga k\u00e4nda biverkningar. Dess utvecklare s\u00e4ger att det \u00e4r s\u00e4krare \u00e4n salt och socker. <\/p>\n\n\t\t<\/div>\n\t<\/div>\n\t\n\n<\/div>\n\n\t\t<\/div>\n\t\t\t\t\t<\/div>\n\n\t\n\n<\/div>\n\n\t\t<\/div>\n\n\t\t\n<style>\n#section_965116789 {\n  padding-top: 30px;\n  padding-bottom: 30px;\n}\n<\/style>\n\t<\/section>\n\t\n\n","protected":false},"excerpt":{"rendered":"","protected":false},"author":2,"featured_media":0,"parent":0,"menu_order":0,"comment_status":"closed","ping_status":"closed","template":"","meta":{"bwfblock_default_font":"","_uag_custom_page_level_css":"","footnotes":""},"class_list":["post-4588","page","type-page","status-publish","hentry"],"uagb_featured_image_src":{"full":false,"thumbnail":false,"medium":false,"medium_large":false,"large":false,"1536x1536":false,"2048x2048":false,"woocommerce_thumbnail":false,"woocommerce_single":false,"woocommerce_gallery_thumbnail":false},"uagb_author_info":{"display_name":"IWantMyHealthBack","author_link":"https:\/\/iwantmyhealthback.com\/sv\/author\/anthonette\/"},"uagb_comment_info":0,"uagb_excerpt":null,"_links":{"self":[{"href":"https:\/\/iwantmyhealthback.com\/sv\/wp-json\/wp\/v2\/pages\/4588","targetHints":{"allow":["GET"]}}],"collection":[{"href":"https:\/\/iwantmyhealthback.com\/sv\/wp-json\/wp\/v2\/pages"}],"about":[{"href":"https:\/\/iwantmyhealthback.com\/sv\/wp-json\/wp\/v2\/types\/page"}],"author":[{"embeddable":true,"href":"https:\/\/iwantmyhealthback.com\/sv\/wp-json\/wp\/v2\/users\/2"}],"replies":[{"embeddable":true,"href":"https:\/\/iwantmyhealthback.com\/sv\/wp-json\/wp\/v2\/comments?post=4588"}],"version-history":[{"count":0,"href":"https:\/\/iwantmyhealthback.com\/sv\/wp-json\/wp\/v2\/pages\/4588\/revisions"}],"wp:attachment":[{"href":"https:\/\/iwantmyhealthback.com\/sv\/wp-json\/wp\/v2\/media?parent=4588"}],"curies":[{"name":"wp","href":"https:\/\/api.w.org\/{rel}","templated":true}]}}