{"id":4579,"date":"2024-07-11T03:00:08","date_gmt":"2024-07-11T07:00:08","guid":{"rendered":"https:\/\/iwantmyhealthback.com\/metadichol-och-c-vitamin\/"},"modified":"2025-06-19T08:50:01","modified_gmt":"2025-06-19T12:50:01","slug":"metadichol-och-c-vitamin","status":"publish","type":"page","link":"https:\/\/iwantmyhealthback.com\/sv\/metadichol-och-c-vitamin\/","title":{"rendered":"Metadichol\u00ae och C-vitamin"},"content":{"rendered":"\n\n\t<section class=\"section has-scroll-for-more\" id=\"section_730131699\">\n\t\t<div class=\"section-bg fill\" >\n\t\t\t\t\t\t\t\t\t<button class=\"scroll-for-more z-5 icon absolute bottom h-center\" aria-label=\"Scroll for more\"><i class=\"icon-angle-down\" aria-hidden=\"true\" style=\"font-size:42px;\"><\/i><\/button>\n\t\t\t\n\t<div class=\"is-border\"\n\t\tstyle=\"border-width:0px 0px 0px 0px;\">\n\t<\/div>\n\n\t\t<\/div>\n\n\t\t\n\n\t\t<div class=\"section-content relative\">\n\t\t\t\n\n<div class=\"row align-center\"  id=\"row-2111081725\">\n\n\n\t<div id=\"col-9864719\" class=\"col medium-8 small-10 large-10\"  >\n\t\t\t\t<div class=\"col-inner text-center\"  >\n\t\t\t\n\t\t\t\n\n<h3>Mer information<\/h3>\n<h2 style=\"font-size:250%;\">Metadichol\u00ae OCH VITAMIN C<\/h2>\n<p>Hur Metadichol\u00ae, den viktigaste ingrediensen i MagicDichol\u00ae-produktfamiljen, inducerar C-vitamin i kroppen.<\/p>\n\n\n\t\t<\/div>\n\t\t\t\t\n<style>\n#col-9864719 > .col-inner {\n  padding: 40px 0px 0px 0px;\n}\n<\/style>\n\t<\/div>\n\n\t\n\n<\/div>\n\n\t\t<\/div>\n\n\t\t\n<style>\n#section_730131699 {\n  padding-top: 0px;\n  padding-bottom: 0px;\n}\n@media (min-width:550px) {\n  #section_730131699 {\n    padding-top: 30px;\n    padding-bottom: 30px;\n  }\n}\n<\/style>\n\t<\/section>\n\t\n\n\t<section class=\"section\" id=\"section_23156229\">\n\t\t<div class=\"section-bg fill\" >\n\t\t\t\t\t\t\t\t\t\n\t\t\t\n\n\t\t<\/div>\n\n\t\t\n\n\t\t<div class=\"section-content relative\">\n\t\t\t\n\n<div class=\"row\"  id=\"row-6359018\">\n\n\n\t<div id=\"col-1914791412\" class=\"col small-12 large-12\"  >\n\t\t\t\t<div class=\"col-inner\"  >\n\t\t\t\n\t\t\t\n\n<div class=\"accordion\">\n\n\t<div id=\"accordion-378722857\" class=\"accordion-item\">\n\t\t<a id=\"accordion-378722857-label\" class=\"accordion-title plain\" href=\"#accordion-item-vad-\u00e4r-metadichol\u00ae-och-var-finns-det-tillg\u00e4ngligt?\" aria-expanded=\"false\" aria-controls=\"accordion-378722857-content\">\n\t\t\t<button class=\"toggle\" aria-label=\"Toggle\"><i class=\"icon-angle-down\" aria-hidden=\"true\"><\/i><\/button>\n\t\t\t<span>Vad \u00e4r Metadichol\u00ae och var finns det tillg\u00e4ngligt?<\/span>\n\t\t<\/a>\n\t\t<div id=\"accordion-378722857-content\" class=\"accordion-inner\" aria-labelledby=\"accordion-378722857-label\">\n\t\t\t\n\n<p style=\"margin: 0cm;\"><span lang=\"EN-US\" style=\"color: #0e101a;\">Metadichol \u00e4r en nanoemulsion av policosanol. Dessa policosanolpartiklar \u00e4r mindre \u00e4n 60 nanometer. Den \u00e4r ungef\u00e4r h\u00e4lften s\u00e5 stor som ett virus. Eftersom de \u00e4r s\u00e5 sm\u00e5 kan de r\u00f6ra sig genom kroppen och st\u00f6dja dess h\u00e4lsa d\u00e4r det beh\u00f6vs. Metadichol \u00e4r nyckeln till MagicDichol-produkterna: NANO SOMA\u00ae Liquid, NANO SOMA\u00ae Topical Gel och NANO SOMA\u00ae Skin Cream. Du kan k\u00f6pa dessa produkter i v\u00e5r butik. F\u00f6r att handla,  <\/span><a href=\"https:\/\/iwantmyhealthback.com\/sv\/handla-nu\/\" target=\"_blank\" rel=\"nofollow noopener\"><span lang=\"EN-US\">Klicka h\u00e4r.  <\/span><\/a><\/p>\n\n\t\t<\/div>\n\t<\/div>\n\t\n\t<div id=\"accordion-1227313508\" class=\"accordion-item\">\n\t\t<a id=\"accordion-1227313508-label\" class=\"accordion-title plain\" href=\"#accordion-item-m\u00e4nniskor-och-c-vitamin\" aria-expanded=\"false\" aria-controls=\"accordion-1227313508-content\">\n\t\t\t<button class=\"toggle\" aria-label=\"Toggle\"><i class=\"icon-angle-down\" aria-hidden=\"true\"><\/i><\/button>\n\t\t\t<span>M\u00e4nniskor och C-vitamin<\/span>\n\t\t<\/a>\n\t\t<div id=\"accordion-1227313508-content\" class=\"accordion-inner\" aria-labelledby=\"accordion-1227313508-label\">\n\t\t\t\n\n<div class=\"row\"  id=\"row-1965703719\">\n\n\n\t<div id=\"col-715094883\" class=\"col small-12 large-12\"  >\n\t\t\t\t<div class=\"col-inner text-center\"  >\n\t\t\t\n\t\t\t\n\n\t<div id=\"text-4058867548\" class=\"text\">\n\t\t\n\n<p style=\"margin: 0cm;\"><span lang=\"EN-US\" style=\"color: #0e101a;\">F\u00f6r cirka 40 miljoner \u00e5r sedan f\u00f6rlorade m\u00e4nniskan sin f\u00f6rm\u00e5ga att tillverka vitamin C. Detta beror p\u00e5 att en gen slutade fungera som den skulle. Genen kan inte bilda ett enzym som beh\u00f6vs f\u00f6r att omvandla socker i v\u00e5r lever till vitamin C. De flesta andra djur har inte detta problem. De bildar C-vitamin naturligt och f\u00e5r inte samma hj\u00e4rt- och k\u00e4rlsjukdomar som m\u00e4nniskor.  <\/p>\n<p>Inget l\u00e4kemedel kan ers\u00e4tta C-vitamin. C-vitamin \u00e4r viktigt eftersom det hj\u00e4lper till att f\u00f6rebygga m\u00e5nga sjukdomar. Det kan handla om saker som gr\u00e5 starr, gallsten, svaga blodk\u00e4rl, allergier, l\u00e4tt att bli sjuk, blodbrist, kolesterol i art\u00e4rerna, h\u00f6gt blodtryck, hj\u00e4rtproblem med mera. Vi beh\u00f6ver egentligen inte nya l\u00e4kemedel f\u00f6r detta. Ist\u00e4llet kan det hj\u00e4lpa att f\u00e5 i sig tillr\u00e4ckligt med C-vitamin p\u00e5 andra s\u00e4tt.   <\/p>\n\t\t\n<style>\n#text-4058867548 {\n  font-size: 1rem;\n  text-align: left;\n}\n@media (min-width:550px) {\n  #text-4058867548 {\n    font-size: 1rem;\n  }\n}\n<\/style>\n\t<\/div>\n\t\n\t<div id=\"gap-1397148442\" class=\"gap-element clearfix hide-for-small\" style=\"display:block; height:auto;\">\n\t\t\n<style>\n#gap-1397148442 {\n  padding-top: 30px;\n}\n<\/style>\n\t<\/div>\n\t\n\n\n\t\t<\/div>\n\t\t\t\t\t<\/div>\n\n\t\n\n<\/div>\n\n\t\t<\/div>\n\t<\/div>\n\t\n\t<div id=\"accordion-829665744\" class=\"accordion-item\">\n\t\t<a id=\"accordion-829665744-label\" class=\"accordion-title plain\" href=\"#accordion-item-utmaningarna-med-att-ta-c-vitamin\" aria-expanded=\"false\" aria-controls=\"accordion-829665744-content\">\n\t\t\t<button class=\"toggle\" aria-label=\"Toggle\"><i class=\"icon-angle-down\" aria-hidden=\"true\"><\/i><\/button>\n\t\t\t<span>Utmaningarna med att ta C-vitamin<\/span>\n\t\t<\/a>\n\t\t<div id=\"accordion-829665744-content\" class=\"accordion-inner\" aria-labelledby=\"accordion-829665744-label\">\n\t\t\t\n\n<div class=\"row\"  id=\"row-1081939605\">\n\n\n\t<div id=\"col-1242619968\" class=\"col small-12 large-12\"  >\n\t\t\t\t<div class=\"col-inner text-center\"  >\n\t\t\t\n\t\t\t\n\n\t<div id=\"text-3534515964\" class=\"text\">\n\t\t\n\n<p style=\"margin: 0cm;\"><span lang=\"EN-US\" style=\"color: #0e101a;\">N\u00e4r du f\u00f6rs\u00f6ker tillf\u00f6ra mer C-vitamin till din kropp genom att ta kosttillskott finns det bara en viss m\u00e4ngd som din kropp kan anv\u00e4nda. N\u00e4r du har tagit cirka 500 milligram b\u00f6rjar dina njurar att avl\u00e4gsna det som \u00e4r \u00f6ver. Studier har visat att Metadichol hj\u00e4lper kroppen att h\u00f6ja sina C-vitaminniv\u00e5er mycket mer \u00e4n vad som \u00e4r m\u00f6jligt genom att bara ta kosttillskott.  <\/p>\n\t\t\n<style>\n#text-3534515964 {\n  font-size: 1rem;\n  text-align: left;\n}\n@media (min-width:550px) {\n  #text-3534515964 {\n    font-size: 1rem;\n  }\n}\n<\/style>\n\t<\/div>\n\t\n\t<div id=\"gap-435748116\" class=\"gap-element clearfix hide-for-small\" style=\"display:block; height:auto;\">\n\t\t\n<style>\n#gap-435748116 {\n  padding-top: 30px;\n}\n<\/style>\n\t<\/div>\n\t\n\n\n\t\t<\/div>\n\t\t\t\t\t<\/div>\n\n\t\n\n<\/div>\n\n\t\t<\/div>\n\t<\/div>\n\t\n\t<div id=\"accordion-2110063441\" class=\"accordion-item\">\n\t\t<a id=\"accordion-2110063441-label\" class=\"accordion-title plain\" aria-expanded=\"false\" aria-controls=\"accordion-2110063441-content\">\n\t\t\t<button class=\"toggle\" aria-label=\"Toggle\"><i class=\"icon-angle-down\" aria-hidden=\"true\"><\/i><\/button>\n\t\t\t<span>Metadichol och C-vitamin: F\u00f6rh\u00f6jda niv\u00e5er<\/span>\n\t\t<\/a>\n\t\t<div id=\"accordion-2110063441-content\" class=\"accordion-inner\" aria-labelledby=\"accordion-2110063441-label\">\n\t\t\t\n\n<div class=\"row\"  id=\"row-1542424098\">\n\n\n\t<div id=\"col-600155578\" class=\"col small-12 large-12\"  >\n\t\t\t\t<div class=\"col-inner text-center\"  >\n\t\t\t\n\t\t\t\n\n\t<div id=\"text-676734708\" class=\"text\">\n\t\t\n\n<p style=\"margin: 0cm;\"><span lang=\"EN-US\" style=\"color: #0e101a;\">N\u00e4r Metadichol hj\u00e4lper kroppen att tillverka sitt eget C-vitamin kan du f\u00e5 mycket mer av det i kroppen. Detta \u00e4r bra f\u00f6r din h\u00e4lsa. C-vitamin \u00e4r n\u00f6dv\u00e4ndigt f\u00f6r m\u00e5nga viktiga processer. Det hj\u00e4lper till att h\u00e5lla bindv\u00e4ven regelbunden, hj\u00e4lper till att reparera s\u00e5r, hj\u00e4lper benen att h\u00e5lla sig friska och bidrar till att skapa viktiga saker som adrenalin och sk\u00f6ldk\u00f6rtelhormoner. Det hj\u00e4lper ocks\u00e5 till att bryta ner proteiner, bek\u00e4mpa infektioner, hj\u00e4lpa kroppen att anv\u00e4nda j\u00e4rn och mycket mer.    <\/p>\n\t\t\n<style>\n#text-676734708 {\n  font-size: 1rem;\n  text-align: left;\n}\n@media (min-width:550px) {\n  #text-676734708 {\n    font-size: 1rem;\n  }\n}\n<\/style>\n\t<\/div>\n\t\n\t<div id=\"gap-1552315794\" class=\"gap-element clearfix hide-for-small\" style=\"display:block; height:auto;\">\n\t\t\n<style>\n#gap-1552315794 {\n  padding-top: 30px;\n}\n<\/style>\n\t<\/div>\n\t\n\n\n\t\t<\/div>\n\t\t\t\t\t<\/div>\n\n\t\n\n<\/div>\n\n\t\t<\/div>\n\t<\/div>\n\t\n\t<div id=\"accordion-1611723507\" class=\"accordion-item\">\n\t\t<a id=\"accordion-1611723507-label\" class=\"accordion-title plain\" href=\"#accordion-item-\u00d6kning-av-metadikol-och-c-vitamin-i-en-\u00f6ppen-studie\" aria-expanded=\"false\" aria-controls=\"accordion-1611723507-content\">\n\t\t\t<button class=\"toggle\" aria-label=\"Toggle\"><i class=\"icon-angle-down\" aria-hidden=\"true\"><\/i><\/button>\n\t\t\t<span>\u00d6kning av metadikol och C-vitamin i en \u00f6ppen studie<\/span>\n\t\t<\/a>\n\t\t<div id=\"accordion-1611723507-content\" class=\"accordion-inner\" aria-labelledby=\"accordion-1611723507-label\">\n\t\t\t\n\n<div class=\"row\"  id=\"row-32339098\">\n\n\n\t<div id=\"col-1177189680\" class=\"col small-12 large-12\"  >\n\t\t\t\t<div class=\"col-inner text-center\"  >\n\t\t\t\n\t\t\t\n\n\t<div id=\"text-2949599533\" class=\"text\">\n\t\t\n\n<p style=\"margin: 0cm;\"><span lang=\"EN-US\" style=\"color: #0e101a;\">Raghavan PR (2017) Metadichol\u00ae och C-vitamin \u00f6kar in vivo, en \u00f6ppen studie. Vitam Miner 6: 163. doi: 10.4172\/2376- 1318.1000163  <\/p>\n<p>Nedan f\u00f6rklarar Dr Raghavan hur Metadichol kan f\u00e5 kroppen att producera sitt eget C-vitamin.<\/p>\n\t\t\n<style>\n#text-2949599533 {\n  font-size: 1rem;\n  text-align: left;\n}\n@media (min-width:550px) {\n  #text-2949599533 {\n    font-size: 1rem;\n  }\n}\n<\/style>\n\t<\/div>\n\t\n\t<div class=\"img has-hover x md-x lg-x y md-y lg-y\" id=\"image_352353403\">\n\t\t\t\t\t\t\t\t<div class=\"img-inner dark\" >\n\t\t\t<img loading=\"lazy\" decoding=\"async\" width=\"697\" height=\"376\" src=\"https:\/\/iwantmyhealthback.com\/wp-content\/uploads\/2024\/07\/vitamin-c.png\" class=\"attachment-large size-large\" alt=\"\" srcset=\"https:\/\/iwantmyhealthback.com\/wp-content\/uploads\/2024\/07\/vitamin-c.png 697w, https:\/\/iwantmyhealthback.com\/wp-content\/uploads\/2024\/07\/vitamin-c-300x162.png 300w, https:\/\/iwantmyhealthback.com\/wp-content\/uploads\/2024\/07\/vitamin-c-510x275.png 510w\" sizes=\"auto, (max-width: 697px) 100vw, 697px\" \/>\t\t\t\t\t\t\n\t\t\t\t\t<\/div>\n\t\t\t\t\t\t\t\t\n<style>\n#image_352353403 {\n  width: 100%;\n}\n<\/style>\n\t<\/div>\n\t\n\n\t<div id=\"text-2904775581\" class=\"text\">\n\t\t\n\n<p style=\"margin: 0cm;\"><span lang=\"EN-US\" style=\"color: #0e101a;\">Dessa diagram visar hur Metadichol kan h\u00f6ja C-vitaminniv\u00e5erna utan att man beh\u00f6ver extra vitaminer fr\u00e5n mat eller piller.<\/p>\n\t\t\n<style>\n#text-2904775581 {\n  font-size: 1rem;\n  text-align: center;\n}\n@media (min-width:550px) {\n  #text-2904775581 {\n    font-size: 1rem;\n  }\n}\n<\/style>\n\t<\/div>\n\t\n\t<div class=\"img has-hover x md-x lg-x y md-y lg-y\" id=\"image_1110983597\">\n\t\t\t\t\t\t\t\t<div class=\"img-inner dark\" >\n\t\t\t<img loading=\"lazy\" decoding=\"async\" width=\"830\" height=\"400\" src=\"https:\/\/iwantmyhealthback.com\/wp-content\/uploads\/2024\/07\/vitamins-graph.png\" class=\"attachment-large size-large\" alt=\"\" srcset=\"https:\/\/iwantmyhealthback.com\/wp-content\/uploads\/2024\/07\/vitamins-graph.png 830w, https:\/\/iwantmyhealthback.com\/wp-content\/uploads\/2024\/07\/vitamins-graph-300x145.png 300w, https:\/\/iwantmyhealthback.com\/wp-content\/uploads\/2024\/07\/vitamins-graph-510x246.png 510w, https:\/\/iwantmyhealthback.com\/wp-content\/uploads\/2024\/07\/vitamins-graph-768x370.png 768w\" sizes=\"auto, (max-width: 830px) 100vw, 830px\" \/>\t\t\t\t\t\t\n\t\t\t\t\t<\/div>\n\t\t\t\t\t\t\t\t\n<style>\n#image_1110983597 {\n  width: 100%;\n}\n<\/style>\n\t<\/div>\n\t\n\n\t<div id=\"gap-556721266\" class=\"gap-element clearfix hide-for-small\" style=\"display:block; height:auto;\">\n\t\t\n<style>\n#gap-556721266 {\n  padding-top: 30px;\n}\n<\/style>\n\t<\/div>\n\t\n\n\n\t\t<\/div>\n\t\t\t\t\t<\/div>\n\n\t\n\n<\/div>\n\n\t\t<\/div>\n\t<\/div>\n\t\n\t<div id=\"accordion-2146622751\" class=\"accordion-item\">\n\t\t<a id=\"accordion-2146622751-label\" class=\"accordion-title plain\" href=\"#accordion-item-metadikol-och-c-vitamin-fallstudier\" aria-expanded=\"false\" aria-controls=\"accordion-2146622751-content\">\n\t\t\t<button class=\"toggle\" aria-label=\"Toggle\"><i class=\"icon-angle-down\" aria-hidden=\"true\"><\/i><\/button>\n\t\t\t<span>Metadikol och C-vitamin Fallstudier<\/span>\n\t\t<\/a>\n\t\t<div id=\"accordion-2146622751-content\" class=\"accordion-inner\" aria-labelledby=\"accordion-2146622751-label\">\n\t\t\t\n\n<div class=\"row\"  id=\"row-134212982\">\n\n\n\t<div id=\"col-1774620873\" class=\"col small-12 large-12\"  >\n\t\t\t\t<div class=\"col-inner text-center\"  >\n\t\t\t\n\t\t\t\n\n\t<div id=\"text-3934048062\" class=\"text\">\n\t\t\n\n<p style=\"margin: 0cm;\"><span lang=\"EN-US\" style=\"color: #0e101a;\">Raghavan PR (2017) H\u00f6ga niv\u00e5er av C-vitamin orsakade av Metadichol\u00ae: Fallstudier. Vitam Miner 6: 169. doi: 10.4172\/2376- 1318.1000169  <\/p>\n\t\t\n<style>\n#text-3934048062 {\n  font-size: 1rem;\n  text-align: left;\n}\n@media (min-width:550px) {\n  #text-3934048062 {\n    font-size: 1rem;\n  }\n}\n<\/style>\n\t<\/div>\n\t\n\t<div class=\"img has-hover x md-x lg-x y md-y lg-y\" id=\"image_2073984410\">\n\t\t\t\t\t\t\t\t<div class=\"img-inner dark\" >\n\t\t\t<img loading=\"lazy\" decoding=\"async\" width=\"981\" height=\"423\" src=\"https:\/\/iwantmyhealthback.com\/wp-content\/uploads\/2024\/07\/vitaminc-graph2.png\" class=\"attachment-large size-large\" alt=\"\" srcset=\"https:\/\/iwantmyhealthback.com\/wp-content\/uploads\/2024\/07\/vitaminc-graph2.png 981w, https:\/\/iwantmyhealthback.com\/wp-content\/uploads\/2024\/07\/vitaminc-graph2-300x129.png 300w, https:\/\/iwantmyhealthback.com\/wp-content\/uploads\/2024\/07\/vitaminc-graph2-510x220.png 510w, https:\/\/iwantmyhealthback.com\/wp-content\/uploads\/2024\/07\/vitaminc-graph2-768x331.png 768w\" sizes=\"auto, (max-width: 981px) 100vw, 981px\" \/>\t\t\t\t\t\t\n\t\t\t\t\t<\/div>\n\t\t\t\t\t\t\t\t\n<style>\n#image_2073984410 {\n  width: 100%;\n}\n<\/style>\n\t<\/div>\n\t\n\n\t<div id=\"text-48331165\" class=\"text\">\n\t\t\n\n<p>&#8220;En substans som st\u00f6r den normala systemfunktionen \u00e4r ett l\u00e4kemedel. En substans som \u00e5terst\u00e4ller normal systemfunktion \u00e4r ett n\u00e4rings\u00e4mne&#8221; &#8211; Dr. PR Raghavan, utvecklare av Metadichol<\/p>\n\t\t\n<style>\n#text-48331165 {\n  font-size: 1rem;\n  text-align: center;\n}\n@media (min-width:550px) {\n  #text-48331165 {\n    font-size: 1.5rem;\n  }\n}\n<\/style>\n\t<\/div>\n\t\n\t<div id=\"text-534661789\" class=\"text\">\n\t\t\n\n<p style=\"margin: 0cm;\"><span lang=\"EN-US\" style=\"color: #0e101a;\">MagicDichol-produktfamiljen botar, behandlar eller l\u00e4ker inte n\u00e5gonting. Snarare stimulerar dessa produkter kroppens naturliga l\u00e4kningsmekanismer, som \u00e4r mycket mer omfattande \u00e4n de flesta av oss uppskattar. <\/p>\n\t\t\n<style>\n#text-534661789 {\n  font-size: 1rem;\n  text-align: center;\n}\n@media (min-width:550px) {\n  #text-534661789 {\n    font-size: 1rem;\n  }\n}\n<\/style>\n\t<\/div>\n\t\n\t<div id=\"gap-230619853\" class=\"gap-element clearfix hide-for-small\" style=\"display:block; height:auto;\">\n\t\t\n<style>\n#gap-230619853 {\n  padding-top: 30px;\n}\n<\/style>\n\t<\/div>\n\t\n\n\n\t\t<\/div>\n\t\t\t\t\t<\/div>\n\n\t\n\n<\/div>\n\n\t\t<\/div>\n\t<\/div>\n\t\n\n<\/div>\n\n\t\t<\/div>\n\t\t\t\t\t<\/div>\n\n\t\n\n<\/div>\n<div class=\"row\"  id=\"row-1791392734\">\n\n\n\t<div id=\"col-1189028338\" class=\"col hide-for-small medium-4 small-12 large-4\"  >\n\t\t\t\t<div class=\"col-inner\"  >\n\t\t\t\n\t\t\t\n\n\n\t\t<\/div>\n\t\t\t\t\t<\/div>\n\n\t\n\n\t<div id=\"col-632364297\" class=\"col medium-4 small-12 large-4\"  >\n\t\t\t\t<div class=\"col-inner text-center\"  >\n\t\t\t\n\t\t\t\n\n<a href=\"https:\/\/iwantmyhealthback.com\/sv\/handla-nu\/\" target=\"_blank\" class=\"button primary is-large\" rel=\"noopener\" >\n\t\t<span>F\u00f6r att handla, klicka h\u00e4r<\/span>\n\t<\/a>\n\n\n\n\t\t<\/div>\n\t\t\t\t\t<\/div>\n\n\t\n\n\t<div id=\"col-42569481\" class=\"col hide-for-small medium-4 small-12 large-4\"  >\n\t\t\t\t<div class=\"col-inner\"  >\n\t\t\t\n\t\t\t\n\n\n\t\t<\/div>\n\t\t\t\t\t<\/div>\n\n\t\n\n<\/div>\n\n\t\t<\/div>\n\n\t\t\n<style>\n#section_23156229 {\n  padding-top: 30px;\n  padding-bottom: 30px;\n}\n<\/style>\n\t<\/section>\n\t\n\n","protected":false},"excerpt":{"rendered":"","protected":false},"author":2,"featured_media":0,"parent":0,"menu_order":0,"comment_status":"closed","ping_status":"closed","template":"page-blank.php","meta":{"bwfblock_default_font":"","_uag_custom_page_level_css":"","footnotes":""},"class_list":["post-4579","page","type-page","status-publish","hentry"],"uagb_featured_image_src":{"full":false,"thumbnail":false,"medium":false,"medium_large":false,"large":false,"1536x1536":false,"2048x2048":false,"woocommerce_thumbnail":false,"woocommerce_single":false,"woocommerce_gallery_thumbnail":false},"uagb_author_info":{"display_name":"IWantMyHealthBack","author_link":"https:\/\/iwantmyhealthback.com\/sv\/author\/anthonette\/"},"uagb_comment_info":0,"uagb_excerpt":null,"_links":{"self":[{"href":"https:\/\/iwantmyhealthback.com\/sv\/wp-json\/wp\/v2\/pages\/4579","targetHints":{"allow":["GET"]}}],"collection":[{"href":"https:\/\/iwantmyhealthback.com\/sv\/wp-json\/wp\/v2\/pages"}],"about":[{"href":"https:\/\/iwantmyhealthback.com\/sv\/wp-json\/wp\/v2\/types\/page"}],"author":[{"embeddable":true,"href":"https:\/\/iwantmyhealthback.com\/sv\/wp-json\/wp\/v2\/users\/2"}],"replies":[{"embeddable":true,"href":"https:\/\/iwantmyhealthback.com\/sv\/wp-json\/wp\/v2\/comments?post=4579"}],"version-history":[{"count":0,"href":"https:\/\/iwantmyhealthback.com\/sv\/wp-json\/wp\/v2\/pages\/4579\/revisions"}],"wp:attachment":[{"href":"https:\/\/iwantmyhealthback.com\/sv\/wp-json\/wp\/v2\/media?parent=4579"}],"curies":[{"name":"wp","href":"https:\/\/api.w.org\/{rel}","templated":true}]}}