{"id":4553,"date":"2024-07-15T07:02:56","date_gmt":"2024-07-15T11:02:56","guid":{"rendered":"https:\/\/iwantmyhealthback.com\/om\/"},"modified":"2025-06-06T22:19:42","modified_gmt":"2025-06-07T02:19:42","slug":"om","status":"publish","type":"page","link":"https:\/\/iwantmyhealthback.com\/sv\/om\/","title":{"rendered":"Om"},"content":{"rendered":"\n\n\t<section class=\"section\" id=\"section_1203636109\">\n\t\t<div class=\"section-bg fill\" >\n\t\t\t\t\t\t\t\t\t\n\t\t\t\n\n\t\t<\/div>\n\n\t\t\n\n\t\t<div class=\"section-content relative\">\n\t\t\t\n\n\t<div id=\"gap-1284492874\" class=\"gap-element clearfix\" style=\"display:block; height:auto;\">\n\t\t\n<style>\n#gap-1284492874 {\n  padding-top: 30px;\n}\n<\/style>\n\t<\/div>\n\t\n\n<div class=\"row align-middle align-center\"  id=\"row-187637694\">\n\n\n\t<div id=\"col-1248758340\" class=\"col medium-12 small-12 large-7\"  >\n\t\t\t\t<div class=\"col-inner\"  >\n\t\t\t\n\t\t\t\n\n\t<div id=\"text-2589678012\" class=\"text\">\n\t\t\n\n<h2>Jag vill ha tillbaka min h\u00e4lsa! G\u00f6r du det? <\/h2>\n\t\t\n<style>\n#text-2589678012 {\n  font-size: 1.3rem;\n}\n<\/style>\n\t<\/div>\n\t\n<p>V\u00e4lkommen till h\u00e4lsorevolutionen med MagicDichol\u00ae. Vi vill erbjuda enkla och kraftfulla s\u00e4tt f\u00f6r dig att ta tillbaka din h\u00e4lsa. Den viktigaste ingrediensen bakom alla v\u00e5ra produkter \u00e4r Metadichol\u00ae &#8211; en nanoemulsion av policosanol som \u00e4r <a href=\"http:\/\/iwantmyhealthback.com\/worldwide-patents\/\" target=\"_blank\" rel=\"noopener\">patenterad \u00f6ver hela v\u00e4rlden<\/a> f\u00f6r sin unika och djupg\u00e5ende koppling till v\u00e5ra kroppar.  <\/p>\n<p>N\u00e4r du v\u00e4ljer v\u00e5ra produkter f\u00e5r du inte bara n\u00e5got bra. Du ansluter dig till en r\u00f6relse som l\u00e4gger din h\u00e4lsa tillbaka i dina h\u00e4nder. <\/p>\n<div class=\"row\"  id=\"row-1539482396\">\n\n\n\t<div id=\"col-1193256310\" class=\"col hide-for-medium small-12 large-12\"  >\n\t\t\t\t<div class=\"col-inner text-left\"  >\n\t\t\t\n\t\t\t\n\n<a href=\"https:\/\/iwantmyhealthback.com\/sv\/fordelar\/\" class=\"button primary is-large\" style=\"border-radius:5px;\">\n\t\t<span>L\u00e4s mer om detta<\/span>\n\t<\/a>\n\n\n<a href=\"https:\/\/iwantmyhealthback.com\/sv\/handla-nu\/\" class=\"button primary is-outline is-large\" >\n\t\t<span>SHOP NU<\/span>\n\t<\/a>\n\n\n\n\t\t<\/div>\n\t\t\t\t\t<\/div>\n\n\t\n\n\t<div id=\"col-581105280\" class=\"col show-for-small small-12 large-12\"  >\n\t\t\t\t<div class=\"col-inner text-center\"  >\n\t\t\t\n\t\t\t\n\n<a href=\"https:\/\/iwantmyhealthback.com\/sv\/fordelar\/\" class=\"button primary is-larger\" style=\"border-radius:5px;\">\n\t\t<span>L\u00e4s mer om detta<\/span>\n\t<\/a>\n\n\n\n\t\t<\/div>\n\t\t\t\t\t<\/div>\n\n\t\n\n<\/div>\n\n\t\t<\/div>\n\t\t\t\t\n<style>\n#col-1248758340 > .col-inner {\n  padding: 0px 0 0px 0px;\n}\n@media (min-width:550px) {\n  #col-1248758340 > .col-inner {\n    padding: 0px 10% 0px 0px;\n  }\n}\n@media (min-width:850px) {\n  #col-1248758340 > .col-inner {\n    padding: 0px 20px 0px 0px;\n  }\n}\n<\/style>\n\t<\/div>\n\n\t\n\n\t<div id=\"col-2095532564\" class=\"col medium-12 small-12 large-5\"  >\n\t\t\t\t<div class=\"col-inner\"  >\n\t\t\t\n\t\t\t\n\n<div class=\"row\"  id=\"row-64361843\">\n\n\n\t<div id=\"col-240703367\" class=\"col medium-12 small-12 large-12\"  >\n\t\t\t\t<div class=\"col-inner text-center\"  >\n\t\t\t\n\t\t\t\n\n\n  <div class=\"banner has-hover\" id=\"banner-369800536\">\n          <div class=\"banner-inner fill\">\n        <div class=\"banner-bg fill\" >\n            <img loading=\"lazy\" decoding=\"async\" width=\"1020\" height=\"388\" src=\"https:\/\/iwantmyhealthback.com\/wp-content\/uploads\/2024\/07\/sugarcane-mobile-1024x390-1.png\" class=\"bg attachment-large size-large\" alt=\"\" \/>                                    \n                    <\/div>\n\t\t\n        <div class=\"banner-layers container\">\n            <div class=\"fill banner-link\"><\/div>            \n\n   <div id=\"text-box-1403633822\" class=\"text-box banner-layer x50 md-x50 lg-x50 y50 md-y50 lg-y50 res-text\">\n                                <div class=\"text-box-content text dark\">\n              \n              <div class=\"text-inner text-center\">\n                  \n\n\n              <\/div>\n           <\/div>\n                            \n<style>\n#text-box-1403633822 {\n  width: 60%;\n}\n#text-box-1403633822 .text-box-content {\n  font-size: 100%;\n}\n@media (min-width:550px) {\n  #text-box-1403633822 {\n    width: 60%;\n  }\n}\n<\/style>\n    <\/div>\n \n\n        <\/div>\n      <\/div>\n\n            \n<style>\n#banner-369800536 {\n  padding-top: 99.99%;\n  background-color: rgba(0, 0, 0, 0);\n}\n@media (min-width:550px) {\n  #banner-369800536 {\n    padding-top: 150%;\n  }\n}\n@media (min-width:850px) {\n  #banner-369800536 {\n    padding-top: 80%;\n  }\n}\n<\/style>\n  <\/div>\n\n\n\n\t\t<\/div>\n\t\t\t\t\t<\/div>\n\n\t\n\n<\/div>\n\n\t\t<\/div>\n\t\t\t\t\t<\/div>\n\n\t\n\n<\/div>\n\n\t\t<\/div>\n\n\t\t\n<style>\n#section_1203636109 {\n  padding-top: 30px;\n  padding-bottom: 30px;\n}\n<\/style>\n\t<\/section>\n\t\n\n\t<section class=\"section dark\" id=\"section_1825727623\">\n\t\t<div class=\"section-bg fill\" >\n\t\t\t<img loading=\"lazy\" decoding=\"async\" width=\"1024\" height=\"442\" src=\"https:\/\/iwantmyhealthback.com\/wp-content\/uploads\/2024\/07\/magic-dichol-4-1024x442-1.png\" class=\"bg attachment- size-\" alt=\"\" \/>\t\t\t\t\t\t<div class=\"section-bg-overlay absolute fill\"><\/div>\n\t\t\t\n\n\t\t<\/div>\n\n\t\t\n\n\t\t<div class=\"section-content relative\">\n\t\t\t\n\n\t<div id=\"gap-734184327\" class=\"gap-element clearfix\" style=\"display:block; height:auto;\">\n\t\t\n<style>\n#gap-734184327 {\n  padding-top: 30px;\n}\n<\/style>\n\t<\/div>\n\t\n\n<div class=\"row align-center\"  id=\"row-1390998357\">\n\n\n\t<div id=\"col-1941867939\" class=\"col medium-7 small-12 large-5\"  >\n\t\t\t\t<div class=\"col-inner text-center\"  >\n\t\t\t\n\t\t\t\n\n\t<div id=\"text-268649473\" class=\"text\">\n\t\t\n\n<h1>Historia<\/h1>\n\t\t\n<style>\n#text-268649473 {\n  font-size: 1.75rem;\n}\n<\/style>\n\t<\/div>\n\t\n\n\t\t<\/div>\n\t\t\t\t\t<\/div>\n\n\t\n\n<\/div>\n\n\t\t<\/div>\n\n\t\t\n<style>\n#section_1825727623 {\n  padding-top: 30px;\n  padding-bottom: 30px;\n  min-height: 290px;\n}\n#section_1825727623 .section-bg-overlay {\n  background-color: rgba(0, 0, 0, 0.16);\n}\n#section_1825727623 .section-bg img {\n  object-position: 59% 38%;\n}\n@media (min-width:550px) {\n  #section_1825727623 {\n    min-height: 350px;\n  }\n}\n<\/style>\n\t<\/section>\n\t\n\n\t<section class=\"section\" id=\"section_863034829\">\n\t\t<div class=\"section-bg fill\" >\n\t\t\t\t\t\t\t\t\t\n\t\t\t\n\n\t\t<\/div>\n\n\t\t\n\n\t\t<div class=\"section-content relative\">\n\t\t\t\n\n\t<div id=\"gap-1579307195\" class=\"gap-element clearfix\" style=\"display:block; height:auto;\">\n\t\t\n<style>\n#gap-1579307195 {\n  padding-top: 30px;\n}\n<\/style>\n\t<\/div>\n\t\n\n<div class=\"row row-large\"  id=\"row-1298215785\">\n\n\n\t<div id=\"col-1058955539\" class=\"col small-12 large-12\"  >\n\t\t\t\t<div class=\"col-inner\"  >\n\t\t\t\n\t\t\t\n\n<p style=\"font-size: 150%;\"><strong>MagicDichol\u00ae-produkterna: Tillverkade av en expert<\/strong><\/p>\n<p>Dr. PR Raghavan (Raghu) \u00e4r geniet bakom Metadichol\u00ae &#8211; nyckeln till MagicDichol-produkterna. Raghu har \u00f6ver 20 \u00e5rs erfarenhet av forskning och har arbetat med m\u00e5nga institutioner, inklusive stora namn som Columbia University. Efter att ha forskat om l\u00e4kemedel s\u00e5 l\u00e4nge letade Raghu efter ett mer naturligt tillv\u00e4gag\u00e5ngss\u00e4tt. Hans m\u00e5l var att g\u00e5 till roten med m\u00e4nniskors h\u00e4lsoproblem.   <\/p>\n<p>Efter att ha arbetat med denna dr\u00f6m i mer \u00e4n tio \u00e5r tillverkade Raghu Metadichol 2008. Det \u00e4r tillverkat av mycket sm\u00e5 partiklar av policosanol som finns i livsmedel som ris och sockerr\u00f6r. Dessa sm\u00e5 partiklar, som kallas nanopartiklar, \u00e4r till och med mindre \u00e4n virus. De fungerar bra i kroppen f\u00f6r att skapa och bibeh\u00e5lla god h\u00e4lsa.*   <\/p>\n<p>Fr\u00e5n 2008 till 2019 testade Raghu Metadichol p\u00e5 olika h\u00e4lsoproblem och publicerade sina <strong><a href=\"https:\/\/iwantmyhealthback.com\/sv\/publikationer-om-metadichol\/\">artiklar<\/a><\/strong>. Hans arbete var s\u00e5 unikt att det gav honom<strong> <a href=\"https:\/\/iwantmyhealthback.com\/sv\/varldsomspannande-patent\/\">37 patent \u00f6ver hela v\u00e4rlden<\/a><\/strong>inklusive <strong><a href=\"https:\/\/iwantmyhealthback.com\/sv\/metadichol-u-s-patent\/\">tre i USA<\/a><\/strong>. <\/p>\n<p>Metadichol finns i alla tre MagicDichol-produkterna: NANO SOMA\u00ae Liquid, NANO SOMA\u00ae Topical Gel och NANO SOMA\u00ae Skin Cream.<\/p>\n<p>Mer \u00e4n 100.000 personer har provat NANO SOMA. Vissa b\u00f6rjade med stora h\u00e4lsoproblem, medan andra bara ville k\u00e4nna sig \u00e4nnu friskare. M\u00e5nga av dem har ber\u00e4ttat fantastiska historier om hur NANO SOMA-produkterna har hj\u00e4lpt dem, vilket du kan l\u00e4sa om <strong><a href=\"https:\/\/iwantmyhealthback.com\/sv\/vittnesmal\/\" data-wplink-edit=\"true\">h\u00e4r<\/a><\/strong>.  <\/p>\n\n\n\t\t<\/div>\n\t\t\t\t\t<\/div>\n\n\t\n\n<\/div>\n\n\t\t<\/div>\n\n\t\t\n<style>\n#section_863034829 {\n  padding-top: 20px;\n  padding-bottom: 20px;\n}\n@media (min-width:550px) {\n  #section_863034829 {\n    padding-top: 30px;\n    padding-bottom: 30px;\n  }\n}\n<\/style>\n\t<\/section>\n\t\n\n\t<section class=\"section\" id=\"section_64569386\">\n\t\t<div class=\"section-bg fill\" >\n\t\t\t\t\t\t\t\t\t\n\t\t\t\n\n\t\t<\/div>\n\n\t\t\n\n\t\t<div class=\"section-content relative\">\n\t\t\t\n\n<div class=\"row\"  id=\"row-817623641\">\n\n\n\t<div id=\"col-992949141\" class=\"col small-12 large-12\"  >\n\t\t\t\t<div class=\"col-inner\"  >\n\t\t\t\n\t<div class=\"is-border\"\n\t\tstyle=\"border-color:#767676;border-width:2px 2px 2px 2px;\">\n\t<\/div>\n\t\t\t\n\n\t<div id=\"text-2276198919\" class=\"text\">\n\t\t\n\n<p><strong>*Dessa uttalanden har inte utv\u00e4rderats av US Food and Drug Administration. Denna produkt \u00e4r inte avsedd att diagnostisera eller ordinera f\u00f6r n\u00e5got medicinskt tillst\u00e5nd, inte heller f\u00f6r att f\u00f6rebygga, behandla, lindra eller bota s\u00e5dana tillst\u00e5nd. Om du har n\u00e5gon sjukdom eller n\u00e5got medicinskt tillst\u00e5nd ska du r\u00e5dfr\u00e5ga din v\u00e5rdgivare.  <\/strong><\/p>\n\t\t\n<style>\n#text-2276198919 {\n  font-size: 0.9rem;\n  text-align: left;\n}\n<\/style>\n\t<\/div>\n\t\n\n\t\t<\/div>\n\t\t\t\t\n<style>\n#col-992949141 > .col-inner {\n  padding: 10px 20px 5px 20px;\n}\n<\/style>\n\t<\/div>\n\n\t\n\n<\/div>\n\n\t\t<\/div>\n\n\t\t\n<style>\n#section_64569386 {\n  padding-top: 0px;\n  padding-bottom: 0px;\n}\n@media (min-width:550px) {\n  #section_64569386 {\n    padding-top: 30px;\n    padding-bottom: 30px;\n  }\n}\n<\/style>\n\t<\/section>\n\t\n\n","protected":false},"excerpt":{"rendered":"","protected":false},"author":2,"featured_media":0,"parent":0,"menu_order":0,"comment_status":"closed","ping_status":"closed","template":"page-blank.php","meta":{"bwfblock_default_font":"","_uag_custom_page_level_css":"","footnotes":""},"class_list":["post-4553","page","type-page","status-publish","hentry"],"uagb_featured_image_src":{"full":false,"thumbnail":false,"medium":false,"medium_large":false,"large":false,"1536x1536":false,"2048x2048":false,"woocommerce_thumbnail":false,"woocommerce_single":false,"woocommerce_gallery_thumbnail":false},"uagb_author_info":{"display_name":"IWantMyHealthBack","author_link":"https:\/\/iwantmyhealthback.com\/sv\/author\/anthonette\/"},"uagb_comment_info":0,"uagb_excerpt":null,"_links":{"self":[{"href":"https:\/\/iwantmyhealthback.com\/sv\/wp-json\/wp\/v2\/pages\/4553","targetHints":{"allow":["GET"]}}],"collection":[{"href":"https:\/\/iwantmyhealthback.com\/sv\/wp-json\/wp\/v2\/pages"}],"about":[{"href":"https:\/\/iwantmyhealthback.com\/sv\/wp-json\/wp\/v2\/types\/page"}],"author":[{"embeddable":true,"href":"https:\/\/iwantmyhealthback.com\/sv\/wp-json\/wp\/v2\/users\/2"}],"replies":[{"embeddable":true,"href":"https:\/\/iwantmyhealthback.com\/sv\/wp-json\/wp\/v2\/comments?post=4553"}],"version-history":[{"count":0,"href":"https:\/\/iwantmyhealthback.com\/sv\/wp-json\/wp\/v2\/pages\/4553\/revisions"}],"wp:attachment":[{"href":"https:\/\/iwantmyhealthback.com\/sv\/wp-json\/wp\/v2\/media?parent=4553"}],"curies":[{"name":"wp","href":"https:\/\/api.w.org\/{rel}","templated":true}]}}