{"id":4346,"date":"2024-07-07T04:28:05","date_gmt":"2024-07-07T08:28:05","guid":{"rendered":"https:\/\/iwantmyhealthback.com\/publikationer-om-metadichol-tillgangliga-pa-oberoende-webbplatser\/"},"modified":"2025-09-25T07:50:35","modified_gmt":"2025-09-25T11:50:35","slug":"publikationer-om-metadichol-tillgangliga-pa-oberoende-webbplatser","status":"publish","type":"page","link":"https:\/\/iwantmyhealthback.com\/sv\/publikationer-om-metadichol-tillgangliga-pa-oberoende-webbplatser\/","title":{"rendered":"Publikationer om Metadichol\u00ae tillg\u00e4ngliga p\u00e5 oberoende webbplatser"},"content":{"rendered":"\n\n\t<section class=\"section has-scroll-for-more\" id=\"section_448712023\">\n\t\t<div class=\"section-bg fill\" >\n\t\t\t\t\t\t\t\t\t<button class=\"scroll-for-more z-5 icon absolute bottom h-center\" aria-label=\"Scroll for more\"><i class=\"icon-angle-down\" aria-hidden=\"true\" style=\"font-size:42px;\"><\/i><\/button>\n\t\t\t\n\t<div class=\"is-border\"\n\t\tstyle=\"border-width:0px 0px 0px 0px;\">\n\t<\/div>\n\n\t\t<\/div>\n\n\t\t\n\n\t\t<div class=\"section-content relative\">\n\t\t\t\n\n<div class=\"row align-center\"  id=\"row-1010361122\">\n\n\n\t<div id=\"col-1179853353\" class=\"col medium-8 small-10 large-10\"  >\n\t\t\t\t<div class=\"col-inner text-center\"  >\n\t\t\t\n\t\t\t\n\n<h3>Vetenskap<\/h3>\n<h2 style=\"font-size:250%;\">Publikationer om Metadichol\u00ae tillg\u00e4ngliga p\u00e5 oberoende webbplatser<\/h2>\n\n\t\t<\/div>\n\t\t\t\t\n<style>\n#col-1179853353 > .col-inner {\n  padding: 40px 0px 0px 0px;\n}\n<\/style>\n\t<\/div>\n\n\t\n\n<\/div>\n\n\t\t<\/div>\n\n\t\t\n<style>\n#section_448712023 {\n  padding-top: 30px;\n  padding-bottom: 30px;\n}\n<\/style>\n\t<\/section>\n\t\n\n\t<section class=\"section\" id=\"section_1691430740\">\n\t\t<div class=\"section-bg fill\" >\n\t\t\t\t\t\t\t\t\t\n\t\t\t\n\n\t\t<\/div>\n\n\t\t\n\n\t\t<div class=\"section-content relative\">\n\t\t\t\n\n<div class=\"row\"  id=\"row-1921350944\">\n\n\n\t<div id=\"col-1889329597\" class=\"col small-12 large-12\"  >\n\t\t\t\t<div class=\"col-inner\"  >\n\t\t\t\n\t\t\t\n\n<ol>\n<li>Journal of the Science of Healing Outcomes<br><a href=\"https:\/\/www.researchgate.net\/publication\/299405983_Inhibition_of_Dengue_and_other_enveloped_viruses_by_MetadicholR_a_novel_Nano_emulsion_Lipid\" target=\"_blank\" rel=\"noopener\">H\u00e4mning av Dengue och andra virus med Metadichol\u00ae, en ny nanoemulsionsv\u00e4tska<\/a><\/li>\n<li>International Journal of Diabetes Complications<br><a href=\"https:\/\/www.researchgate.net\/publication\/316667038_Metadichol_R_A_Novel_Nano_Lipid_GPR_120_Agonist_International_Journal_of_Diabetes_its_Complications\" target=\"_blank\" rel=\"noopener\">Metadichol\u00ae, en ny nanolipid; GPR 120-agonist<\/a><\/li>\n<li>Journal of Stem Cell Research and Therapy<br><a href=\"https:\/\/www.researchgate.net\/publication\/331801306_The_Quest_for_Immortality_Introducing_MetadicholR_a_Novel_Telomerase_Activator\" target=\"_blank\" rel=\"noopener\">S\u00f6kandet efter od\u00f6dlighet: Introduktion av Metadichol\u00ae, en ny telomerasaktiverare<\/a><\/li>\n<li>Journal of Aging Science<br><a href=\"https:\/\/www.researchgate.net\/publication\/315066467_Improving_Longevity_with_Metadichol_R_by_Inhibiting_the_BCAT1_Gene\" target=\"_blank\" rel=\"noopener\">F\u00f6rb\u00e4ttrad livsl\u00e4ngd med Metadichol\u00ae genom h\u00e4mning av BCAT1-genen<\/a><\/li>\n<li>Journal of Cancer Science and Therapy<br><a href=\"https:\/\/www.researchgate.net\/publication\/320575110_Metadichol_R_A_Novel_Inverse_Agonist_of_Aryl_Hydrocarbon_Receptor_AHR_and_NRF2_Inhibitor\" target=\"_blank\" rel=\"noopener\">Metadichol\u00ae: En ny omv\u00e4nd agonist f\u00f6r arylkolv\u00e4tereceptorn (AHR) och NRF2-h\u00e4mmare<\/a><\/li>\n<li>Pediatriska infektionssjukdomar<br><a href=\"https:\/\/pediatric-infectious-disease.imedpub.com\/inhibition-of-viruses-by-metadichol-a-novel-nano-emulsion-lipid.pdf\" target=\"_blank\" rel=\"noopener\">H\u00e4mning av virus genom Metadichol\u00ae: En ny nanoemulsionsv\u00e4tska<\/a><\/li>\n<li>Journal of Clinical and Experimental Dermatology Research<br><a href=\"https:\/\/www.researchgate.net\/publication\/323858054_MetadicholR_and_Healthy_Skin_One_Approach_many_Possible_Cures\" target=\"_blank\" rel=\"noopener\">Metadichol\u00ae och frisk hud<\/a><\/li>\n<li>Internationell konferens: Vetenskapliga milstolpar i f\u00f6rst\u00e5elsen och f\u00f6rebyggandet av influensa<br><a href=\"https:\/\/www.researchgate.net\/publication\/311858466_Metadichol_a_novel_ICAM-1_inhibitor\" target=\"_blank\" rel=\"noopener\">Metadichol\u00ae: En ny ICAM-1-h\u00e4mmare<\/a><\/li>\n<li>Vitaminer och mineral\u00e4mnen<br><a href=\"https:\/\/www.researchgate.net\/publication\/318503533_MetadicholR_and_Vitamin_C_Increase_In_Vivo_an_Open-Label_Study\" target=\"_blank\" rel=\"noopener\">Metadichol\u00ae och C-vitamin \u00f6kar in vivo, en \u00f6ppen studie<\/a><\/li>\n<li>Journal of Immunological Techniques in Infectious Diseases<br><a href=\"https:\/\/www.researchgate.net\/publication\/310297987_In_vitro_Inhibition_of_Zika_Virus_by_MetadicholR_A_Novel_Nano_Emulsion_Lipid\" target=\"_blank\" rel=\"noopener\">In vitro-h\u00e4mning av zikavirus med Metadichol\u00ae: En ny nanoemulsionsv\u00e4tska<\/a><\/li>\n<li>Journal of Infectious Diseases and Therapy<br><a href=\"https:\/\/www.researchgate.net\/publication\/316490972_Metadichol_R_and_MRSA_Infections_A_Case_Report\" target=\"_blank\" rel=\"noopener\">Metadichol\u00ae och MRSA-infektioner: En fallrapport<\/a><\/li>\n<li>Journal of Cardiology &amp; Cardiovascular Therapy<br><a href=\"https:\/\/www.researchgate.net\/publication\/319105325_Systolic_and_Diastolic_BP_Control_in_Metabolic_Syndrome_Patients_with_MetadicholR_a_Novel_Nano_Emulsion_Lipid\" target=\"_blank\" rel=\"noopener\">Systoliskt och diastoliskt blodtryck vid metabola syndromet: Metadichol\u00ae, en ny flytande nanoemulsion<\/a><\/li>\n<li>Biologi och medicin<br><a href=\"https:\/\/www.researchgate.net\/publication\/322274937_MetadicholR_Vitamin_C_and_GULO_Gene_Expression_in_Mouse_Adipocytes\" target=\"_blank\" rel=\"noopener\">Metadichol\u00ae, C-vitamin och GULO Genexpression i musens adipocyter<\/a><\/li>\n<li>Journal of Cytokine Biology<br><a href=\"https:\/\/www.researchgate.net\/publication\/330566281_A_Multi_Gene_Targeting_Approach_to_Treating_Liver_Diseases_with_MetadicholR\" target=\"_blank\" rel=\"noopener\">Behandling av leversjukdom med Metadichol\u00ae som riktar in sig p\u00e5 flera gener<\/a><\/li>\n<li>Biologi och medicin<br><a href=\"https:\/\/www.researchgate.net\/publication\/332210859_Metadichol_A_Novel_Inverse_Agonist_of_Thyroid_Receptor_and_its_Applications_in_Thyroid_Diseases\" target=\"_blank\" rel=\"noopener\">Metadichol\u00ae, en ny invers agonist f\u00f6r sk\u00f6ldk\u00f6rtelreceptorn och dess till\u00e4mpningar vid sk\u00f6ldk\u00f6rtelsjukdomar<\/a><\/li>\n<li>Journal of Stem Cell Research and Therapy<br><a href=\"https:\/\/www.researchgate.net\/publication\/330321249_MetadicholR_and_CD33_Expression_in_Umbilical_Cord_Cells\" target=\"_blank\" rel=\"noopener\">Metadichol\u00ae och CD34-uttryck i navelstr\u00e4ngsceller<\/a><\/li>\n<li>Journal of Cancer Science and Therapy<br><a href=\"https:\/\/www.researchgate.net\/publication\/328913716_Metadichol_R_a_Novel_Agonist_of_the_Anti-aging_Klotho_Gene_in_Cancer_Cell_Lines\" target=\"_blank\" rel=\"noopener\">Metadichol\u00ae: En ny agonist f\u00f6r den anti-\u00e5ldrande Klotho-genen i cancercellinjer<\/a><\/li>\n<li>Journal of Stem Cell Research and Therapy<br><a href=\"https:\/\/www.researchgate.net\/publication\/330321249_MetadicholR_and_CD33_Expression_in_Umbilical_Cord_Cells\" target=\"_blank\" rel=\"noopener\">Metadichol\u00ae, CD33-uttryck i navelstr\u00e4ngsceller<\/a><\/li>\n<li>Journal of Clinical and ExperimentalDermatology Research<br><a href=\"https:\/\/www.researchgate.net\/publication\/321254529_Metadichol_A_Novel_ROR_Gamma_Inverse_Agonist_and_Its_Applications_in_Psoriasis\" target=\"_blank\" rel=\"noopener\">Metadichol\u00ae: En ny ROR Gamma Inverse Agonist och dess till\u00e4mpningar inom psoriasis<\/a><\/li>\n<li>Journal of Arthritis<br><a href=\"https:\/\/www.researchgate.net\/publication\/316906011_Rheumatoid_Arthritis_and_Osteoporosis_A_Case_Study\" target=\"_blank\" rel=\"noopener\">Reumatoid artrit och osteoporos: En fallstudie<\/a><\/li>\n<li>Journal of Stem Cell Research and Therapy<br><a href=\"https:\/\/www.researchgate.net\/publication\/318341368_MetadicholR_and_Red_Cell_Distribution_Width_RDW_in_CKD_patients\" target=\"_blank\" rel=\"noopener\">Metadichol\u00ae och r\u00f6da cellers distributionsbredd (RDW) hos CKD-patienter<\/a><\/li>\n<li>Vitaminer och mineral\u00e4mnen<br><a href=\"https:\/\/www.researchgate.net\/publication\/319904105_Metadichol_R_Induced_High_Levels_of_Vitamin_C_Case_Studies\" target=\"_blank\" rel=\"noopener\">Metadichol\u00ae framkallade h\u00f6ga niv\u00e5er av C-vitamin Fallstudier<\/a><\/li>\n<li>Journal of Diabetes &amp; Metabolism<br><a href=\"https:\/\/www.researchgate.net\/publication\/315926901_Metadichol_a_novel_nano_lipid_emulsion_for_the_treatment_of_diabetes\" target=\"_blank\" rel=\"noopener\">Metadichol\u00ae, en ny nanolipidemulsion f\u00f6r behandling av diabetes<\/a><\/li>\n<li>Journal of Stem Cell Research &amp; Therapy<br><a href=\"https:\/\/www.researchgate.net\/publication\/333429169_Metadichol_R_a_Novel_Sialidase_Inhibitor\" target=\"_blank\" rel=\"noopener\">Metadichol\u00ae, en ny sialidash\u00e4mmare<\/a><\/li>\n<li>Journal of Stem Cell Research and Therapy<br><a href=\"https:\/\/www.researchgate.net\/publication\/326510908_Umbilical_Cord_Cells_Treatment_with_MetadicholR_IRS_Proteins_and_GLUT4_Expression_and_Implications_for_Diabetes\" target=\"_blank\" rel=\"noopener\">Behandling av navelstr\u00e4ngsceller med Metadichol\u00ae IRS-proteiner och GLUT4-uttryck och konsekvenser f\u00f6r diabetes<\/a><\/li>\n<li>BioMed Research International\n<p class=\"\"><a href=\"https:\/\/www.researchgate.net\/publication\/357862879_MetadicholR_A_Novel_Nanolipid_Formulation_That_Inhibits_SARS-CoV-2_and_a_Multitude_of_Pathological_Viruses_In_Vitro\" target=\"_blank\" rel=\"noopener\">Metadichol\u00ae: En ny nanolipidformulering som h\u00e4mmar SARS-CoV-2 och en m\u00e4ngd olika patologiska virus in vitro<\/a><\/p>\n<\/li>\n<li>Medical Research Archives<br><a href=\"https:\/\/www.researchgate.net\/publication\/381949632_Metadichol_a_Natural_Ligand_for_the_Expression_of_Yamanaka_Reprogramming_Factors_in_Human_Cardiac_Fibroblast_and_Cancer_Cell_Lines\" target=\"_blank\" rel=\"noopener\"><sup>Metadichol\u00ae<\/sup>, en naturlig ligand f\u00f6r uttryck av Yamanakas omprogrammeringsfaktorer i somatiska och prim\u00e4ra cancercellinjer<\/a><\/li>\n<li>Archives of Clinical and BioMedical Research<br><a href=\"https:\/\/www.researchgate.net\/publication\/375019990_MetadicholR_A_Nano_Lipid_Emulsion_that_Expresses_All_49_Nuclear_Receptors_in_Stem_and_Somatic_Cells\" target=\"_blank\" rel=\"noopener\"><sup>Metadichol\u00ae<\/sup> \u00e4r en nano-lipidemulsion som uttrycker alla 48 nukle\u00e4ra receptorer i stamceller och somatiska celler<\/a><\/li>\n<li>Fortune Journal of Health Sciences<br><a href=\"https:\/\/www.researchgate.net\/publication\/374460077_Metadichol_An_Agonist_that_Expresses_the_Anti-aging_gene_Klotho_in_Various_Cell_Lines\" target=\"_blank\" rel=\"noopener\"><sup>Metadichol\u00ae<\/sup>; En agonist som uttrycker anti-aginggenen Klotho i olika cellinjer<\/a><\/li>\n<li>Journal of Bioinformatics and Systems Biology<br><a href=\"https:\/\/www.researchgate.net\/publication\/374694623_MetadicholR_Induced_the_Expression_of_Neuronal_Transcription_Factors_in_Human_Fibroblast_Dermal_Cells\" target=\"_blank\" rel=\"noopener\"><sup>Metadichol\u00ae-inducerat<\/sup> uttryck av neuronala transkriptionsfaktorer med humana fibroblast-dermalceller<\/a><\/li>\n<li>Kardiologi och kardiovaskul\u00e4r medicin<br><a href=\"https:\/\/www.researchgate.net\/publication\/373374076_Metadichol_Treatment_of_Fibroblasts_and_Embryonic_Stem_Cells_Regulates_Key_Cardiac_Progenitors\" target=\"_blank\" rel=\"noopener\"><sup>Metadichol\u00ae-behandling<\/sup> av fibroblaster och embryonala stamceller reglerar viktiga progenitorer i hj\u00e4rtat<\/a><\/li>\n<li>Medicinska forskningsarkiv<br><a href=\"https:\/\/www.researchgate.net\/publication\/376178465_Metadichol-Induced_Differentiation_of_Pancreatic_Ductal_Cells_PANC-1_into_Insulin-Producing_Cells\" target=\"_blank\" rel=\"noopener\">Metadichol inducerade differentiering av bukspottk\u00f6rtelns duktala celler (PANC-1) till insulinproducerande celler<\/a><\/li>\n<li>F\u00f6rtryckt forskning av Dr. Raghavan om egenskaper mot \u00e5ldrande\n<p class=\"\"><a href=\"https:\/\/www.researchgate.net\/publication\/372606542_MetadicholR_a_Sirtuin_Modulator_for_Anti-Aging_Therapies?_tp=eyJjb250ZXh0Ijp7ImZpcnN0UGFnZSI6InByb2ZpbGUiLCJwYWdlIjoicHJvZmlsZSJ9fQ\" target=\"_blank\" rel=\"noopener\">Metadichol\u00ae en Sirtuin-modulator f\u00f6r behandlingar mot \u00e5ldrande<\/a><\/p>\n<\/li>\n<li>Medicinska forskningsarkiv<br><a href=\"https:\/\/www.researchgate.net\/publication\/381948213_MetadicholR-induced_expression_of_circadian_clock_transcription_factors_in_human_fibroblasts\" target=\"_blank\" rel=\"noopener\">Metadichol\u00ae-inducerat uttryck av transkriptionsfaktorer f\u00f6r dygnsrytmen i m\u00e4nskliga fibroblaster<\/a><\/li>\n<li>Medicinska forskningsarkiv<br><a href=\"https:\/\/www.researchgate.net\/publication\/381932134_MetadicholR_induced_expression_of_Sirtuin_family_1-7_in_somatic_and_cancer_cells\" target=\"_blank\" rel=\"noopener\">Metadichol\u00ae inducerade uttryck av Sirtuin-familjen 1-7 i somatiska celler och cancerceller<\/a><\/li>\n<li>British Journal of Cancer Research<br><a href=\"https:\/\/www.researchgate.net\/publication\/387857051_Metadichol_A_Modulator_that_Controls_Expression_of_Toll_Like_Receptors_in_Cancer_Cell_Lines_Cell_Lines\" target=\"_blank\" rel=\"noopener\">Metadichol, en modulator som kontrollerar uttrycket av Toll Like Receptors i cancercellinjer Cellinjer<\/a><\/li>\n<li>Medicinska forskningsarkiv<br><a href=\"https:\/\/www.researchgate.net\/publication\/392389940_Metadichol_induces_CD14_glycoprotein_expression_in_human_embryonic_stem_cells_and_fibroblasts\" target=\"_blank\" rel=\"noopener\">Metadichol inducerar CD14-glykoproteinuttryck i humana embryonala stamceller och fibroblaster<\/a><\/li>\n<li>F\u00f6rtryckt forskning av Dr. Raghavan om medf\u00f6dd immunitet och vitamin D-bindande protein<br> VDR<a href=\"https:\/\/www.researchgate.net\/publication\/392467315_VDR_Inverse_Agonism_by_Metadichol_Enhances_VDBP-Mediated_Immunity\" target=\"_blank\" rel=\"noopener\">Inverse Agonism av Metadichol f\u00f6rb\u00e4ttrar VDBP-medierad immunitet<\/a><\/li>\n<li>Medical Research Archives<br><a href=\"https:\/\/www.researchgate.net\/publication\/393344510_Synergistic_Targeting_of_KLF_and_Other_Related_Signaling_Pathways_by_Metadichol_A_Multidimensional_Anticancer_Strategy\" target=\"_blank\" rel=\"noopener\">Synergistisk inriktning av KLF och andra relaterade signalv\u00e4gar av metadichol: En flerdimensionell strategi mot cancer<\/a><\/li>\n<li>Medicinska forskningsarkiv<br><a href=\"https:\/\/www.researchgate.net\/publication\/393453773_Metadichol-Pluripotency\" target=\"_blank\" rel=\"noopener\">Metadichol orkestrerar pluripotens via nukle\u00e4ra receptorer under cellul\u00e4r omprogrammering<\/a><\/li>\n<li>F\u00f6rtryckt forskning av Dr. Raghavan om SOX-familjen av transkriptionsfaktorer<br><a href=\"https:\/\/www.researchgate.net\/publication\/394464231_Metadichol_regulates_Sox_network_in_human_peripheral_blood_mononuclear_cells\" target=\"_blank\" rel=\"noopener\">Metadichol reglerar Sox-n\u00e4tverket i humana mononukle\u00e4ra celler i perifert blod<\/a><\/li>\n<li>F\u00f6rtryckt forskning av Dr. Raghavan om FOX Transkriptionsfaktorfamilj <br><a href=\"https:\/\/www.researchgate.net\/publication\/394739230_Metadichol_Orchestrates_Cellular_Reprogramming_and_Regenerative_Pathways_via_FOX_Transcription_Factor_Networks_Implications_for_Immune-Metabolic_Rejuvenation\" target=\"_blank\" rel=\"noopener\">Metadichol Orchestrates Cellular Reprogramming and Regenerative Pathways via FOX Transkriptionsfaktorn\u00e4tverk: Implikationer f\u00f6r immunmetabolisk f\u00f6ryngring<\/a><\/li>\n<li>F\u00f6rtryckt forskning av Dr. Raghavan om vitamin C-biosyntes<br><a href=\"https:\/\/www.researchgate.net\/publication\/394968451_MT-GULO-VITC\" target=\"_blank\" rel=\"noopener\">Metadichol stimulerar genuttryck \u00f6ver d\u00e4ggdjursarter: Dosresponskarakterisering och konsekvenser f\u00f6r att \u00e5terst\u00e4lla C-vitaminbiosyntesen<\/a><\/li>\n<\/ol>\n\n\t\t<\/div>\n\t\t\t\t\t<\/div>\n\n\t\n\n<\/div>\n\n\t\t<\/div>\n\n\t\t\n<style>\n#section_1691430740 {\n  padding-top: 30px;\n  padding-bottom: 30px;\n}\n<\/style>\n\t<\/section>\n\t\n\n","protected":false},"excerpt":{"rendered":"","protected":false},"author":2,"featured_media":0,"parent":0,"menu_order":0,"comment_status":"closed","ping_status":"closed","template":"","meta":{"bwfblock_default_font":"","_uag_custom_page_level_css":"","footnotes":""},"class_list":["post-4346","page","type-page","status-publish","hentry"],"uagb_featured_image_src":{"full":false,"thumbnail":false,"medium":false,"medium_large":false,"large":false,"1536x1536":false,"2048x2048":false,"woocommerce_thumbnail":false,"woocommerce_single":false,"woocommerce_gallery_thumbnail":false},"uagb_author_info":{"display_name":"IWantMyHealthBack","author_link":"https:\/\/iwantmyhealthback.com\/sv\/author\/anthonette\/"},"uagb_comment_info":0,"uagb_excerpt":null,"_links":{"self":[{"href":"https:\/\/iwantmyhealthback.com\/sv\/wp-json\/wp\/v2\/pages\/4346","targetHints":{"allow":["GET"]}}],"collection":[{"href":"https:\/\/iwantmyhealthback.com\/sv\/wp-json\/wp\/v2\/pages"}],"about":[{"href":"https:\/\/iwantmyhealthback.com\/sv\/wp-json\/wp\/v2\/types\/page"}],"author":[{"embeddable":true,"href":"https:\/\/iwantmyhealthback.com\/sv\/wp-json\/wp\/v2\/users\/2"}],"replies":[{"embeddable":true,"href":"https:\/\/iwantmyhealthback.com\/sv\/wp-json\/wp\/v2\/comments?post=4346"}],"version-history":[{"count":0,"href":"https:\/\/iwantmyhealthback.com\/sv\/wp-json\/wp\/v2\/pages\/4346\/revisions"}],"wp:attachment":[{"href":"https:\/\/iwantmyhealthback.com\/sv\/wp-json\/wp\/v2\/media?parent=4346"}],"curies":[{"name":"wp","href":"https:\/\/api.w.org\/{rel}","templated":true}]}}