{"id":4344,"date":"2024-07-07T04:17:09","date_gmt":"2024-07-07T08:17:09","guid":{"rendered":"https:\/\/iwantmyhealthback.com\/publikationer-om-magicdichols-produktfamilj\/"},"modified":"2025-05-21T08:42:16","modified_gmt":"2025-05-21T12:42:16","slug":"publikationer-om-magicdichols-produktfamilj","status":"publish","type":"page","link":"https:\/\/iwantmyhealthback.com\/sv\/publikationer-om-magicdichols-produktfamilj\/","title":{"rendered":"Publikationer Om MagicDichols produktfamilj"},"content":{"rendered":"\n\n\t<section class=\"section has-scroll-for-more\" id=\"section_1962281027\">\n\t\t<div class=\"section-bg fill\" >\n\t\t\t\t\t\t\t\t\t<button class=\"scroll-for-more z-5 icon absolute bottom h-center\" aria-label=\"Scroll for more\"><i class=\"icon-angle-down\" aria-hidden=\"true\" style=\"font-size:42px;\"><\/i><\/button>\n\t\t\t\n\t<div class=\"is-border\"\n\t\tstyle=\"border-width:0px 0px 0px 0px;\">\n\t<\/div>\n\n\t\t<\/div>\n\n\t\t\n\n\t\t<div class=\"section-content relative\">\n\t\t\t\n\n<div class=\"row align-center\"  id=\"row-1992169140\">\n\n\n\t<div id=\"col-958702327\" class=\"col medium-8 small-10 large-10\"  >\n\t\t\t\t<div class=\"col-inner text-center\"  >\n\t\t\t\n\t\t\t\n\n<h3>Vetenskap<\/h3>\n<h2 style=\"font-size:230%;\">Publikationer om MagicDichol\u00ae-produktfamiljen<\/h2>\n\n\n\t\t<\/div>\n\t\t\t\t\n<style>\n#col-958702327 > .col-inner {\n  padding: 40px 0px 0px 0px;\n}\n<\/style>\n\t<\/div>\n\n\t\n\n<\/div>\n\n\t\t<\/div>\n\n\t\t\n<style>\n#section_1962281027 {\n  padding-top: 30px;\n  padding-bottom: 30px;\n}\n<\/style>\n\t<\/section>\n\t\n\n\t<section class=\"section\" id=\"section_94637257\">\n\t\t<div class=\"section-bg fill\" >\n\t\t\t\t\t\t\t\t\t\n\t\t\t\n\n\t\t<\/div>\n\n\t\t\n\n\t\t<div class=\"section-content relative\">\n\t\t\t\n\n<div class=\"row\"  id=\"row-768877761\">\n\n\n\t<div id=\"col-2124300523\" class=\"col small-12 large-12\"  >\n\t\t\t\t<div class=\"col-inner\"  >\n\t\t\t\n\t\t\t\n\n\t<div id=\"text-1590876896\" class=\"text\">\n\t\t\n\n<p>\u00c5terigen, varken Cosmic Connections (International) Limited, MagicDichol eller n\u00e5gra andra individer eller inf\u00f6rlivade enheter som p\u00e5 n\u00e5got s\u00e4tt \u00e4r involverade i f\u00f6rs\u00e4ljning eller marknadsf\u00f6ring av Metadichol i n\u00e5gon form g\u00f6r n\u00e5gra p\u00e5st\u00e5enden om Metadichol baserat p\u00e5 dessa vittnesm\u00e5l, ut\u00f6ver de p\u00e5st\u00e5enden som g\u00f6rs som en del av det officiella godk\u00e4nnandet eller de best\u00e4mmelser enligt vilka dessa produkter marknadsf\u00f6rs i ett visst land. Ingen av oss \u00e4r l\u00e4kare. De granskade produkterna \u00e4r inte avsedda att diagnostisera, behandla, bota eller f\u00f6rebygga n\u00e5gon sjukdom.    <\/p>\n<p>Informationen p\u00e5 denna webbplats eller p\u00e5 l\u00e4nkade webbplatser \u00e4r inte avsedd att diagnostisera, behandla, bota eller f\u00f6rebygga n\u00e5gon sjukdom. Informationen presenteras endast i utbildningssyfte och \u00e4r inte avsedd att diagnostisera eller ordinera f\u00f6r n\u00e5got medicinskt eller psykologiskt tillst\u00e5nd, inte heller f\u00f6r att f\u00f6rebygga, behandla, lindra eller bota s\u00e5dana tillst\u00e5nd. Informationen i detta dokument \u00e4r inte avsedd att ers\u00e4tta en personlig&#8230; eller kvalificerad sjukv\u00e5rdspersonal. D\u00e4rf\u00f6r \u00e4r denna information inte avsedd som medicinsk r\u00e5dgivning, utan snarare ett utbyte av kunskap och information baserad p\u00e5 forskning och erfarenhet.   <\/p>\n<p>Uttalanden p\u00e5 denna webbplats eller l\u00e4nkade webbplatser har inte utv\u00e4rderats av Food and Drug Administration om inte annat anges.<\/p>\n<p>MagicDichol\u00ae uppmuntrar dig att fatta dina egna beslut om h\u00e4lso- och sjukv\u00e5rd baserat p\u00e5 din egen bed\u00f6mning och forskning i samarbete med kvalificerad sjukv\u00e5rdspersonal.<\/p>\n<p>INGENTING P\u00c5 DENNA WEBBPLATS \u00c4R AVSETT SOM, ELLER SKA TOLKAS SOM, MEDICINSK R\u00c5DGIVNING. KONSUMENTERNA B\u00d6R R\u00c5DG\u00d6RA MED SINA EGNA L\u00c4KARE F\u00d6R INDIVIDUELLA, MEDICINSKA REKOMMENDATIONER. INFORMATIONEN P\u00c5 DENNA WEBBPLATS G\u00c4LLER KOSTTILLSKOTT, PRODUKTER SOM INTE \u00c4R L\u00c4KEMEDEL. V\u00c5RA KOSTTILLSKOTT OCH KOSMETISKA PRODUKTER \u00c4R INTE AVSEDDA ATT ANV\u00c4NDAS SOM ETT MEDEL F\u00d6R ATT BOTA, BEHANDLA, F\u00d6REBYGGA, DIAGNOSTISERA ELLER LINDRA N\u00c5GON SJUKDOM ELLER ANNAT MEDICINSKT ELLER ONORMALT TILLST\u00c5ND.   <\/p>\n\t\t\n<style>\n#text-1590876896 {\n  line-height: 1.95;\n}\n<\/style>\n\t<\/div>\n\t\n\n\t\t<\/div>\n\t\t\t\t\t<\/div>\n\n\t\n\n<\/div>\n\n\t\t<\/div>\n\n\t\t\n<style>\n#section_94637257 {\n  padding-top: 30px;\n  padding-bottom: 30px;\n}\n<\/style>\n\t<\/section>\n\t\n\n\t<section class=\"section\" id=\"section_285271930\">\n\t\t<div class=\"section-bg fill\" >\n\t\t\t\t\t\t\t\t\t\n\t\t\t\n\n\t\t<\/div>\n\n\t\t\n\n\t\t<div class=\"section-content relative\">\n\t\t\t\n\n<div class=\"row\" style=\"max-width:800px\" id=\"row-129225097\">\n\n\n\t<div id=\"col-1244720219\" class=\"col medium-6 small-12 large-6\"  >\n\t\t\t\t<div class=\"col-inner\"  >\n\t\t\t\n\t\t\t\n\n<a href=\"https:\/\/iwantmyhealthback.com\/sv\/\" class=\"button primary is-outline expand\" >\n\t\t<span>Avbryt<\/span>\n\t<\/a>\n\n\n\n\t\t<\/div>\n\t\t\t\t\t<\/div>\n\n\t\n\n\t<div id=\"col-1936588012\" class=\"col medium-6 small-12 large-6\"  >\n\t\t\t\t<div class=\"col-inner\"  >\n\t\t\t\n\t\t\t\n\n<a href=\"https:\/\/iwantmyhealthback.com\/sv\/publikationer-om-metadichol-tillgangliga-pa-oberoende-webbplatser\/\" class=\"button primary expand\" >\n\t\t<span>Forts\u00e4tt<\/span>\n\t<\/a>\n\n\n\n\t\t<\/div>\n\t\t\t\t\t<\/div>\n\n\t\n\n<\/div>\n\n\t\t<\/div>\n\n\t\t\n<style>\n#section_285271930 {\n  padding-top: 30px;\n  padding-bottom: 30px;\n}\n<\/style>\n\t<\/section>\n\t\n\n","protected":false},"excerpt":{"rendered":"","protected":false},"author":2,"featured_media":0,"parent":0,"menu_order":0,"comment_status":"closed","ping_status":"closed","template":"page-blank.php","meta":{"bwfblock_default_font":"","_uag_custom_page_level_css":"","footnotes":""},"class_list":["post-4344","page","type-page","status-publish","hentry"],"uagb_featured_image_src":{"full":false,"thumbnail":false,"medium":false,"medium_large":false,"large":false,"1536x1536":false,"2048x2048":false,"woocommerce_thumbnail":false,"woocommerce_single":false,"woocommerce_gallery_thumbnail":false},"uagb_author_info":{"display_name":"IWantMyHealthBack","author_link":"https:\/\/iwantmyhealthback.com\/sv\/author\/anthonette\/"},"uagb_comment_info":0,"uagb_excerpt":null,"_links":{"self":[{"href":"https:\/\/iwantmyhealthback.com\/sv\/wp-json\/wp\/v2\/pages\/4344","targetHints":{"allow":["GET"]}}],"collection":[{"href":"https:\/\/iwantmyhealthback.com\/sv\/wp-json\/wp\/v2\/pages"}],"about":[{"href":"https:\/\/iwantmyhealthback.com\/sv\/wp-json\/wp\/v2\/types\/page"}],"author":[{"embeddable":true,"href":"https:\/\/iwantmyhealthback.com\/sv\/wp-json\/wp\/v2\/users\/2"}],"replies":[{"embeddable":true,"href":"https:\/\/iwantmyhealthback.com\/sv\/wp-json\/wp\/v2\/comments?post=4344"}],"version-history":[{"count":0,"href":"https:\/\/iwantmyhealthback.com\/sv\/wp-json\/wp\/v2\/pages\/4344\/revisions"}],"wp:attachment":[{"href":"https:\/\/iwantmyhealthback.com\/sv\/wp-json\/wp\/v2\/media?parent=4344"}],"curies":[{"name":"wp","href":"https:\/\/api.w.org\/{rel}","templated":true}]}}