{"id":4340,"date":"2024-07-07T04:00:05","date_gmt":"2024-07-07T08:00:05","guid":{"rendered":"https:\/\/iwantmyhealthback.com\/publikationer-om-metadichol\/"},"modified":"2025-05-21T08:42:01","modified_gmt":"2025-05-21T12:42:01","slug":"publikationer-om-metadichol","status":"publish","type":"page","link":"https:\/\/iwantmyhealthback.com\/sv\/publikationer-om-metadichol\/","title":{"rendered":"Publikationer om Metadichol"},"content":{"rendered":"\n\n\t<section class=\"section has-scroll-for-more\" id=\"section_1310014516\">\n\t\t<div class=\"section-bg fill\" >\n\t\t\t\t\t\t\t\t\t<button class=\"scroll-for-more z-5 icon absolute bottom h-center\" aria-label=\"Scroll for more\"><i class=\"icon-angle-down\" aria-hidden=\"true\" style=\"font-size:42px;\"><\/i><\/button>\n\t\t\t\n\t<div class=\"is-border\"\n\t\tstyle=\"border-width:0px 0px 0px 0px;\">\n\t<\/div>\n\n\t\t<\/div>\n\n\t\t\n\n\t\t<div class=\"section-content relative\">\n\t\t\t\n\n<div class=\"row align-center\"  id=\"row-1775804355\">\n\n\n\t<div id=\"col-1523974043\" class=\"col medium-8 small-10 large-10\"  >\n\t\t\t\t<div class=\"col-inner text-center\"  >\n\t\t\t\n\t\t\t\n\n<h3>Vetenskap<\/h3>\n<h2 style=\"font-size: 250%;\">Publikationer om Metadichol\u00ae\u00a0tillg\u00e4ngliga p\u00e5 oberoende webbplatser<\/h2>\n\n\t\t<\/div>\n\t\t\t\t\n<style>\n#col-1523974043 > .col-inner {\n  padding: 40px 0px 0px 0px;\n}\n<\/style>\n\t<\/div>\n\n\t\n\n<\/div>\n\n\t\t<\/div>\n\n\t\t\n<style>\n#section_1310014516 {\n  padding-top: 0px;\n  padding-bottom: 0px;\n}\n@media (min-width:550px) {\n  #section_1310014516 {\n    padding-top: 30px;\n    padding-bottom: 30px;\n  }\n}\n<\/style>\n\t<\/section>\n\t\n<div class=\"row\" style=\"max-width:1200px\" id=\"row-1872508510\">\n\n\n\t<div id=\"col-1346924323\" class=\"col small-12 large-12\"  >\n\t\t\t\t<div class=\"col-inner\"  >\n\t\t\t\n\t<div class=\"is-border\"\n\t\tstyle=\"border-width:0px 0px 1px 0px;\">\n\t<\/div>\n\t\t\t\n\n\t<div id=\"text-2003488542\" class=\"text\">\n\t\t\n\n<p>F\u00f6r tydlighetens skull vill vi p\u00e5peka att informationen p\u00e5 denna webbplats eller p\u00e5 l\u00e4nkade webbplatser inte \u00e4r avsedd att diagnostisera, behandla, bota eller f\u00f6rebygga n\u00e5gon sjukdom. Informationen presenteras endast i utbildningssyfte och \u00e4r inte avsedd att diagnostisera eller ordinera f\u00f6r n\u00e5got medicinskt eller psykologiskt tillst\u00e5nd, inte heller f\u00f6r att f\u00f6rebygga, behandla, lindra eller bota s\u00e5dana tillst\u00e5nd. Informationen i detta dokument \u00e4r inte avsedd att ers\u00e4tta ett personligt m\u00f6te med en l\u00e4kare eller annan kvalificerad sjukv\u00e5rdspersonal. D\u00e4rf\u00f6r \u00e4r denna information inte avsedd som medicinsk r\u00e5dgivning, utan snarare ett utbyte av kunskap och information baserad p\u00e5 forskning och erfarenhet.<\/p>\n<p>Uttalanden p\u00e5 denna webbplats eller l\u00e4nkade webbplatser har inte utv\u00e4rderats av Food and Drug Administration om inte annat anges.<\/p>\n\t\t\n<style>\n#text-2003488542 {\n  font-size: 1rem;\n  line-height: 1.85;\n  text-align: center;\n}\n<\/style>\n\t<\/div>\n\t\n\n\t\t<\/div>\n\t\t\t\t\t<\/div>\n\n\t\n\n\t<div id=\"col-1127235713\" class=\"col small-12 large-12\"  >\n\t\t\t\t<div class=\"col-inner\"  >\n\t\t\t\n\t\t\t\n\n\t<div id=\"text-3131279966\" class=\"text\">\n\t\t\n\n<p><strong>Om du vill l\u00e4sa v\u00e5r samling av publikationer kommer du till en separat webbplats. F\u00f6r att godk\u00e4nna detta klicka p\u00e5 &#8220;G\u00e5 till publikationer&#8221; nedan.<\/strong><\/p>\n\t\t\n<style>\n#text-3131279966 {\n  text-align: center;\n}\n<\/style>\n\t<\/div>\n\t\n\n\t\t<\/div>\n\t\t\t\t\t<\/div>\n\n\t\n\n<\/div>\n\n\t<section class=\"section\" id=\"section_29116608\">\n\t\t<div class=\"section-bg fill\" >\n\t\t\t\t\t\t\t\t\t\n\t\t\t\n\n\t\t<\/div>\n\n\t\t\n\n\t\t<div class=\"section-content relative\">\n\t\t\t\n\n<div class=\"row align-center\" style=\"max-width:800px\" id=\"row-1027117551\">\n\n\n\t<div id=\"col-260513926\" class=\"col medium-6 small-12 large-6\"  >\n\t\t\t\t<div class=\"col-inner\"  >\n\t\t\t\n\t\t\t\n\n<a href=\"https:\/\/magicdichol.info\/\" class=\"button primary is-outline expand\" target=\"_blank\" rel=\"noopener\">\n\t\t<span>Avbryt<\/span>\n\t<\/a>\n\n\n\n\t\t<\/div>\n\t\t\t\t\t<\/div>\n\n\t\n\n\t<div id=\"col-476279841\" class=\"col medium-6 small-12 large-6\"  >\n\t\t\t\t<div class=\"col-inner\"  >\n\t\t\t\n\t\t\t\n\n<a href=\"https:\/\/iwantmyhealthback.com\/publications-about-magicdichol-family-of-products\/\" class=\"button primary expand\">\n\t\t<span>G\u00e5 till Publikationer<\/span>\n\t<\/a>\n\n\n\n\t\t<\/div>\n\t\t\t\t\t<\/div>\n\n\t\n\n<\/div>\n\n\t\t<\/div>\n\n\t\t\n<style>\n#section_29116608 {\n  padding-top: 30px;\n  padding-bottom: 30px;\n}\n<\/style>\n\t<\/section>\n\t\n\n","protected":false},"excerpt":{"rendered":"","protected":false},"author":2,"featured_media":0,"parent":0,"menu_order":0,"comment_status":"closed","ping_status":"closed","template":"page-blank.php","meta":{"bwfblock_default_font":"","_uag_custom_page_level_css":"","footnotes":""},"class_list":["post-4340","page","type-page","status-publish","hentry"],"uagb_featured_image_src":{"full":false,"thumbnail":false,"medium":false,"medium_large":false,"large":false,"1536x1536":false,"2048x2048":false,"woocommerce_thumbnail":false,"woocommerce_single":false,"woocommerce_gallery_thumbnail":false},"uagb_author_info":{"display_name":"IWantMyHealthBack","author_link":"https:\/\/iwantmyhealthback.com\/sv\/author\/anthonette\/"},"uagb_comment_info":0,"uagb_excerpt":null,"_links":{"self":[{"href":"https:\/\/iwantmyhealthback.com\/sv\/wp-json\/wp\/v2\/pages\/4340","targetHints":{"allow":["GET"]}}],"collection":[{"href":"https:\/\/iwantmyhealthback.com\/sv\/wp-json\/wp\/v2\/pages"}],"about":[{"href":"https:\/\/iwantmyhealthback.com\/sv\/wp-json\/wp\/v2\/types\/page"}],"author":[{"embeddable":true,"href":"https:\/\/iwantmyhealthback.com\/sv\/wp-json\/wp\/v2\/users\/2"}],"replies":[{"embeddable":true,"href":"https:\/\/iwantmyhealthback.com\/sv\/wp-json\/wp\/v2\/comments?post=4340"}],"version-history":[{"count":0,"href":"https:\/\/iwantmyhealthback.com\/sv\/wp-json\/wp\/v2\/pages\/4340\/revisions"}],"wp:attachment":[{"href":"https:\/\/iwantmyhealthback.com\/sv\/wp-json\/wp\/v2\/media?parent=4340"}],"curies":[{"name":"wp","href":"https:\/\/api.w.org\/{rel}","templated":true}]}}