{"id":4335,"date":"2024-07-07T03:56:08","date_gmt":"2024-07-07T07:56:08","guid":{"rendered":"https:\/\/iwantmyhealthback.com\/metadichol-u-s-patent\/"},"modified":"2025-06-19T08:50:14","modified_gmt":"2025-06-19T12:50:14","slug":"metadichol-u-s-patent","status":"publish","type":"page","link":"https:\/\/iwantmyhealthback.com\/sv\/metadichol-u-s-patent\/","title":{"rendered":"METADICHOL\u00ae U.S. PATENT"},"content":{"rendered":"\n\n\t<section class=\"section has-scroll-for-more\" id=\"section_1616239237\">\n\t\t<div class=\"section-bg fill\" >\n\t\t\t\t\t\t\t\t\t<button class=\"scroll-for-more z-5 icon absolute bottom h-center\" aria-label=\"Scroll for more\"><i class=\"icon-angle-down\" aria-hidden=\"true\" style=\"font-size:42px;\"><\/i><\/button>\n\t\t\t\n\t<div class=\"is-border\"\n\t\tstyle=\"border-width:0px 0px 0px 0px;\">\n\t<\/div>\n\n\t\t<\/div>\n\n\t\t\n\n\t\t<div class=\"section-content relative\">\n\t\t\t\n\n<div class=\"row align-center\"  id=\"row-2123874846\">\n\n\n\t<div id=\"col-1384286464\" class=\"col medium-8 small-10 large-10\"  >\n\t\t\t\t<div class=\"col-inner text-center\"  >\n\t\t\t\n\t\t\t\n\n<h3>Vetenskap<\/h3>\n<h2 style=\"font-size:250%;\">METADICHOL\u00ae U.S. PATENT<\/h2>\n\n\n\t\t<\/div>\n\t\t\t\t\n<style>\n#col-1384286464 > .col-inner {\n  padding: 40px 0px 0px 0px;\n}\n<\/style>\n\t<\/div>\n\n\t\n\n<\/div>\n\n\t\t<\/div>\n\n\t\t\n<style>\n#section_1616239237 {\n  padding-top: 0px;\n  padding-bottom: 0px;\n}\n@media (min-width:550px) {\n  #section_1616239237 {\n    padding-top: 30px;\n    padding-bottom: 30px;\n  }\n}\n<\/style>\n\t<\/section>\n\t\n\n\t<section class=\"section\" id=\"section_54343899\">\n\t\t<div class=\"section-bg fill\" >\n\t\t\t\t\t\t\t\t\t\n\t\t\t\n\n\t\t<\/div>\n\n\t\t\n\n\t\t<div class=\"section-content relative\">\n\t\t\t\n\n<div class=\"row row-large\"  id=\"row-1670983111\">\n\n\n\t<div id=\"col-297166285\" class=\"col medium-5 small-12 large-5\"  >\n\t\t\t\t<div class=\"col-inner\"  >\n\t\t\t\n\t\t\t\n\n<h6 class=\"uppercase secondary-color\">Vetenskap<\/h6>\n<h1>Amerikanska patent nr.<\/h1>\n<p>Dessa uttalanden har inte utv\u00e4rderats av US Food and Drug Administration. Denna produkt \u00e4r inte avsedd att diagnostisera eller ordinera f\u00f6r n\u00e5got medicinskt tillst\u00e5nd, inte heller f\u00f6r att f\u00f6rebygga, behandla, lindra eller bota ett s\u00e5dant tillst\u00e5nd. Om du har n\u00e5gon sjukdom eller n\u00e5got medicinskt tillst\u00e5nd ska du r\u00e5dfr\u00e5ga din v\u00e5rdpersonal.  <\/p>\n<div class=\"accordion\">\n\n\t<div id=\"accordion-3605117273\" class=\"accordion-item\">\n\t\t<a id=\"accordion-3605117273-label\" class=\"accordion-title plain\" href=\"#accordion-item-amerikanskt-patent-nr-us-8,722,093-b2-\" aria-expanded=\"false\" aria-controls=\"accordion-3605117273-content\">\n\t\t\t<button class=\"toggle\" aria-label=\"Toggle\"><i class=\"icon-angle-down\" aria-hidden=\"true\"><\/i><\/button>\n\t\t\t<span>Amerikanskt patent nr US 8,722,093 B2 <\/span>\n\t\t<\/a>\n\t\t<div id=\"accordion-3605117273-content\" class=\"accordion-inner\" aria-labelledby=\"accordion-3605117273-label\">\n\t\t\t\n\n<p>Metod f\u00f6r att \u00f6ka C-vitaminniv\u00e5n i serum hos en f\u00f6rs\u00f6ksperson, metod f\u00f6r att h\u00e4mma NF-KB-proteinniv\u00e5n hos en f\u00f6rs\u00f6ksperson, metod f\u00f6r att \u00f6ka adiponektinniv\u00e5n hos en f\u00f6rs\u00f6ksperson, metod f\u00f6r att minska TNF-alfaniv\u00e5n hos en f\u00f6rs\u00f6ksperson.<\/p>\n\n\t\t<\/div>\n\t<\/div>\n\t\n\t<div id=\"accordion-1557357942\" class=\"accordion-item\">\n\t\t<a id=\"accordion-1557357942-label\" class=\"accordion-title plain\" href=\"#accordion-item-amerikanskt-patent-nr-us-9,006,292-b2-\" aria-expanded=\"false\" aria-controls=\"accordion-1557357942-content\">\n\t\t\t<button class=\"toggle\" aria-label=\"Toggle\"><i class=\"icon-angle-down\" aria-hidden=\"true\"><\/i><\/button>\n\t\t\t<span>Amerikanskt patent nr US 9,006,292 B2 <\/span>\n\t\t<\/a>\n\t\t<div id=\"accordion-1557357942-content\" class=\"accordion-inner\" aria-labelledby=\"accordion-1557357942-label\">\n\t\t\t\n\n<p>En metod f\u00f6r att behandla en hudsjukdom hos ett \u00e4mne, omfattande: psoriasis, atopisk dermatit, kontaktdermatit och andra tillst\u00e5nd relaterade till blodsockerniv\u00e5er. I \u00e4nnu fler utf\u00f6ringsformer \u00e4r formuleringarna anv\u00e4ndbara f\u00f6r att reglera, t.ex. \u00f6ka, C-vitaminniv\u00e5erna i plasma och minska systoliskt och diastoliskt blodtryck. I andra utf\u00f6ringsformer \u00e4r formuleringarna avsedda att anv\u00e4ndas f\u00f6r att h\u00e4mma PAI-1 (Plasminogen activation inhibitor). I andra utf\u00f6ringsformer \u00e4r formuleringarna anv\u00e4ndbara f\u00f6r att \u00f6ka DDP-IV som kan vara anv\u00e4ndbart vid cancerbehandling.   <\/p>\n\n\t\t<\/div>\n\t<\/div>\n\t\n\n<\/div>\n\n\t\t<\/div>\n\t\t\t\t\t<\/div>\n\n\t\n\n\t<div id=\"col-1975542078\" class=\"col hide-for-small medium-1 small-12 large-1\"  >\n\t\t\t\t<div class=\"col-inner\"  >\n\t\t\t\n\t\t\t\n\n\t<div id=\"gap-1715964577\" class=\"gap-element clearfix\" style=\"display:block; height:auto;\">\n\t\t\n<style>\n#gap-1715964577 {\n  padding-top: 360px;\n}\n<\/style>\n\t<\/div>\n\t\n\n\n\t\t<\/div>\n\t\t\t\t\n<style>\n#col-1975542078 > .col-inner {\n  margin: -20px -80px -20px 80px;\n}\n<\/style>\n\t<\/div>\n\n\t\n\n\t<div id=\"col-798463644\" class=\"col medium-6 small-12 large-6 small-col-first\"  >\n\t\t\t\t<div class=\"col-inner\"  >\n\t\t\t\n\t\t\t\n\n\n  <div class=\"banner has-hover\" id=\"banner-864352350\">\n          <div class=\"banner-inner fill\">\n        <div class=\"banner-bg fill\" >\n            <img loading=\"lazy\" decoding=\"async\" width=\"1080\" height=\"1080\" src=\"https:\/\/iwantmyhealthback.com\/wp-content\/uploads\/2024\/07\/US-Patented.jpg\" class=\"bg attachment-original size-original\" alt=\"\" \/>                                    \n                    <\/div>\n\t\t\n        <div class=\"banner-layers container\">\n            <div class=\"fill banner-link\"><\/div>            \n\n   <div id=\"text-box-1300967705\" class=\"text-box banner-layer x50 md-x50 lg-x50 y50 md-y50 lg-y50 res-text\">\n                                <div class=\"text-box-content text dark\">\n              \n              <div class=\"text-inner text-center\">\n                  \n\n\n              <\/div>\n           <\/div>\n                            \n<style>\n#text-box-1300967705 {\n  width: 60%;\n}\n#text-box-1300967705 .text-box-content {\n  font-size: 100%;\n}\n@media (min-width:550px) {\n  #text-box-1300967705 {\n    width: 60%;\n  }\n}\n<\/style>\n    <\/div>\n \n\n        <\/div>\n      <\/div>\n\n            \n<style>\n#banner-864352350 {\n  padding-top: 400px;\n  background-color: rgb(247, 245, 244);\n}\n<\/style>\n  <\/div>\n\n\n\n\t\t<\/div>\n\t\t\t\t\t<\/div>\n\n\t\n\n<\/div>\n<div class=\"row\"  id=\"row-660932665\">\n\n\n\t<div id=\"col-212438518\" class=\"col small-12 large-12\"  >\n\t\t\t\t<div class=\"col-inner text-center\"  >\n\t\t\t\n\t\t\t\n\n<a href=\"https:\/\/magicdichol.info\/shop-now\" class=\"button primary is-larger\" target=\"_blank\" rel=\"noopener\">\n\t\t<span>SHOP NU<\/span>\n\t<\/a>\n\n\n\n\t\t<\/div>\n\t\t\t\t\t<\/div>\n\n\t\n\n<\/div>\n\n\t\t<\/div>\n\n\t\t\n<style>\n#section_54343899 {\n  padding-top: 0px;\n  padding-bottom: 0px;\n}\n@media (min-width:550px) {\n  #section_54343899 {\n    padding-top: 120px;\n    padding-bottom: 120px;\n  }\n}\n<\/style>\n\t<\/section>\n\t\n\n","protected":false},"excerpt":{"rendered":"","protected":false},"author":2,"featured_media":0,"parent":0,"menu_order":0,"comment_status":"closed","ping_status":"closed","template":"","meta":{"bwfblock_default_font":"","_uag_custom_page_level_css":"","footnotes":""},"class_list":["post-4335","page","type-page","status-publish","hentry"],"uagb_featured_image_src":{"full":false,"thumbnail":false,"medium":false,"medium_large":false,"large":false,"1536x1536":false,"2048x2048":false,"woocommerce_thumbnail":false,"woocommerce_single":false,"woocommerce_gallery_thumbnail":false},"uagb_author_info":{"display_name":"IWantMyHealthBack","author_link":"https:\/\/iwantmyhealthback.com\/sv\/author\/anthonette\/"},"uagb_comment_info":0,"uagb_excerpt":null,"_links":{"self":[{"href":"https:\/\/iwantmyhealthback.com\/sv\/wp-json\/wp\/v2\/pages\/4335","targetHints":{"allow":["GET"]}}],"collection":[{"href":"https:\/\/iwantmyhealthback.com\/sv\/wp-json\/wp\/v2\/pages"}],"about":[{"href":"https:\/\/iwantmyhealthback.com\/sv\/wp-json\/wp\/v2\/types\/page"}],"author":[{"embeddable":true,"href":"https:\/\/iwantmyhealthback.com\/sv\/wp-json\/wp\/v2\/users\/2"}],"replies":[{"embeddable":true,"href":"https:\/\/iwantmyhealthback.com\/sv\/wp-json\/wp\/v2\/comments?post=4335"}],"version-history":[{"count":0,"href":"https:\/\/iwantmyhealthback.com\/sv\/wp-json\/wp\/v2\/pages\/4335\/revisions"}],"wp:attachment":[{"href":"https:\/\/iwantmyhealthback.com\/sv\/wp-json\/wp\/v2\/media?parent=4335"}],"curies":[{"name":"wp","href":"https:\/\/api.w.org\/{rel}","templated":true}]}}