{"id":2382,"date":"2024-01-23T15:43:17","date_gmt":"2024-01-23T19:43:17","guid":{"rendered":"https:\/\/iwantmyhealthback.com\/lat-oss-halla-kontakten\/"},"modified":"2024-01-23T15:43:17","modified_gmt":"2024-01-23T19:43:17","slug":"lat-oss-halla-kontakten","status":"publish","type":"page","link":"https:\/\/iwantmyhealthback.com\/sv\/lat-oss-halla-kontakten\/","title":{"rendered":"L\u00e5t oss h\u00e5lla kontakten"},"content":{"rendered":"<p>Hej  <span id=\"bwfan_contact_name\">John<\/span> <\/p>\n<p>Hj\u00e4lp oss att f\u00f6rb\u00e4ttra din upplevelse med oss genom b\u00e4ttre kommunikation. V\u00e4nligen justera dina preferenser f\u00f6r e-post <span id=\"bwfan_contact_email\">john@example.com<\/span>.  <\/p>\n.<\/p>\n","protected":false},"excerpt":{"rendered":"<p>Hej Hj\u00e4lp oss att f\u00f6rb\u00e4ttra din upplevelse med oss genom b\u00e4ttre kommunikation. V\u00e4nligen justera dina preferenser f\u00f6r e-post . .<\/p>\n","protected":false},"author":1,"featured_media":0,"parent":0,"menu_order":0,"comment_status":"closed","ping_status":"closed","template":"","meta":{"bwfblock_default_font":"","_uag_custom_page_level_css":"","footnotes":""},"class_list":["post-2382","page","type-page","status-publish","hentry"],"uagb_featured_image_src":{"full":false,"thumbnail":false,"medium":false,"medium_large":false,"large":false,"1536x1536":false,"2048x2048":false,"woocommerce_thumbnail":false,"woocommerce_single":false,"woocommerce_gallery_thumbnail":false},"uagb_author_info":{"display_name":"IWantMyHealthBack","author_link":"https:\/\/iwantmyhealthback.com\/sv\/author\/iwantmyhealth\/"},"uagb_comment_info":0,"uagb_excerpt":"Hej Hj\u00e4lp oss att f\u00f6rb\u00e4ttra din upplevelse med oss genom b\u00e4ttre kommunikation. V\u00e4nligen justera dina preferenser f\u00f6r e-post . .","_links":{"self":[{"href":"https:\/\/iwantmyhealthback.com\/sv\/wp-json\/wp\/v2\/pages\/2382","targetHints":{"allow":["GET"]}}],"collection":[{"href":"https:\/\/iwantmyhealthback.com\/sv\/wp-json\/wp\/v2\/pages"}],"about":[{"href":"https:\/\/iwantmyhealthback.com\/sv\/wp-json\/wp\/v2\/types\/page"}],"author":[{"embeddable":true,"href":"https:\/\/iwantmyhealthback.com\/sv\/wp-json\/wp\/v2\/users\/1"}],"replies":[{"embeddable":true,"href":"https:\/\/iwantmyhealthback.com\/sv\/wp-json\/wp\/v2\/comments?post=2382"}],"version-history":[{"count":0,"href":"https:\/\/iwantmyhealthback.com\/sv\/wp-json\/wp\/v2\/pages\/2382\/revisions"}],"wp:attachment":[{"href":"https:\/\/iwantmyhealthback.com\/sv\/wp-json\/wp\/v2\/media?parent=2382"}],"curies":[{"name":"wp","href":"https:\/\/api.w.org\/{rel}","templated":true}]}}