{"id":2372,"date":"2024-01-20T17:44:25","date_gmt":"2024-01-20T21:44:25","guid":{"rendered":"https:\/\/iwantmyhealthback.com\/integritetspolicy\/"},"modified":"2025-04-10T05:16:31","modified_gmt":"2025-04-10T09:16:31","slug":"integritetspolicy","status":"publish","type":"page","link":"https:\/\/iwantmyhealthback.com\/sv\/integritetspolicy\/","title":{"rendered":"Integritetspolicy"},"content":{"rendered":"\n\n\t<section class=\"section\" id=\"section_363533621\">\n\t\t<div class=\"section-bg fill\" >\n\t\t\t\t\t\t\t\t\t\n\t\t\t\n\n\t\t<\/div>\n\n\t\t\n\n\t\t<div class=\"section-content relative\">\n\t\t\t\n\n<div class=\"row\"  id=\"row-715913046\">\n\n\n\t<div id=\"col-1857343636\" class=\"col small-12 large-12\"  >\n\t\t\t\t<div class=\"col-inner\"  >\n\t\t\t\n\t\t\t\n\n\t<div id=\"text-836239771\" class=\"text\">\n\t\t\n\n<h1><span style=\"font-size: 130%;\">Integritetspolicy<\/span><\/h1>\n<p>Integritetspolicy<\/p>\n<p><strong>Vilken information samlar vi in?<\/strong><\/p>\n<p class=\"p1\"><b>IWantmyHealthBack.com<\/b><\/p>\n<p>samlar in information fr\u00e5n dig n\u00e4r du registrerar dig p\u00e5 v\u00e5r webbplats, g\u00f6r en best\u00e4llning, prenumererar p\u00e5 v\u00e5rt nyhetsbrev eller fyller i ett formul\u00e4r.<\/p>\n<p>N\u00e4r du best\u00e4ller eller registrerar dig p\u00e5 v\u00e5r webbplats kan du bli ombedd att ange ditt namn, din e-postadress eller postadress. Du kan dock bes\u00f6ka v\u00e5r webbplats anonymt. <\/p>\n<p>Vad anv\u00e4nder vi din information till?<\/p>\n<p>All information som vi samlar in fr\u00e5n dig kan anv\u00e4ndas p\u00e5 n\u00e5got av f\u00f6ljande s\u00e4tt:<\/p>\n<ul>\n<li>F\u00f6r att anpassa din upplevelse<br>(din information hj\u00e4lper oss att b\u00e4ttre svara p\u00e5 dina individuella behov)<\/li>\n<li>F\u00f6r att f\u00f6rb\u00e4ttra v\u00e5r webbplats<br>(vi str\u00e4var st\u00e4ndigt efter att f\u00f6rb\u00e4ttra v\u00e5rt webbplatsutbud baserat p\u00e5 den information och feedback vi f\u00e5r fr\u00e5n dig)<\/li>\n<li>F\u00f6r att f\u00f6rb\u00e4ttra kundtj\u00e4nsten<br>(din information hj\u00e4lper oss att mer effektivt svara p\u00e5 dina kundtj\u00e4nstf\u00f6rfr\u00e5gningar och supportbehov)<\/li>\n<li>F\u00f6r att behandla transaktioner<br>Din information, oavsett om den \u00e4r offentlig eller privat, kommer inte att s\u00e4ljas, bytas, \u00f6verf\u00f6ras eller ges till n\u00e5got annat f\u00f6retag av n\u00e5gon som helst anledning, utan ditt samtycke, annat \u00e4n i det uttryckliga syftet att leverera den k\u00f6pta produkten eller den beg\u00e4rda tj\u00e4nsten.<\/li>\n<li>F\u00f6r att administrera en t\u00e4vling, kampanj, unders\u00f6kning eller annan webbplatsfunktion<\/li>\n<li>F\u00f6r att skicka periodiska e-postmeddelanden<\/li>\n<li>Den e-postadress som du anger f\u00f6r orderhantering kan anv\u00e4ndas f\u00f6r att skicka information och uppdateringar som r\u00f6r din order, ut\u00f6ver att du f\u00e5r enstaka f\u00f6retagsnyheter, uppdateringar, relaterad produkt- eller serviceinformation etc.<\/li>\n<\/ul>\n<p>Obs: Om du n\u00e4r som helst vill avregistrera dig fr\u00e5n att f\u00e5 framtida e-postmeddelanden inneh\u00e5ller vi detaljerade instruktioner f\u00f6r avregistrering l\u00e4ngst ner i varje e-postmeddelande.<\/p>\n<p><strong>Hur skyddar vi din information?<\/strong><\/p>\n<p>Vi genomf\u00f6r en rad olika s\u00e4kerhets\u00e5tg\u00e4rder f\u00f6r att uppr\u00e4tth\u00e5lla s\u00e4kerheten f\u00f6r dina personuppgifter n\u00e4r du g\u00f6r en best\u00e4llning eller anger, skickar eller f\u00e5r tillg\u00e5ng till dina personuppgifter.<\/p>\n<p>Vi erbjuder anv\u00e4ndning av en s\u00e4ker server. All k\u00e4nslig information som tillhandah\u00e5lls \u00f6verf\u00f6rs via SSL-teknik (Secure Socket Layer) och krypteras sedan i databasen hos v\u00e5r leverant\u00f6r av betalningsgateway, s\u00e5 att den endast kan n\u00e5s av personer med s\u00e4rskild beh\u00f6righet till s\u00e5dana system och som \u00e4r skyldiga att h\u00e5lla informationen konfidentiell. <\/p>\n<p><strong>Anv\u00e4nder vi cookies?<\/strong><\/p>\n<p>Ja (Cookies \u00e4r sm\u00e5 filer som en webbplats eller dess tj\u00e4nsteleverant\u00f6r \u00f6verf\u00f6r till din dators h\u00e5rddisk via din webbl\u00e4sare (om du till\u00e5ter det) som g\u00f6r det m\u00f6jligt f\u00f6r webbplatserna eller tj\u00e4nsteleverant\u00f6rernas system att k\u00e4nna igen din webbl\u00e4sare och samla in och komma ih\u00e5g viss information).<\/p>\n<p>Vi anv\u00e4nder cookies f\u00f6r att hj\u00e4lpa oss att komma ih\u00e5g och behandla artiklarna i din kundvagn, f\u00f6rst\u00e5 och spara dina preferenser f\u00f6r framtida bes\u00f6k och h\u00e5lla reda p\u00e5 annonser.<\/p>\n<p><strong>L\u00e4mnar vi ut n\u00e5gon information till utomst\u00e5ende parter?<\/strong><\/p>\n<p>Vi s\u00e4ljer, byter eller p\u00e5 annat s\u00e4tt \u00f6verf\u00f6r inte din personligt identifierbara information till utomst\u00e5ende parter. Detta inkluderar inte betrodda tredje parter som hj\u00e4lper oss att driva v\u00e5r webbplats, bedriva v\u00e5r verksamhet eller betj\u00e4na dig, s\u00e5 l\u00e4nge dessa parter samtycker till att h\u00e5lla denna information konfidentiell. Vi kan ocks\u00e5 l\u00e4mna ut din information n\u00e4r vi anser att det \u00e4r l\u00e4mpligt f\u00f6r att f\u00f6lja lagen, genomdriva v\u00e5ra webbplatsriktlinjer eller skydda v\u00e5ra eller andras r\u00e4ttigheter, egendom eller s\u00e4kerhet. Icke-personligt identifierbar information om bes\u00f6kare kan dock l\u00e4mnas ut till andra parter f\u00f6r marknadsf\u00f6ring, reklam eller andra \u00e4ndam\u00e5l.   <\/p>\n<p><strong>L\u00e4nkar till tredje part<\/strong><\/p>\n<p>Ibland kan vi, efter eget gottfinnande, inkludera eller erbjuda produkter eller tj\u00e4nster fr\u00e5n tredje part p\u00e5 v\u00e5r webbplats. Dessa tredjepartswebbplatser har separata och oberoende sekretesspolicyer. Vi har d\u00e4rf\u00f6r inget ansvar f\u00f6r inneh\u00e5llet och aktiviteterna p\u00e5 dessa l\u00e4nkade webbplatser. Vi str\u00e4var dock efter att skydda v\u00e5r webbplats integritet och v\u00e4lkomnar all feedback om dessa webbplatser.   <\/p>\n<p><strong>Endast integritetspolicy online<\/strong><\/p>\n<p>Denna integritetspolicy online g\u00e4ller endast f\u00f6r information som samlas in via v\u00e5r webbplats och inte f\u00f6r information som samlas in offline.<\/p>\n<p><strong>Ditt samtycke<\/strong><\/p>\n<p>Genom att anv\u00e4nda v\u00e5r webbplats samtycker du till v\u00e5r integritetspolicy.<\/p>\n<p><strong>\u00c4ndringar av v\u00e5r integritetspolicy<\/strong><\/p>\n<p>Om vi beslutar att \u00e4ndra v\u00e5r integritetspolicy kommer vi att l\u00e4gga upp dessa \u00e4ndringar p\u00e5 denna sida och\/eller uppdatera \u00e4ndringsdatumet f\u00f6r integritetspolicyn nedan.<\/p>\n<p>Denna policy \u00e4ndrades senast den 27.11.2019<\/p>\n\t\t\n<style>\n#text-836239771 {\n  line-height: 2.05;\n}\n<\/style>\n\t<\/div>\n\t\n\n\t\t<\/div>\n\t\t\t\t\t<\/div>\n\n\t\n\n<\/div>\n<div class=\"row align-middle align-center hide-for-small\"  id=\"row-1344670510\">\n\n\n\t<div id=\"col-368116277\" class=\"col small-12 large-12\"  >\n\t\t\t\t<div class=\"col-inner text-center\"  >\n\t\t\t\n\t\t\t\n\n\t\t<div class=\"hidden\">\n\t\t\t\t\n\n<div class=\"uagb-container-inner-blocks-wrap\" style=\"font-family: Arial\"><p class=\"bwf-adv-heading bwf-adv-head-3a4912f bwf-width-default\"><a href=\"https:\/\/iwantmyhealthback.com\/sv\/integritetspolicy\/\" data-type=\"page\" data-id=\"3\" target=\"_blank\" rel=\"noreferrer noopener\">Integritetspolicy<\/a>&nbsp;|.&nbsp;<a href=\"https:\/\/iwantmyhealthback.com\/sv\/villkor-och-anvisningar\/\" data-type=\"page\" data-id=\"41\" target=\"_blank\" rel=\"noreferrer noopener\">Villkor<\/a>&nbsp;&nbsp;<a href=\"https:\/\/iwantmyhealthback.com\/sv\/aterbetalningspolicy\/\" data-type=\"page\" data-id=\"10\" target=\"_blank\" rel=\"noreferrer noopener\">\u00c5terbetalningspolicy&nbsp;<\/a>&nbsp;<a href=\"https:\/\/iwantmyhealthback.com\/sv\/kontakta-oss\/\" data-type=\"page\" data-id=\"42\" target=\"_blank\" rel=\"noreferrer noopener\">Kontakt<\/a><br>iWantMyHealthBack.com Upphovsr\u00e4tt. Alla r\u00e4ttigheter f\u00f6rbeh\u00e5llna.<\/p><\/div>\n\t\t<\/div>\n\t\n\n\t\t<\/div>\n\t\t\t\t\t<\/div>\n\n\t\n\n<\/div>\n\n\t\t<\/div>\n\n\t\t\n<style>\n#section_363533621 {\n  padding-top: 30px;\n  padding-bottom: 30px;\n}\n<\/style>\n\t<\/section>\n\t\n\n","protected":false},"excerpt":{"rendered":"","protected":false},"author":1,"featured_media":0,"parent":0,"menu_order":0,"comment_status":"closed","ping_status":"open","template":"","meta":{"bwfblock_default_font":"","_uag_custom_page_level_css":"","footnotes":""},"class_list":["post-2372","page","type-page","status-publish","hentry"],"uagb_featured_image_src":{"full":false,"thumbnail":false,"medium":false,"medium_large":false,"large":false,"1536x1536":false,"2048x2048":false,"woocommerce_thumbnail":false,"woocommerce_single":false,"woocommerce_gallery_thumbnail":false},"uagb_author_info":{"display_name":"IWantMyHealthBack","author_link":"https:\/\/iwantmyhealthback.com\/sv\/author\/iwantmyhealth\/"},"uagb_comment_info":0,"uagb_excerpt":null,"_links":{"self":[{"href":"https:\/\/iwantmyhealthback.com\/sv\/wp-json\/wp\/v2\/pages\/2372","targetHints":{"allow":["GET"]}}],"collection":[{"href":"https:\/\/iwantmyhealthback.com\/sv\/wp-json\/wp\/v2\/pages"}],"about":[{"href":"https:\/\/iwantmyhealthback.com\/sv\/wp-json\/wp\/v2\/types\/page"}],"author":[{"embeddable":true,"href":"https:\/\/iwantmyhealthback.com\/sv\/wp-json\/wp\/v2\/users\/1"}],"replies":[{"embeddable":true,"href":"https:\/\/iwantmyhealthback.com\/sv\/wp-json\/wp\/v2\/comments?post=2372"}],"version-history":[{"count":0,"href":"https:\/\/iwantmyhealthback.com\/sv\/wp-json\/wp\/v2\/pages\/2372\/revisions"}],"wp:attachment":[{"href":"https:\/\/iwantmyhealthback.com\/sv\/wp-json\/wp\/v2\/media?parent=2372"}],"curies":[{"name":"wp","href":"https:\/\/api.w.org\/{rel}","templated":true}]}}