{"id":2370,"date":"2024-03-04T13:30:35","date_gmt":"2024-03-04T17:30:35","guid":{"rendered":"https:\/\/iwantmyhealthback.com\/stod\/"},"modified":"2024-05-09T02:17:31","modified_gmt":"2024-05-09T06:17:31","slug":"stod","status":"publish","type":"page","link":"https:\/\/iwantmyhealthback.com\/sv\/stod\/","title":{"rendered":"St\u00f6d"},"content":{"rendered":"\n<div class=\"row\"  id=\"row-1042295777\">\n\n\n\t<div id=\"col-992525924\" class=\"col medium-8 small-12 large-8\"  >\n\t\t\t\t<div class=\"col-inner\"  >\n\t\t\t\n\t\t\t\n\n\t<div id=\"text-758387038\" class=\"text\">\n\t\t\n\n<h2>St\u00f6d<\/h2>\n\t\t\n<style>\n#text-758387038 {\n  color: rgb(0,0,0);\n}\n#text-758387038 > * {\n  color: rgb(0,0,0);\n}\n<\/style>\n\t<\/div>\n\t\n\n\n<style id=\"wpforms-css-vars-376\">\n\t\t\t\t#wpforms-376 {\n\t\t\t\t\n\t\t\t}\n\t\t\t<\/style><div class=\"wpforms-container wpforms-container-full wpforms-render-modern\" id=\"wpforms-376\"><form id=\"wpforms-form-376\" class=\"wpforms-validate wpforms-form wpforms-ajax-form\" data-formid=\"376\" method=\"post\" enctype=\"multipart\/form-data\" action=\"\/sv\/wp-json\/wp\/v2\/pages\/2370?wpforms_form_id=376\" data-token=\"364ef601b7d9892cf38054c04f75cd68\" data-token-time=\"1776544547\"><noscript class=\"wpforms-error-noscript\">Aktivera JavaScript i din webbl\u00e4sare f\u00f6r att slutf\u00f6ra detta formul\u00e4r.<\/noscript><div id=\"wpforms-error-noscript\" style=\"display: none;\">Aktivera JavaScript i din webbl\u00e4sare f\u00f6r att slutf\u00f6ra detta formul\u00e4r.<\/div><div class=\"wpforms-field-container\"><div id=\"wpforms-376-field_5-container\" class=\"wpforms-field wpforms-field-layout\" data-field-id=\"5\"><div class=\"wpforms-field-layout-columns wpforms-field-layout-preset-50-50\"><div class=\"wpforms-layout-column wpforms-layout-column-50\" ><div id=\"wpforms-376-field_0-container\" class=\"wpforms-field wpforms-field-name\" data-field-id=\"0\"><label class=\"wpforms-field-label\" for=\"wpforms-376-field_0\">Namn <span class=\"wpforms-required-label\" aria-hidden=\"true\">*<\/span><\/label><input type=\"text\" id=\"wpforms-376-field_0\" class=\"wpforms-field-medium wpforms-field-required\" name=\"wpforms[fields][0]\" aria-errormessage=\"wpforms-376-field_0-error\" required><\/div><div id=\"wpforms-376-field_3-container\" class=\"wpforms-field wpforms-field-address\" data-field-id=\"3\"><fieldset><legend class=\"wpforms-field-label\">Adress<\/legend><div class=\"wpforms-field-row wpforms-field-medium\"><div ><input type=\"text\" id=\"wpforms-376-field_3\" class=\"wpforms-field-address-address1\" name=\"wpforms[fields][3][address1]\" aria-errormessage=\"wpforms-376-field_3-error\" ><label for=\"wpforms-376-field_3\" class=\"wpforms-field-sublabel after\">Adressrad 1<\/label><\/div><\/div><div class=\"wpforms-field-row wpforms-field-medium\"><div ><input type=\"text\" id=\"wpforms-376-field_3-address2\" class=\"wpforms-field-address-address2\" name=\"wpforms[fields][3][address2]\" aria-errormessage=\"wpforms-376-field_3-address2-error\" ><label for=\"wpforms-376-field_3-address2\" class=\"wpforms-field-sublabel after\">Adressrad 2<\/label><\/div><\/div><div class=\"wpforms-field-row wpforms-field-medium\"><div class=\"wpforms-field-row-block wpforms-one-half wpforms-first\"><input type=\"text\" id=\"wpforms-376-field_3-city\" class=\"wpforms-field-address-city\" name=\"wpforms[fields][3][city]\" aria-errormessage=\"wpforms-376-field_3-city-error\" ><label for=\"wpforms-376-field_3-city\" class=\"wpforms-field-sublabel after\">Ort<\/label><\/div><div class=\"wpforms-field-row-block wpforms-one-half\"><input type=\"text\" id=\"wpforms-376-field_3-state\" class=\"wpforms-field-address-state\" name=\"wpforms[fields][3][state]\" aria-errormessage=\"wpforms-376-field_3-state-error\" ><label for=\"wpforms-376-field_3-state\" class=\"wpforms-field-sublabel after\">Delstat\/provins\/region<\/label><\/div><\/div><div class=\"wpforms-field-row wpforms-field-medium\"><div class=\"wpforms-field-row-block wpforms-one-half wpforms-first\"><input type=\"text\" id=\"wpforms-376-field_3-postal\" class=\"wpforms-field-address-postal\" name=\"wpforms[fields][3][postal]\" aria-errormessage=\"wpforms-376-field_3-postal-error\" ><label for=\"wpforms-376-field_3-postal\" class=\"wpforms-field-sublabel after\">Postnummer<\/label><\/div><div class=\"wpforms-field-row-block wpforms-one-half\"><select id=\"wpforms-376-field_3-country\" class=\"wpforms-field-address-country\" name=\"wpforms[fields][3][country]\" aria-errormessage=\"wpforms-376-field_3-country-error\" ><option class=\"placeholder\" value=\"\" selected disabled>--- V\u00e4lj country ---<\/option><option value=\"AF\" >Afghanistan<\/option><option value=\"AL\" >Albanien<\/option><option value=\"DZ\" >Algeriet<\/option><option value=\"VI\" >Amerikanska Jungfru\u00f6arna<\/option><option value=\"AS\" >Amerikanska Samoa<\/option><option value=\"US\" >Amerikas f\u00f6renta stater (USA)<\/option><option value=\"AD\" >Andorra<\/option><option value=\"AO\" >Angola<\/option><option value=\"AI\" >Anguilla<\/option><option value=\"AQ\" >Antarktis<\/option><option value=\"AG\" >Antigua och Barbuda<\/option><option value=\"AR\" >Argentina<\/option><option value=\"AM\" >Armenien<\/option><option value=\"AW\" >Aruba<\/option><option value=\"AU\" >Australien<\/option><option value=\"AZ\" >Azerbajdzjan<\/option><option value=\"BS\" >Bahamas<\/option><option value=\"BH\" >Bahrain<\/option><option value=\"BD\" >Bangladesh<\/option><option value=\"BB\" >Barbados<\/option><option value=\"BY\" >Belarus<\/option><option value=\"BE\" >Belgien<\/option><option value=\"BZ\" >Belize<\/option><option value=\"BJ\" >Benin<\/option><option value=\"BM\" >Bermuda<\/option><option value=\"BT\" >Bhutan<\/option><option value=\"BO\" >Bolivia<\/option><option value=\"BQ\" >Bonaire, Saint Eustatius och Saba<\/option><option value=\"BA\" >Bosnien och Hercegovina<\/option><option value=\"BW\" >Botswana<\/option><option value=\"BV\" >Bouvet\u00f6n<\/option><option value=\"BR\" >Brasilien<\/option><option value=\"IO\" >Brittiska territoriet i Indiska oceanen<\/option><option value=\"BN\" >Brunei Darussalam<\/option><option value=\"BG\" >Bulgarien<\/option><option value=\"BF\" >Burkina Faso<\/option><option value=\"BI\" >Burundi<\/option><option value=\"KY\" >Cayman\u00f6arna<\/option><option value=\"CF\" >Centralafrikanska republiken<\/option><option value=\"CL\" >Chile<\/option><option value=\"CO\" >Colombia<\/option><option value=\"CK\" >Cook\u00f6arna<\/option><option value=\"CR\" >Costa Rica<\/option><option value=\"CW\" >Cura\u00e7ao<\/option><option value=\"CY\" >Cypern<\/option><option value=\"DK\" >Danmark<\/option><option value=\"LA\" >Demokratiska folkrepubliken Laos<\/option><option value=\"CD\" >Demokratiska republiken Kongo<\/option><option value=\"DJ\" >Djibouti<\/option><option value=\"DM\" >Dominica<\/option><option value=\"DO\" >Dominikanska republiken<\/option><option value=\"EC\" >Ecuador<\/option><option value=\"EG\" >Egypten<\/option><option value=\"GQ\" >Ekvatorialguinea<\/option><option value=\"SV\" >El Salvador<\/option><option value=\"CI\" >Elfenbenskusten<\/option><option value=\"ER\" >Eritrea<\/option><option value=\"EE\" >Estland<\/option><option value=\"ET\" >Etiopien<\/option><option value=\"FK\" >Falklands\u00f6arna<\/option><option value=\"FJ\" >Fiji<\/option><option value=\"PH\" >Filippinerna<\/option><option value=\"FI\" >Finland<\/option><option value=\"FR\" >Frankrike<\/option><option value=\"GF\" >Franska Guyana<\/option><option value=\"PF\" >Franska Polynesien<\/option><option value=\"TF\" >Franska sydterritorierna<\/option><option value=\"FO\" >F\u00e4r\u00f6arna<\/option><option value=\"AE\" >F\u00f6renade Arabemiraten<\/option><option value=\"UM\" >F\u00f6renta staternas mindre \u00f6ar i Oceanien och V\u00e4stindien<\/option><option value=\"GA\" >Gabon<\/option><option value=\"GM\" >Gambia<\/option><option value=\"GE\" >Georgien<\/option><option value=\"GH\" >Ghana<\/option><option value=\"GI\" >Gibraltar<\/option><option value=\"GR\" >Grekland<\/option><option value=\"GD\" >Grenada<\/option><option value=\"GL\" >Gr\u00f6nland<\/option><option value=\"GP\" >Guadeloupe<\/option><option value=\"GU\" >Guam<\/option><option value=\"GT\" >Guatemala<\/option><option value=\"GG\" >Guernsey<\/option><option value=\"GN\" >Guinea<\/option><option value=\"GW\" >Guinea-Bissau<\/option><option value=\"GY\" >Guyana<\/option><option value=\"HT\" >Haiti<\/option><option value=\"HM\" >Heard- och McDonalds\u00f6arna<\/option><option value=\"HN\" >Honduras<\/option><option value=\"HK\" >Hong Kong<\/option><option value=\"IN\" >Indien<\/option><option value=\"ID\" >Indonesien<\/option><option value=\"IQ\" >Irak<\/option><option value=\"IR\" >Iran<\/option><option value=\"IE\" >Irland<\/option><option value=\"IS\" >Island<\/option><option value=\"IM\" >Isle of Man<\/option><option value=\"IL\" >Israel<\/option><option value=\"IT\" >Italien<\/option><option value=\"JM\" >Jamaica<\/option><option value=\"JP\" >Japan<\/option><option value=\"YE\" >Jemen<\/option><option value=\"JE\" >Jersey<\/option><option value=\"JO\" >Jordanien<\/option><option value=\"CX\" >Jul\u00f6n<\/option><option value=\"VG\" >Jungfru\u00f6arna (Brittiska)<\/option><option value=\"KH\" >Kambodja<\/option><option value=\"CM\" >Kamerun<\/option><option value=\"CA\" >Kanada<\/option><option value=\"CV\" >Kap Verde<\/option><option value=\"KZ\" >Kazakstan<\/option><option value=\"KE\" >Kenya<\/option><option value=\"CN\" >Kina<\/option><option value=\"KG\" >Kirgizistan<\/option><option value=\"KI\" >Kiribati<\/option><option value=\"CC\" >Kokos\u00f6arna<\/option><option value=\"KM\" >Komorerna<\/option><option value=\"CG\" >Kongo<\/option><option value=\"SZ\" >Konungariket Eswatini<\/option><option value=\"XK\" >Kosovo<\/option><option value=\"HR\" >Kroatien<\/option><option value=\"CU\" >Kuba<\/option><option value=\"KW\" >Kuwait<\/option><option value=\"LS\" >Lesotho<\/option><option value=\"LV\" >Lettland<\/option><option value=\"LB\" >Libanon<\/option><option value=\"LR\" >Liberia<\/option><option value=\"LY\" >Libyen<\/option><option value=\"LI\" >Liechtenstein<\/option><option value=\"LT\" >Litauen<\/option><option value=\"LU\" >Luxemburg<\/option><option value=\"MO\" >Macao<\/option><option value=\"MG\" >Madagaskar<\/option><option value=\"MW\" >Malawi<\/option><option value=\"MY\" >Malaysia<\/option><option value=\"MV\" >Maldiverna<\/option><option value=\"ML\" >Mali<\/option><option value=\"MT\" >Malta<\/option><option value=\"MA\" >Marocko<\/option><option value=\"MH\" >Marshall\u00f6arna<\/option><option value=\"MQ\" >Martinique<\/option><option value=\"MR\" >Mauretanien<\/option><option value=\"MU\" >Mauritius<\/option><option value=\"YT\" >Mayotte<\/option><option value=\"MX\" >Mexiko<\/option><option value=\"FM\" >Mikronesien<\/option><option value=\"MD\" >Moldavien<\/option><option value=\"MC\" >Monaco<\/option><option value=\"MN\" >Mongoliet<\/option><option value=\"ME\" >Montenegro<\/option><option value=\"MS\" >Montserrat<\/option><option value=\"MZ\" >Mo\u00e7ambique<\/option><option value=\"MM\" >Myanmar<\/option><option value=\"NA\" >Namibia<\/option><option value=\"NR\" >Nauru<\/option><option value=\"NL\" >Nederl\u00e4nderna<\/option><option value=\"NP\" >Nepal<\/option><option value=\"NI\" >Nicaragua<\/option><option value=\"NE\" >Niger<\/option><option value=\"NG\" >Nigeria<\/option><option value=\"NU\" >Niue<\/option><option value=\"KP\" >Nordkorea<\/option><option value=\"MK\" >Nordmakedonien<\/option><option value=\"MP\" >Nordmarianerna<\/option><option value=\"NF\" >Norfolk\u00f6n<\/option><option value=\"NO\" >Norge<\/option><option value=\"NC\" >Nya Kaledonien<\/option><option value=\"NZ\" >Nya Zeeland<\/option><option value=\"OM\" >Oman<\/option><option value=\"PK\" >Pakistan<\/option><option value=\"PW\" >Palau<\/option><option value=\"PS\" >Palestina<\/option><option value=\"PA\" >Panama<\/option><option value=\"PG\" >Papua Nya Guinea<\/option><option value=\"PY\" >Paraguay<\/option><option value=\"PE\" >Peru<\/option><option value=\"PN\" >Pitcairn\u00f6arna<\/option><option value=\"PL\" >Polen<\/option><option value=\"PT\" >Portugal<\/option><option value=\"PR\" >Puerto Rico<\/option><option value=\"QA\" >Qatar<\/option><option value=\"RO\" >Rum\u00e4nien<\/option><option value=\"RW\" >Rwanda<\/option><option value=\"RU\" >Ryssland<\/option><option value=\"RE\" >R\u00e9union<\/option><option value=\"BL\" >Saint Barth\u00e9lemy<\/option><option value=\"KN\" >Saint Kitts och Nevis<\/option><option value=\"LC\" >Saint Lucia<\/option><option value=\"VC\" >Saint Vincent och Grenadinerna<\/option><option value=\"MF\" >Saint-Martin (Franska delen)<\/option><option value=\"PM\" >Saint-Pierre och Miquelon<\/option><option value=\"SB\" >Salomon\u00f6arna<\/option><option value=\"WS\" >Samoa<\/option><option value=\"SM\" >San Marino<\/option><option value=\"SH\" >Sankta Helena, Ascension och Tristan da Cunha<\/option><option value=\"SA\" >Saudiarabien<\/option><option value=\"CH\" >Schweiz<\/option><option value=\"SN\" >Senegal<\/option><option value=\"RS\" >Serbien<\/option><option value=\"SC\" >Seychellerna<\/option><option value=\"SL\" >Sierra Leone<\/option><option value=\"SG\" >Singapore<\/option><option value=\"SX\" >Sint Maarten (Holl\u00e4ndska delen)<\/option><option value=\"SK\" >Slovakien<\/option><option value=\"SI\" >Slovenien<\/option><option value=\"SO\" >Somalia<\/option><option value=\"ES\" >Spanien<\/option><option value=\"LK\" >Sri Lanka<\/option><option value=\"GB\" >Storbritannien<\/option><option value=\"SD\" >Sudan<\/option><option value=\"SR\" >Surinam<\/option><option value=\"SJ\" >Svalbard och Jan Mayen<\/option><option value=\"SE\" >Sverige<\/option><option value=\"ZA\" >Sydafrika<\/option><option value=\"GS\" >Sydgeorgien och Sydsandwich\u00f6arna<\/option><option value=\"KR\" >Sydkorea<\/option><option value=\"SS\" >Sydsudan<\/option><option value=\"SY\" >Syrien<\/option><option value=\"ST\" >S\u00e3o Tom\u00e9 och Pr\u00edncipe<\/option><option value=\"TJ\" >Tadzjikistan<\/option><option value=\"TW\" >Taiwan<\/option><option value=\"TZ\" >Tanzania<\/option><option value=\"TD\" >Tchad<\/option><option value=\"TH\" >Thailand<\/option><option value=\"CZ\" >Tjeckien<\/option><option value=\"TG\" >Togo<\/option><option value=\"TK\" >Tokelau\u00f6arna<\/option><option value=\"TO\" >Tonga<\/option><option value=\"TT\" >Trinidad och Tobago<\/option><option value=\"TN\" >Tunisien<\/option><option value=\"TR\" >Turkiet<\/option><option value=\"TM\" >Turkmenistan<\/option><option value=\"TC\" >Turks- och Caicos\u00f6arna<\/option><option value=\"TV\" >Tuvalu<\/option><option value=\"DE\" >Tyskland<\/option><option value=\"UG\" >Uganda<\/option><option value=\"UA\" >Ukraina<\/option><option value=\"HU\" >Ungern<\/option><option value=\"UY\" >Uruguay<\/option><option value=\"UZ\" >Uzbekistan<\/option><option value=\"VU\" >Vanuatu<\/option><option value=\"VA\" >Vatikanstaten<\/option><option value=\"VE\" >Venezuela<\/option><option value=\"VN\" >Vietnam<\/option><option value=\"EH\" >V\u00e4stsahara<\/option><option value=\"WF\" >Wallis- och Futuna\u00f6arna<\/option><option value=\"ZM\" >Zambia<\/option><option value=\"ZW\" >Zimbabwe<\/option><option value=\"AX\" >\u00c5land<\/option><option value=\"AT\" >\u00d6sterrike<\/option><option value=\"TL\" >\u00d6sttimor<\/option><\/select><label for=\"wpforms-376-field_3-country\" class=\"wpforms-field-sublabel after\">Land<\/label><\/div><\/div><\/fieldset><\/div><\/div><div class=\"wpforms-layout-column wpforms-layout-column-50\" ><div id=\"wpforms-376-field_1-container\" class=\"wpforms-field wpforms-field-email\" data-field-id=\"1\"><label class=\"wpforms-field-label\" for=\"wpforms-376-field_1\">E-post <span class=\"wpforms-required-label\" aria-hidden=\"true\">*<\/span><\/label><input type=\"email\" id=\"wpforms-376-field_1\" class=\"wpforms-field-medium wpforms-field-required\" name=\"wpforms[fields][1]\" spellcheck=\"false\" aria-errormessage=\"wpforms-376-field_1-error\" required><\/div><div id=\"wpforms-376-field_2-container\" class=\"wpforms-field wpforms-field-textarea\" data-field-id=\"2\"><label class=\"wpforms-field-label\" for=\"wpforms-376-field_2\">Hur kan vi st\u00e5 till tj\u00e4nst?<\/label><textarea id=\"wpforms-376-field_2\" class=\"wpforms-field-small\" name=\"wpforms[fields][2]\" aria-errormessage=\"wpforms-376-field_2-error\" ><\/textarea><\/div><div id=\"wpforms-376-field_4-container\" class=\"wpforms-field wpforms-field-file-upload\" data-field-id=\"4\"><label class=\"wpforms-field-label\" for=\"wpforms-376-field_4\">Ladda upp upp till 5 styrkande handlingar, om s\u00e5dana finns.<\/label><div\n\t\tclass=\"wpforms-uploader \"\n\t\tdata-field-id=\"4\"\n\t\tdata-form-id=\"376\"\n\t\tdata-input-name=\"wpforms_376_4\"\n\t\tdata-extensions=\"jpg,jpeg,jpe,gif,png,bmp,tiff,tif,webp,avif,ico,heic,heif,heics,heifs,asf,asx,wmv,wmx,wm,avi,divx,mov,qt,mpeg,mpg,mpe,mp4,m4v,ogv,webm,mkv,3gp,3gpp,3g2,3gp2,txt,asc,c,cc,h,srt,csv,tsv,ics,rtx,css,vtt,mp3,m4a,m4b,aac,ra,ram,wav,x-wav,ogg,oga,flac,mid,midi,wma,wax,mka,rtf,pdf,class,tar,zip,gz,gzip,rar,7z,psd,xcf,doc,pot,pps,ppt,wri,xla,xls,xlt,xlw,mpp,docx,docm,dotx,dotm,xlsx,xlsm,xlsb,xltx,xltm,xlam,pptx,pptm,ppsx,ppsm,potx,potm,ppam,sldx,sldm,onetoc,onetoc2,onepkg,oxps,xps,odt,odp,ods,odg,odc,odb,odf,wp,wpd,key,numbers,pages,json,gz\"\n\t\tdata-max-size=\"268435456\"\n\t\tdata-max-file-number=\"5\"\n\t\tdata-post-max-size=\"268435456\"\n\t\tdata-max-parallel-uploads=\"4\"\n\t\tdata-parallel-uploads=\"true\"\n\t\tdata-file-chunk-size=\"2097152\">\n\t<div class=\"dz-message\">\n\t\t<svg  viewBox=\"0 0 640 640\" focusable=\"false\" data-icon=\"inbox\" width=\"50px\" height=\"50px\" fill=\"currentColor\" aria-hidden=\"true\">\n\t\t\t<path d=\"M352 173.3L352 384C352 401.7 337.7 416 320 416C302.3 416 288 401.7 288 384L288 173.3L246.6 214.7C234.1 227.2 213.8 227.2 201.3 214.7C188.8 202.2 188.8 181.9 201.3 169.4L297.3 73.4C309.8 60.9 330.1 60.9 342.6 73.4L438.6 169.4C451.1 181.9 451.1 202.2 438.6 214.7C426.1 227.2 405.8 227.2 393.3 214.7L352 173.3zM320 464C364.2 464 400 428.2 400 384L480 384C515.3 384 544 412.7 544 448L544 480C544 515.3 515.3 544 480 544L160 544C124.7 544 96 515.3 96 480L96 448C96 412.7 124.7 384 160 384L240 384C240 428.2 275.8 464 320 464zM464 488C477.3 488 488 477.3 488 464C488 450.7 477.3 440 464 440C450.7 440 440 450.7 440 464C440 477.3 450.7 488 464 488z\"\/>\n\t\t<\/svg>\n\n\t\t<span class=\"modern-title\">\n\t\t\t\t\t\t\tDrag &amp; Drop Files, \t\t\t\t<span>Choose Files to Upload<\/span>\n\t\t\t\t\t<\/span>\n\n\t\t\t\t\t<span class=\"modern-hint\">Du kan ladda upp upp till 5 filer.<\/span>\n\t\t\t<\/div>\n<\/div>\n\n<input\n\t\ttype=\"text\"\n\t\tautocomplete=\"off\"\n\t\treadonly\n\t\tclass=\"dropzone-input\"\n\t\tstyle=\"position:absolute!important;clip:rect(0,0,0,0)!important;height:1px!important;width:1px!important;border:0!important;overflow:hidden!important;padding:0!important;margin:0!important;\"\n\t\tid=\"wpforms-376-field_4\"\n\t\tname=\"wpforms_376_4\" \t\tvalue=\"\">\n<\/div><\/div><\/div><\/div><\/div><!-- .wpforms-field-container --><div class=\"wpforms-recaptcha-container wpforms-is-recaptcha wpforms-is-recaptcha-type-invisible\" ><div class=\"g-recaptcha\" data-sitekey=\"6LcA1PspAAAAANizgGkMs_flEABYIwempEXxj5LC\" data-size=\"invisible\"><\/div><\/div><div class=\"wpforms-submit-container\" ><input type=\"hidden\" name=\"wpforms[id]\" value=\"376\"><input type=\"hidden\" name=\"page_title\" value=\"\"><input type=\"hidden\" name=\"page_url\" value=\"https:\/\/iwantmyhealthback.com\/sv\/wp-json\/wp\/v2\/pages\/2370\"><input type=\"hidden\" name=\"url_referer\" value=\"\"><button type=\"submit\" name=\"wpforms[submit]\" id=\"wpforms-submit-376\" class=\"wpforms-submit\" data-alt-text=\"Skickar...\" data-submit-text=\"Skicka in\" aria-live=\"assertive\" value=\"wpforms-submit\">Skicka in<\/button><img loading=\"lazy\" decoding=\"async\" src=\"https:\/\/iwantmyhealthback.com\/wp-content\/plugins\/wpforms\/assets\/images\/submit-spin.svg\" class=\"wpforms-submit-spinner\" style=\"display: none;\" width=\"26\" height=\"26\" alt=\"Laddar\"><\/div><\/form><\/div>  <!-- .wpforms-container -->\n\n\n\t\t<\/div>\n\t\t\t\t\t<\/div>\n\n\t\n\n\t<div id=\"col-475454934\" class=\"col medium-4 small-12 large-4\"  >\n\t\t\t\t<div class=\"col-inner\"  >\n\t\t\t\n\t\t\t\n\n\t<div id=\"text-2339267293\" class=\"text\">\n\t\t\n\n<p><span style=\"font-size: 160%;\"><strong>Kontakta oss<\/strong><\/span><\/p>\n<p><a href=\"tel:+18005073008\">+1 800 507 3008<\/a> (USA\/Kanada)<br><a href=\"tel:%20808%\">+44 808 196 5687<\/a> (STORBRITANNIEN)<br><a href=\"tel%20+61%%20025%\">+61 1800 025 525<\/a> (Australien)<br><a href=\"tel:+41435500221\">+41 435 500 221<\/a> (Europa)<br><a href=\"tel:+64800447964\">+64 800 447 964<\/a> (Nya Zeeland)<br><a href=\"tel:+852800938846\">+852 800 938 846 <\/a>(Hongkong)<\/p>\n<p><strong>Kontor:<br><\/strong><a href=\"mailto:help@iwantmyhealthback.com\">help@iwantmyhealthback.com<\/a><\/p>\n\n\t\t\n<style>\n#text-2339267293 {\n  color: rgb(0,0,0);\n}\n#text-2339267293 > * {\n  color: rgb(0,0,0);\n}\n<\/style>\n\t<\/div>\n\t\n\t<div class=\"img has-hover x md-x lg-x y md-y lg-y\" id=\"image_466904395\">\n\t\t\t\t\t\t\t\t<div class=\"img-inner dark\" >\n\t\t\t<img loading=\"lazy\" decoding=\"async\" width=\"1020\" height=\"574\" src=\"https:\/\/iwantmyhealthback.com\/wp-content\/uploads\/2024\/03\/Contact-MD-1024x576.jpg\" class=\"attachment-large size-large\" alt=\"\" srcset=\"https:\/\/iwantmyhealthback.com\/wp-content\/uploads\/2024\/03\/Contact-MD-1024x576.jpg 1024w, https:\/\/iwantmyhealthback.com\/wp-content\/uploads\/2024\/03\/Contact-MD-300x169.jpg 300w, https:\/\/iwantmyhealthback.com\/wp-content\/uploads\/2024\/03\/Contact-MD-510x287.jpg 510w, https:\/\/iwantmyhealthback.com\/wp-content\/uploads\/2024\/03\/Contact-MD-768x432.jpg 768w, https:\/\/iwantmyhealthback.com\/wp-content\/uploads\/2024\/03\/Contact-MD-1536x864.jpg 1536w, https:\/\/iwantmyhealthback.com\/wp-content\/uploads\/2024\/03\/Contact-MD.jpg 1920w\" sizes=\"auto, (max-width: 1020px) 100vw, 1020px\" \/>\t\t\t\t\t\t\n\t\t\t\t\t<\/div>\n\t\t\t\t\t\t\t\t\n<style>\n#image_466904395 {\n  width: 100%;\n}\n<\/style>\n\t<\/div>\n\t\n\n\n\t\t<\/div>\n\t\t\t\t\t<\/div>\n\n\t\n\n<\/div>\n\n","protected":false},"excerpt":{"rendered":"","protected":false},"author":2,"featured_media":0,"parent":0,"menu_order":0,"comment_status":"closed","ping_status":"closed","template":"","meta":{"bwfblock_default_font":"","_uag_custom_page_level_css":"","footnotes":""},"class_list":["post-2370","page","type-page","status-publish","hentry"],"uagb_featured_image_src":{"full":false,"thumbnail":false,"medium":false,"medium_large":false,"large":false,"1536x1536":false,"2048x2048":false,"woocommerce_thumbnail":false,"woocommerce_single":false,"woocommerce_gallery_thumbnail":false},"uagb_author_info":{"display_name":"IWantMyHealthBack","author_link":"https:\/\/iwantmyhealthback.com\/sv\/author\/anthonette\/"},"uagb_comment_info":0,"uagb_excerpt":null,"_links":{"self":[{"href":"https:\/\/iwantmyhealthback.com\/sv\/wp-json\/wp\/v2\/pages\/2370","targetHints":{"allow":["GET"]}}],"collection":[{"href":"https:\/\/iwantmyhealthback.com\/sv\/wp-json\/wp\/v2\/pages"}],"about":[{"href":"https:\/\/iwantmyhealthback.com\/sv\/wp-json\/wp\/v2\/types\/page"}],"author":[{"embeddable":true,"href":"https:\/\/iwantmyhealthback.com\/sv\/wp-json\/wp\/v2\/users\/2"}],"replies":[{"embeddable":true,"href":"https:\/\/iwantmyhealthback.com\/sv\/wp-json\/wp\/v2\/comments?post=2370"}],"version-history":[{"count":0,"href":"https:\/\/iwantmyhealthback.com\/sv\/wp-json\/wp\/v2\/pages\/2370\/revisions"}],"wp:attachment":[{"href":"https:\/\/iwantmyhealthback.com\/sv\/wp-json\/wp\/v2\/media?parent=2370"}],"curies":[{"name":"wp","href":"https:\/\/api.w.org\/{rel}","templated":true}]}}