{"id":2318,"date":"2024-01-22T16:53:16","date_gmt":"2024-01-22T20:53:16","guid":{"rendered":"https:\/\/iwantmyhealthback.com\/aterbetalningspolicy\/"},"modified":"2024-05-07T13:01:06","modified_gmt":"2024-05-07T17:01:06","slug":"aterbetalningspolicy","status":"publish","type":"page","link":"https:\/\/iwantmyhealthback.com\/sv\/aterbetalningspolicy\/","title":{"rendered":"\u00c5terbetalningspolicy"},"content":{"rendered":"\n\n\t<section class=\"section\" id=\"section_1926161111\">\n\t\t<div class=\"section-bg fill\" >\n\t\t\t\t\t\t\t\t\t\n\t\t\t\n\n\t\t<\/div>\n\n\t\t\n\n\t\t<div class=\"section-content relative\">\n\t\t\t\n\n<div class=\"row\"  id=\"row-603890471\">\n\n\n\t<div id=\"col-2106693203\" class=\"col small-12 large-12\"  >\n\t\t\t\t<div class=\"col-inner\"  >\n\t\t\t\n\t\t\t\n\n\t<div id=\"text-886027311\" class=\"text\">\n\t\t\n\n<h1><span style=\"font-size: 130%;\">\u00c5terbetalningspolicy<\/span><\/h1>\n<p>Tack f\u00f6r att du k\u00f6per v\u00e5ra produkter p\u00e5 iWantMyHealthBack.com<\/p>\n<p>F\u00f6r att vara ber\u00e4ttigad till \u00e5terbetalning m\u00e5ste du returnera produkten inom 30 kalenderdagar efter ditt k\u00f6p. Produkten m\u00e5ste vara i samma skick som n\u00e4r du tog emot den och oskadad p\u00e5 n\u00e5got s\u00e4tt.<\/p>\n<p>N\u00e4r vi har tagit emot din vara kommer v\u00e5rt team av professionella medarbetare att inspektera den och behandla din \u00e5terbetalning. Pengarna kommer att \u00e5terbetalas till den ursprungliga betalningsmetod som du anv\u00e4nde vid k\u00f6pet. F\u00f6r kreditkortsbetalningar kan det ta 5 till 10 arbetsdagar innan \u00e5terbetalningen syns p\u00e5 ditt kreditkortsutdrag.<\/p>\n<p>Om produkten \u00e4r skadad p\u00e5 n\u00e5got s\u00e4tt eller om du har p\u00e5b\u00f6rjat returen efter att 30 kalenderdagar har g\u00e5tt, kommer du inte att vara ber\u00e4ttigad till \u00e5terbetalning.<\/p>\n<p>Om n\u00e5got \u00e4r oklart eller om du har fler fr\u00e5gor \u00e4r du v\u00e4lkommen att kontakta v\u00e5rt kundtj\u00e4nstteam p\u00e5 <a href=\"mailto:@iwantmyhealthback.com\">help@iwantmyhealthback.com<\/a><\/p>\n\t\t\n<style>\n#text-886027311 {\n  line-height: 2.05;\n  color: rgb(0,0,0);\n}\n#text-886027311 > * {\n  color: rgb(0,0,0);\n}\n<\/style>\n\t<\/div>\n\t\n\n\t\t<\/div>\n\t\t\t\t\t<\/div>\n\n\t\n\n<\/div>\n<div class=\"row align-middle align-center\"  id=\"row-740813169\">\n\n\n\t<div id=\"col-1859833546\" class=\"col small-12 large-12\"  >\n\t\t\t\t<div class=\"col-inner text-center\"  >\n\t\t\t\n\t\t\t\n\n\t\t<div class=\"hidden\">\n\t\t\t\t\n\n<div class=\"uagb-container-inner-blocks-wrap\" style=\"font-family: Arial\"><p class=\"bwf-adv-heading bwf-adv-head-3a4912f bwf-width-default\"><a href=\"https:\/\/iwantmyhealthback.com\/privacy-policy\/\" data-type=\"page\" data-id=\"3\" target=\"_blank\" rel=\"noreferrer noopener\">Integritetspolicy<\/a>&nbsp;|.&nbsp;<a href=\"https:\/\/iwantmyhealthback.com\/sv\/villkor-och-anvisningar\/\" data-type=\"page\" data-id=\"41\" target=\"_blank\" rel=\"noreferrer noopener\">Villkor<\/a>&nbsp;&nbsp;<a href=\"https:\/\/iwantmyhealthback.com\/sv\/aterbetalningspolicy\/\" data-type=\"page\" data-id=\"10\" target=\"_blank\" rel=\"noreferrer noopener\">\u00c5terbetalningspolicy&nbsp;<\/a>&nbsp;<a href=\"https:\/\/iwantmyhealthback.com\/contact-us\/\" data-type=\"page\" data-id=\"42\" target=\"_blank\" rel=\"noreferrer noopener\">Kontakt<\/a><br>iWantMyHealthBack.com Upphovsr\u00e4tt. Alla r\u00e4ttigheter f\u00f6rbeh\u00e5llna.<\/p><\/div>\n\t\t<\/div>\n\t\n\n\t\t<\/div>\n\t\t\t\t\t<\/div>\n\n\t\n\n<\/div>\n\n\t\t<\/div>\n\n\t\t\n<style>\n#section_1926161111 {\n  padding-top: 30px;\n  padding-bottom: 30px;\n}\n<\/style>\n\t<\/section>\n\t\n\t<div id=\"gap-1173677357\" class=\"gap-element clearfix\" style=\"display:block; height:auto;\">\n\t\t\n<style>\n#gap-1173677357 {\n  padding-top: 27px;\n}\n@media (min-width:550px) {\n  #gap-1173677357 {\n    padding-top: 100px;\n  }\n}\n<\/style>\n\t<\/div>\n\t\n\n\n","protected":false},"excerpt":{"rendered":"","protected":false},"author":1,"featured_media":0,"parent":0,"menu_order":0,"comment_status":"closed","ping_status":"closed","template":"","meta":{"bwfblock_default_font":"","_uag_custom_page_level_css":"","footnotes":""},"class_list":["post-2318","page","type-page","status-publish","hentry"],"uagb_featured_image_src":{"full":false,"thumbnail":false,"medium":false,"medium_large":false,"large":false,"1536x1536":false,"2048x2048":false,"woocommerce_thumbnail":false,"woocommerce_single":false,"woocommerce_gallery_thumbnail":false},"uagb_author_info":{"display_name":"IWantMyHealthBack","author_link":"https:\/\/iwantmyhealthback.com\/sv\/author\/iwantmyhealth\/"},"uagb_comment_info":0,"uagb_excerpt":null,"_links":{"self":[{"href":"https:\/\/iwantmyhealthback.com\/sv\/wp-json\/wp\/v2\/pages\/2318","targetHints":{"allow":["GET"]}}],"collection":[{"href":"https:\/\/iwantmyhealthback.com\/sv\/wp-json\/wp\/v2\/pages"}],"about":[{"href":"https:\/\/iwantmyhealthback.com\/sv\/wp-json\/wp\/v2\/types\/page"}],"author":[{"embeddable":true,"href":"https:\/\/iwantmyhealthback.com\/sv\/wp-json\/wp\/v2\/users\/1"}],"replies":[{"embeddable":true,"href":"https:\/\/iwantmyhealthback.com\/sv\/wp-json\/wp\/v2\/comments?post=2318"}],"version-history":[{"count":0,"href":"https:\/\/iwantmyhealthback.com\/sv\/wp-json\/wp\/v2\/pages\/2318\/revisions"}],"wp:attachment":[{"href":"https:\/\/iwantmyhealthback.com\/sv\/wp-json\/wp\/v2\/media?parent=2318"}],"curies":[{"name":"wp","href":"https:\/\/api.w.org\/{rel}","templated":true}]}}