{"id":2190,"date":"2024-01-22T16:47:54","date_gmt":"2024-01-22T20:47:54","guid":{"rendered":"https:\/\/iwantmyhealthback.com\/villkor-och-anvisningar\/"},"modified":"2024-06-17T05:17:00","modified_gmt":"2024-06-17T09:17:00","slug":"villkor-och-anvisningar","status":"publish","type":"page","link":"https:\/\/iwantmyhealthback.com\/sv\/villkor-och-anvisningar\/","title":{"rendered":"Villkor och anvisningar"},"content":{"rendered":"\n\n\t<section class=\"section\" id=\"section_1143876758\">\n\t\t<div class=\"section-bg fill\" >\n\t\t\t\t\t\t\t\t\t\n\t\t\t\n\n\t\t<\/div>\n\n\t\t\n\n\t\t<div class=\"section-content relative\">\n\t\t\t\n\n<div class=\"row\"  id=\"row-376336726\">\n\n\n\t<div id=\"col-1365274262\" class=\"col small-12 large-12\"  >\n\t\t\t\t<div class=\"col-inner\"  >\n\t\t\t\n\t\t\t\n\n\t<div id=\"text-1801018232\" class=\"text\">\n\t\t\n\n<h1><span style=\"font-size: 130%;\">Villkor och best\u00e4mmelser f\u00f6r anv\u00e4ndning av webbplatsen<\/span><\/h1>\n<p>Redog\u00f6relse f\u00f6r platsanv\u00e4ndning<\/p>\n<p>Omfattning av detta utl\u00e5tande &#8212; Genom att g\u00e5 in p\u00e5 och forts\u00e4tta anv\u00e4nda den webbplats fr\u00e5n vilken du har n\u00e5tt detta utl\u00e5tande godk\u00e4nner du villkoren i detta utl\u00e5tande. Detta integritets- \/ informationsmeddelande har antagits av <b>IWantmyHealthBack.Com<\/b><\/p>\n<p>.<\/p>\n<p>Organisationen f\u00f6rbeh\u00e5ller sig alla r\u00e4ttigheter.<\/p>\n<p>Varken de eller organisationens \u00f6vriga personal f\u00e5r diagnostisera eller behandla medicinska \u00e5kommor eller sjukdomar. Personer som beh\u00f6ver l\u00e4karv\u00e5rd b\u00f6r kontakta en legitimerad l\u00e4kare.<\/p>\n<p>Inneh\u00e5llet p\u00e5 de webbplatser som \u00e4r l\u00e4nkade till detta utl\u00e5tande \u00e4r endast avsett f\u00f6r jurisdiktioner d\u00e4r det \u00e4r lagligt att tillhandah\u00e5lla s\u00e5dan information.<\/p>\n<p>Tillg\u00e5ng till och anv\u00e4ndning av denna webbplats omfattas av f\u00f6ljande villkor och alla till\u00e4mpliga lagar. Du kan surfa p\u00e5 denna webbplats f\u00f6r personlig underh\u00e5llning och information. Du f\u00e5r dock inte distribuera, modifiera, \u00f6verf\u00f6ra eller revidera inneh\u00e5llet p\u00e5 denna webbplats utan v\u00e5rt skriftliga tillst\u00e5nd. Inneh\u00e5llet p\u00e5 de webbplatser som l\u00e4nkar till detta uttalande inkluderar upphovsr\u00e4ttsskyddat material som antingen anv\u00e4nds med tillst\u00e5nd eller erbjuds enligt undantaget f\u00f6r r\u00e4ttvis anv\u00e4ndning.<\/p>\n<p>Vi l\u00e4mnar inga garantier eller utf\u00e4stelser om riktigheten eller fullst\u00e4ndigheten i inneh\u00e5llet p\u00e5 denna webbplats eller i inneh\u00e5llet p\u00e5 n\u00e5gon webbplats eller webbplatser som \u00e4r l\u00e4nkade till denna webbplats. Varken organisationen eller n\u00e5got av dess dotterbolag ska h\u00e5llas ansvariga f\u00f6r direkta, tillf\u00e4lliga, f\u00f6ljdskador, indirekta eller straffr\u00e4ttsliga skador som uppst\u00e5r till f\u00f6ljd av \u00e5tkomst till eller anv\u00e4ndning av n\u00e5got inneh\u00e5ll p\u00e5 denna webbplats eller inneh\u00e5llet p\u00e5 n\u00e5gon webbplats eller webbplatser som \u00e4r l\u00e4nkade till denna webbplats.<\/p>\n<p>All kommunikation eller allt material som du publicerar eller s\u00e4nder till oss via Internet \u00e4r och kommer att behandlas som icke-konfidentiellt och icke-propriet\u00e4rt (med undantag f\u00f6r vad som anges i sekretesspolicyn). Genom att \u00f6verf\u00f6ra eller publicera kommunikation eller material p\u00e5 dessa webbplatser samtycker du till att organisationen eller n\u00e5got av dess dotterbolag f\u00e5r anv\u00e4nda din kommunikation eller ditt material f\u00f6r alla \u00e4ndam\u00e5l, inklusive reproduktion, \u00f6verf\u00f6ring, publicering, s\u00e4ndning och publicering. Det kan h\u00e4nda att vi inte kan svara p\u00e5 alla meddelanden som publiceras p\u00e5 denna webbplats. Vidare f\u00e5r du inte publicera eller \u00f6verf\u00f6ra n\u00e5got olagligt, hotfullt, \u00e4rekr\u00e4nkande, f\u00f6rtalande, obscent, pornografiskt eller profant material eller n\u00e5got material som kan utg\u00f6ra eller uppmuntra till ett beteende som skulle betraktas som en brottslig handling eller bryta mot n\u00e5gon lag. Vi kommer att ta bort alla s\u00e5dana uttalanden.<\/p>\n<p>Alla namn, logotyper och m\u00e4rken som f\u00f6rekommer p\u00e5 denna webbplats, om inte annat anges, \u00e4r varum\u00e4rken (servicem\u00e4rken) som \u00e4gs eller anv\u00e4nds under licens av oss eller v\u00e5ra dotterbolag i de geografiska omr\u00e5den d\u00e4r de marknadsf\u00f6r produkter och tj\u00e4nster som b\u00e4r s\u00e5dana varum\u00e4rken, eller \u00e4r en &#8221;r\u00e4ttvis anv\u00e4ndning&#8221; av andras m\u00e4rken eller upphovsr\u00e4ttsmaterial. Olaglig anv\u00e4ndning eller missbruk av m\u00e4rken, upphovsr\u00e4ttsligt material eller annat inneh\u00e5ll p\u00e5 denna webbplats, f\u00f6rutom vad som anges i dessa villkor eller i webbplatsens inneh\u00e5ll, \u00e4r str\u00e4ngt f\u00f6rbjudet. Genom att g\u00e5 in p\u00e5 denna webbplats samtycker du till att respektera varum\u00e4rke, upphovsr\u00e4tt och annan skyddad immateriell egendom som publiceras p\u00e5 denna webbplats eller webbplatser som \u00e4r anslutna till den.<\/p>\n<p>Alla konsumentupplevelser som h\u00e4nvisas till p\u00e5 denna webbplats har l\u00e4mnats frivilligt av tillverkarna utan n\u00e5gon form av incitament. De resultat som h\u00e4nvisas till i Consumer Experiences kanske inte \u00e4r typiska och andras resultat kan variera.<\/p>\n<p>Allt material fr\u00e5n tredje part som l\u00e4nkar p\u00e5 dessa webbplatser pekar p\u00e5, eller som kan vara tillg\u00e4ngligt via dessa webbplatser, \u00e4r det enda ansvaret f\u00f6r dem som publicerar s\u00e5dant material; denna webbplats och dess dotterbolag st\u00f6der inte eller antar n\u00e5gon information eller p\u00e5st\u00e5enden som finns p\u00e5 s\u00e5dana webbplatser fr\u00e5n tredje part. Vi tillhandah\u00e5ller l\u00e4nkar till dig endast som en bekv\u00e4mlighet, och l\u00e4nkar inneb\u00e4r inte att vi godk\u00e4nner tredje parts webbplats eller dess inneh\u00e5ll. T\u00e4nk p\u00e5 att integritetspolicyn p\u00e5 l\u00e4nkade webbplatser kan skilja sig fr\u00e5n v\u00e5r, och du b\u00f6r l\u00e4sa villkoren och integritetspolicyn p\u00e5 s\u00e5dana webbplatser innan du l\u00e4mnar ut personuppgifter.<\/p>\n<p>Meddelande enligt Digital Millennium Copyright Act (&#8221;DMCA&#8221;) &#8211; Material kan g\u00f6ras tillg\u00e4ngligt via denna webbplats av tredje part som inte ligger inom v\u00e5r kontroll. Vi har ingen skyldighet att, och skannar inte, inneh\u00e5ll som anv\u00e4nds i anslutning till webbplatserna f\u00f6r att uppt\u00e4cka olagligt eller otill\u00e5tet inneh\u00e5ll. Vi respekterar dock andras upphovsr\u00e4ttsliga intressen. Det \u00e4r v\u00e5r policy att inte till\u00e5ta att material som vi vet g\u00f6r intr\u00e5ng i en annan parts upphovsr\u00e4tt finns kvar p\u00e5 denna webbplats. Om du anser att n\u00e5got material p\u00e5 denna webbplats g\u00f6r intr\u00e5ng i upphovsr\u00e4tten ska du ge oss ett detaljerat skriftligt meddelande via e-post till help@iwantmyhealthback.com<\/p>\n<p>.<\/p>\n<p>Dessutom tar organisationen inte p\u00e5 sig n\u00e5got juridiskt ansvar f\u00f6r riktigheten, fullst\u00e4ndigheten eller anv\u00e4ndbarheten av n\u00e5gon information, produkt eller process som beskrivs h\u00e4r eller frihet fr\u00e5n datavirus, och utf\u00e4ster inte att anv\u00e4ndningen av s\u00e5dan information, produkt eller process inte skulle kr\u00e4nka privat\u00e4gda r\u00e4ttigheter.<\/p>\n<p>Vi erbjuder inte produkter eller tj\u00e4nster i syfte att diagnostisera, f\u00f6rskriva, behandla eller p\u00e5st\u00e5 sig f\u00f6rebygga, lindra eller bota n\u00e5gon sjukdom eller n\u00e5got medicinskt eller psykologiskt tillst\u00e5nd. Uttalandena p\u00e5 dessa webbsidor har inte utv\u00e4rderats av United States Food and Drug Administration (FDA) eller n\u00e5gon annan statlig myndighet, om inte annat s\u00e4rskilt anges. Vi diskriminerar inte p\u00e5 grundval av n\u00e5gon olaglig kategorisering. Vi tillhandah\u00e5ller tj\u00e4nster och\/eller produkter privat, endast med mottagarens informerade samtycke.<\/p>\n<p>De kosttillskott och andra substanser och\/eller material, utrustning eller apparater som diskuteras p\u00e5 denna webbplats har kanske inte genomg\u00e5tt utv\u00e4rdering och\/eller testning av FDA eller motsvarande myndighet i n\u00e5got annat land. Risker som kan fastst\u00e4llas genom s\u00e5dana tester \u00e4r ok\u00e4nda. Om dessa substanser \u00e4r kosttillskott \u00e4r de inte avsedda att diagnostisera, behandla, bota eller f\u00f6rebygga n\u00e5gon sjukdom. I vissa jurisdiktioner kan vissa av dessa betraktas som receptbelagda l\u00e4kemedel, kontrollerade eller smugglade substanser eller medicintekniska produkter. Eftersom den information som publiceras p\u00e5 webbplatsen \u00e4r tillg\u00e4nglig f\u00f6r alla i hela v\u00e4rlden, ger webbplatsen inga juridiska, n\u00e4ringsm\u00e4ssiga eller medicinska r\u00e5d som kan g\u00e4lla f\u00f6r en viss konsument. Konsumenterna uppmanas att r\u00e5dfr\u00e5ga lokal, regional juridisk r\u00e5dgivare och\/eller h\u00e4lso- och sjukv\u00e5rdspersonal innan de k\u00f6per medlemskap, produkter och\/eller tj\u00e4nster p\u00e5 webbplatsen. De \u00e5sikter som uttrycks p\u00e5 denna webbplats, och p\u00e5 webbplatser som den kan l\u00e4nka till, \u00e4r inte n\u00f6dv\u00e4ndigtvis \u00e5sikterna hos den sponsrande organisationen och antas inte f\u00f6r kommersiella \u00e4ndam\u00e5l. Denna information \u00e4r inte avsedd att diagnostisera eller ordinera f\u00f6r medicinska eller psykologiska tillst\u00e5nd, och den g\u00f6r inte heller anspr\u00e5k p\u00e5 att f\u00f6rebygga, behandla, lindra eller bota s\u00e5dana tillst\u00e5nd med vanliga medicinska medel. Vi tillhandah\u00e5ller inte diagnos, v\u00e5rd, behandling eller rehabilitering av individer och till\u00e4mpar inte heller principer f\u00f6r medicinsk, psykisk h\u00e4lsa eller m\u00e4nsklig utveckling. Om produkterna \u00e4r till nytta f\u00f6r kunderna h\u00e4rr\u00f6r denna nytta fr\u00e5n deras n\u00e4ringsv\u00e4rde och inte fr\u00e5n n\u00e5got p\u00e5st\u00e5ende om l\u00e4kemedelsverkan. I den m\u00e5n organisationen \u00e4r en privat f\u00f6rening \u00e4r denna webbplats &#8221;Expressive Association&#8221;, vilket \u00e4r ett uttryck f\u00f6r f\u00f6reningens \u00f6vertygelser genom dess interna beslut och aktiviteter.<\/p>\n<p>Om du k\u00f6per n\u00e5gra tj\u00e4nster eller produkter via webbplatsen bekr\u00e4ftar du att du har gjort det med informerat samtycke och du ger h\u00e4rmed privat licens till leverant\u00f6ren av tj\u00e4nsterna att tillhandah\u00e5lla s\u00e5dana produkter eller tj\u00e4nster.<\/p>\n\t\t\n<style>\n#text-1801018232 {\n  line-height: 2.05;\n  color: rgb(0,0,0);\n}\n#text-1801018232 > * {\n  color: rgb(0,0,0);\n}\n<\/style>\n\t<\/div>\n\t\n\n\t\t<\/div>\n\t\t\t\t\t<\/div>\n\n\t\n\n<\/div>\n<div class=\"row align-middle align-center\"  id=\"row-1468481835\">\n\n\n\n<\/div>\n\n\t\t<\/div>\n\n\t\t\n<style>\n#section_1143876758 {\n  padding-top: 30px;\n  padding-bottom: 30px;\n}\n<\/style>\n\t<\/section>\n\t\n\n","protected":false},"excerpt":{"rendered":"","protected":false},"author":2,"featured_media":0,"parent":0,"menu_order":0,"comment_status":"closed","ping_status":"closed","template":"","meta":{"bwfblock_default_font":"","_uag_custom_page_level_css":"","footnotes":""},"class_list":["post-2190","page","type-page","status-publish","hentry"],"uagb_featured_image_src":{"full":false,"thumbnail":false,"medium":false,"medium_large":false,"large":false,"1536x1536":false,"2048x2048":false,"woocommerce_thumbnail":false,"woocommerce_single":false,"woocommerce_gallery_thumbnail":false},"uagb_author_info":{"display_name":"IWantMyHealthBack","author_link":"https:\/\/iwantmyhealthback.com\/sv\/author\/anthonette\/"},"uagb_comment_info":0,"uagb_excerpt":null,"_links":{"self":[{"href":"https:\/\/iwantmyhealthback.com\/sv\/wp-json\/wp\/v2\/pages\/2190","targetHints":{"allow":["GET"]}}],"collection":[{"href":"https:\/\/iwantmyhealthback.com\/sv\/wp-json\/wp\/v2\/pages"}],"about":[{"href":"https:\/\/iwantmyhealthback.com\/sv\/wp-json\/wp\/v2\/types\/page"}],"author":[{"embeddable":true,"href":"https:\/\/iwantmyhealthback.com\/sv\/wp-json\/wp\/v2\/users\/2"}],"replies":[{"embeddable":true,"href":"https:\/\/iwantmyhealthback.com\/sv\/wp-json\/wp\/v2\/comments?post=2190"}],"version-history":[{"count":0,"href":"https:\/\/iwantmyhealthback.com\/sv\/wp-json\/wp\/v2\/pages\/2190\/revisions"}],"wp:attachment":[{"href":"https:\/\/iwantmyhealthback.com\/sv\/wp-json\/wp\/v2\/media?parent=2190"}],"curies":[{"name":"wp","href":"https:\/\/api.w.org\/{rel}","templated":true}]}}