{"id":15314,"date":"2025-07-01T01:37:18","date_gmt":"2025-07-01T05:37:18","guid":{"rendered":"https:\/\/iwantmyhealthback.com\/ansvarsfriskrivning\/"},"modified":"2025-07-02T02:14:36","modified_gmt":"2025-07-02T06:14:36","slug":"ansvarsfriskrivning","status":"publish","type":"page","link":"https:\/\/iwantmyhealthback.com\/sv\/ansvarsfriskrivning\/","title":{"rendered":"Ansvarsfriskrivning"},"content":{"rendered":"\n\n\t<section class=\"section has-scroll-for-more\" id=\"section_2111406381\">\n\t\t<div class=\"section-bg fill\" >\n\t\t\t\t\t\t\t\t\t<button class=\"scroll-for-more z-5 icon absolute bottom h-center\" aria-label=\"Scroll for more\"><i class=\"icon-angle-down\" aria-hidden=\"true\" style=\"font-size:42px;\"><\/i><\/button>\n\t\t\t\n\t<div class=\"is-border\"\n\t\tstyle=\"border-width:0px 0px 0px 0px;\">\n\t<\/div>\n\n\t\t<\/div>\n\n\t\t\n\n\t\t<div class=\"section-content relative\">\n\t\t\t\n\n<div class=\"row align-center\"  id=\"row-399125617\">\n\n\n\t<div id=\"col-185799561\" class=\"col medium-8 small-10 large-10\"  >\n\t\t\t\t<div class=\"col-inner text-center\"  >\n\t\t\t\n\t\t\t\n\n<h3>Vittnesm\u00e5l<\/h3>\n<h2 style=\"font-size:250%;\">Verkliga ber\u00e4ttelser. Verkliga f\u00f6rvandlingar. <\/h2>\n\n\t\t<\/div>\n\t\t\t\t\n<style>\n#col-185799561 > .col-inner {\n  padding: 40px 0px 0px 0px;\n}\n<\/style>\n\t<\/div>\n\n\t\n\n<\/div>\n\n\t\t<\/div>\n\n\t\t\n<style>\n#section_2111406381 {\n  padding-top: 30px;\n  padding-bottom: 30px;\n}\n<\/style>\n\t<\/section>\n\t\n<div class=\"row\"  id=\"row-1970157811\">\n\n\n\t<div id=\"col-1543319038\" class=\"col small-12 large-12\"  >\n\t\t\t\t<div class=\"col-inner\"  >\n\t\t\t\n\t\t\t\n\n<p>F\u00f6r tydlighetens skull vill vi p\u00e5peka att informationen p\u00e5 denna webbplats eller p\u00e5 l\u00e4nkade webbplatser inte \u00e4r avsedd att diagnostisera, behandla, bota eller f\u00f6rebygga n\u00e5gon sjukdom. Informationen presenteras endast i utbildningssyfte och \u00e4r inte avsedd att diagnostisera eller f\u00f6rskriva n\u00e5got medicinskt eller psykologiskt tillst\u00e5nd, inte heller att f\u00f6rebygga, behandla, lindra eller bota s\u00e5dana tillst\u00e5nd. Informationen i detta dokument \u00e4r inte avsedd att ers\u00e4tta ett personligt m\u00f6te med en l\u00e4kare eller annan kvalificerad sjukv\u00e5rdspersonal. D\u00e4rf\u00f6r \u00e4r denna information inte avsedd som medicinsk r\u00e5dgivning, utan snarare som ett utbyte av kunskap och information baserad p\u00e5 forskning och erfarenhet.   <\/p>\n<p>Uttalanden p\u00e5 denna webbplats eller l\u00e4nkade webbplatser har inte utv\u00e4rderats av Food and Drug Administration om inte annat anges.<\/p>\n<p>  MagicDichol\u00ae uppmuntrar dig att fatta dina egna beslut om h\u00e4lso- och sjukv\u00e5rd baserat p\u00e5 din egen bed\u00f6mning och forskning i samarbete med kvalificerad sjukv\u00e5rdspersonal.<\/p>\n<p>INGENTING P\u00c5 DENNA WEBBPLATS \u00c4R AVSETT SOM, ELLER SKA TOLKAS SOM, MEDICINSK R\u00c5DGIVNING. KONSUMENTER B\u00d6R R\u00c5DG\u00d6RA MED SIN EGEN V\u00c5RDPERSONAL F\u00d6R INDIVIDUELLA, MEDICINSKA REKOMMENDATIONER. INFORMATIONEN P\u00c5 DENNA WEBBPLATS G\u00c4LLER KOSTTILLSKOTT, PRODUKTER SOM INTE \u00c4R L\u00c4KEMEDEL. V\u00c5RA KOSTTILLSKOTT OCH KOSMETISKA PRODUKTER \u00c4R INTE AVSEDDA ATT ANV\u00c4NDAS SOM ETT S\u00c4TT ATT BOTA, BEHANDLA, F\u00d6REBYGGA, DIAGNOSTISERA ELLER LINDRA N\u00c5GON SJUKDOM ELLER ANNAT MEDICINSKT ELLER ONORMALT TILLST\u00c5ND.   <\/p>\n\n\t\t<\/div>\n\t\t\t\t\t<\/div>\n\n\t\n\n<\/div>\n\n\t<section class=\"section\" id=\"section_1159095471\">\n\t\t<div class=\"section-bg fill\" >\n\t\t\t\t\t\t\t\t\t\n\t\t\t\n\n\t\t<\/div>\n\n\t\t\n\n\t\t<div class=\"section-content relative\">\n\t\t\t\n\n<div class=\"row row-full-width align-center\"  id=\"row-464553914\">\n\n\n\t<div id=\"col-321705236\" class=\"col medium-6 small-12 large-6\"  >\n\t\t\t\t<div class=\"col-inner\"  >\n\t\t\t\n\t\t\t\n\n<a href=\"https:\/\/iwantmyhealthback.com\/sv\/\" class=\"button primary is-outline expand\" >\n\t\t<span>Avbryt<\/span>\n\t<\/a>\n\n\n\n\t\t<\/div>\n\t\t\t\t\t<\/div>\n\n\t\n\n\t<div id=\"col-1118888009\" class=\"col medium-6 small-12 large-6\"  >\n\t\t\t\t<div class=\"col-inner\"  >\n\t\t\t\n\t\t\t\n\n<a href=\"https:\/\/iwantmyhealthback.com\/wp-content\/uploads\/2025\/07\/Metadichol-Testimonials-Gathered-by-Cosmic-Connections.pdf\" class=\"button primary expand\" >\n\t\t<span>Godk\u00e4nn f\u00f6r att forts\u00e4tta<\/span>\n\t<\/a>\n\n\n\n\t\t<\/div>\n\t\t\t\t\t<\/div>\n\n\t\n\n<\/div>\n\n\t\t<\/div>\n\n\t\t\n<style>\n#section_1159095471 {\n  padding-top: 30px;\n  padding-bottom: 30px;\n}\n<\/style>\n\t<\/section>\n\t\n\n","protected":false},"excerpt":{"rendered":"","protected":false},"author":2,"featured_media":0,"parent":0,"menu_order":0,"comment_status":"closed","ping_status":"closed","template":"","meta":{"bwfblock_default_font":"","_uag_custom_page_level_css":"","footnotes":""},"class_list":["post-15314","page","type-page","status-publish","hentry"],"uagb_featured_image_src":{"full":false,"thumbnail":false,"medium":false,"medium_large":false,"large":false,"1536x1536":false,"2048x2048":false,"woocommerce_thumbnail":false,"woocommerce_single":false,"woocommerce_gallery_thumbnail":false},"uagb_author_info":{"display_name":"IWantMyHealthBack","author_link":"https:\/\/iwantmyhealthback.com\/sv\/author\/anthonette\/"},"uagb_comment_info":0,"uagb_excerpt":null,"_links":{"self":[{"href":"https:\/\/iwantmyhealthback.com\/sv\/wp-json\/wp\/v2\/pages\/15314","targetHints":{"allow":["GET"]}}],"collection":[{"href":"https:\/\/iwantmyhealthback.com\/sv\/wp-json\/wp\/v2\/pages"}],"about":[{"href":"https:\/\/iwantmyhealthback.com\/sv\/wp-json\/wp\/v2\/types\/page"}],"author":[{"embeddable":true,"href":"https:\/\/iwantmyhealthback.com\/sv\/wp-json\/wp\/v2\/users\/2"}],"replies":[{"embeddable":true,"href":"https:\/\/iwantmyhealthback.com\/sv\/wp-json\/wp\/v2\/comments?post=15314"}],"version-history":[{"count":0,"href":"https:\/\/iwantmyhealthback.com\/sv\/wp-json\/wp\/v2\/pages\/15314\/revisions"}],"wp:attachment":[{"href":"https:\/\/iwantmyhealthback.com\/sv\/wp-json\/wp\/v2\/media?parent=15314"}],"curies":[{"name":"wp","href":"https:\/\/api.w.org\/{rel}","templated":true}]}}