{"id":10726,"date":"2025-01-31T12:54:33","date_gmt":"2025-01-31T16:54:33","guid":{"rendered":"https:\/\/iwantmyhealthback.com\/joanne-aarstol-vittnesmal\/"},"modified":"2025-06-19T08:38:51","modified_gmt":"2025-06-19T12:38:51","slug":"joanne-aarstol-vittnesmal","status":"publish","type":"page","link":"https:\/\/iwantmyhealthback.com\/sv\/joanne-aarstol-vittnesmal\/","title":{"rendered":"Joanne Aarstol Vittnesm\u00e5l"},"content":{"rendered":"\n\n\t<section class=\"section\" id=\"section_1459305854\">\n\t\t<div class=\"section-bg fill\" >\n\t\t\t\t\t\t\t\t\t\n\t\t\t\n\n\t\t<\/div>\n\n\t\t\n\n\t\t<div class=\"section-content relative\">\n\t\t\t\n\n<div class=\"row\"  id=\"row-245390860\">\n\n\n\t<div id=\"col-162218304\" class=\"col hide-for-small medium-1 small-12 large-1\"  >\n\t\t\t\t<div class=\"col-inner\"  >\n\t\t\t\n\t\t\t\n\n\n\t\t<\/div>\n\t\t\t\t\t<\/div>\n\n\t\n\n\t<div id=\"col-130580471\" class=\"col medium-10 small-12 large-10\"  >\n\t\t\t\t<div class=\"col-inner text-center\"  >\n\t\t\t\n\t\t\t\n\n\t<div id=\"text-2197519686\" class=\"text\">\n\t\t\n\n<p>Joanne Aarstol delar med sig av sin framg\u00e5ngshistoria med MS och hj\u00e4lp av NANO SOMA \u00ae<\/p>\n\n\t\t\n<style>\n#text-2197519686 {\n  font-size: 1.5rem;\n  text-align: center;\n}\n@media (min-width:850px) {\n  #text-2197519686 {\n    font-size: 2rem;\n  }\n}\n<\/style>\n\t<\/div>\n\t\n<div class=\"video video-fit mb\" style=\"padding-top:56.25%;\"><iframe loading=\"lazy\" title=\"Joanne Aarstol shares her recovery from MS with the help of NANO SOMA\u00ae\" src=\"https:\/\/player.vimeo.com\/video\/933546338?dnt=1&amp;app_id=122963\" width=\"1020\" height=\"574\" frameborder=\"0\" allow=\"autoplay; fullscreen; picture-in-picture; clipboard-write; encrypted-media; web-share\"><\/iframe><\/div>\n\n<a href=\"https:\/\/iwantmyhealthback.com\/sv\/handla-nu\/\" target=\"_blank\" class=\"button primary is-larger\" rel=\"noopener\" style=\"border-radius:10px;\">\n\t\t<span>F\u00c5 NANO SOMA\u00ae NU!<\/span>\n\t<\/a>\n\n\n\n\t\t<\/div>\n\t\t\t\t\t<\/div>\n\n\t\n\n\t<div id=\"col-694421649\" class=\"col hide-for-small medium-1 small-12 large-1\"  >\n\t\t\t\t<div class=\"col-inner\"  >\n\t\t\t\n\t\t\t\n\n\n\t\t<\/div>\n\t\t\t\t\t<\/div>\n\n\t\n\n<\/div>\n\t<div id=\"text-934461442\" class=\"text\">\n\t\t\n\n<p><em><span style=\"font-size: 120%;\">Vittnesm\u00e5l och uttalanden i den h\u00e4r videon baseras p\u00e5 anv\u00e4ndarens individuella erfarenhet och garanterar inte att de representerar de resultat som alla anv\u00e4ndare kan uppn\u00e5. NANO SOMA\u00ae \u00e4r utformad f\u00f6r att st\u00f6dja kroppens naturliga funktioner, och resultaten kan variera. <\/span><\/em><\/p>\n\t\t\n<style>\n#text-934461442 {\n  font-size: 0.75rem;\n  text-align: center;\n}\n<\/style>\n\t<\/div>\n\t\n\n\t\t<\/div>\n\n\t\t\n<style>\n#section_1459305854 {\n  padding-top: 30px;\n  padding-bottom: 30px;\n}\n<\/style>\n\t<\/section>\n\t\n\n\n\t<section class=\"section\" id=\"section_949214685\">\n\t\t<div class=\"section-bg fill\" >\n\t\t\t\t\t\t\t\t\t\n\t\t\t\n\n\t\t<\/div>\n\n\t\t\n\n\t\t<div class=\"section-content relative\">\n\t\t\t\n\n<div class=\"row\"  id=\"row-1455326524\">\n\n\n\t<div id=\"col-1862225859\" class=\"col small-12 large-12\"  >\n\t\t\t\t<div class=\"col-inner\"  >\n\t\t\t\n\t<div class=\"is-border\"\n\t\tstyle=\"border-color:#767676;border-width:2px 2px 2px 2px;\">\n\t<\/div>\n\t\t\t\n\n\t<div id=\"text-1868669820\" class=\"text\">\n\t\t\n\n<p><strong>*Dessa uttalanden har inte utv\u00e4rderats av US Food and Drug Administration. Denna produkt \u00e4r inte avsedd att diagnostisera eller ordinera f\u00f6r n\u00e5got medicinskt tillst\u00e5nd, inte heller f\u00f6r att f\u00f6rebygga, behandla, lindra eller bota s\u00e5dana tillst\u00e5nd. Om du har n\u00e5gon sjukdom eller n\u00e5got medicinskt tillst\u00e5nd ska du r\u00e5dfr\u00e5ga din v\u00e5rdgivare.  <\/strong><\/p>\n\t\t\n<style>\n#text-1868669820 {\n  font-size: 0.9rem;\n  text-align: left;\n}\n<\/style>\n\t<\/div>\n\t\n\n\t\t<\/div>\n\t\t\t\t\n<style>\n#col-1862225859 > .col-inner {\n  padding: 10px 20px 5px 20px;\n}\n<\/style>\n\t<\/div>\n\n\t\n\n<\/div>\n\n\t\t<\/div>\n\n\t\t\n<style>\n#section_949214685 {\n  padding-top: 0px;\n  padding-bottom: 0px;\n}\n@media (min-width:550px) {\n  #section_949214685 {\n    padding-top: 30px;\n    padding-bottom: 30px;\n  }\n}\n<\/style>\n\t<\/section>\n\t\n\n","protected":false},"excerpt":{"rendered":"","protected":false},"author":2,"featured_media":0,"parent":0,"menu_order":0,"comment_status":"closed","ping_status":"closed","template":"","meta":{"bwfblock_default_font":"","_uag_custom_page_level_css":"","footnotes":""},"class_list":["post-10726","page","type-page","status-publish","hentry"],"uagb_featured_image_src":{"full":false,"thumbnail":false,"medium":false,"medium_large":false,"large":false,"1536x1536":false,"2048x2048":false,"woocommerce_thumbnail":false,"woocommerce_single":false,"woocommerce_gallery_thumbnail":false},"uagb_author_info":{"display_name":"IWantMyHealthBack","author_link":"https:\/\/iwantmyhealthback.com\/sv\/author\/anthonette\/"},"uagb_comment_info":0,"uagb_excerpt":null,"_links":{"self":[{"href":"https:\/\/iwantmyhealthback.com\/sv\/wp-json\/wp\/v2\/pages\/10726","targetHints":{"allow":["GET"]}}],"collection":[{"href":"https:\/\/iwantmyhealthback.com\/sv\/wp-json\/wp\/v2\/pages"}],"about":[{"href":"https:\/\/iwantmyhealthback.com\/sv\/wp-json\/wp\/v2\/types\/page"}],"author":[{"embeddable":true,"href":"https:\/\/iwantmyhealthback.com\/sv\/wp-json\/wp\/v2\/users\/2"}],"replies":[{"embeddable":true,"href":"https:\/\/iwantmyhealthback.com\/sv\/wp-json\/wp\/v2\/comments?post=10726"}],"version-history":[{"count":0,"href":"https:\/\/iwantmyhealthback.com\/sv\/wp-json\/wp\/v2\/pages\/10726\/revisions"}],"wp:attachment":[{"href":"https:\/\/iwantmyhealthback.com\/sv\/wp-json\/wp\/v2\/media?parent=10726"}],"curies":[{"name":"wp","href":"https:\/\/api.w.org\/{rel}","templated":true}]}}