{"id":6496,"date":"2024-01-30T14:50:29","date_gmt":"2024-01-30T14:50:29","guid":{"rendered":"https:\/\/iwantmyhealthback.com\/product\/metasomer-telomerase-natural-skin-cream-3-pack\/"},"modified":"2025-10-19T17:49:29","modified_gmt":"2025-10-19T21:49:29","slug":"metasomer-telomerase-natural-skin-cream-3-pack","status":"publish","type":"product","link":"https:\/\/iwantmyhealthback.com\/ro\/produs\/metasomer-telomerase-natural-skin-cream-3-pack\/","title":{"rendered":"NANO SOMA\u00ae Skin Cream 3-pack"},"content":{"rendered":"\n\t<section class=\"section\" id=\"section_24666039\">\n\t\t<div class=\"section-bg fill\" >\n\t\t\t\t\t\t\t\t\t\n\t\t\t\n\n\t\t<\/div>\n\n\t\t\n\n\t\t<div class=\"section-content relative\">\n\t\t\t\n<p><strong>Crema de piele NANO SOMA este o crem\u0103 de piele frumoas\u0103, neted\u0103, f\u0103r\u0103 ulei, cu un minunat parfum organic de vanilin\u0103. Deoarece declan\u0219eaz\u0103 \u00een mod natural produc\u021bia de vitamina C \u00een celulele pielii, NANO SOMA Skin Cream declan\u0219eaz\u0103 \u00een mod natural \u0219i u\u0219or refacerea colagenului \u00een piele. <\/strong><\/p>\n<p><img loading=\"lazy\" decoding=\"async\" class=\"alignnone size-full wp-image-254\" src=\"https:\/\/magicdichol.info\/wp-content\/uploads\/2023\/12\/Topical20vitamin20C20for20skin20regeneration.jpg\" alt=\"\" width=\"815\" height=\"505\"><\/p>\n<p><strong>Iat\u0103 o ilustrare a cremei de piele NANO SOMA la lucru:<\/strong><\/p>\n<p><strong><img loading=\"lazy\" decoding=\"async\" class=\"alignnone size-full wp-image-5493\" src=\"https:\/\/magicdichol.info\/wp-content\/uploads\/2023\/12\/Female-58-years-old.png\" alt=\"\" width=\"1021\" height=\"697\"><\/strong><\/p>\n<p><strong>Din experien\u021ba noastr\u0103, cei care \u00eencearc\u0103 crema de piele NANO SOMA pur \u0219i simplu o IUBESC!!!<br \/>\n<\/strong><\/p>\n<p><strong>Con\u021binut: 1 fl. oz. (30 ml)  <\/strong><\/p>\n<p><strong>INGREDIENTE:<br \/>\nAp\u0103, Hemisqualane neossance, Glicerin\u0103, Alcool cetostearilic, Cear\u0103 de ulei, Vitamina E TPGS, 2-Fenoxietanol, Gum\u0103 de xantan, Policosanoli, Monolaurat de zaharoz\u0103, Sorbat de potasiu, Acid hialuronic, Acid citric monohidrat, Parfum (lapte vanilat)<\/strong><\/p>\n<p><strong>Ingredientele sunt general recunoscute ca sigure (GRAS)<\/strong><\/p>\n<div class=\"row\"  id=\"row-1690460747\">\n\n\t<div id=\"col-813308073\" class=\"col small-12 large-12\"  >\n\t\t\t\t<div class=\"col-inner\"  >\n\t\t\t\n\t<div class=\"is-border\"\n\t\tstyle=\"border-color:rgb(204, 204, 204);border-width:1px 1px 1px 1px;\">\n\t<\/div>\n\t\t\t\n\t<div id=\"text-782603787\" class=\"text\">\n\t\t\n<p>*Aceast\u0103 declara\u021bie nu a fost evaluat\u0103 de c\u0103tre Food and Drug Administration. Acest produs nu este destinat diagnostic\u0103rii sau prescrierii pentru orice afec\u021biune medical\u0103 \u0219i nici prevenirii, trat\u0103rii, atenu\u0103rii sau vindec\u0103rii unei astfel de afec\u021biuni. Dac\u0103 ave\u021bi orice boal\u0103 sau afec\u021biune, consulta\u021bi furnizorul de asisten\u021b\u0103 medical\u0103.<\/p>\n\t\t\n<style>\n#text-782603787 {\n  font-size: 0.9rem;\n  text-align: left;\n}\n<\/style>\n\t<\/div>\n\t\n\t\t<\/div>\n\t\t\t\t\n<style>\n#col-813308073 > .col-inner {\n  padding: 20px 20px 20px 20px;\n}\n<\/style>\n\t<\/div>\n\n\t\n<\/div>\n\t\t<\/div>\n\n\t\t\n<style>\n#section_24666039 {\n  padding-top: 30px;\n  padding-bottom: 30px;\n}\n<\/style>\n\t<\/section>\n\t\n","protected":false},"excerpt":{"rendered":"<p>Crema de piele NANO SOMA este o crem\u0103 de piele frumoas\u0103, neted\u0103, f\u0103r\u0103 ulei, cu un minunat parfum organic de vanilin\u0103. Deoarece declan\u0219eaz\u0103 \u00een mod natural produc\u021bia de vitamina C \u00een celulele pielii, NANO SOMA Skin Cream declan\u0219eaz\u0103 \u00een mod natural \u0219i u\u0219or refacerea colagenului \u00een piele. <\/p>\n","protected":false},"featured_media":18730,"comment_status":"open","ping_status":"closed","template":"","meta":{"bwfblock_default_font":"","_uag_custom_page_level_css":""},"product_brand":[],"product_cat":[277],"product_tag":[1219],"class_list":{"0":"post-6496","1":"product","2":"type-product","3":"status-publish","4":"has-post-thumbnail","6":"product_cat-3-pachete","7":"product_tag-nano-soma-crema-pentru-piele","9":"first","10":"instock","11":"sale","12":"taxable","13":"shipping-taxable","14":"purchasable","15":"product-type-simple"},"uagb_featured_image_src":{"full":["https:\/\/iwantmyhealthback.com\/wp-content\/uploads\/2024\/01\/signal-2025-10-18-203311_003.jpeg",1142,1286,false],"thumbnail":["https:\/\/iwantmyhealthback.com\/wp-content\/uploads\/2024\/01\/signal-2025-10-18-203311_003-150x150.jpeg",150,150,true],"medium":["https:\/\/iwantmyhealthback.com\/wp-content\/uploads\/2024\/01\/signal-2025-10-18-203311_003-266x300.jpeg",266,300,true],"medium_large":["https:\/\/iwantmyhealthback.com\/wp-content\/uploads\/2024\/01\/signal-2025-10-18-203311_003-768x865.jpeg",768,865,true],"large":["https:\/\/iwantmyhealthback.com\/wp-content\/uploads\/2024\/01\/signal-2025-10-18-203311_003-909x1024.jpeg",909,1024,true],"1536x1536":["https:\/\/iwantmyhealthback.com\/wp-content\/uploads\/2024\/01\/signal-2025-10-18-203311_003.jpeg",1142,1286,false],"2048x2048":["https:\/\/iwantmyhealthback.com\/wp-content\/uploads\/2024\/01\/signal-2025-10-18-203311_003.jpeg",1142,1286,false],"woocommerce_thumbnail":["https:\/\/iwantmyhealthback.com\/wp-content\/uploads\/2024\/01\/signal-2025-10-18-203311_003-300x338.jpeg",300,338,true],"woocommerce_single":["https:\/\/iwantmyhealthback.com\/wp-content\/uploads\/2024\/01\/signal-2025-10-18-203311_003-510x574.jpeg",510,574,true],"woocommerce_gallery_thumbnail":["https:\/\/iwantmyhealthback.com\/wp-content\/uploads\/2024\/01\/signal-2025-10-18-203311_003-100x100.jpeg",100,100,true]},"uagb_author_info":{"display_name":"IWantMyHealthBack","author_link":"https:\/\/iwantmyhealthback.com\/ro\/author\/"},"uagb_comment_info":0,"uagb_excerpt":"Crema de piele NANO SOMA este o crem\u0103 de piele frumoas\u0103, neted\u0103, f\u0103r\u0103 ulei, cu un minunat parfum organic de vanilin\u0103. Deoarece declan\u0219eaz\u0103 \u00een mod natural produc\u021bia de vitamina C \u00een celulele pielii, NANO SOMA Skin Cream declan\u0219eaz\u0103 \u00een mod natural \u0219i u\u0219or refacerea colagenului \u00een piele.","_links":{"self":[{"href":"https:\/\/iwantmyhealthback.com\/ro\/wp-json\/wp\/v2\/product\/6496","targetHints":{"allow":["GET"]}}],"collection":[{"href":"https:\/\/iwantmyhealthback.com\/ro\/wp-json\/wp\/v2\/product"}],"about":[{"href":"https:\/\/iwantmyhealthback.com\/ro\/wp-json\/wp\/v2\/types\/product"}],"replies":[{"embeddable":true,"href":"https:\/\/iwantmyhealthback.com\/ro\/wp-json\/wp\/v2\/comments?post=6496"}],"wp:featuredmedia":[{"embeddable":true,"href":"https:\/\/iwantmyhealthback.com\/ro\/wp-json\/wp\/v2\/media\/18730"}],"wp:attachment":[{"href":"https:\/\/iwantmyhealthback.com\/ro\/wp-json\/wp\/v2\/media?parent=6496"}],"wp:term":[{"taxonomy":"product_brand","embeddable":true,"href":"https:\/\/iwantmyhealthback.com\/ro\/wp-json\/wp\/v2\/product_brand?post=6496"},{"taxonomy":"product_cat","embeddable":true,"href":"https:\/\/iwantmyhealthback.com\/ro\/wp-json\/wp\/v2\/product_cat?post=6496"},{"taxonomy":"product_tag","embeddable":true,"href":"https:\/\/iwantmyhealthback.com\/ro\/wp-json\/wp\/v2\/product_tag?post=6496"}],"curies":[{"name":"wp","href":"https:\/\/api.w.org\/{rel}","templated":true}]}}