{"id":5254,"date":"2024-03-15T16:31:07","date_gmt":"2024-03-15T16:31:07","guid":{"rendered":"https:\/\/iwantmyhealthback.com\/product\/magicdichol-pachet-de-pornire\/"},"modified":"2025-10-19T17:41:29","modified_gmt":"2025-10-19T21:41:29","slug":"magicdichol-pachet-de-pornire","status":"publish","type":"product","link":"https:\/\/iwantmyhealthback.com\/ro\/produs\/magicdichol-pachet-de-pornire\/","title":{"rendered":"MagicDichol\u00ae Pachet de pornire"},"content":{"rendered":"<p>Pachetul <sup>MagicDichol\u00ae<\/sup> Starter Pack v\u0103 ofer\u0103 3 flacoane de NANO <sup>SOMA\u00ae<\/sup> Liquid, 1 NANO <sup>SOMA\u00ae<\/sup> Topical Gel \u0219i 1 NANO <sup>SOMA\u00ae<\/sup> Skin Cream, toate reduse cu 15% fa\u021b\u0103 de pre\u021burile pentru flacoane individuale.<\/p>\n<p>Pachetul MagicDichol Starter Pack este conceput pentru a v\u0103 prezenta cele 3 produse MagicDichol \u0219i pentru a v\u0103 ajuta s\u0103 \u00eencepe\u021bi c\u0103l\u0103toria dvs. uimitoare cu aceste produse uimitoare \u0219i, pentru mul\u021bi, care schimb\u0103 via\u021ba.<\/p>\n<p>NANO SOMA Ingrediente: Ap\u0103, vitamina E TPGS, policosanoli, conservant (sorbat de potasiu), regulator de aciditate (acid citric), emulgator (esteri de zaharoz\u0103 ai acizilor gra\u0219i)<\/p>\n<p>NANO SOMA Gel topic Ingrediente: Nanoemulsie de policosanol, vitamina E, ap\u0103, ester de acid gras de zaharoz\u0103, acid citric, gum\u0103 Xanthan comestibil\u0103<\/p>\n<p>Ingrediente crem\u0103 de piele NANO SOMA: Ap\u0103, Hemisqualane neossance, Glicerin\u0103, Alcool cetostearilic, Cear\u0103 de ulei, Vitamina E TPGS, 2-Fenoxietanol, Gum\u0103 xanthan, Policosanoli, Monolaurat de zaharoz\u0103, Sorbat de potasiu, Acid hialuronic, Acid citric monohidrat, Parfum (lapte vanilat)<\/p>\n<div class=\"row\"  id=\"row-825813368\">\n\n\t<div id=\"col-542606280\" class=\"col small-12 large-12\"  >\n\t\t\t\t<div class=\"col-inner\"  >\n\t\t\t\n\t<div class=\"is-border\"\n\t\tstyle=\"border-color:rgb(204, 204, 204);border-width:2px 2px 2px 2px;\">\n\t<\/div>\n\t\t\t\n\t<div id=\"text-3471868604\" class=\"text\">\n\t\t\n<div style=\"text-align: left;\">* Aceast\u0103 declara\u021bie nu a fost evaluat\u0103 de c\u0103tre Food and Drug Administration. Acest produs nu este destinat diagnostic\u0103rii sau prescrierii pentru nicio afec\u021biune medical\u0103 \u0219i nici prevenirii, trat\u0103rii, atenu\u0103rii sau vindec\u0103rii unor astfel de afec\u021biuni. Dac\u0103 ave\u021bi orice boal\u0103 sau afec\u021biune medical\u0103, consulta\u021bi furnizorul dumneavoastr\u0103 de asisten\u021b\u0103 medical\u0103.  <\/div>\n\t\t\n<style>\n#text-3471868604 {\n  font-size: 0.75rem;\n  text-align: left;\n  color: rgb(0,0,0);\n}\n#text-3471868604 > * {\n  color: rgb(0,0,0);\n}\n<\/style>\n\t<\/div>\n\t\n\t\t<\/div>\n\t\t\t\t\n<style>\n#col-542606280 > .col-inner {\n  padding: 10px 20px 10px 20px;\n}\n<\/style>\n\t<\/div>\n\n\t\n<\/div>\n","protected":false},"excerpt":{"rendered":"<p>Pachetul MagicDichol Starter Pack v\u0103 aduce 3 sticle de NANO SOMA Liquid \u0219i c\u00e2te 1 din NANO SOMA Topical Gel \u0219i NANO SOMA Skin Cream, toate reduse cu 15% fa\u021b\u0103 de pre\u021burile pentru o singur\u0103 sticl\u0103.<\/p>\n","protected":false},"featured_media":18714,"comment_status":"open","ping_status":"closed","template":"","meta":{"bwfblock_default_font":"","_uag_custom_page_level_css":""},"product_brand":[],"product_cat":[279],"product_tag":[],"class_list":{"0":"post-5254","1":"product","2":"type-product","3":"status-publish","4":"has-post-thumbnail","6":"product_cat-pachet-de-pornire","8":"first","9":"instock","10":"sale","11":"taxable","12":"shipping-taxable","13":"purchasable","14":"product-type-simple"},"uagb_featured_image_src":{"full":["https:\/\/iwantmyhealthback.com\/wp-content\/uploads\/2024\/03\/MD-Starter-Pack-New-Cream-High-Quality-1.jpg",580,400,false],"thumbnail":["https:\/\/iwantmyhealthback.com\/wp-content\/uploads\/2024\/03\/MD-Starter-Pack-New-Cream-High-Quality-1-150x150.jpg",150,150,true],"medium":["https:\/\/iwantmyhealthback.com\/wp-content\/uploads\/2024\/03\/MD-Starter-Pack-New-Cream-High-Quality-1-300x207.jpg",300,207,true],"medium_large":["https:\/\/iwantmyhealthback.com\/wp-content\/uploads\/2024\/03\/MD-Starter-Pack-New-Cream-High-Quality-1.jpg",580,400,false],"large":["https:\/\/iwantmyhealthback.com\/wp-content\/uploads\/2024\/03\/MD-Starter-Pack-New-Cream-High-Quality-1.jpg",580,400,false],"1536x1536":["https:\/\/iwantmyhealthback.com\/wp-content\/uploads\/2024\/03\/MD-Starter-Pack-New-Cream-High-Quality-1.jpg",580,400,false],"2048x2048":["https:\/\/iwantmyhealthback.com\/wp-content\/uploads\/2024\/03\/MD-Starter-Pack-New-Cream-High-Quality-1.jpg",580,400,false],"woocommerce_thumbnail":["https:\/\/iwantmyhealthback.com\/wp-content\/uploads\/2024\/03\/MD-Starter-Pack-New-Cream-High-Quality-1-300x207.jpg",300,207,true],"woocommerce_single":["https:\/\/iwantmyhealthback.com\/wp-content\/uploads\/2024\/03\/MD-Starter-Pack-New-Cream-High-Quality-1-510x352.jpg",510,352,true],"woocommerce_gallery_thumbnail":["https:\/\/iwantmyhealthback.com\/wp-content\/uploads\/2024\/03\/MD-Starter-Pack-New-Cream-High-Quality-1-100x100.jpg",100,100,true]},"uagb_author_info":{"display_name":"IWantMyHealthBack","author_link":"https:\/\/iwantmyhealthback.com\/ro\/author\/"},"uagb_comment_info":0,"uagb_excerpt":"Pachetul MagicDichol Starter Pack v\u0103 aduce 3 sticle de NANO SOMA Liquid \u0219i c\u00e2te 1 din NANO SOMA Topical Gel \u0219i NANO SOMA Skin Cream, toate reduse cu 15% fa\u021b\u0103 de pre\u021burile pentru o singur\u0103 sticl\u0103.","_links":{"self":[{"href":"https:\/\/iwantmyhealthback.com\/ro\/wp-json\/wp\/v2\/product\/5254","targetHints":{"allow":["GET"]}}],"collection":[{"href":"https:\/\/iwantmyhealthback.com\/ro\/wp-json\/wp\/v2\/product"}],"about":[{"href":"https:\/\/iwantmyhealthback.com\/ro\/wp-json\/wp\/v2\/types\/product"}],"replies":[{"embeddable":true,"href":"https:\/\/iwantmyhealthback.com\/ro\/wp-json\/wp\/v2\/comments?post=5254"}],"wp:featuredmedia":[{"embeddable":true,"href":"https:\/\/iwantmyhealthback.com\/ro\/wp-json\/wp\/v2\/media\/18714"}],"wp:attachment":[{"href":"https:\/\/iwantmyhealthback.com\/ro\/wp-json\/wp\/v2\/media?parent=5254"}],"wp:term":[{"taxonomy":"product_brand","embeddable":true,"href":"https:\/\/iwantmyhealthback.com\/ro\/wp-json\/wp\/v2\/product_brand?post=5254"},{"taxonomy":"product_cat","embeddable":true,"href":"https:\/\/iwantmyhealthback.com\/ro\/wp-json\/wp\/v2\/product_cat?post=5254"},{"taxonomy":"product_tag","embeddable":true,"href":"https:\/\/iwantmyhealthback.com\/ro\/wp-json\/wp\/v2\/product_tag?post=5254"}],"curies":[{"name":"wp","href":"https:\/\/api.w.org\/{rel}","templated":true}]}}