{"id":5250,"date":"2024-01-30T15:11:59","date_gmt":"2024-01-30T19:11:59","guid":{"rendered":"https:\/\/iwantmyhealthback.com\/product\/metasomer-gel-topic-pachet-de-12\/"},"modified":"2025-05-17T11:51:57","modified_gmt":"2025-05-17T15:51:57","slug":"metasomer-gel-topic-pachet-de-12","status":"publish","type":"product","link":"https:\/\/iwantmyhealthback.com\/ro\/produs\/metasomer-gel-topic-pachet-de-12\/","title":{"rendered":"NANO SOMA\u00ae Topical Gel &#8211; 12 Pack"},"content":{"rendered":"\n\t<section class=\"section\" id=\"section_447753458\">\n\t\t<div class=\"section-bg fill\" >\n\t\t\t\t\t\t\t\t\t\n\t\t\t\n\n\t\t<\/div>\n\n\t\t\n\n\t\t<div class=\"section-content relative\">\n\t\t\t\n<p>NANO SOMA Topical Gel este o form\u0103 de gel de Metadichol\u00ae pentru a fi aplicat u\u0219or pe piele. Mul\u021bi oameni au raportat beneficii uimitoare de la utilizarea NANO SOMA Topical Gel, care <a href=\"https:\/\/iwantmyhealthback.com\/wp-content\/uploads\/2024\/01\/METASOMER-Topical-Gel-Testimonials.pdf\" target=\"_blank\" rel=\"noopener\">poate fi g\u0103sit aici<\/a>.  Iat\u0103 c\u00e2teva exemple:<\/p>\n<p><strong>Imaginea de mai jos arat\u0103 schimbarea aspectului unei umfl\u0103turi dup\u0103 \u0219apte s\u0103pt\u0103m\u00e2ni cu NANO SOMA Topical Gel.<\/strong><\/p>\n<figure class=\"text-center\"><img decoding=\"async\" src=\"https:\/\/magicdichol.info\/wp-content\/uploads\/2023\/12\/EL20neck20bump.png\" width=\"654\" height=\"217.70834350585938\"><\/figure>\n<p>&#8212;<\/p>\n<p><b>&#8220;Am sc\u0103pat de o aluni\u021b\u0103 \u00een c\u00e2teva zile folosind NANO SOMA Topical Gel.&#8221;<\/b><\/p>\n<p><b>Randy Acum<\/b><\/p>\n<p>&#8212;<\/p>\n<p><b>&#8220;Vineri mi-am \u00eenlocuit al doilea genunchi. Duminic\u0103, ast\u0103zi, c\u0103ldura \u0219i disconfortul erau insuportabile. \u0218tiind acest lucru, am precomandat NANO SOMA Topical Gel. \u00cen aceast\u0103 sear\u0103, l-am aplicat pe tot piciorul. Ca un maestru Reiki care \u00eendep\u0103rteaz\u0103 trauma, NANO SOMA Topical Gel a f\u0103cut-o \u00eentr-un minut. Wow. Asta este.&#8221;<\/b><\/p>\n<p><b>Charlie Zev<\/b><\/p>\n<p>&#8212;<\/p>\n<p><b>&#8220;Acest NANO SOMA Topical Gel este un supliment miraculos. L-am folosit pe ambii genunchi de patru ori pe zi timp de patru zile. M\u00e2nc\u0103rimea pe care am avut-o \u00een ultimii 15 ani a disp\u0103rut complet. Este un produs uimitor&#8221;.<\/b><\/p>\n<p><b>Seyed \u0219i Ummu Mohamed, India<\/b><\/p>\n<p>&#8212;<\/p>\n<p>NANO SOMA Topical Gel este o nanoemulsie de alcooli cu lan\u021b lung care se g\u0103sesc \u00een multe alimente. Acesta este denumit \u00een mod obi\u0219nuit policosanol \u0219i este prezent \u00een alimente nerafinate, cum ar fi orezul, trestia de zah\u0103r \u0219i gr\u00e2ul. Aceast\u0103 nanoemulsie de policosanol sub form\u0103 de gel este brevetat\u0103 de Dr. Raghavan (US 9006292).  <\/p>\n<p><strong>INSTRUC\u021aIUNI DE UTILIZARE:<br \/>\n<\/strong><\/p>\n<p>Aplica\u021bi pe piele dup\u0103 cum este necesar.<\/p>\n<p><strong>BENEFICII:<br \/>\n<\/strong><\/p>\n<p>Revitalizeaz\u0103 pielea.*<br \/>\nSus\u021bine vindecarea normal\u0103.*<br \/>\nPromoveaz\u0103 s\u0103n\u0103tatea pielii.*<br \/>\nSigur de utilizat \u00een jurul ochilor \u0219i \u00een alte zone sensibile.*<\/p>\n<p>Promoveaz\u0103 ameliorarea disconfortului.*<\/p>\n<p>Con\u021binut: 1 fl. oz. (30 ml)  <\/p>\n<p><strong>Ingrediente: Nanoliz\u0103 de emulsie de poliester, emulsie de vitamina E, emulsie de vitamina C:<\/strong> Nanoemulsie de policosanol, vitamina E, ap\u0103, ester de acid gras de zaharoz\u0103, acid citric, gum\u0103 Xanthan comestibil\u0103<\/p>\n<div class=\"row\"  id=\"row-1003449616\">\n\n\t<div id=\"col-1870287977\" class=\"col small-12 large-12\"  >\n\t\t\t\t<div class=\"col-inner\"  >\n\t\t\t\n\t<div class=\"is-border\"\n\t\tstyle=\"border-color:rgb(204, 204, 204);border-width:2px 2px 2px 2px;\">\n\t<\/div>\n\t\t\t\n\t<div id=\"text-427659495\" class=\"text\">\n\t\t\n<div style=\"text-align: center;\"><b>* Aceast\u0103 declara\u021bie nu a fost evaluat\u0103 de c\u0103tre Food and Drug Administration. Acest produs nu este destinat diagnostic\u0103rii sau prescrierii pentru nicio afec\u021biune medical\u0103 \u0219i nici prevenirii, trat\u0103rii, atenu\u0103rii sau vindec\u0103rii unei astfel de afec\u021biuni. Dac\u0103 ave\u021bi orice boal\u0103 sau afec\u021biune    <\/b><strong>consulta\u021bi furnizorul dvs. de asisten\u021b\u0103 medical\u0103.<\/strong><\/div>\n\t\t\n<style>\n#text-427659495 {\n  font-size: 0.9rem;\n}\n<\/style>\n\t<\/div>\n\t\n\t\t<\/div>\n\t\t\t\t\n<style>\n#col-1870287977 > .col-inner {\n  padding: 10px 20px 10px 20px;\n}\n<\/style>\n\t<\/div>\n\n\t\n<\/div>\n\t\t<\/div>\n\n\t\t\n<style>\n#section_447753458 {\n  padding-top: 30px;\n  padding-bottom: 30px;\n}\n<\/style>\n\t<\/section>\n\t\n","protected":false},"excerpt":{"rendered":"<p>NANO SOMA Topical Gel este o form\u0103 de gel de Metadichol\u00ae pentru a fi aplicat u\u0219or pe piele. Mul\u021bi oameni au raportat beneficii uimitoare de la utilizarea NANO SOMA Topical Gel, care <a href=\"https:\/\/iwantmyhealthback.com\/wp-content\/uploads\/2024\/01\/METASOMER-Topical-Gel-Testimonials.pdf\" target=\"_blank\" rel=\"noopener\">poate fi g\u0103sit aici<\/a>.  Iat\u0103 c\u00e2teva exemple:<\/p>\n","protected":false},"featured_media":11793,"comment_status":"open","ping_status":"closed","template":"","meta":{"bwfblock_default_font":"","_uag_custom_page_level_css":""},"product_brand":[],"product_cat":[278],"product_tag":[1225],"class_list":{"0":"post-5250","1":"product","2":"type-product","3":"status-publish","4":"has-post-thumbnail","6":"product_cat-12-pachete","7":"product_tag-nano-soma-gel-topic","9":"first","10":"instock","11":"sale","12":"taxable","13":"shipping-taxable","14":"purchasable","15":"product-type-simple"},"uagb_featured_image_src":{"full":["https:\/\/iwantmyhealthback.com\/wp-content\/uploads\/2024\/01\/signal-2025-03-28-144430_004.jpeg",1142,1286,false],"thumbnail":["https:\/\/iwantmyhealthback.com\/wp-content\/uploads\/2024\/01\/signal-2025-03-28-144430_004-150x150.jpeg",150,150,true],"medium":["https:\/\/iwantmyhealthback.com\/wp-content\/uploads\/2024\/01\/signal-2025-03-28-144430_004-266x300.jpeg",266,300,true],"medium_large":["https:\/\/iwantmyhealthback.com\/wp-content\/uploads\/2024\/01\/signal-2025-03-28-144430_004-768x865.jpeg",768,865,true],"large":["https:\/\/iwantmyhealthback.com\/wp-content\/uploads\/2024\/01\/signal-2025-03-28-144430_004-909x1024.jpeg",909,1024,true],"1536x1536":["https:\/\/iwantmyhealthback.com\/wp-content\/uploads\/2024\/01\/signal-2025-03-28-144430_004.jpeg",1142,1286,false],"2048x2048":["https:\/\/iwantmyhealthback.com\/wp-content\/uploads\/2024\/01\/signal-2025-03-28-144430_004.jpeg",1142,1286,false],"woocommerce_thumbnail":["https:\/\/iwantmyhealthback.com\/wp-content\/uploads\/2024\/01\/signal-2025-03-28-144430_004-300x338.jpeg",300,338,true],"woocommerce_single":["https:\/\/iwantmyhealthback.com\/wp-content\/uploads\/2024\/01\/signal-2025-03-28-144430_004-510x574.jpeg",510,574,true],"woocommerce_gallery_thumbnail":["https:\/\/iwantmyhealthback.com\/wp-content\/uploads\/2024\/01\/signal-2025-03-28-144430_004-100x100.jpeg",100,100,true]},"uagb_author_info":{"display_name":"IWantMyHealthBack","author_link":"https:\/\/iwantmyhealthback.com\/ro\/author\/"},"uagb_comment_info":0,"uagb_excerpt":"NANO SOMA Topical Gel este o form\u0103 de gel de Metadichol\u00ae pentru a fi aplicat u\u0219or pe piele. Mul\u021bi oameni au raportat beneficii uimitoare de la utilizarea NANO SOMA Topical Gel, care poate fi g\u0103sit aici. Iat\u0103 c\u00e2teva exemple:","_links":{"self":[{"href":"https:\/\/iwantmyhealthback.com\/ro\/wp-json\/wp\/v2\/product\/5250","targetHints":{"allow":["GET"]}}],"collection":[{"href":"https:\/\/iwantmyhealthback.com\/ro\/wp-json\/wp\/v2\/product"}],"about":[{"href":"https:\/\/iwantmyhealthback.com\/ro\/wp-json\/wp\/v2\/types\/product"}],"replies":[{"embeddable":true,"href":"https:\/\/iwantmyhealthback.com\/ro\/wp-json\/wp\/v2\/comments?post=5250"}],"wp:featuredmedia":[{"embeddable":true,"href":"https:\/\/iwantmyhealthback.com\/ro\/wp-json\/wp\/v2\/media\/11793"}],"wp:attachment":[{"href":"https:\/\/iwantmyhealthback.com\/ro\/wp-json\/wp\/v2\/media?parent=5250"}],"wp:term":[{"taxonomy":"product_brand","embeddable":true,"href":"https:\/\/iwantmyhealthback.com\/ro\/wp-json\/wp\/v2\/product_brand?post=5250"},{"taxonomy":"product_cat","embeddable":true,"href":"https:\/\/iwantmyhealthback.com\/ro\/wp-json\/wp\/v2\/product_cat?post=5250"},{"taxonomy":"product_tag","embeddable":true,"href":"https:\/\/iwantmyhealthback.com\/ro\/wp-json\/wp\/v2\/product_tag?post=5250"}],"curies":[{"name":"wp","href":"https:\/\/api.w.org\/{rel}","templated":true}]}}