{"id":5246,"date":"2024-01-30T15:09:26","date_gmt":"2024-01-30T19:09:26","guid":{"rendered":"https:\/\/iwantmyhealthback.com\/product\/nano-soma-lichid-pachet-de-12\/"},"modified":"2025-06-12T14:49:57","modified_gmt":"2025-06-12T18:49:57","slug":"nano-soma-lichid-pachet-de-12","status":"publish","type":"product","link":"https:\/\/iwantmyhealthback.com\/ro\/produs\/nano-soma-lichid-pachet-de-12\/","title":{"rendered":"NANO SOMA\u00ae Liquid &#8211; 12 Pack"},"content":{"rendered":"<p>NANO SOMA\u00ae Liquid este o <i>revolu\u021bie<\/i> pentru s\u0103n\u0103tatea dumneavoastr\u0103.<\/p>\n<p>Sunte\u021bi \u00een c\u0103utarea unui instrument simplu, complet natural \u0219i puternic pentru a v\u0103 sus\u021bine corpul <i>\u00eentr-un mod complet nou?<\/i><\/p>\n<p>NANO SOMA \u00eendeamn\u0103 organismul s\u0103:<\/p>\n<ul>\n<li>Produce vitamina C endogen\u0103<\/li>\n<li>Reglementarea receptorului de vitamina D<\/li>\n<li>Regleaz\u0103 to\u021bi receptorii nucleari 48\/9<\/li>\n<li>Promovarea \u00eemb\u0103tr\u00e2nirii s\u0103n\u0103toase* prin sus\u021binerea telomerilor noi<\/li>\n<li>\u00cencurajeaz\u0103 o imunitate puternic\u0103*<\/li>\n<\/ul>\n<p>Cu toate acestea, NANO SOMA este un aliment, nu un medicament, iar ingredientele sale sunt clasificate ca GRAS (Generally Recognized as Safe) de c\u0103tre FDA.<\/p>\n<hr>\n<p class=\"text-center\" style=\"text-align: center;\"><b>&#8220;O substan\u021b\u0103 care <i>interfereaz\u0103 <\/i>cu func\u021bionarea normal\u0103 a sistemului este un medicament; o substan\u021b\u0103 care <i>restabile\u0219te <\/i>func\u021bionarea normal\u0103 a sistemului este un nutrient.&#8221;  <\/b><\/p>\n<p class=\"text-center\" style=\"text-align: center;\"><i>Dr. Raghavan<\/i>, creatorul NANO SOMA.<\/p>\n<hr>\n<p><u>Ce este NANO SOMA?<\/u><\/p>\n<p>NANO SOMA este denumirea comercial\u0103 pentru <sup>Metadichol\u00ae<\/sup>. Metadichol este o nano-emulsie <a href=\"https:\/\/magicdichol.info\/worldwide-patents\" target=\"_blank\" rel=\"noopener\">brevetat\u0103<\/a> pe scar\u0103 larg\u0103 de alcooli cu lan\u021b lung cunoscu\u021bi <i>sub<\/i> numele de <i>policosanol &#8211;<\/i> o substan\u021b\u0103 natural\u0103 care este eliminat\u0103 din alimentele noastre atunci c\u00e2nd acestea sunt rafinate. <\/p>\n<p>NANO SOMA este ca o <b>cheie lips\u0103 pentru s\u0103n\u0103tatea optim\u0103 a corpului nostru<\/b>, care nu \u0219tiam c\u0103 lipse\u0219te p\u00e2n\u0103 c\u00e2nd a ap\u0103rut.<\/p>\n<p><u>Revolu\u021bia s\u0103n\u0103t\u0103\u021bii<\/u><\/p>\n<p>Deoarece NANO SOMA este fabricat din alimente, organismul r\u0103spunde la acesta \u00een moduri uimitoare. \u00cen loc s\u0103 intervin\u0103 \u00een procesele naturale, NANO SOMA <i>reaminte\u0219te<\/i> organismului cum s\u0103 func\u021bioneze optim. <\/p>\n<p>Ingredientul s\u0103u cheie, Metadichol, s-a demonstrat c\u0103 <a href=\"https:\/\/www.researchgate.net\/publication\/361666714_Title_MetadicholR_is_a_nano_lipid_emulsion_that_expresses_all_48_nuclear_receptors_in_stem_and_somatic_cells\" target=\"_blank\" rel=\"noopener\"><b>regleaz\u0103 to\u021bi cei 48\/9 receptori nucleari<\/b><\/a> \u00een nucleul celulei \u0219i de a-i crea atunci c\u00e2nd nu existau \u00eenainte.<\/p>\n<p>Acest lucru \u00eenseamn\u0103 c\u0103, \u00een prezen\u021ba NANO SOMA, corpul dvs. are resursele necesare pentru a produce ceea ce are nevoie pentru a men\u021bine o s\u0103n\u0103tate ideal\u0103 &#8211; fie c\u0103 este vorba de gene, celule \u0219i ADN s\u0103n\u0103toase, fie de o imunitate puternic\u0103 \u0219i procese metabolice \u0219i de vindecare robuste.*<\/p>\n<p><u>Recomand\u0103ri \u0219i reamintiri<\/u><\/p>\n<p>Din nou, NANO SOMA nu vindec\u0103, vindec\u0103 sau trateaz\u0103 <i>nimic.<\/i> Mai degrab\u0103, <b>stimuleaz\u0103 propriile mecanisme naturale de vindecare ale organismului.<\/b><\/p>\n<p>Utilizarea consecvent\u0103 este esen\u021bial\u0103. Dac\u0103 lua\u021bi 5 spray-uri o dat\u0103 \/ zi (pentru men\u021binerea s\u0103n\u0103t\u0103\u021bii), fiecare flacon dureaz\u0103 aproximativ 1 lun\u0103. Prin urmare, dac\u0103 sunte\u021bi la \u00eenceputul c\u0103l\u0103toriei dvs. cu NANO SOMA, <b><u>v\u0103 recomand\u0103m s\u0103 cump\u0103ra\u021bi cel pu\u021bin 3 sticle<\/u><\/b>.  <\/p>\n<p>\u00cen general, se sugereaz\u0103 s\u0103 a\u0219tepta\u021bi 90 de zile de utilizare \u00eenainte de a a\u0219tepta un rezultat, astfel \u00eenc\u00e2t cump\u0103rarea a cel pu\u021bin 3 sticle pentru prima comand\u0103 v\u0103 sus\u021bine cel mai bine c\u0103l\u0103toria cu NANO SOMA.<\/p>\n<p>__<\/p>\n<p><strong>Ingrediente:<\/strong><strong> <\/strong>Ap\u0103, vitamina E TPGS, policosanoli, conservant (sorbat de potasiu), regulator de aciditate (acid citric), emulgator (esteri de zaharoz\u0103 ai acizilor gra\u0219i)<\/p>\n<p>__<\/p>\n<p><i>V\u0103 rug\u0103m s\u0103 \u00een\u021belege\u021bi c\u0103 nici societ\u0103\u021bile care furnizeaz\u0103 oricare dintre produsele pe baz\u0103 de Metadichol, nici directorii sau ac\u021bionarii societ\u0103\u021bilor nu sunt medici \u0219i nu ofer\u0103 consultan\u021b\u0103 medical\u0103. Pentru sfaturi medicale, v\u0103 rug\u0103m s\u0103 consulta\u021bi medicul dumneavoastr\u0103.  \u00cen plus, aceste produse nu sunt menite s\u0103 diagnosticheze, s\u0103 trateze, s\u0103 vindece sau s\u0103 previn\u0103 orice boal\u0103. Mai degrab\u0103, ele stimuleaz\u0103 mecanismele naturale de vindecare ale organismului, care sunt mult mai cuprinz\u0103toare dec\u00e2t majoritatea dintre noi apreciaz\u0103. <\/i><\/p>\n<div class=\"row\"  id=\"row-620774619\">\n\n\t<div id=\"col-1005921759\" class=\"col small-12 large-12\"  >\n\t\t\t\t<div class=\"col-inner\"  >\n\t\t\t\n\t<div class=\"is-border\"\n\t\tstyle=\"border-color:rgb(204, 204, 204);border-width:1px 1px 1px 1px;\">\n\t<\/div>\n\t\t\t\n\t<div id=\"text-677434989\" class=\"text\">\n\t\t\n<p>*Aceast\u0103 declara\u021bie nu a fost evaluat\u0103 de c\u0103tre Food and Drug Administration. Acest produs nu este destinat diagnostic\u0103rii sau prescrierii pentru orice afec\u021biune medical\u0103 \u0219i nici prevenirii, trat\u0103rii, atenu\u0103rii sau vindec\u0103rii unei astfel de afec\u021biuni. Dac\u0103 ave\u021bi orice boal\u0103 sau afec\u021biune, consulta\u021bi furnizorul de asisten\u021b\u0103 medical\u0103.<\/p>\n<p>M\u0103rturiile, declara\u021biile \u0219i opiniile prezentate pe site-ul nostru sunt aplicabile \u0219i autorizate de persoanele descrise. Rezultatele variaz\u0103 \u0219i pot s\u0103 nu fie reprezentative pentru experien\u021ba altor persoane.<br \/>\n\t\t\n<style>\n#text-677434989 {\n  font-size: 0.75rem;\n  text-align: left;\n}\n<\/style>\n\t<\/div>\n\t\n\t\t<\/div>\n\t\t\t\t\n<style>\n#col-1005921759 > .col-inner {\n  padding: 20px 20px 20px 20px;\n}\n<\/style>\n\t<\/div>\n\n\t\n<\/div>\n","protected":false},"excerpt":{"rendered":"<p>NANO <sup>SOMA\u00ae<\/sup> Liquid este o <i>revolu\u021bie<\/i> pentru s\u0103n\u0103tatea dumneavoastr\u0103.<\/p>\n<p>Sunte\u021bi \u00een c\u0103utarea unui instrument simplu, complet natural \u0219i puternic pentru a v\u0103 sus\u021bine corpul <i>\u00eentr-un mod complet nou?<\/i><\/p>\n<p>NANO SOMA \u00eendeamn\u0103 organismul s\u0103:<\/p>\n<ul>\n<li>Produce vitamina C endogen\u0103<\/li>\n<li>Reglementarea receptorului de vitamina D<\/li>\n<li>Regleaz\u0103 to\u021bi receptorii nucleari 48\/9<\/li>\n<li>Promovarea \u00eemb\u0103tr\u00e2nirii s\u0103n\u0103toase* prin sus\u021binerea telomerilor noi<\/li>\n<li>\u00cencurajeaz\u0103 o imunitate puternic\u0103*<\/li>\n<\/ul>\n<p>Cu toate acestea, NANO SOMA este un aliment, nu un medicament, iar ingredientele sale sunt clasificate ca GRAS (Generally Recognized as Safe) de c\u0103tre FDA.<\/p>\n","protected":false},"featured_media":5247,"comment_status":"open","ping_status":"closed","template":"","meta":{"bwfblock_default_font":"","_uag_custom_page_level_css":""},"product_brand":[],"product_cat":[278],"product_tag":[1212],"class_list":{"0":"post-5246","1":"product","2":"type-product","3":"status-publish","4":"has-post-thumbnail","6":"product_cat-12-pachete","7":"product_tag-nano-soma-lichid","9":"first","10":"instock","11":"sale","12":"taxable","13":"shipping-taxable","14":"purchasable","15":"product-type-simple"},"uagb_featured_image_src":{"full":["https:\/\/iwantmyhealthback.com\/wp-content\/uploads\/2024\/01\/USNS12PACKBottlesGradient20Nov2023.png",1142,1286,false],"thumbnail":["https:\/\/iwantmyhealthback.com\/wp-content\/uploads\/2024\/01\/USNS12PACKBottlesGradient20Nov2023-150x150.png",150,150,true],"medium":["https:\/\/iwantmyhealthback.com\/wp-content\/uploads\/2024\/01\/USNS12PACKBottlesGradient20Nov2023-266x300.png",266,300,true],"medium_large":["https:\/\/iwantmyhealthback.com\/wp-content\/uploads\/2024\/01\/USNS12PACKBottlesGradient20Nov2023-768x865.png",768,865,true],"large":["https:\/\/iwantmyhealthback.com\/wp-content\/uploads\/2024\/01\/USNS12PACKBottlesGradient20Nov2023-909x1024.png",909,1024,true],"1536x1536":["https:\/\/iwantmyhealthback.com\/wp-content\/uploads\/2024\/01\/USNS12PACKBottlesGradient20Nov2023.png",1142,1286,false],"2048x2048":["https:\/\/iwantmyhealthback.com\/wp-content\/uploads\/2024\/01\/USNS12PACKBottlesGradient20Nov2023.png",1142,1286,false],"woocommerce_thumbnail":["https:\/\/iwantmyhealthback.com\/wp-content\/uploads\/2024\/01\/USNS12PACKBottlesGradient20Nov2023-300x338.png",300,338,true],"woocommerce_single":["https:\/\/iwantmyhealthback.com\/wp-content\/uploads\/2024\/01\/USNS12PACKBottlesGradient20Nov2023-510x574.png",510,574,true],"woocommerce_gallery_thumbnail":["https:\/\/iwantmyhealthback.com\/wp-content\/uploads\/2024\/01\/USNS12PACKBottlesGradient20Nov2023-100x100.png",100,100,true]},"uagb_author_info":{"display_name":"IWantMyHealthBack","author_link":"https:\/\/iwantmyhealthback.com\/ro\/author\/"},"uagb_comment_info":0,"uagb_excerpt":"NANO SOMA\u00ae Liquid este o revolu\u021bie pentru s\u0103n\u0103tatea dumneavoastr\u0103. Sunte\u021bi \u00een c\u0103utarea unui instrument simplu, complet natural \u0219i puternic pentru a v\u0103 sus\u021bine corpul \u00eentr-un mod complet nou? NANO SOMA \u00eendeamn\u0103 organismul s\u0103: Produce vitamina C endogen\u0103 Reglementarea receptorului de vitamina D Regleaz\u0103 to\u021bi receptorii nucleari 48\/9 Promovarea \u00eemb\u0103tr\u00e2nirii s\u0103n\u0103toase* prin sus\u021binerea telomerilor noi \u00cencurajeaz\u0103&hellip;","_links":{"self":[{"href":"https:\/\/iwantmyhealthback.com\/ro\/wp-json\/wp\/v2\/product\/5246","targetHints":{"allow":["GET"]}}],"collection":[{"href":"https:\/\/iwantmyhealthback.com\/ro\/wp-json\/wp\/v2\/product"}],"about":[{"href":"https:\/\/iwantmyhealthback.com\/ro\/wp-json\/wp\/v2\/types\/product"}],"replies":[{"embeddable":true,"href":"https:\/\/iwantmyhealthback.com\/ro\/wp-json\/wp\/v2\/comments?post=5246"}],"wp:featuredmedia":[{"embeddable":true,"href":"https:\/\/iwantmyhealthback.com\/ro\/wp-json\/wp\/v2\/media\/5247"}],"wp:attachment":[{"href":"https:\/\/iwantmyhealthback.com\/ro\/wp-json\/wp\/v2\/media?parent=5246"}],"wp:term":[{"taxonomy":"product_brand","embeddable":true,"href":"https:\/\/iwantmyhealthback.com\/ro\/wp-json\/wp\/v2\/product_brand?post=5246"},{"taxonomy":"product_cat","embeddable":true,"href":"https:\/\/iwantmyhealthback.com\/ro\/wp-json\/wp\/v2\/product_cat?post=5246"},{"taxonomy":"product_tag","embeddable":true,"href":"https:\/\/iwantmyhealthback.com\/ro\/wp-json\/wp\/v2\/product_tag?post=5246"}],"curies":[{"name":"wp","href":"https:\/\/api.w.org\/{rel}","templated":true}]}}