{"id":5236,"date":"2024-01-29T19:39:55","date_gmt":"2024-01-29T23:39:55","guid":{"rendered":"https:\/\/iwantmyhealthback.com\/product\/metasomer-gel-topic\/"},"modified":"2025-05-07T06:07:16","modified_gmt":"2025-05-07T10:07:16","slug":"metasomer-gel-topic","status":"publish","type":"product","link":"https:\/\/iwantmyhealthback.com\/ro\/produs\/metasomer-gel-topic\/","title":{"rendered":"NANO SOMA\u00ae Topical Gel"},"content":{"rendered":"\n\t<section class=\"section\" id=\"section_1189437523\">\n\t\t<div class=\"section-bg fill\" >\n\t\t\t\t\t\t\t\t\t\n\t\t\t\n\n\t\t<\/div>\n\n\t\t\n\n\t\t<div class=\"section-content relative\">\n\t\t\t\n<p>NANO SOMA<sup>\u00ae<\/sup> Topical Gel este o form\u0103 de gel de Metadichol<sup>\u00ae<\/sup> pentru a fi aplicat u\u0219or pe piele. Mul\u021bi oameni au raportat beneficii uimitoare de la utilizarea NANO SOMA<sup>\u00ae<\/sup> Topical Gel, care <a>poate fi g\u0103sit aici<\/a>. Iat\u0103 c\u00e2teva exemple: <strong>Imaginea de mai jos arat\u0103 schimbarea aspectului unei umfl\u0103turi dup\u0103 \u0219apte s\u0103pt\u0103m\u00e2ni cu NANO SOMA<sup>\u00ae<\/sup> Topical Gel.<\/strong><\/p>\n<figure class=\"text-center\"><img decoding=\"async\" src=\"https:\/\/magicdichol.info\/wp-content\/uploads\/2023\/12\/EL20neck20bump.png\" width=\"654\" height=\"217.70834350585938\" \/><\/figure>\n<p><strong>&#8220;Am sc\u0103pat de o aluni\u021b\u0103 \u00een c\u00e2teva zile folosind NANO SOMA Topical Gel.&#8221;<\/strong><br \/>\n\u2013 <em>Randy Now<\/em><\/p>\n<hr \/>\n<p><strong>&#8220;Vineri mi-am \u00eenlocuit al doilea genunchi. Ast\u0103zi, duminic\u0103, c\u0103ldura \u0219i disconfortul erau insuportabile. \u0218tiind acest lucru, am precomandat NANO SOMA Topical Gel. \u00cen aceast\u0103 sear\u0103 l-am aplicat pe tot piciorul. Ca un maestru Reiki care elimin\u0103 trauma, NANO SOMA Topical Gel a f\u0103cut acest lucru \u00eentr-un minut. Uau. Asta e tot.&#8221;<\/strong><br \/>\n\u2013 <em>Charlie Zev<\/em><\/p>\n<hr \/>\n<p><strong>&#8220;Acest NANO SOMA Topical Gel este un supliment miraculos. L-am folosit pe ambele genunchi de patru ori pe zi timp de patru zile. M\u00e2nc\u0103rimea pe care am avut-o \u00een ultimii 15 ani a disp\u0103rut complet. Este un produs uimitor.&#8221;<\/strong><br \/>\n\u2013 <em>Seyed \u0219i Ummu Mohamed, India<\/em><\/p>\n<hr \/>\n<p><strong>NANO SOMA Topical Gel<\/strong> este o nanoemulsie de alcooli cu lan\u021b lung care se g\u0103sesc \u00een multe alimente. Ace\u0219ti alcooli sunt denumi\u021bi \u00een mod obi\u0219nuit policosanol \u0219i sunt prezen\u021bi \u00een alimente nerafinate, cum ar fi orezul, trestia de zah\u0103r \u0219i gr\u00e2ul. Aceast\u0103 nanoemulsie de policosanol sub form\u0103 de gel este brevetat\u0103 de Dr. Raghavan (US 9006292).<\/p>\n<p><strong>MOD DE UTILIZARE:<\/strong><br \/>\nAplica\u021bi pe piele dup\u0103 necesitate.<\/p>\n<p><strong>BENEFICII:<\/strong><\/p>\n<ul>\n<li>Revitalizeaz\u0103 pielea.*<\/li>\n<li>Sus\u021bine procesul normal de vindecare.*<\/li>\n<li>Promoveaz\u0103 o piele s\u0103n\u0103toas\u0103.*<\/li>\n<li>Sigur pentru utilizare \u00een jurul ochilor \u0219i \u00een alte zone sensibile.*<\/li>\n<li>Favorizeaz\u0103 ameliorarea disconfortului.*<\/li>\n<\/ul>\n<p><strong>Con\u021binut:<\/strong> 1 fl. oz. (30 ml)<\/p>\n<p><strong>Ingrediente:<\/strong><br \/>\nNanoemulsie de policosanol, Vitamina E, Ap\u0103, Esteri de acizi gra\u0219i ai zaharozei, Acid citric, Gum\u0103 xantan comestibil\u0103<\/p>\n<div class=\"row\"  id=\"row-1106492025\">\n\n\t<div id=\"col-1046171180\" class=\"col small-12 large-12\"  >\n\t\t\t\t<div class=\"col-inner\"  >\n\t\t\t\n\t<div class=\"is-border\"\n\t\tstyle=\"border-color:rgb(204, 204, 204);border-width:2px 2px 2px 2px;\">\n\t<\/div>\n\t\t\t\n\t<div id=\"text-2811470832\" class=\"text\">\n\t\t\n<div style=\"text-align: center;\"><b>* Aceast\u0103 declara\u021bie nu a fost evaluat\u0103 de c\u0103tre Food and Drug Administration. Acest produs nu este destinat diagnostic\u0103rii sau prescrierii pentru nicio afec\u021biune medical\u0103 \u0219i nici prevenirii, trat\u0103rii, atenu\u0103rii sau vindec\u0103rii unei astfel de afec\u021biuni. Dac\u0103 ave\u021bi orice boal\u0103 sau afec\u021biune <\/b><strong>consulta\u021bi furnizorul dvs. de asisten\u021b\u0103 medical\u0103.<\/strong><\/div>\n\t\t\n<style>\n#text-2811470832 {\n  font-size: 0.9rem;\n}\n<\/style>\n\t<\/div>\n\t\n\t\t<\/div>\n\t\t\t\t\n<style>\n#col-1046171180 > .col-inner {\n  padding: 10px 20px 10px 20px;\n}\n<\/style>\n\t<\/div>\n\n\t\n<\/div>\n\t\t<\/div>\n\n\t\t\n<style>\n#section_1189437523 {\n  padding-top: 30px;\n  padding-bottom: 30px;\n}\n<\/style>\n\t<\/section>\n\t\n","protected":false},"excerpt":{"rendered":"<p>NANO SOMA\u00ae Topical Gel este o form\u0103 de gel a Metadichol\u00ae care poate fi aplicat\u0103 cu u\u0219urin\u021b\u0103 pe piele. Mul\u021bi oameni au raportat beneficii uimitoare folosind NANO SOMA Topical Gel, care pot fi g\u0103site <a href=\"https:\/\/iwantmyhealthback.com\/wp-content\/uploads\/2024\/01\/METASOMER-Topical-Gel-Testimonials.pdf\" target=\"_blank\" rel=\"noopener\">aici<\/a>. Iat\u0103 c\u00e2teva exemple:<\/p>\n","protected":false},"featured_media":11779,"comment_status":"open","ping_status":"closed","template":"","meta":{"bwfblock_default_font":"","_uag_custom_page_level_css":""},"product_brand":[],"product_cat":[276],"product_tag":[],"class_list":{"0":"post-5236","1":"product","2":"type-product","3":"status-publish","4":"has-post-thumbnail","6":"product_cat-sanatate","8":"first","9":"instock","10":"taxable","11":"shipping-taxable","12":"purchasable","13":"product-type-simple"},"uagb_featured_image_src":{"full":["https:\/\/iwantmyhealthback.com\/wp-content\/uploads\/2024\/01\/signal-2025-03-28-144430_002.jpeg",1142,1286,false],"thumbnail":["https:\/\/iwantmyhealthback.com\/wp-content\/uploads\/2024\/01\/signal-2025-03-28-144430_002-150x150.jpeg",150,150,true],"medium":["https:\/\/iwantmyhealthback.com\/wp-content\/uploads\/2024\/01\/signal-2025-03-28-144430_002-266x300.jpeg",266,300,true],"medium_large":["https:\/\/iwantmyhealthback.com\/wp-content\/uploads\/2024\/01\/signal-2025-03-28-144430_002-768x865.jpeg",768,865,true],"large":["https:\/\/iwantmyhealthback.com\/wp-content\/uploads\/2024\/01\/signal-2025-03-28-144430_002-909x1024.jpeg",909,1024,true],"1536x1536":["https:\/\/iwantmyhealthback.com\/wp-content\/uploads\/2024\/01\/signal-2025-03-28-144430_002.jpeg",1142,1286,false],"2048x2048":["https:\/\/iwantmyhealthback.com\/wp-content\/uploads\/2024\/01\/signal-2025-03-28-144430_002.jpeg",1142,1286,false],"woocommerce_thumbnail":["https:\/\/iwantmyhealthback.com\/wp-content\/uploads\/2024\/01\/signal-2025-03-28-144430_002-300x338.jpeg",300,338,true],"woocommerce_single":["https:\/\/iwantmyhealthback.com\/wp-content\/uploads\/2024\/01\/signal-2025-03-28-144430_002-510x574.jpeg",510,574,true],"woocommerce_gallery_thumbnail":["https:\/\/iwantmyhealthback.com\/wp-content\/uploads\/2024\/01\/signal-2025-03-28-144430_002-100x100.jpeg",100,100,true]},"uagb_author_info":{"display_name":"IWantMyHealthBack","author_link":"https:\/\/iwantmyhealthback.com\/ro\/author\/"},"uagb_comment_info":0,"uagb_excerpt":"NANO SOMA\u00ae Topical Gel este o form\u0103 de gel a Metadichol\u00ae care poate fi aplicat\u0103 cu u\u0219urin\u021b\u0103 pe piele. Mul\u021bi oameni au raportat beneficii uimitoare folosind NANO SOMA Topical Gel, care pot fi g\u0103site aici. Iat\u0103 c\u00e2teva exemple:","_links":{"self":[{"href":"https:\/\/iwantmyhealthback.com\/ro\/wp-json\/wp\/v2\/product\/5236","targetHints":{"allow":["GET"]}}],"collection":[{"href":"https:\/\/iwantmyhealthback.com\/ro\/wp-json\/wp\/v2\/product"}],"about":[{"href":"https:\/\/iwantmyhealthback.com\/ro\/wp-json\/wp\/v2\/types\/product"}],"replies":[{"embeddable":true,"href":"https:\/\/iwantmyhealthback.com\/ro\/wp-json\/wp\/v2\/comments?post=5236"}],"wp:featuredmedia":[{"embeddable":true,"href":"https:\/\/iwantmyhealthback.com\/ro\/wp-json\/wp\/v2\/media\/11779"}],"wp:attachment":[{"href":"https:\/\/iwantmyhealthback.com\/ro\/wp-json\/wp\/v2\/media?parent=5236"}],"wp:term":[{"taxonomy":"product_brand","embeddable":true,"href":"https:\/\/iwantmyhealthback.com\/ro\/wp-json\/wp\/v2\/product_brand?post=5236"},{"taxonomy":"product_cat","embeddable":true,"href":"https:\/\/iwantmyhealthback.com\/ro\/wp-json\/wp\/v2\/product_cat?post=5236"},{"taxonomy":"product_tag","embeddable":true,"href":"https:\/\/iwantmyhealthback.com\/ro\/wp-json\/wp\/v2\/product_tag?post=5236"}],"curies":[{"name":"wp","href":"https:\/\/api.w.org\/{rel}","templated":true}]}}