{"id":7625,"date":"2024-10-16T03:45:03","date_gmt":"2024-10-16T07:45:03","guid":{"rendered":"https:\/\/iwantmyhealthback.com\/marturia-lui-sean-despre-nano-soma\/"},"modified":"2025-05-21T08:45:02","modified_gmt":"2025-05-21T12:45:02","slug":"marturia-lui-sean-despre-nano-soma","status":"publish","type":"page","link":"https:\/\/iwantmyhealthback.com\/ro\/marturia-lui-sean-despre-nano-soma\/","title":{"rendered":"M\u0103rturia lui Sean despre NANO SOMA"},"content":{"rendered":"\n\n\t<section class=\"section\" id=\"section_491509794\">\n\t\t<div class=\"section-bg fill\" >\n\t\t\t\t\t\t\t\t\t\n\t\t\t\n\n\t\t<\/div>\n\n\t\t\n\n\t\t<div class=\"section-content relative\">\n\t\t\t\n\n<div class=\"row align-middle align-center\"  id=\"row-1855534329\">\n\n\n\t<div id=\"col-1905185485\" class=\"col medium-10 small-12 large-10\"  >\n\t\t\t\t<div class=\"col-inner text-center\"  >\n\t\t\t\n\t\t\t\n\n\t<div id=\"text-506230783\" class=\"text hide-for-small\">\n\t\t\n\n<h1 style=\"font-size: 40px\">M\u0103rturia lui Sean despre NANO SOMA\u00ae<\/h1>\n<p style=\"font-size:22px\">Importan\u021ba administr\u0103rii zilnice a NANO SOMA\u00ae<\/p>\n\n\t\t\n<style>\n#text-506230783 {\n  font-size: 1.6rem;\n}\n@media (min-width:550px) {\n  #text-506230783 {\n    font-size: 2.4rem;\n  }\n}\n<\/style>\n\t<\/div>\n\t\n\t<div id=\"text-1039278390\" class=\"text show-for-small\">\n\t\t\n\n<h1 style=\"font-size: 25px\">M\u0103rturia lui Sean despre NANO <sup>SOMA\u00ae<\/sup> <\/h1>\n<p style=\"font-size:15px\">Importan\u021ba administr\u0103rii zilnice a NANO <sup>SOMA\u00ae<\/sup> <\/p>\n\t\t\n<style>\n#text-1039278390 {\n  font-size: 1.6rem;\n}\n@media (min-width:550px) {\n  #text-1039278390 {\n    font-size: 2.4rem;\n  }\n}\n<\/style>\n\t<\/div>\n\t\n\n\n<div style=\"padding:45.36% 0 0 0;position:relative;\"><iframe src=\"https:\/\/player.vimeo.com\/video\/853261799?h=699cd07194\" style=\"position:absolute;top:0;left:0;width:100%;height:100%;\" frameborder=\"0\" allow=\"autoplay; fullscreen; picture-in-picture\" allowfullscreen=\"\"><\/iframe><\/div><script src=\"https:\/\/player.vimeo.com\/api\/player.js\"><\/script>\n\n\t<div id=\"gap-520513305\" class=\"gap-element clearfix\" style=\"display:block; height:auto;\">\n\t\t\n<style>\n#gap-520513305 {\n  padding-top: 30px;\n}\n<\/style>\n\t<\/div>\n\t\n\n<a href=\"https:\/\/iwantmyhealthback.com\/ro\/cumparati-acum\/\" target=\"_blank\" class=\"button primary is-xlarge hide-for-small\" rel=\"noopener\" >\n\t\t<span>SHOP NOW<\/span>\n\t<\/a>\n\n\n<a href=\"https:\/\/magicdichol.info\/products\/#nanosoma\" target=\"_blank\" class=\"button primary is-larger expand show-for-small\" rel=\"noopener\">\n\t\t<span>MAGAZIN NANO SOMA<\/span>\n\t<\/a>\n\n\n\t<div id=\"text-1337985325\" class=\"text\">\n\t\t\n\n<p>Luarea NANO SOMA\u00ae \u00een fiecare zi, a\u0219a cum face Sean, este esen\u021bial\u0103 chiar dac\u0103 sunte\u021bi deja s\u0103n\u0103tos sau v-a\u021bi atins obiectivele de s\u0103n\u0103tate, deoarece NANO SOMA:<\/p>\n<ul>\n<li><span style=\"font-size: 115%;\">Stimuleaz\u0103 organismul s\u0103 produc\u0103 propria sa vitamina C, sporind imunitatea natural\u0103*<\/span><\/li>\n<li><span style=\"font-size: 115%;\">Regleaz\u0103 to\u021bi receptorii nucleari ai organismului, cum ar fi tiroida sau receptorul de vitamina D, oferind sprijin \u00eentregului organism pentru echilibru<\/span><\/li>\n<li><span style=\"font-size: 115%;\">Sprijin profund pentru men\u021binerea tinere\u021bii \u0219i o inversare a efectelor \u00eemb\u0103tr\u00e2nirii biologice*<\/span><\/li>\n<li><span style=\"font-size: 115%;\">Men\u021bine ADN-ul s\u0103n\u0103tos prin sus\u021binerea s\u0103n\u0103t\u0103\u021bii celulare \u0219i optimizarea func\u021biei genomului*<\/span><\/li>\n<li><span style=\"font-size: 115%;\">Ajut\u0103 la abordarea problemelor de s\u0103n\u0103tate de care s-ar putea s\u0103 nici nu fim con\u0219tien\u021bi<\/span><\/li>\n<\/ul>\n<p>Prin integrarea NANO SOMA \u00een rutina zilnic\u0103, v\u0103 asigura\u021bi c\u0103 organismul dumneavoastr\u0103 r\u0103m\u00e2ne energic, vibrant \u0219i capabil s\u0103 men\u021bin\u0103 bun\u0103starea general\u0103, indiferent de starea dumneavoastr\u0103 actual\u0103 de s\u0103n\u0103tate.<\/p>\n\n\t\t\n<style>\n#text-1337985325 {\n  font-size: 1rem;\n  text-align: left;\n}\n@media (min-width:550px) {\n  #text-1337985325 {\n    font-size: 1.3rem;\n  }\n}\n<\/style>\n\t<\/div>\n\t\n<a href=\"https:\/\/iwantmyhealthback.com\/ro\/produs\/nano-soma-liquid\/\" target=\"_blank\" class=\"button primary is-xlarge hide-for-small\" rel=\"noopener\">\n\t\t<span>MAGAZIN NANO SOMA<\/span>\n\t<\/a>\n\n\n\t<div id=\"text-2720120587\" class=\"text\">\n\t\t\n\n<p>NANO SOMA v\u0103 ajut\u0103 organismul din interior, spre exterior. Nu a\u021bi \u00eencercat \u00eenc\u0103 crema de piele NANO SOMA sau gelul topic NANO SOMA? \u00cencerca\u021bi-le ast\u0103zi \u0219i sim\u021bi\u021bi diferen\u021ba!  <\/p>\n\t\t\n<style>\n#text-2720120587 {\n  font-size: 1.3rem;\n  text-align: left;\n}\n<\/style>\n\t<\/div>\n\t\n<a href=\"https:\/\/iwantmyhealthback.com\/ro\/cumparati-acum\/\" class=\"button primary is-xlarge hide-for-small\">\n\t\t<span>DU-TE LA MAGAZIN<\/span>\n\t<\/a>\n\n\n<a href=\"https:\/\/magicdichol.info\/shop-now\" class=\"button primary is-larger expand show-for-small\" target=\"_blank\" rel=\"noopener\">\n\t\t<span>SHOP NOW<\/span>\n\t<\/a>\n\n\n\n\t\t<\/div>\n\t\t\t\t\n<style>\n#col-1905185485 > .col-inner {\n  padding: 0px 0px 0px 0px;\n}\n<\/style>\n\t<\/div>\n\n\t\n\n<\/div>\n\n\t\t<\/div>\n\n\t\t\n<style>\n#section_491509794 {\n  padding-top: 30px;\n  padding-bottom: 30px;\n}\n<\/style>\n\t<\/section>\n\t\n\n","protected":false},"excerpt":{"rendered":"","protected":false},"author":2,"featured_media":0,"parent":0,"menu_order":0,"comment_status":"closed","ping_status":"closed","template":"","meta":{"bwfblock_default_font":"","_uag_custom_page_level_css":"","footnotes":""},"class_list":["post-7625","page","type-page","status-publish","hentry"],"uagb_featured_image_src":{"full":false,"thumbnail":false,"medium":false,"medium_large":false,"large":false,"1536x1536":false,"2048x2048":false,"woocommerce_thumbnail":false,"woocommerce_single":false,"woocommerce_gallery_thumbnail":false},"uagb_author_info":{"display_name":"IWantMyHealthBack","author_link":"https:\/\/iwantmyhealthback.com\/ro\/author\/anthonette\/"},"uagb_comment_info":0,"uagb_excerpt":null,"_links":{"self":[{"href":"https:\/\/iwantmyhealthback.com\/ro\/wp-json\/wp\/v2\/pages\/7625","targetHints":{"allow":["GET"]}}],"collection":[{"href":"https:\/\/iwantmyhealthback.com\/ro\/wp-json\/wp\/v2\/pages"}],"about":[{"href":"https:\/\/iwantmyhealthback.com\/ro\/wp-json\/wp\/v2\/types\/page"}],"author":[{"embeddable":true,"href":"https:\/\/iwantmyhealthback.com\/ro\/wp-json\/wp\/v2\/users\/2"}],"replies":[{"embeddable":true,"href":"https:\/\/iwantmyhealthback.com\/ro\/wp-json\/wp\/v2\/comments?post=7625"}],"version-history":[{"count":0,"href":"https:\/\/iwantmyhealthback.com\/ro\/wp-json\/wp\/v2\/pages\/7625\/revisions"}],"wp:attachment":[{"href":"https:\/\/iwantmyhealthback.com\/ro\/wp-json\/wp\/v2\/media?parent=7625"}],"curies":[{"name":"wp","href":"https:\/\/api.w.org\/{rel}","templated":true}]}}