{"id":6508,"date":"2024-01-23T15:43:17","date_gmt":"2024-01-23T19:43:17","guid":{"rendered":"https:\/\/iwantmyhealthback.com\/sa-pastram-legatura\/"},"modified":"2024-09-09T08:19:21","modified_gmt":"2024-09-09T12:19:21","slug":"sa-pastram-legatura","status":"publish","type":"page","link":"https:\/\/iwantmyhealthback.com\/ro\/sa-pastram-legatura\/","title":{"rendered":"S\u0103 p\u0103str\u0103m leg\u0103tura"},"content":{"rendered":"<p>Salut <span id=\"bwfan_contact_name\">John<\/span> Ajuta\u021bi-ne s\u0103 v\u0103 \u00eembun\u0103t\u0103\u021bim experien\u021ba cu noi printr-o comunicare mai bun\u0103.<br \/>\nV\u0103 rug\u0103m s\u0103 v\u0103 ajusta\u021bi preferin\u021bele pentru e-mail <span id=\"bwfan_contact_email\">john@example.com<\/span>. . <\/p>\n","protected":false},"excerpt":{"rendered":"<p>Salut Ajuta\u021bi-ne s\u0103 v\u0103 \u00eembun\u0103t\u0103\u021bim experien\u021ba cu noi printr-o comunicare mai bun\u0103. V\u0103 rug\u0103m s\u0103 v\u0103 ajusta\u021bi preferin\u021bele pentru e-mail . .<\/p>\n","protected":false},"author":1,"featured_media":0,"parent":0,"menu_order":0,"comment_status":"closed","ping_status":"closed","template":"","meta":{"bwfblock_default_font":"","_uag_custom_page_level_css":"","footnotes":""},"class_list":["post-6508","page","type-page","status-publish","hentry"],"uagb_featured_image_src":{"full":false,"thumbnail":false,"medium":false,"medium_large":false,"large":false,"1536x1536":false,"2048x2048":false,"woocommerce_thumbnail":false,"woocommerce_single":false,"woocommerce_gallery_thumbnail":false},"uagb_author_info":{"display_name":"IWantMyHealthBack","author_link":"https:\/\/iwantmyhealthback.com\/ro\/author\/iwantmyhealth\/"},"uagb_comment_info":0,"uagb_excerpt":"Salut Ajuta\u021bi-ne s\u0103 v\u0103 \u00eembun\u0103t\u0103\u021bim experien\u021ba cu noi printr-o comunicare mai bun\u0103. V\u0103 rug\u0103m s\u0103 v\u0103 ajusta\u021bi preferin\u021bele pentru e-mail . .","_links":{"self":[{"href":"https:\/\/iwantmyhealthback.com\/ro\/wp-json\/wp\/v2\/pages\/6508","targetHints":{"allow":["GET"]}}],"collection":[{"href":"https:\/\/iwantmyhealthback.com\/ro\/wp-json\/wp\/v2\/pages"}],"about":[{"href":"https:\/\/iwantmyhealthback.com\/ro\/wp-json\/wp\/v2\/types\/page"}],"author":[{"embeddable":true,"href":"https:\/\/iwantmyhealthback.com\/ro\/wp-json\/wp\/v2\/users\/1"}],"replies":[{"embeddable":true,"href":"https:\/\/iwantmyhealthback.com\/ro\/wp-json\/wp\/v2\/comments?post=6508"}],"version-history":[{"count":0,"href":"https:\/\/iwantmyhealthback.com\/ro\/wp-json\/wp\/v2\/pages\/6508\/revisions"}],"wp:attachment":[{"href":"https:\/\/iwantmyhealthback.com\/ro\/wp-json\/wp\/v2\/media?parent=6508"}],"curies":[{"name":"wp","href":"https:\/\/api.w.org\/{rel}","templated":true}]}}