{"id":5230,"date":"2024-07-07T03:56:08","date_gmt":"2024-07-07T07:56:08","guid":{"rendered":"https:\/\/iwantmyhealthback.com\/metadichol-brevete-din-s-u-a\/"},"modified":"2025-06-19T08:48:08","modified_gmt":"2025-06-19T12:48:08","slug":"metadichol-brevete-din-s-u-a","status":"publish","type":"page","link":"https:\/\/iwantmyhealthback.com\/ro\/metadichol-brevete-din-s-u-a\/","title":{"rendered":"METADICHOL\u00ae BREVETE DIN S.U.A."},"content":{"rendered":"\n\n\t<section class=\"section has-scroll-for-more\" id=\"section_300180096\">\n\t\t<div class=\"section-bg fill\" >\n\t\t\t\t\t\t\t\t\t<button class=\"scroll-for-more z-5 icon absolute bottom h-center\" aria-label=\"Scroll for more\"><i class=\"icon-angle-down\" aria-hidden=\"true\" style=\"font-size:42px;\"><\/i><\/button>\n\t\t\t\n\t<div class=\"is-border\"\n\t\tstyle=\"border-width:0px 0px 0px 0px;\">\n\t<\/div>\n\n\t\t<\/div>\n\n\t\t\n\n\t\t<div class=\"section-content relative\">\n\t\t\t\n\n<div class=\"row align-center\"  id=\"row-192869191\">\n\n\n\t<div id=\"col-58706451\" class=\"col medium-8 small-10 large-10\"  >\n\t\t\t\t<div class=\"col-inner text-center\"  >\n\t\t\t\n\t\t\t\n\n<h3>\u0218tiin\u021b\u0103<\/h3>\n<h2 style=\"font-size:250%;\">METADICHOL\u00ae BREVETE DIN S.U.A.<\/h2>\n\n\n\t\t<\/div>\n\t\t\t\t\n<style>\n#col-58706451 > .col-inner {\n  padding: 40px 0px 0px 0px;\n}\n<\/style>\n\t<\/div>\n\n\t\n\n<\/div>\n\n\t\t<\/div>\n\n\t\t\n<style>\n#section_300180096 {\n  padding-top: 0px;\n  padding-bottom: 0px;\n}\n@media (min-width:550px) {\n  #section_300180096 {\n    padding-top: 30px;\n    padding-bottom: 30px;\n  }\n}\n<\/style>\n\t<\/section>\n\t\n\n\t<section class=\"section\" id=\"section_1533822224\">\n\t\t<div class=\"section-bg fill\" >\n\t\t\t\t\t\t\t\t\t\n\t\t\t\n\n\t\t<\/div>\n\n\t\t\n\n\t\t<div class=\"section-content relative\">\n\t\t\t\n\n<div class=\"row row-large\"  id=\"row-89636554\">\n\n\n\t<div id=\"col-2139356463\" class=\"col medium-5 small-12 large-5\"  >\n\t\t\t\t<div class=\"col-inner\"  >\n\t\t\t\n\t\t\t\n\n<h6 class=\"uppercase secondary-color\">\u0218tiin\u021b\u0103<\/h6>\n<h1>Brevete americane nr.<\/h1>\n<p>Aceste declara\u021bii nu au fost evaluate de c\u0103tre US Food and Drug Administration. Acest produs nu este destinat diagnostic\u0103rii sau prescrierii pentru nicio afec\u021biune medical\u0103 \u0219i nici prevenirii, trat\u0103rii, atenu\u0103rii sau vindec\u0103rii unei astfel de afec\u021biuni. Dac\u0103 ave\u021bi orice boal\u0103 sau afec\u021biune medical\u0103, consulta\u021bi medicul dumneavoastr\u0103.  <\/p>\n<div class=\"accordion\">\n\n\t<div id=\"accordion-2892998531\" class=\"accordion-item\">\n\t\t<a id=\"accordion-2892998531-label\" class=\"accordion-title plain\" href=\"#accordion-item-brevet-sua-nr.-us-8,722,093-b2-\" aria-expanded=\"false\" aria-controls=\"accordion-2892998531-content\">\n\t\t\t<button class=\"toggle\" aria-label=\"Toggle\"><i class=\"icon-angle-down\" aria-hidden=\"true\"><\/i><\/button>\n\t\t\t<span>Brevet SUA nr. US 8,722,093 B2 <\/span>\n\t\t<\/a>\n\t\t<div id=\"accordion-2892998531-content\" class=\"accordion-inner\" aria-labelledby=\"accordion-2892998531-label\">\n\t\t\t\n\n<p>O metod\u0103 de cre\u0219tere a nivelului seric de vitamina C la un subiect.O metod\u0103 de inhibare a nivelului proteinei NF-\u03baB la un subiect.O metod\u0103 de cre\u0219tere a nivelului adiponectinei la un subiect.O metod\u0103 de reducere a nivelului TNF alfa la un subiect.<\/p>\n\n\t\t<\/div>\n\t<\/div>\n\t\n\t<div id=\"accordion-3486175679\" class=\"accordion-item\">\n\t\t<a id=\"accordion-3486175679-label\" class=\"accordion-title plain\" href=\"#accordion-item-brevet-sua-nr.-us-9,006,292-b2-\" aria-expanded=\"false\" aria-controls=\"accordion-3486175679-content\">\n\t\t\t<button class=\"toggle\" aria-label=\"Toggle\"><i class=\"icon-angle-down\" aria-hidden=\"true\"><\/i><\/button>\n\t\t\t<span>Brevet SUA nr. US 9,006,292 B2 <\/span>\n\t\t<\/a>\n\t\t<div id=\"accordion-3486175679-content\" class=\"accordion-inner\" aria-labelledby=\"accordion-3486175679-label\">\n\t\t\t\n\n<p>Metod\u0103 de tratare a unei boli de piele la un subiect, incluz\u00e2nd: psoriazis, dermatit\u0103 atopic\u0103, derma&#8230;de contact \u0219i alte afec\u021biuni legate de nivelul zah\u0103rului din s\u00e2nge. \u00cen alte moduri de realizare, formul\u0103rile se utilizeaz\u0103 pentru reglarea, de exemplu, cre\u0219terea nivelului de vitamina C din plasm\u0103 \u0219i reducerea tensiunii arteriale sistolice \u0219i diastolice. \u00cen alte moduri de realizare, formul\u0103rile sunt utilizate pentru a inhiba PAI-1 (inhibitor de activare a plasminogenului). \u00cen alte moduri de realizare, formul\u0103rile sunt utilizate pentru cre\u0219terea DDP-IV care ar putea fi utile \u00een tratamentul cancerului.   <\/p>\n\n\t\t<\/div>\n\t<\/div>\n\t\n\n<\/div>\n\n\t\t<\/div>\n\t\t\t\t\t<\/div>\n\n\t\n\n\t<div id=\"col-1436264006\" class=\"col hide-for-small medium-1 small-12 large-1\"  >\n\t\t\t\t<div class=\"col-inner\"  >\n\t\t\t\n\t\t\t\n\n\t<div id=\"gap-1684609429\" class=\"gap-element clearfix\" style=\"display:block; height:auto;\">\n\t\t\n<style>\n#gap-1684609429 {\n  padding-top: 360px;\n}\n<\/style>\n\t<\/div>\n\t\n\n\n\t\t<\/div>\n\t\t\t\t\n<style>\n#col-1436264006 > .col-inner {\n  margin: -20px -80px -20px 80px;\n}\n<\/style>\n\t<\/div>\n\n\t\n\n\t<div id=\"col-1756760147\" class=\"col medium-6 small-12 large-6 small-col-first\"  >\n\t\t\t\t<div class=\"col-inner\"  >\n\t\t\t\n\t\t\t\n\n\n  <div class=\"banner has-hover\" id=\"banner-1865324996\">\n          <div class=\"banner-inner fill\">\n        <div class=\"banner-bg fill\" >\n            <img loading=\"lazy\" decoding=\"async\" width=\"1080\" height=\"1080\" src=\"https:\/\/iwantmyhealthback.com\/wp-content\/uploads\/2024\/07\/US-Patented.jpg\" class=\"bg attachment-original size-original\" alt=\"\" \/>                                    \n                    <\/div>\n\t\t\n        <div class=\"banner-layers container\">\n            <div class=\"fill banner-link\"><\/div>            \n\n   <div id=\"text-box-282367639\" class=\"text-box banner-layer x50 md-x50 lg-x50 y50 md-y50 lg-y50 res-text\">\n                                <div class=\"text-box-content text dark\">\n              \n              <div class=\"text-inner text-center\">\n                  \n\n\n              <\/div>\n           <\/div>\n                            \n<style>\n#text-box-282367639 {\n  width: 60%;\n}\n#text-box-282367639 .text-box-content {\n  font-size: 100%;\n}\n@media (min-width:550px) {\n  #text-box-282367639 {\n    width: 60%;\n  }\n}\n<\/style>\n    <\/div>\n \n\n        <\/div>\n      <\/div>\n\n            \n<style>\n#banner-1865324996 {\n  padding-top: 400px;\n  background-color: rgb(247, 245, 244);\n}\n<\/style>\n  <\/div>\n\n\n\n\t\t<\/div>\n\t\t\t\t\t<\/div>\n\n\t\n\n<\/div>\n<div class=\"row\"  id=\"row-1777884403\">\n\n\n\t<div id=\"col-1431443180\" class=\"col small-12 large-12\"  >\n\t\t\t\t<div class=\"col-inner text-center\"  >\n\t\t\t\n\t\t\t\n\n<a href=\"https:\/\/magicdichol.info\/shop-now\" class=\"button primary is-larger\" target=\"_blank\" rel=\"noopener\">\n\t\t<span>SHOP NOW<\/span>\n\t<\/a>\n\n\n\n\t\t<\/div>\n\t\t\t\t\t<\/div>\n\n\t\n\n<\/div>\n\n\t\t<\/div>\n\n\t\t\n<style>\n#section_1533822224 {\n  padding-top: 0px;\n  padding-bottom: 0px;\n}\n@media (min-width:550px) {\n  #section_1533822224 {\n    padding-top: 120px;\n    padding-bottom: 120px;\n  }\n}\n<\/style>\n\t<\/section>\n\t\n\n","protected":false},"excerpt":{"rendered":"","protected":false},"author":2,"featured_media":0,"parent":0,"menu_order":0,"comment_status":"closed","ping_status":"closed","template":"","meta":{"bwfblock_default_font":"","_uag_custom_page_level_css":"","footnotes":""},"class_list":["post-5230","page","type-page","status-publish","hentry"],"uagb_featured_image_src":{"full":false,"thumbnail":false,"medium":false,"medium_large":false,"large":false,"1536x1536":false,"2048x2048":false,"woocommerce_thumbnail":false,"woocommerce_single":false,"woocommerce_gallery_thumbnail":false},"uagb_author_info":{"display_name":"IWantMyHealthBack","author_link":"https:\/\/iwantmyhealthback.com\/ro\/author\/anthonette\/"},"uagb_comment_info":0,"uagb_excerpt":null,"_links":{"self":[{"href":"https:\/\/iwantmyhealthback.com\/ro\/wp-json\/wp\/v2\/pages\/5230","targetHints":{"allow":["GET"]}}],"collection":[{"href":"https:\/\/iwantmyhealthback.com\/ro\/wp-json\/wp\/v2\/pages"}],"about":[{"href":"https:\/\/iwantmyhealthback.com\/ro\/wp-json\/wp\/v2\/types\/page"}],"author":[{"embeddable":true,"href":"https:\/\/iwantmyhealthback.com\/ro\/wp-json\/wp\/v2\/users\/2"}],"replies":[{"embeddable":true,"href":"https:\/\/iwantmyhealthback.com\/ro\/wp-json\/wp\/v2\/comments?post=5230"}],"version-history":[{"count":0,"href":"https:\/\/iwantmyhealthback.com\/ro\/wp-json\/wp\/v2\/pages\/5230\/revisions"}],"wp:attachment":[{"href":"https:\/\/iwantmyhealthback.com\/ro\/wp-json\/wp\/v2\/media?parent=5230"}],"curies":[{"name":"wp","href":"https:\/\/api.w.org\/{rel}","templated":true}]}}