{"id":5223,"date":"2024-05-10T04:41:24","date_gmt":"2024-05-10T08:41:24","guid":{"rendered":"https:\/\/iwantmyhealthback.com\/politica-de-rambursare-si-returnare\/"},"modified":"2024-08-08T10:36:57","modified_gmt":"2024-08-08T14:36:57","slug":"politica-de-rambursare-si-returnare","status":"publish","type":"page","link":"https:\/\/iwantmyhealthback.com\/ro\/politica-de-rambursare-si-returnare\/","title":{"rendered":"Politica de rambursare \u0219i returnare"},"content":{"rendered":"\n<p><b>Aceasta este o pagin\u0103 de exemplu.<\/b><\/p>\n\n<h2 class=\"wp-block-heading\">Prezentare general\u0103<\/h2>\n\n<p>Politica noastr\u0103 de rambursare \u0219i returnare dureaz\u0103 30 de zile.\nDac\u0103 au trecut 30 de zile de la achizi\u021bia dvs., nu v\u0103 putem oferi o rambursare complet\u0103 sau un schimb. <\/p>\n\n<p>Pentru a fi eligibil pentru o returnare, articolul dvs. trebuie s\u0103 fie neutilizat \u0219i \u00een aceea\u0219i stare \u00een care l-a\u021bi primit.\nDe asemenea, trebuie s\u0103 fie \u00een ambalajul original. <\/p>\n\n<p>Mai multe tipuri de bunuri sunt exceptate de la returnare.\nProdusele perisabile, cum ar fi alimentele, florile, ziarele sau revistele nu pot fi returnate.\nDe asemenea, nu accept\u0103m produse care sunt bunuri intime sau sanitare, materiale periculoase sau lichide sau gaze inflamabile.  <\/p>\n\n<p>Articole suplimentare care nu pot fi returnate:<\/p>\n\n<ul class=\"wp-block-list\">\n<li>Carduri cadou<\/li>\n<li>Produse software care pot fi desc\u0103rcate<\/li>\n<li>Unele articole de s\u0103n\u0103tate \u0219i de \u00eengrijire personal\u0103<\/li>\n<\/ul>\n\n<p>Pentru a finaliza returnarea, avem nevoie de o chitan\u021b\u0103 sau de o dovad\u0103 a achizi\u021biei.<\/p>\n\n<p>V\u0103 rug\u0103m s\u0103 nu trimite\u021bi achizi\u021bia \u00eenapoi la produc\u0103tor.<\/p>\n\n<p>Exist\u0103 anumite situa\u021bii \u00een care se acord\u0103 doar ramburs\u0103ri par\u021biale:<\/p>\n\n<ul class=\"wp-block-list\">\n<li>Carte cu semne evidente de utilizare<\/li>\n<li>CD, DVD, caset\u0103 VHS, software, joc video, caset\u0103 sau disc de vinil care a fost deschis.<\/li>\n<li>Orice articol care nu este \u00een starea sa original\u0103, este deteriorat sau \u00eei lipsesc piese din motive care nu se datoreaz\u0103 erorii noastre.<\/li>\n<li>Orice articol returnat la mai mult de 30 de zile de la livrare<\/li>\n<\/ul>\n\n<h2>Refunds<\/h2>\n\n<p>Dup\u0103 ce returul dvs. este primit \u0219i inspectat, v\u0103 vom trimite un e-mail pentru a v\u0103 notifica c\u0103 am primit articolul returnat.\nDe asemenea, v\u0103 vom notifica cu privire la aprobarea sau respingerea ramburs\u0103rii dvs. <\/p>\n\n<p>Dac\u0103 sunte\u021bi aprobat, atunci rambursarea dvs. va fi procesat\u0103, iar un credit va fi aplicat automat pe cardul dvs. de credit sau pe metoda ini\u021bial\u0103 de plat\u0103, \u00een termen de un anumit num\u0103r de zile.<\/p>\n\n<h3 class=\"wp-block-heading\">Ramburs\u0103ri \u00eent\u00e2rziate sau lips\u0103<\/h3>\n\n<p>Dac\u0103 nu a\u021bi primit \u00eenc\u0103 o rambursare, mai \u00eent\u00e2i verifica\u021bi din nou contul bancar.<\/p>\n\n<p>Apoi contacta\u021bi compania de carduri de credit, poate dura ceva timp p\u00e2n\u0103 c\u00e2nd rambursarea dvs. este postat\u0103 oficial.<\/p>\n\n<p>Apoi contacta\u021bi banca dumneavoastr\u0103.\nAdesea, exist\u0103 o perioad\u0103 de procesare \u00eenainte ca o rambursare s\u0103 fie postat\u0103. <\/p>\n\n<p>Dac\u0103 a\u021bi f\u0103cut toate acestea \u0219i \u00eenc\u0103 nu a\u021bi primit rambursarea, v\u0103 rug\u0103m s\u0103 ne contacta\u021bi la {adresa de e-mail}.<\/p>\n\n<h3 class=\"wp-block-heading\">Articole de v\u00e2nzare<\/h3>\n\n<p>Numai articolele la pre\u021b normal pot fi rambursate.\nArticolele de v\u00e2nzare nu pot fi rambursate. <\/p>\n\n<h2>Exchanges<\/h2>\n\n<p>Noi \u00eenlocuim articolele numai dac\u0103 sunt defecte sau deteriorate.\nDac\u0103 trebuie s\u0103 \u00eel schimba\u021bi cu acela\u0219i articol, trimite\u021bi-ne un e-mail la {adresa de e-mail} \u0219i trimite\u021bi articolul la: {adresa fizic\u0103}. <\/p>\n\n<h2>Gifts<\/h2>\n\n<p>Dac\u0103 articolul a fost marcat ca cadou atunci c\u00e2nd a fost achizi\u021bionat \u0219i expediat direct c\u0103tre dvs., ve\u021bi primi un credit cadou pentru valoarea returului dvs.\nDup\u0103 primirea articolului returnat, vi se va trimite prin po\u0219t\u0103 un certificat cadou. <\/p>\n\n<p>\u00cen cazul \u00een care articolul nu a fost marcat ca fiind un cadou atunci c\u00e2nd a fost achizi\u021bionat sau persoana care a f\u0103cut cadoul \u0219i-a expediat comanda pentru a \u021bi-o oferi \u021bie mai t\u00e2rziu, vom trimite o rambursare persoanei care a f\u0103cut cadoul \u0219i aceasta va afla despre returnarea ta.<\/p>\n\n<h2>Shipping returns<\/h2>\n\n<p>Pentru a returna produsul, trebuie s\u0103 trimite\u021bi produsul prin po\u0219t\u0103 la adresa: {adresa fizic\u0103}.<\/p>\n\n<p>Ve\u021bi fi responsabil pentru plata propriilor costuri de transport pentru returnarea articolului.\nCosturile de expediere nu sunt rambursabile.\nDac\u0103 primi\u021bi o rambursare, costul transportului de returnare va fi dedus din rambursarea dvs.  <\/p>\n\n<p>\u00cen func\u021bie de locul \u00een care locui\u021bi, timpul necesar pentru ca produsul schimbat s\u0103 ajung\u0103 la dumneavoastr\u0103 poate varia.<\/p>\n\n<p>Dac\u0103 returna\u021bi articole mai scumpe, pute\u021bi lua \u00een considerare utilizarea unui serviciu de transport cu urm\u0103rire sau achizi\u021bionarea unei asigur\u0103ri de transport.\nNu garant\u0103m c\u0103 vom primi articolul returnat. <\/p>\n\n<h2>Need help?<\/h2>\n\n<p>Contacta\u021bi-ne la {email} pentru \u00eentreb\u0103ri legate de ramburs\u0103ri \u0219i retururi.<\/p>\n","protected":false},"excerpt":{"rendered":"<p>Aceasta este o pagin\u0103 de exemplu. Prezentare general\u0103 Politica noastr\u0103 de rambursare \u0219i returnare dureaz\u0103 30 de zile. Dac\u0103 au trecut 30 de zile de la achizi\u021bia dvs., nu v\u0103 putem oferi o rambursare complet\u0103 sau un schimb. Pentru a fi eligibil pentru o returnare, articolul dvs. trebuie s\u0103 fie neutilizat \u0219i \u00een aceea\u0219i stare [&#8230;]\n","protected":false},"author":1,"featured_media":0,"parent":0,"menu_order":0,"comment_status":"closed","ping_status":"closed","template":"","meta":{"bwfblock_default_font":"","_uag_custom_page_level_css":"","footnotes":""},"class_list":["post-5223","page","type-page","status-publish","hentry"],"uagb_featured_image_src":{"full":false,"thumbnail":false,"medium":false,"medium_large":false,"large":false,"1536x1536":false,"2048x2048":false,"woocommerce_thumbnail":false,"woocommerce_single":false,"woocommerce_gallery_thumbnail":false},"uagb_author_info":{"display_name":"IWantMyHealthBack","author_link":"https:\/\/iwantmyhealthback.com\/ro\/author\/iwantmyhealth\/"},"uagb_comment_info":0,"uagb_excerpt":"Aceasta este o pagin\u0103 de exemplu. Prezentare general\u0103 Politica noastr\u0103 de rambursare \u0219i returnare dureaz\u0103 30 de zile. Dac\u0103 au trecut 30 de zile de la achizi\u021bia dvs., nu v\u0103 putem oferi o rambursare complet\u0103 sau un schimb. Pentru a fi eligibil pentru o returnare, articolul dvs. trebuie s\u0103 fie neutilizat \u0219i \u00een aceea\u0219i stare&hellip;","_links":{"self":[{"href":"https:\/\/iwantmyhealthback.com\/ro\/wp-json\/wp\/v2\/pages\/5223","targetHints":{"allow":["GET"]}}],"collection":[{"href":"https:\/\/iwantmyhealthback.com\/ro\/wp-json\/wp\/v2\/pages"}],"about":[{"href":"https:\/\/iwantmyhealthback.com\/ro\/wp-json\/wp\/v2\/types\/page"}],"author":[{"embeddable":true,"href":"https:\/\/iwantmyhealthback.com\/ro\/wp-json\/wp\/v2\/users\/1"}],"replies":[{"embeddable":true,"href":"https:\/\/iwantmyhealthback.com\/ro\/wp-json\/wp\/v2\/comments?post=5223"}],"version-history":[{"count":0,"href":"https:\/\/iwantmyhealthback.com\/ro\/wp-json\/wp\/v2\/pages\/5223\/revisions"}],"wp:attachment":[{"href":"https:\/\/iwantmyhealthback.com\/ro\/wp-json\/wp\/v2\/media?parent=5223"}],"curies":[{"name":"wp","href":"https:\/\/api.w.org\/{rel}","templated":true}]}}