{"id":5209,"date":"2024-03-31T12:10:33","date_gmt":"2024-03-31T16:10:33","guid":{"rendered":"https:\/\/iwantmyhealthback.com\/inregistrarea-utilizatorului\/"},"modified":"2024-09-26T11:17:01","modified_gmt":"2024-09-26T15:17:01","slug":"inregistrarea-utilizatorului","status":"publish","type":"page","link":"https:\/\/iwantmyhealthback.com\/ro\/inregistrarea-utilizatorului\/","title":{"rendered":"\u00cenregistrarea utilizatorului"},"content":{"rendered":"\n\n<div class=\"woocommerce\">\n\t<div class=\"woocommerce-notices-wrapper\"><\/div>\n\t\n\n\t<form method=\"post\" class=\"wc-user-register-form woocommerce-form woocommerce-form-register default_forms  register\" enctype=\"multipart\/form-data\">\n\n\t\t\t<p class=\"woocommerce-form-row woocommerce-form-row--wide form-row form-row-wide\">\n\t\t<label for=\"reg_username\">Nume utilizator&nbsp;<span class=\"required\">*<\/span><\/label>\n\t\t<input type=\"text\" class=\"woocommerce-Input woocommerce-Input--text input-text\" name=\"username\" id=\"reg_username\" autocomplete=\"username\" value=\"\" \/>\n\t<\/p>\n\n\n<p class=\"woocommerce-form-row woocommerce-form-row--wide form-row form-row-wide\">\n\t<label for=\"reg_email\">Email address&nbsp;<span class=\"required\">*<\/span><\/label>\n\t<input type=\"email\" class=\"woocommerce-Input woocommerce-Input--text input-text\" name=\"email\" id=\"reg_email\" autocomplete=\"email\" value=\"\" \/>\n\t<\/p>\n\n\t<p class=\"woocommerce-form-row woocommerce-form-row--wide form-row form-row-wide\">\n\t\t<label for=\"reg_password\">Password&nbsp;<span class=\"required\">*<\/span><\/label>\n\t\t<input type=\"password\" class=\"woocommerce-Input woocommerce-Input--text input-text\" name=\"password\" id=\"reg_password\" autocomplete=\"new-password\" \/>\n\t<\/p>\n\t<div class=\"wc-user-register-fields\" id=\"customer_details\">\n\t<div class=\"woocommerce-billing-fields\">\n<\/div>\n<div class=\"woocommerce-shipping-fields\">\n\t<h3>Shipping details<\/h3>\n\t<p class=\"form-row form-row-first validate-required\" id=\"shipping_first_name_field\" data-priority=\"10\"><label for=\"shipping_first_name\" class=\"required_field\">Prenume&nbsp;<span class=\"required\" aria-hidden=\"true\">*<\/span><\/label><span class=\"woocommerce-input-wrapper\"><input type=\"text\" class=\"input-text \" name=\"shipping_first_name\" id=\"shipping_first_name\" placeholder=\"\"  value=\"\" required=\"required\" aria-required=\"true\" autocomplete=\"section-shipping shipping given-name\" \/><\/span><\/p><p class=\"form-row form-row-last validate-required\" id=\"shipping_last_name_field\" data-priority=\"20\"><label for=\"shipping_last_name\" class=\"required_field\">Nume&nbsp;<span class=\"required\" aria-hidden=\"true\">*<\/span><\/label><span class=\"woocommerce-input-wrapper\"><input type=\"text\" class=\"input-text \" name=\"shipping_last_name\" id=\"shipping_last_name\" placeholder=\"\"  value=\"\" required=\"required\" aria-required=\"true\" autocomplete=\"section-shipping shipping family-name\" \/><\/span><\/p><p class=\"form-row form-row-wide address-field update_totals_on_change validate-required\" id=\"shipping_country_field\" data-priority=\"40\"><label for=\"shipping_country\" class=\"required_field\">\u021aar\u0103\/regiune&nbsp;<span class=\"required\" aria-hidden=\"true\">*<\/span><\/label><span class=\"woocommerce-input-wrapper\"><select name=\"shipping_country\" id=\"shipping_country\" class=\"country_to_state country_select \" required=\"required\" aria-required=\"true\" autocomplete=\"section-shipping shipping country\" data-placeholder=\"Selecteaz\u0103 o \u021bar\u0103\/regiune...\" data-label=\"\u021aar\u0103\/regiune\"><option value=\"\">Selecteaz\u0103 o \u021bar\u0103\/regiune...<\/option><option value=\"AL\" >Albania<\/option><option value=\"DZ\" >Algeria<\/option><option value=\"AS\" >Samoa American\u0103<\/option><option value=\"AU\" >Australia<\/option><option value=\"AT\" >Austria<\/option><option value=\"BD\" >Bangladesh<\/option><option value=\"BE\" >Belgia<\/option><option value=\"BA\" >Bosnia \u0219i Her\u021begovina<\/option><option value=\"BG\" >Bulgaria<\/option><option value=\"CA\" >Canada<\/option><option value=\"CO\" >Columbia<\/option><option value=\"CY\" >Cipru<\/option><option value=\"CZ\" >Cehia<\/option><option value=\"DK\" >Danemarca<\/option><option value=\"DO\" >Republica Dominican\u0103<\/option><option value=\"EG\" >Egipt<\/option><option value=\"EE\" >Estonia<\/option><option value=\"FJ\" >Fiji<\/option><option value=\"FI\" >Finlanda<\/option><option value=\"FR\" >Fran\u021ba<\/option><option value=\"PF\" >Polinezia Francez\u0103<\/option><option value=\"DE\" >Germania<\/option><option value=\"GR\" >Grecia<\/option><option value=\"HK\" >Hong Kong<\/option><option value=\"HU\" >Ungaria<\/option><option value=\"IN\" >India<\/option><option value=\"ID\" >Indonezia<\/option><option value=\"IE\" >Irlanda<\/option><option value=\"IL\" >Israel<\/option><option value=\"IT\" >Italia<\/option><option value=\"JP\" >Japonia<\/option><option value=\"LV\" >Letonia<\/option><option value=\"LT\" >Lituania<\/option><option value=\"LU\" >Luxemburg<\/option><option value=\"MY\" >Malaysia<\/option><option value=\"ME\" >Muntenegru<\/option><option value=\"NL\" >\u021a\u0103rile de Jos<\/option><option value=\"NZ\" >Noua Zeeland\u0103<\/option><option value=\"MK\" >Macedonia de Nord<\/option><option value=\"NO\" >Norvegia<\/option><option value=\"PK\" >Pakistan<\/option><option value=\"PY\" >Paraguay<\/option><option value=\"PH\" >Filipine<\/option><option value=\"PL\" >Polonia<\/option><option value=\"PT\" >Portugalia<\/option><option value=\"PR\" >Puerto Rico<\/option><option value=\"RO\" >Rom\u00e2nia<\/option><option value=\"SA\" >Arabia Saudit\u0103<\/option><option value=\"RS\" >Serbia<\/option><option value=\"SG\" >Singapore<\/option><option value=\"SK\" >Slovacia<\/option><option value=\"SI\" >Slovenia<\/option><option value=\"ZA\" >Africa de Sud<\/option><option value=\"ES\" >Spania<\/option><option value=\"SE\" >Suedia<\/option><option value=\"CH\" >Elve\u021bia<\/option><option value=\"TW\" >Taiwan<\/option><option value=\"TH\" >Thailanda<\/option><option value=\"TN\" >Tunisia<\/option><option value=\"TR\" >T\u00fcrkiye<\/option><option value=\"AE\" >Emiratele Arabe Unite<\/option><option value=\"GB\" >Regatul Unit (UK)<\/option><option value=\"US\" >Statele Unite ale Americii (SUA)<\/option><option value=\"UM\" >Insulele Minore \u00cendep\u0103rtate ale Statelor Unite<\/option><option value=\"VG\" >Insulele Virgine Britanice<\/option><option value=\"VI\" >Insulele Virgine (S.U.A.)<\/option><\/select><noscript><button type=\"submit\" name=\"woocommerce_checkout_update_totals\" value=\"Actualizeaz\u0103 \u021bara\/regiunea\">Actualizeaz\u0103 \u021bara\/regiunea<\/button><\/noscript><\/span><\/p><p class=\"form-row address-field form-row-first validate-required\" id=\"shipping_address_1_field\" data-priority=\"50\"><label for=\"shipping_address_1\" class=\"required_field\">Strad\u0103&nbsp;<span class=\"required\" aria-hidden=\"true\">*<\/span><\/label><span class=\"woocommerce-input-wrapper\"><input type=\"text\" class=\"input-text \" name=\"shipping_address_1\" id=\"shipping_address_1\" placeholder=\"Adres\u0103, nume strad\u0103, num\u0103r etc.\"  value=\"\" required=\"required\" aria-required=\"true\" autocomplete=\"section-shipping shipping address-line1\" \/><\/span><\/p><p class=\"form-row address-field form-row-last\" id=\"shipping_address_2_field\" data-priority=\"60\"><label for=\"shipping_address_2\" class=\"\">Apartament, complex, unitate etc&nbsp;<span class=\"optional\">(op\u021bional)<\/span><\/label><span class=\"woocommerce-input-wrapper\"><input type=\"text\" class=\"input-text \" name=\"shipping_address_2\" id=\"shipping_address_2\" placeholder=\"Apartament, complex, unitate etc. (op\u021bional)\"  value=\"\" autocomplete=\"section-shipping shipping address-line2\" \/><\/span><\/p><p class=\"form-row form-row-wide address-field validate-required\" id=\"shipping_city_field\" data-priority=\"70\"><label for=\"shipping_city\" class=\"required_field\">Municipiu\/localitate&nbsp;<span class=\"required\" aria-hidden=\"true\">*<\/span><\/label><span class=\"woocommerce-input-wrapper\"><input type=\"text\" class=\"input-text \" name=\"shipping_city\" id=\"shipping_city\" placeholder=\"\"  value=\"\" required=\"required\" aria-required=\"true\" autocomplete=\"section-shipping shipping address-level2\" \/><\/span><\/p><p class=\"form-row form-row-wide address-field validate-required validate-state\" id=\"shipping_state_field\" data-priority=\"80\"><label for=\"shipping_state\" class=\"required_field\">Jude\u021b (provincie, stat)&nbsp;<span class=\"required\" aria-hidden=\"true\">*<\/span><\/label><span class=\"woocommerce-input-wrapper\"><select name=\"shipping_state\" id=\"shipping_state\" class=\"state_select \" required=\"required\" aria-required=\"true\" autocomplete=\"section-shipping shipping address-level1\" data-placeholder=\"Selecteaz\u0103 o op\u021biune...\"  data-input-classes=\"\" data-label=\"Jude\u021b (provincie, stat)\">\n\t\t\t\t\t\t<option value=\"\">Selecteaz\u0103 o op\u021biune...<\/option><option value=\"AL\" >Alabama<\/option><option value=\"AK\" >Alaska<\/option><option value=\"AZ\" >Arizona<\/option><option value=\"AR\" >Arkansas<\/option><option value=\"CA\" >California<\/option><option value=\"CO\" >Colorado<\/option><option value=\"CT\" >Connecticut<\/option><option value=\"DE\" >Delaware<\/option><option value=\"DC\" >District Of Columbia<\/option><option value=\"FL\" >Florida<\/option><option value=\"GA\" >Georgia<\/option><option value=\"HI\" >Hawaii<\/option><option value=\"ID\" >Idaho<\/option><option value=\"IL\" >Illinois<\/option><option value=\"IN\" >Indiana<\/option><option value=\"IA\" >Iowa<\/option><option value=\"KS\" >Kansas<\/option><option value=\"KY\" >Kentucky<\/option><option value=\"LA\" >Louisiana<\/option><option value=\"ME\" >Maine<\/option><option value=\"MD\" >Maryland<\/option><option value=\"MA\" >Massachusetts<\/option><option value=\"MI\" >Michigan<\/option><option value=\"MN\" >Minnesota<\/option><option value=\"MS\" >Mississippi<\/option><option value=\"MO\" >Missouri<\/option><option value=\"MT\" >Montana<\/option><option value=\"NE\" >Nebraska<\/option><option value=\"NV\" >Nevada<\/option><option value=\"NH\" >New Hampshire<\/option><option value=\"NJ\" >New Jersey<\/option><option value=\"NM\" >New Mexico<\/option><option value=\"NY\" >New York<\/option><option value=\"NC\" >Carolina de Nord<\/option><option value=\"ND\" >Dakota de Nord<\/option><option value=\"OH\" >Ohio<\/option><option value=\"OK\" >Oklahoma<\/option><option value=\"OR\" >Oregon<\/option><option value=\"PA\" >Pennsylvania<\/option><option value=\"RI\" >Rhode Island<\/option><option value=\"SC\" >Carolina de Sud<\/option><option value=\"SD\" >Dakota de Sud<\/option><option value=\"TN\" >Tennessee<\/option><option value=\"TX\" >Texas<\/option><option value=\"UT\" >Utah<\/option><option value=\"VT\" >Vermont<\/option><option value=\"VA\" >Virginia<\/option><option value=\"WA\" >Washington<\/option><option value=\"WV\" >West Virginia<\/option><option value=\"WI\" >Wisconsin<\/option><option value=\"WY\" >Wyoming<\/option><option value=\"AA\" >For\u021bele Armate SUA (America de Nord \u0219i America de Sud)<\/option><option value=\"AE\" >For\u021bele Armate SUA (Europa, Orientul Mijlociu, Africa \u0219i Canada)<\/option><option value=\"AP\" >For\u021bele Armate SUA (Asia-Pacific)<\/option><\/select><\/span><\/p><p class=\"form-row form-row-wide address-field validate-required validate-postcode\" id=\"shipping_postcode_field\" data-priority=\"90\"><label for=\"shipping_postcode\" class=\"required_field\">Cod po\u0219tal (ZIP)&nbsp;<span class=\"required\" aria-hidden=\"true\">*<\/span><\/label><span class=\"woocommerce-input-wrapper\"><input type=\"text\" class=\"input-text \" name=\"shipping_postcode\" id=\"shipping_postcode\" placeholder=\"\"  value=\"\" required=\"required\" aria-required=\"true\" autocomplete=\"section-shipping shipping postal-code\" \/><\/span><\/p><\/div>\n<\/div>\n\n\t\t<p class=\"woocommerce-form-row form-row\">\n\t\t\t<input type=\"hidden\" id=\"woocommerce-register-nonce\" name=\"woocommerce-register-nonce\" value=\"68a3e159aa\" \/><input type=\"hidden\" name=\"_wp_http_referer\" value=\"\/ro\/wp-json\/wp\/v2\/pages\/5209\" \/>\t\t\t<input type=\"hidden\" name=\"register\" value=\"Register\">\n\t\t\t<input type=\"hidden\" name=\"wc_user_register\" value=\"Default User Registration\">\n\t\t\t<button type=\"submit\" class=\"woocommerce-Button woocommerce-button button woocommerce-form-register__submit\" name=\"register\" value=\"Register\">\u00cenregistrare<\/button>\n\t\t<\/p>\n\t\t\t<\/form>\n\t<\/div>\n","protected":false},"excerpt":{"rendered":"","protected":false},"author":2,"featured_media":0,"parent":0,"menu_order":0,"comment_status":"closed","ping_status":"closed","template":"","meta":{"bwfblock_default_font":"","_uag_custom_page_level_css":"","footnotes":""},"class_list":["post-5209","page","type-page","status-publish","hentry"],"uagb_featured_image_src":{"full":false,"thumbnail":false,"medium":false,"medium_large":false,"large":false,"1536x1536":false,"2048x2048":false,"woocommerce_thumbnail":false,"woocommerce_single":false,"woocommerce_gallery_thumbnail":false},"uagb_author_info":{"display_name":"IWantMyHealthBack","author_link":"https:\/\/iwantmyhealthback.com\/ro\/author\/anthonette\/"},"uagb_comment_info":0,"uagb_excerpt":null,"_links":{"self":[{"href":"https:\/\/iwantmyhealthback.com\/ro\/wp-json\/wp\/v2\/pages\/5209","targetHints":{"allow":["GET"]}}],"collection":[{"href":"https:\/\/iwantmyhealthback.com\/ro\/wp-json\/wp\/v2\/pages"}],"about":[{"href":"https:\/\/iwantmyhealthback.com\/ro\/wp-json\/wp\/v2\/types\/page"}],"author":[{"embeddable":true,"href":"https:\/\/iwantmyhealthback.com\/ro\/wp-json\/wp\/v2\/users\/2"}],"replies":[{"embeddable":true,"href":"https:\/\/iwantmyhealthback.com\/ro\/wp-json\/wp\/v2\/comments?post=5209"}],"version-history":[{"count":0,"href":"https:\/\/iwantmyhealthback.com\/ro\/wp-json\/wp\/v2\/pages\/5209\/revisions"}],"wp:attachment":[{"href":"https:\/\/iwantmyhealthback.com\/ro\/wp-json\/wp\/v2\/media?parent=5209"}],"curies":[{"name":"wp","href":"https:\/\/api.w.org\/{rel}","templated":true}]}}