{"id":5204,"date":"2024-07-04T10:20:02","date_gmt":"2024-07-04T14:20:02","guid":{"rendered":"https:\/\/iwantmyhealthback.com\/marturia-lui-dave-hodges\/"},"modified":"2025-06-02T11:01:36","modified_gmt":"2025-06-02T15:01:36","slug":"marturia-lui-dave-hodges","status":"publish","type":"page","link":"https:\/\/iwantmyhealthback.com\/ro\/marturia-lui-dave-hodges\/","title":{"rendered":"M\u0103rturia lui Dave Hodges"},"content":{"rendered":"\n\n\t<section class=\"section\" id=\"section_581044316\">\n\t\t<div class=\"section-bg fill\" >\n\t\t\t\t\t\t\t\t\t\n\t\t\t\n\n\t\t<\/div>\n\n\t\t\n\n\t\t<div class=\"section-content relative\">\n\t\t\t\n\n<div class=\"row align-middle align-center\"  id=\"row-1949252555\">\n\n\n\t<div id=\"col-1560605148\" class=\"col medium-10 small-12 large-10\"  >\n\t\t\t\t<div class=\"col-inner text-center\"  >\n\t\t\t\n\t\t\t\n\n\t<div id=\"text-1623149462\" class=\"text\">\n\t\t\n\n<h1>Povestea lui Dave Hodges<\/h1>\n\t\t\n<style>\n#text-1623149462 {\n  font-size: 1.2rem;\n  text-align: center;\n}\n@media (min-width:550px) {\n  #text-1623149462 {\n    font-size: 1.5rem;\n  }\n}\n<\/style>\n\t<\/div>\n\t\n\t<div class=\"img has-hover x md-x lg-x y md-y lg-y\" id=\"image_4189487\">\n\t\t\t\t\t\t\t\t<div class=\"img-inner dark\" >\n\t\t\t<img loading=\"lazy\" decoding=\"async\" width=\"1020\" height=\"1020\" src=\"https:\/\/iwantmyhealthback.com\/wp-content\/uploads\/2024\/07\/Dave-Hodges.jpeg\" class=\"attachment-large size-large\" alt=\"\" srcset=\"https:\/\/iwantmyhealthback.com\/wp-content\/uploads\/2024\/07\/Dave-Hodges.jpeg 1024w, https:\/\/iwantmyhealthback.com\/wp-content\/uploads\/2024\/07\/Dave-Hodges-300x300.jpeg 300w, https:\/\/iwantmyhealthback.com\/wp-content\/uploads\/2024\/07\/Dave-Hodges-100x100.jpeg 100w, https:\/\/iwantmyhealthback.com\/wp-content\/uploads\/2024\/07\/Dave-Hodges-510x510.jpeg 510w, https:\/\/iwantmyhealthback.com\/wp-content\/uploads\/2024\/07\/Dave-Hodges-150x150.jpeg 150w, https:\/\/iwantmyhealthback.com\/wp-content\/uploads\/2024\/07\/Dave-Hodges-768x768.jpeg 768w\" sizes=\"auto, (max-width: 1020px) 100vw, 1020px\" \/>\t\t\t\t\t\t\n\t\t\t\t\t<\/div>\n\t\t\t\t\t\t\t\t\n<style>\n#image_4189487 {\n  width: 51%;\n}\n<\/style>\n\t<\/div>\n\t\n\n\t<div class=\"img has-hover x md-x lg-x y md-y lg-y\" id=\"image_901268729\">\n\t\t\t\t\t\t\t\t<div class=\"img-inner dark\" >\n\t\t\t\t\t\t\t\t\t\n\t\t\t\t\t<\/div>\n\t\t\t\t\t\t\t\t\n<style>\n#image_901268729 {\n  width: 40%;\n}\n<\/style>\n\t<\/div>\n\t\n\n\t<div id=\"text-1953239839\" class=\"text\">\n\t\t\n\n<p>&#8220;La \u00eenceputul lunii martie, nu eram \u00eentr-o form\u0103 proast\u0103, dar am fost diagnosticat\u0103 cu pneumonie \u0219i virus respirator sinci\u021bial (RSV). Eram complet debilitat\u0103, dormeam \u00eentre 16 \u0219i 18 ore pe zi \u0219i nu puteam urca sc\u0103rile. <\/p>\n<p>Am fost tratat ini\u021bial cu antibiotice \u0219i prednison steroidian. Dup\u0103 c\u00e2teva s\u0103pt\u0103m\u00e2ni, am \u00eencetat s\u0103 iau medicamentele, cu excep\u021bia medicamentelor pentru diabet. Am renun\u021bat la steroizi \u0219i la antibiotice deoarece acestea nu au avut efect asupra simptomelor mele.  <\/p>\n<p>La mijlocul lunii martie, am consultat un pneumolog expert, care mi-a dat un pronostic sumbru. Acesta a declarat c\u0103 VSR a fost sever\u0103 \u0219i mi-a \u00eendep\u0103rtat mucoasa pulmonar\u0103. A spus c\u0103 acestea ar putea s\u0103 nu revin\u0103 la normal, afect\u00e2ndu-mi astfel permanent func\u021bia pulmonar\u0103. Implica\u021bia a fost c\u0103 a\u0219 putea fi pe oxigen \u00een viitorul apropiat \u0219i pentru tot restul vie\u021bii mele.   <\/p>\n<p>La scurt timp dup\u0103 aceea, am f\u0103cut cuno\u0219tin\u021b\u0103 cu NANO SOMA\u00ae. Deoarece nu se poate supradoza spray-ul, am luat spray-ul din or\u0103 \u00een or\u0103. \u00cen decurs de o s\u0103pt\u0103m\u00e2n\u0103, energia mea s-a \u00eembun\u0103t\u0103\u021bit \u0219i m-am \u00eentors la sal\u0103. Chiar dac\u0103 eram \u00eentr-o stare de sl\u0103biciune, am lucrat pentru a-mi cre\u0219te zilnic volumul de munc\u0103. \u00cen decurs de o lun\u0103, am revenit la o activitate normal\u0103 complet\u0103.    <strong>  Ast\u0103zi, sunt mai puternic \u0219i mai atletic dec\u00e2t am fost \u00een ultimii 25 de ani.<\/strong>  Singurul produs pe care \u00eel luam, PENTRU FUNC\u021aIA LUNGULUI \u0219i sprijin, era NANO SOMA.<\/p>\n<p>C\u00e2nd m-am \u00eentors la sal\u0103, volumul meu de munc\u0103 a crescut, iar genunchiul meu drept, care fusese diagnosticat ca fiind os pe os, a \u00eenceput s\u0103 se umfle, limit\u00e2ndu-mi astfel o parte din activitate. Ulterior, am aflat despre NANO SOMA\u00ae Topical Gel. Am \u00eenceput s\u0103 aplic gelul pe genunchiul r\u0103nit \u00een fiecare zi. Ast\u0103zi, fac activit\u0103\u021bi sportive pe care nu le-am mai f\u0103cut \u00een 25 de ani.   <\/p>\n<p>De exemplu, pot face squats, deadlifts \u0219i step-ups. \u00cen plus, alerg sprinturi \u0219i \u00eemping o sanie pentru cardio. De\u0219i m\u0103 dor mu\u0219chii, genunchiul meu nu se umfl\u0103. Dac\u0103 a\u0219 fi f\u0103cut doar o mic\u0103 parte din ceea ce am descris mai sus \u00een trecut, genunchiul meu s-ar fi umflat considerabil \u0219i m-ar fi l\u0103sat inactiv. Acum, sunt mai puternic \u0219i pot s\u0103 fac lucruri pe care nu le-am mai f\u0103cut de 25 de ani.    <\/p>\n<p>Aceste dou\u0103 produse m-au adus \u00eenapoi de la un prognostic sumbru. Mi-am rec\u0103p\u0103tat via\u021ba, iar stilul meu de via\u021b\u0103 s-a \u00eembun\u0103t\u0103\u021bit dramatic. \u0218i, modest, este pl\u0103cut s\u0103 \u00ee\u021bi auzi prietenii \u0219i familia spun\u00e2ndu-\u021bi c\u00e2t de bine ar\u0103\u021bi. \u0218i nu exagerez c\u00e2nd spun c\u0103 oamenii mai tineri vin la mine \u00een sal\u0103 \u0219i m\u0103 \u00eentreab\u0103 de unde \u00ee\u0219i ia energia un b\u0103rbat de v\u00e2rsta mea.   <\/p>\n<p>Am ales s\u0103 folosesc aceste produse pentru tot restul vie\u021bii mele.<\/p>\n<p>De asemenea, ar trebui s\u0103 men\u021bionez c\u0103, pe parcursul acestei \u00eencerc\u0103ri, am fost diagnosticat ca non-diabetic, cu un A1C de 5,0, \u0219i am fost scos recent de la toate medicamentele pentru diabetici. Mul\u021bumesc, MagicDichol\u00ae!<strong>&#8220;<\/strong><\/p>\n\t\t\n<style>\n#text-1953239839 {\n  font-size: 1rem;\n  text-align: left;\n}\n@media (min-width:550px) {\n  #text-1953239839 {\n    font-size: 1.15rem;\n  }\n}\n<\/style>\n\t<\/div>\n\t\n\t<div id=\"text-2894955933\" class=\"text\">\n\t\t\n\n<h3 style=\"text-align: center;\">Dr. Richard Presser eviden\u021biaz\u0103 descoperirea revolu\u021bionar\u0103 uria\u0219\u0103 <br>\u00een domeniul s\u0103n\u0103t\u0103\u021bii naturale<\/h3>\n\t\t\n<style>\n#text-2894955933 {\n  font-size: 1.2rem;\n}\n@media (min-width:550px) {\n  #text-2894955933 {\n    font-size: 1.55rem;\n  }\n}\n<\/style>\n\t<\/div>\n\t\n\n\n<div style=\"padding:56.25% 0 0 0;position:relative;\"><iframe src=\"https:\/\/player.vimeo.com\/video\/989160042?badge=0&amp;autopause=0&amp;player_id=0&amp;app_id=58479\" frameborder=\"0\" allow=\"autoplay; fullscreen; picture-in-picture; clipboard-write\" style=\"position:absolute;top:0;left:0;width:100%;height:100%;\" title=\"Dr. Richard Presser eviden\u021biaz\u0103 o descoperire revolu\u021bionar\u0103 uria\u0219\u0103 \u00een domeniul s\u0103n\u0103t\u0103\u021bii naturale\"><\/iframe><\/div><script src=\"https:\/\/player.vimeo.com\/api\/player.js\"><\/script>\n\n\t<div id=\"gap-792169599\" class=\"gap-element clearfix\" style=\"display:block; height:auto;\">\n\t\t\n<style>\n#gap-792169599 {\n  padding-top: 30px;\n}\n<\/style>\n\t<\/div>\n\t\n\n\t<div id=\"text-3917720596\" class=\"text\">\n\t\t\n\n<h3 style=\"text-align: center;\">Ce este NANO SOMA\u00ae <br>\u0219i de ce publicul este obsedat de el?<\/h3>\n\t\t\n<style>\n#text-3917720596 {\n  font-size: 1.2rem;\n}\n@media (min-width:550px) {\n  #text-3917720596 {\n    font-size: 1.55rem;\n  }\n}\n<\/style>\n\t<\/div>\n\t\n\n\n<div style=\"padding:56.25% 0 0 0;position:relative;\"><iframe src=\"https:\/\/player.vimeo.com\/video\/989161665?badge=0&amp;autopause=0&amp;player_id=0&amp;app_id=58479\" frameborder=\"0\" allow=\"autoplay; fullscreen; picture-in-picture; clipboard-write\" style=\"position:absolute;top:0;left:0;width:100%;height:100%;\" title=\"Po\u021bi fi cea mai bun\u0103 versiune a ta\"><\/iframe><\/div><script src=\"https:\/\/player.vimeo.com\/api\/player.js\"><\/script>\n\n\t<div id=\"gap-620981653\" class=\"gap-element clearfix\" style=\"display:block; height:auto;\">\n\t\t\n<style>\n#gap-620981653 {\n  padding-top: 30px;\n}\n<\/style>\n\t<\/div>\n\t\n\n<a href=\"https:\/\/iwantmyhealthback.com\/?infid=9\" target=\"_blank\" class=\"button primary is-xlarge\" rel=\"noopener\" >\n\t\t<span>Cump\u0103ra\u021bi acum<\/span>\n\t<\/a>\n\n\n\n\t\t<\/div>\n\t\t\t\t\t<\/div>\n\n\t\n\n<\/div>\n\n\t\t<\/div>\n\n\t\t\n<style>\n#section_581044316 {\n  padding-top: 30px;\n  padding-bottom: 30px;\n}\n<\/style>\n\t<\/section>\n\t\n\n","protected":false},"excerpt":{"rendered":"","protected":false},"author":2,"featured_media":0,"parent":0,"menu_order":0,"comment_status":"closed","ping_status":"closed","template":"page-blank.php","meta":{"bwfblock_default_font":"","_uag_custom_page_level_css":"","footnotes":""},"class_list":["post-5204","page","type-page","status-publish","hentry"],"uagb_featured_image_src":{"full":false,"thumbnail":false,"medium":false,"medium_large":false,"large":false,"1536x1536":false,"2048x2048":false,"woocommerce_thumbnail":false,"woocommerce_single":false,"woocommerce_gallery_thumbnail":false},"uagb_author_info":{"display_name":"IWantMyHealthBack","author_link":"https:\/\/iwantmyhealthback.com\/ro\/author\/anthonette\/"},"uagb_comment_info":0,"uagb_excerpt":null,"_links":{"self":[{"href":"https:\/\/iwantmyhealthback.com\/ro\/wp-json\/wp\/v2\/pages\/5204","targetHints":{"allow":["GET"]}}],"collection":[{"href":"https:\/\/iwantmyhealthback.com\/ro\/wp-json\/wp\/v2\/pages"}],"about":[{"href":"https:\/\/iwantmyhealthback.com\/ro\/wp-json\/wp\/v2\/types\/page"}],"author":[{"embeddable":true,"href":"https:\/\/iwantmyhealthback.com\/ro\/wp-json\/wp\/v2\/users\/2"}],"replies":[{"embeddable":true,"href":"https:\/\/iwantmyhealthback.com\/ro\/wp-json\/wp\/v2\/comments?post=5204"}],"version-history":[{"count":0,"href":"https:\/\/iwantmyhealthback.com\/ro\/wp-json\/wp\/v2\/pages\/5204\/revisions"}],"wp:attachment":[{"href":"https:\/\/iwantmyhealthback.com\/ro\/wp-json\/wp\/v2\/media?parent=5204"}],"curies":[{"name":"wp","href":"https:\/\/api.w.org\/{rel}","templated":true}]}}