{"id":5201,"date":"2024-07-07T04:28:05","date_gmt":"2024-07-07T08:28:05","guid":{"rendered":"https:\/\/iwantmyhealthback.com\/publicatii-despre-metadichol-disponibile-pe-site-uri-web-independente\/"},"modified":"2025-09-25T07:46:08","modified_gmt":"2025-09-25T11:46:08","slug":"publicatii-despre-metadichol-disponibile-pe-site-uri-web-independente","status":"publish","type":"page","link":"https:\/\/iwantmyhealthback.com\/ro\/publicatii-despre-metadichol-disponibile-pe-site-uri-web-independente\/","title":{"rendered":"Publica\u021bii despre Metadichol\u00ae disponibile pe site-uri web independente"},"content":{"rendered":"\n\n\t<section class=\"section has-scroll-for-more\" id=\"section_373313093\">\n\t\t<div class=\"section-bg fill\" >\n\t\t\t\t\t\t\t\t\t<button class=\"scroll-for-more z-5 icon absolute bottom h-center\" aria-label=\"Scroll for more\"><i class=\"icon-angle-down\" aria-hidden=\"true\" style=\"font-size:42px;\"><\/i><\/button>\n\t\t\t\n\t<div class=\"is-border\"\n\t\tstyle=\"border-width:0px 0px 0px 0px;\">\n\t<\/div>\n\n\t\t<\/div>\n\n\t\t\n\n\t\t<div class=\"section-content relative\">\n\t\t\t\n\n<div class=\"row align-center\"  id=\"row-1343988309\">\n\n\n\t<div id=\"col-949610885\" class=\"col medium-8 small-10 large-10\"  >\n\t\t\t\t<div class=\"col-inner text-center\"  >\n\t\t\t\n\t\t\t\n\n<h3>\u0218tiin\u021b\u0103<\/h3>\n<h2 style=\"font-size:250%;\">Publica\u021bii despre Metadichol\u00ae disponibile pe site-uri web independente<\/h2>\n\n\t\t<\/div>\n\t\t\t\t\n<style>\n#col-949610885 > .col-inner {\n  padding: 40px 0px 0px 0px;\n}\n<\/style>\n\t<\/div>\n\n\t\n\n<\/div>\n\n\t\t<\/div>\n\n\t\t\n<style>\n#section_373313093 {\n  padding-top: 30px;\n  padding-bottom: 30px;\n}\n<\/style>\n\t<\/section>\n\t\n\n\t<section class=\"section\" id=\"section_1073076895\">\n\t\t<div class=\"section-bg fill\" >\n\t\t\t\t\t\t\t\t\t\n\t\t\t\n\n\t\t<\/div>\n\n\t\t\n\n\t\t<div class=\"section-content relative\">\n\t\t\t\n\n<div class=\"row\"  id=\"row-686366744\">\n\n\n\t<div id=\"col-1049244204\" class=\"col small-12 large-12\"  >\n\t\t\t\t<div class=\"col-inner\"  >\n\t\t\t\n\t\t\t\n\n<ol>\n<li>Journal of the Science of Healing Outcomes<br><a href=\"https:\/\/www.researchgate.net\/publication\/299405983_Inhibition_of_Dengue_and_other_enveloped_viruses_by_MetadicholR_a_novel_Nano_emulsion_Lipid\" target=\"_blank\" rel=\"noopener\">Inhibarea virusului Dengue \u0219i a altor virusuri \u00eenvolburate de c\u0103tre Metadichol\u00ae, un nou lichid Nano Emulsion<\/a><\/li>\n<li>International Journal of Diabetes Complications<br><a href=\"https:\/\/www.researchgate.net\/publication\/316667038_Metadichol_R_A_Novel_Nano_Lipid_GPR_120_Agonist_International_Journal_of_Diabetes_its_Complications\" target=\"_blank\" rel=\"noopener\">Metadichol\u00ae, un nou nanolipid; Agonist GPR 120<\/a><\/li>\n<li>Journal of Stem Cell Research and Therapy<br><a href=\"https:\/\/www.researchgate.net\/publication\/331801306_The_Quest_for_Immortality_Introducing_MetadicholR_a_Novel_Telomerase_Activator\" target=\"_blank\" rel=\"noopener\">C\u0103utarea nemuririi: Introducerea Metadichol\u00ae, un nou activator al telomerazei<\/a><\/li>\n<li>Journal of Aging Science<br><a href=\"https:\/\/www.researchgate.net\/publication\/315066467_Improving_Longevity_with_Metadichol_R_by_Inhibiting_the_BCAT1_Gene\" target=\"_blank\" rel=\"noopener\">\u00cembun\u0103t\u0103\u021birea longevit\u0103\u021bii cu Metadichol\u00ae prin inhibarea genei BCAT1<\/a><\/li>\n<li>Journal of Cancer Science and Therapy<br><a href=\"https:\/\/www.researchgate.net\/publication\/320575110_Metadichol_R_A_Novel_Inverse_Agonist_of_Aryl_Hydrocarbon_Receptor_AHR_and_NRF2_Inhibitor\" target=\"_blank\" rel=\"noopener\">Metadichol\u00ae: Un nou agonist invers al receptorului de hidrocarburi arilice (AHR) \u0219i inhibitor NRF2<\/a><\/li>\n<li>Boli infec\u021bioase pediatrice<br><a href=\"https:\/\/pediatric-infectious-disease.imedpub.com\/inhibition-of-viruses-by-metadichol-a-novel-nano-emulsion-lipid.pdf\" target=\"_blank\" rel=\"noopener\">Inhibarea viru\u0219ilor de c\u0103tre Metadichol\u00ae: O nou\u0103 nanoemulsie lichid\u0103<\/a><\/li>\n<li>Journal of Clinical and Experimental Dermatology Research<br><a href=\"https:\/\/www.researchgate.net\/publication\/323858054_MetadicholR_and_Healthy_Skin_One_Approach_many_Possible_Cures\" target=\"_blank\" rel=\"noopener\">Metadichol\u00ae \u0219i pielea s\u0103n\u0103toas\u0103<\/a><\/li>\n<li>Conferin\u021b\u0103 interna\u021bional\u0103: Repere \u0219tiin\u021bifice \u00een \u00een\u021belegerea \u0219i prevenirea gripei<br><a href=\"https:\/\/www.researchgate.net\/publication\/311858466_Metadichol_a_novel_ICAM-1_inhibitor\" target=\"_blank\" rel=\"noopener\">Metadichol\u00ae: Un nou inhibitor al ICAM-1<\/a><\/li>\n<li>Vitamine &amp; Minerale<br><a href=\"https:\/\/www.researchgate.net\/publication\/318503533_MetadicholR_and_Vitamin_C_Increase_In_Vivo_an_Open-Label_Study\" target=\"_blank\" rel=\"noopener\">Metadichol\u00ae \u0219i vitamina C cresc in vivo, un studiu open-label<\/a><\/li>\n<li>Journal of Immunological Techniques in Infectious Diseases<br><a href=\"https:\/\/www.researchgate.net\/publication\/310297987_In_vitro_Inhibition_of_Zika_Virus_by_MetadicholR_A_Novel_Nano_Emulsion_Lipid\" target=\"_blank\" rel=\"noopener\">Inhibarea in vitro a virusului Zika de c\u0103tre Metadichol\u00ae: O nou\u0103 nanoemulsie lichid\u0103<\/a><\/li>\n<li>Journal of Infectious Diseases and Therapy<br><a href=\"https:\/\/www.researchgate.net\/publication\/316490972_Metadichol_R_and_MRSA_Infections_A_Case_Report\" target=\"_blank\" rel=\"noopener\">Metadichol\u00ae \u0219i infec\u021biile cu MRSA: Un raport de caz<\/a><\/li>\n<li>Journal of Cardiology &amp; Cardiovascular Therapy<br><a href=\"https:\/\/www.researchgate.net\/publication\/319105325_Systolic_and_Diastolic_BP_Control_in_Metabolic_Syndrome_Patients_with_MetadicholR_a_Novel_Nano_Emulsion_Lipid\" target=\"_blank\" rel=\"noopener\">BP sistolic\u0103 \u0219i diastolic\u0103 \u00een sindromul metabolic: Metadichol\u00ae, o nou\u0103 nanoemulsie lichid\u0103<\/a><\/li>\n<li>Biologie \u0219i medicin\u0103<br><a href=\"https:\/\/www.researchgate.net\/publication\/322274937_MetadicholR_Vitamin_C_and_GULO_Gene_Expression_in_Mouse_Adipocytes\" target=\"_blank\" rel=\"noopener\">Metadichol\u00ae, vitamina C \u0219i expresia genelor GULO \u00een adipocitele de \u0219oarece<\/a><\/li>\n<li>Journal of Cytokine Biology<br> O<a href=\"https:\/\/www.researchgate.net\/publication\/330566281_A_Multi_Gene_Targeting_Approach_to_Treating_Liver_Diseases_with_MetadicholR\" target=\"_blank\" rel=\"noopener\">abordare multigenic\u0103 pentru tratarea bolilor hepatice cu Metadichol\u00ae<\/a><\/li>\n<li>Biologie \u0219i medicin\u0103<br><a href=\"https:\/\/www.researchgate.net\/publication\/332210859_Metadichol_A_Novel_Inverse_Agonist_of_Thyroid_Receptor_and_its_Applications_in_Thyroid_Diseases\" target=\"_blank\" rel=\"noopener\">Metadichol\u00ae, un nou agonist invers al receptorului tiroidian \u0219i aplica\u021biile sale \u00een bolile tiroidiene<\/a><\/li>\n<li>Journal of Stem Cell Research and Therapy<br><a href=\"https:\/\/www.researchgate.net\/publication\/330321249_MetadicholR_and_CD33_Expression_in_Umbilical_Cord_Cells\" target=\"_blank\" rel=\"noopener\">Metadichol\u00ae \u0219i expresia CD34 \u00een celulele cordonului ombilical<\/a><\/li>\n<li>Journal of Cancer Science and Therapy<br><a href=\"https:\/\/www.researchgate.net\/publication\/328913716_Metadichol_R_a_Novel_Agonist_of_the_Anti-aging_Klotho_Gene_in_Cancer_Cell_Lines\" target=\"_blank\" rel=\"noopener\">Metadichol\u00ae: Un nou agonist al genei anti-\u00eemb\u0103tr\u00e2nire Klotho \u00een liniile celulare canceroase<\/a><\/li>\n<li>Journal of Stem Cell Research and Therapy<br><a href=\"https:\/\/www.researchgate.net\/publication\/330321249_MetadicholR_and_CD33_Expression_in_Umbilical_Cord_Cells\" target=\"_blank\" rel=\"noopener\">Metadichol\u00ae, expresia CD33 \u00een celulele cordonului ombilical<\/a><\/li>\n<li>Journal of Clinical and ExperimentalDermatology Research<br><a href=\"https:\/\/www.researchgate.net\/publication\/321254529_Metadichol_A_Novel_ROR_Gamma_Inverse_Agonist_and_Its_Applications_in_Psoriasis\" target=\"_blank\" rel=\"noopener\">Metadichol\u00ae: Un nou agonist invers ROR Gamma \u0219i aplica\u021biile sale \u00een psoriazis<\/a><\/li>\n<li>Journal of Arthritis<br><a href=\"https:\/\/www.researchgate.net\/publication\/316906011_Rheumatoid_Arthritis_and_Osteoporosis_A_Case_Study\" target=\"_blank\" rel=\"noopener\">Poliartrit\u0103 reumatoid\u0103 \u0219i osteoporoz\u0103: Un studiu de caz<\/a><\/li>\n<li>Journal of Stem Cell Research and Therapy<br><a href=\"https:\/\/www.researchgate.net\/publication\/318341368_MetadicholR_and_Red_Cell_Distribution_Width_RDW_in_CKD_patients\" target=\"_blank\" rel=\"noopener\">Metadichol\u00ae \u0219i l\u0103\u021bimea de distribu\u021bie a celulelor ro\u0219ii (RDW) la pacien\u021bii cu CKD<\/a><\/li>\n<li>Vitamine \u0219i minerale<br><a href=\"https:\/\/www.researchgate.net\/publication\/319904105_Metadichol_R_Induced_High_Levels_of_Vitamin_C_Case_Studies\" target=\"_blank\" rel=\"noopener\">Metadichol\u00ae a indus niveluri ridicate de vitamina C: Studii de caz<\/a><\/li>\n<li>Journal of Diabetes &amp; Metabolism<br><a href=\"https:\/\/www.researchgate.net\/publication\/315926901_Metadichol_a_novel_nano_lipid_emulsion_for_the_treatment_of_diabetes\" target=\"_blank\" rel=\"noopener\">Metadichol\u00ae, o nou\u0103 emulsie de nanolipide pentru tratamentul diabetului<\/a><\/li>\n<li>Journal of Stem Cell Research &amp; Therapy<br><a href=\"https:\/\/www.researchgate.net\/publication\/333429169_Metadichol_R_a_Novel_Sialidase_Inhibitor\" target=\"_blank\" rel=\"noopener\">Metadichol\u00ae, un nou inhibitor de sialidaz\u0103<\/a><\/li>\n<li>Journal of Stem Cell Research and Therapy<br><a href=\"https:\/\/www.researchgate.net\/publication\/326510908_Umbilical_Cord_Cells_Treatment_with_MetadicholR_IRS_Proteins_and_GLUT4_Expression_and_Implications_for_Diabetes\" target=\"_blank\" rel=\"noopener\">Tratamentul celulelor cordonului ombilical cu proteine IRS Metadichol\u00ae \u0219i expresia GLUT4 \u0219i implica\u021biile pentru diabet<\/a><\/li>\n<li>BioMed Research International\n<p class=\"\"><a href=\"https:\/\/www.researchgate.net\/publication\/357862879_MetadicholR_A_Novel_Nanolipid_Formulation_That_Inhibits_SARS-CoV-2_and_a_Multitude_of_Pathological_Viruses_In_Vitro\" target=\"_blank\" rel=\"noopener\">Metadichol\u00ae: O nou\u0103 formulare nanolipidic\u0103 care inhib\u0103 SARS-CoV-2 \u0219i o multitudine de virusuri patologice in vitro<\/a><\/p>\n<\/li>\n<li>Arhivele de cercetare medical\u0103<br><a href=\"https:\/\/www.researchgate.net\/publication\/381949632_Metadichol_a_Natural_Ligand_for_the_Expression_of_Yamanaka_Reprogramming_Factors_in_Human_Cardiac_Fibroblast_and_Cancer_Cell_Lines\" target=\"_blank\" rel=\"noopener\"><sup>Metadichol\u00ae<\/sup>, un ligand natural pentru exprimarea factorilor de reprogramare Yamanaka \u00een liniile celulare somatice \u0219i primare de cancer<\/a><\/li>\n<li>Archives of Clinical and BioMedical Research<br><a href=\"https:\/\/www.researchgate.net\/publication\/375019990_MetadicholR_A_Nano_Lipid_Emulsion_that_Expresses_All_49_Nuclear_Receptors_in_Stem_and_Somatic_Cells\" target=\"_blank\" rel=\"noopener\"><sup>Metadichol\u00ae<\/sup> este o emulsie nanolipidic\u0103 care exprim\u0103 to\u021bi cei 48 de receptori nucleari \u00een celulele stem \u0219i somatice<\/a><\/li>\n<li>Fortune Journal of Health Sciences<br><a href=\"https:\/\/www.researchgate.net\/publication\/374460077_Metadichol_An_Agonist_that_Expresses_the_Anti-aging_gene_Klotho_in_Various_Cell_Lines\" target=\"_blank\" rel=\"noopener\"><sup>Metadichol\u00ae<\/sup>; Un agonist care exprim\u0103 gena anti-\u00eemb\u0103tr\u00e2nire Klotho \u00een diferite linii celulare<\/a><\/li>\n<li>Journal of Bioinformatics and Systems Biology<br><a href=\"https:\/\/www.researchgate.net\/publication\/374694623_MetadicholR_Induced_the_Expression_of_Neuronal_Transcription_Factors_in_Human_Fibroblast_Dermal_Cells\" target=\"_blank\" rel=\"noopener\">Expresia indus\u0103 de <sup>Metadichol\u00ae<\/sup> a factorilor de transcrip\u021bie neuronal\u0103 cu celule dermice fibroblaste umane<\/a><\/li>\n<li>Cardiologie \u0219i medicin\u0103 cardiovascular\u0103<br><a href=\"https:\/\/www.researchgate.net\/publication\/373374076_Metadichol_Treatment_of_Fibroblasts_and_Embryonic_Stem_Cells_Regulates_Key_Cardiac_Progenitors\" target=\"_blank\" rel=\"noopener\">Tratamentul cu <sup>Metadichol\u00ae<\/sup> al fibroblastelor \u0219i celulelor stem embrionare regleaz\u0103 progenitorii cardiaci cheie<\/a><\/li>\n<li>Arhive de cercetare medical\u0103<br><a href=\"https:\/\/www.researchgate.net\/publication\/376178465_Metadichol-Induced_Differentiation_of_Pancreatic_Ductal_Cells_PANC-1_into_Insulin-Producing_Cells\" target=\"_blank\" rel=\"noopener\">Metadichol a indus diferen\u021bierea celulelor ductale pancreatice (PANC-1) \u00een celule produc\u0103toare de insulin\u0103<\/a><\/li>\n<li>Cercetare preimprimat\u0103 de Dr. Raghavan privind propriet\u0103\u021bile anti-\u00eemb\u0103tr\u00e2nire\n<p class=\"\"><a href=\"https:\/\/www.researchgate.net\/publication\/372606542_MetadicholR_a_Sirtuin_Modulator_for_Anti-Aging_Therapies?_tp=eyJjb250ZXh0Ijp7ImZpcnN0UGFnZSI6InByb2ZpbGUiLCJwYWdlIjoicHJvZmlsZSJ9fQ\" target=\"_blank\" rel=\"noopener\">Metadichol\u00ae un modulator Sirtuin pentru terapiile anti-\u00eemb\u0103tr\u00e2nire<\/a><\/p>\n<\/li>\n<li>Arhive de cercetare medical\u0103<br><a href=\"https:\/\/www.researchgate.net\/publication\/381948213_MetadicholR-induced_expression_of_circadian_clock_transcription_factors_in_human_fibroblasts\" target=\"_blank\" rel=\"noopener\">Expresia indus\u0103 de Metadichol\u00ae a factorilor de transcrip\u021bie ai ceasului circadian \u00een fibroblastele umane<\/a><\/li>\n<li>Medical Research Archives<br><a href=\"https:\/\/www.researchgate.net\/publication\/381932134_MetadicholR_induced_expression_of_Sirtuin_family_1-7_in_somatic_and_cancer_cells\" target=\"_blank\" rel=\"noopener\">Expresia indus\u0103 de Metadichol\u00ae a familiei Sirtuin 1-7 \u00een celulele somatice \u0219i canceroase<\/a><\/li>\n<li>British Journal of Cancer Research<br><a href=\"https:\/\/www.researchgate.net\/publication\/387857051_Metadichol_A_Modulator_that_Controls_Expression_of_Toll_Like_Receptors_in_Cancer_Cell_Lines_Cell_Lines\" target=\"_blank\" rel=\"noopener\">Metadichol, un modulator care controleaz\u0103 expresia receptorilor Toll Like \u00een liniile celulare de cancer Linii celulare<\/a><\/li>\n<li>Arhive de cercetare medical\u0103<br><a href=\"https:\/\/www.researchgate.net\/publication\/392389940_Metadichol_induces_CD14_glycoprotein_expression_in_human_embryonic_stem_cells_and_fibroblasts\" target=\"_blank\" rel=\"noopener\">Metadicholul induce expresia glicoproteinei CD14 \u00een celulele stem embrionare umane \u0219i fibroblaste<\/a><\/li>\n<li>Cercet\u0103ri preimprimate de Dr. Raghavan privind imunitatea \u00eenn\u0103scut\u0103 \u0219i proteina de legare a vitaminei D<br><a href=\"https:\/\/www.researchgate.net\/publication\/392467315_VDR_Inverse_Agonism_by_Metadichol_Enhances_VDBP-Mediated_Immunity\" target=\"_blank\" rel=\"noopener\">Agonismul invers al VDRprin Metadichol \u00eembun\u0103t\u0103\u021be\u0219te imunitatea mediat\u0103 de VDBP<\/a><\/li>\n<li>Arhivele de cercetare medical\u0103<br><a href=\"https:\/\/www.researchgate.net\/publication\/393344510_Synergistic_Targeting_of_KLF_and_Other_Related_Signaling_Pathways_by_Metadichol_A_Multidimensional_Anticancer_Strategy\" target=\"_blank\" rel=\"noopener\">Direc\u021bionarea sinergic\u0103 a KLF \u0219i a altor c\u0103i de semnalizare conexe de c\u0103tre Metadichol: O strategie anticancer multidimensional\u0103<\/a><\/li>\n<li>Arhive de cercetare medical\u0103<br><a href=\"https:\/\/www.researchgate.net\/publication\/393453773_Metadichol-Pluripotency\" target=\"_blank\" rel=\"noopener\">Metadicholul orchestreaz\u0103 pluripoten\u021ba prin intermediul receptorilor nucleari \u00een timpul reprogram\u0103rii celulare<\/a><\/li>\n<li>Cercetare preimprimat\u0103 de Dr. Raghavan privind familia SOX de factori de transcrip\u021bie<br><a href=\"https:\/\/www.researchgate.net\/publication\/394464231_Metadichol_regulates_Sox_network_in_human_peripheral_blood_mononuclear_cells\" target=\"_blank\" rel=\"noopener\">Metadichol regleaz\u0103 re\u021beaua Sox \u00een celulele mononucleare din s\u00e2ngele periferic uman<\/a><\/li>\n<li>Cercet\u0103ri preimprimate de Dr. Raghavan privind familia factorilor de transcriere FOX <br><a href=\"https:\/\/www.researchgate.net\/publication\/394739230_Metadichol_Orchestrates_Cellular_Reprogramming_and_Regenerative_Pathways_via_FOX_Transcription_Factor_Networks_Implications_for_Immune-Metabolic_Rejuvenation\" target=\"_blank\" rel=\"noopener\">Metadicholul orchestreaz\u0103 reprogramarea celular\u0103 \u0219i c\u0103ile regenerative prin re\u021belele factorilor de transcriere FOX: Implica\u021bii pentru \u00eentinerirea imuno-metabolic\u0103<\/a><\/li>\n<li>Cercet\u0103ri preimprimate de Dr. Raghavan privind biosinteza vitaminei C<br><a href=\"https:\/\/www.researchgate.net\/publication\/394968451_MT-GULO-VITC\" target=\"_blank\" rel=\"noopener\">Metadichol stimuleaz\u0103 expresia genic\u0103 la toate speciile de mamifere: Caracterizarea r\u0103spunsului la doz\u0103 \u0219i implica\u021bii pentru restabilirea biosintezei vitaminei C<\/a><\/li>\n<\/ol>\n\n\t\t<\/div>\n\t\t\t\t\t<\/div>\n\n\t\n\n<\/div>\n\n\t\t<\/div>\n\n\t\t\n<style>\n#section_1073076895 {\n  padding-top: 30px;\n  padding-bottom: 30px;\n}\n<\/style>\n\t<\/section>\n\t\n\n","protected":false},"excerpt":{"rendered":"","protected":false},"author":2,"featured_media":0,"parent":0,"menu_order":0,"comment_status":"closed","ping_status":"closed","template":"","meta":{"bwfblock_default_font":"","_uag_custom_page_level_css":"","footnotes":""},"class_list":["post-5201","page","type-page","status-publish","hentry"],"uagb_featured_image_src":{"full":false,"thumbnail":false,"medium":false,"medium_large":false,"large":false,"1536x1536":false,"2048x2048":false,"woocommerce_thumbnail":false,"woocommerce_single":false,"woocommerce_gallery_thumbnail":false},"uagb_author_info":{"display_name":"IWantMyHealthBack","author_link":"https:\/\/iwantmyhealthback.com\/ro\/author\/anthonette\/"},"uagb_comment_info":0,"uagb_excerpt":null,"_links":{"self":[{"href":"https:\/\/iwantmyhealthback.com\/ro\/wp-json\/wp\/v2\/pages\/5201","targetHints":{"allow":["GET"]}}],"collection":[{"href":"https:\/\/iwantmyhealthback.com\/ro\/wp-json\/wp\/v2\/pages"}],"about":[{"href":"https:\/\/iwantmyhealthback.com\/ro\/wp-json\/wp\/v2\/types\/page"}],"author":[{"embeddable":true,"href":"https:\/\/iwantmyhealthback.com\/ro\/wp-json\/wp\/v2\/users\/2"}],"replies":[{"embeddable":true,"href":"https:\/\/iwantmyhealthback.com\/ro\/wp-json\/wp\/v2\/comments?post=5201"}],"version-history":[{"count":0,"href":"https:\/\/iwantmyhealthback.com\/ro\/wp-json\/wp\/v2\/pages\/5201\/revisions"}],"wp:attachment":[{"href":"https:\/\/iwantmyhealthback.com\/ro\/wp-json\/wp\/v2\/media?parent=5201"}],"curies":[{"name":"wp","href":"https:\/\/api.w.org\/{rel}","templated":true}]}}