{"id":5197,"date":"2024-07-07T04:17:09","date_gmt":"2024-07-07T08:17:09","guid":{"rendered":"https:\/\/iwantmyhealthback.com\/publicatii-despre-familia-de-produse-magicdichol\/"},"modified":"2025-05-21T08:42:16","modified_gmt":"2025-05-21T12:42:16","slug":"publicatii-despre-familia-de-produse-magicdichol","status":"publish","type":"page","link":"https:\/\/iwantmyhealthback.com\/ro\/publicatii-despre-familia-de-produse-magicdichol\/","title":{"rendered":"Publica\u021bii despre familia de produse MagicDichol"},"content":{"rendered":"\n\n\t<section class=\"section has-scroll-for-more\" id=\"section_1799635807\">\n\t\t<div class=\"section-bg fill\" >\n\t\t\t\t\t\t\t\t\t<button class=\"scroll-for-more z-5 icon absolute bottom h-center\" aria-label=\"Scroll for more\"><i class=\"icon-angle-down\" aria-hidden=\"true\" style=\"font-size:42px;\"><\/i><\/button>\n\t\t\t\n\t<div class=\"is-border\"\n\t\tstyle=\"border-width:0px 0px 0px 0px;\">\n\t<\/div>\n\n\t\t<\/div>\n\n\t\t\n\n\t\t<div class=\"section-content relative\">\n\t\t\t\n\n<div class=\"row align-center\"  id=\"row-1079210254\">\n\n\n\t<div id=\"col-174036268\" class=\"col medium-8 small-10 large-10\"  >\n\t\t\t\t<div class=\"col-inner text-center\"  >\n\t\t\t\n\t\t\t\n\n<h3>\u0218tiin\u021b\u0103<\/h3>\n<h2 style=\"font-size:230%;\">Publica\u021bii despre familia de produse MagicDichol\u00ae<\/h2>\n\n\n\t\t<\/div>\n\t\t\t\t\n<style>\n#col-174036268 > .col-inner {\n  padding: 40px 0px 0px 0px;\n}\n<\/style>\n\t<\/div>\n\n\t\n\n<\/div>\n\n\t\t<\/div>\n\n\t\t\n<style>\n#section_1799635807 {\n  padding-top: 30px;\n  padding-bottom: 30px;\n}\n<\/style>\n\t<\/section>\n\t\n\n\t<section class=\"section\" id=\"section_1682177459\">\n\t\t<div class=\"section-bg fill\" >\n\t\t\t\t\t\t\t\t\t\n\t\t\t\n\n\t\t<\/div>\n\n\t\t\n\n\t\t<div class=\"section-content relative\">\n\t\t\t\n\n<div class=\"row\"  id=\"row-466490198\">\n\n\n\t<div id=\"col-2066470187\" class=\"col small-12 large-12\"  >\n\t\t\t\t<div class=\"col-inner\"  >\n\t\t\t\n\t\t\t\n\n\t<div id=\"text-589201824\" class=\"text\">\n\t\t\n\n<p>Din nou, nici Cosmic Connections (International) Limited, nici MagicDichol, nici alte persoane fizice sau juridice care sunt \u00een vreun fel implicate \u00een v\u00e2nzarea sau comercializarea Metadicholului sub orice form\u0103 nu fac nicio afirma\u021bie despre Metadichol pe baza acestor m\u0103rturii, dincolo de afirma\u021biile f\u0103cute ca parte a aprob\u0103rii oficiale sau a reglement\u0103rilor \u00een temeiul c\u0103rora aceste produse sunt comercializate \u00een orice \u021bar\u0103 dat\u0103. Niciunul dintre noi nu este medic. Produsele analizate nu sunt destinate diagnostic\u0103rii, trat\u0103rii, vindec\u0103rii sau prevenirii vreunei boli.    <\/p>\n<p>Informa\u021biile de pe acest site web sau de pe orice alte site-uri web conectate nu sunt destinate diagnostic\u0103rii, trat\u0103rii, vindec\u0103rii sau prevenirii oric\u0103rei boli. Informa\u021biile sunt prezentate doar \u00een scopuri educa\u021bionale \u0219i nu sunt destinate diagnostic\u0103rii sau prescrierii unei afec\u021biuni medicale sau psihologice, nici prevenirii, trat\u0103rii, atenu\u0103rii sau vindec\u0103rii unor astfel de afec\u021biuni. Informa\u021biile con\u021binute \u00een acest document nu sunt destinate s\u0103 \u00eenlocuiasc\u0103 o consulta\u021bie&#8230; sau un profesionist calificat \u00een domeniul s\u0103n\u0103t\u0103\u021bii. Prin urmare, aceste informa\u021bii nu reprezint\u0103 sfaturi medicale, ci mai degrab\u0103 un schimb de cuno\u0219tin\u021be \u0219i informa\u021bii bazate pe cercetare \u0219i experien\u021b\u0103.   <\/p>\n<p>Declara\u021biile de pe acest site sau de pe site-urile legate de acesta nu au fost evaluate de c\u0103tre Food and Drug Administration, dac\u0103 nu se specific\u0103 altfel.<\/p>\n<p>MagicDichol\u00ae v\u0103 \u00eencurajeaz\u0103 s\u0103 lua\u021bi propriile decizii privind \u00eengrijirea s\u0103n\u0103t\u0103\u021bii pe baza propriei judec\u0103\u021bi \u0219i cercet\u0103ri \u00een parteneriat cu un profesionist calificat din domeniul s\u0103n\u0103t\u0103\u021bii.<\/p>\n<p>NICIUN ELEMENT DIN ACEST SITE WEB NU ESTE DESTINAT SAU NU TREBUIE INTERPRETAT CA FIIND UN SFAT MEDICAL. CONSUMATORII TREBUIE S\u0102 SE CONSULTE CU MEDICII LOR PENTRU RECOMAND\u0102RI MEDICALE INDIVIDUALE. INFORMA\u021aIILE DIN ACEST SITE SE REFER\u0102 LA SUPLIMENTE ALIMENTARE, PRODUSE CARE NU SUNT MEDICAMENTE. SUPLIMENTELE NOASTRE ALIMENTARE \u0218I PRODUSELE NOASTRE COSMETICE NU SUNT DESTINATE UTILIZ\u0102RII CA MIJLOC DE VINDECARE, TRATAMENT, PREVENIRE, DIAGNOSTICARE SAU ATENUARE A ORIC\u0102REI BOLI SAU ALTE AFEC\u021aIUNI MEDICALE SAU ANORMALE.   <\/p>\n\t\t\n<style>\n#text-589201824 {\n  line-height: 1.95;\n}\n<\/style>\n\t<\/div>\n\t\n\n\t\t<\/div>\n\t\t\t\t\t<\/div>\n\n\t\n\n<\/div>\n\n\t\t<\/div>\n\n\t\t\n<style>\n#section_1682177459 {\n  padding-top: 30px;\n  padding-bottom: 30px;\n}\n<\/style>\n\t<\/section>\n\t\n\n\t<section class=\"section\" id=\"section_639669473\">\n\t\t<div class=\"section-bg fill\" >\n\t\t\t\t\t\t\t\t\t\n\t\t\t\n\n\t\t<\/div>\n\n\t\t\n\n\t\t<div class=\"section-content relative\">\n\t\t\t\n\n<div class=\"row\" style=\"max-width:800px\" id=\"row-691260189\">\n\n\n\t<div id=\"col-682337189\" class=\"col medium-6 small-12 large-6\"  >\n\t\t\t\t<div class=\"col-inner\"  >\n\t\t\t\n\t\t\t\n\n<a href=\"https:\/\/iwantmyhealthback.com\/ro\/\" class=\"button primary is-outline expand\" >\n\t\t<span>Anuleaz\u0103<\/span>\n\t<\/a>\n\n\n\n\t\t<\/div>\n\t\t\t\t\t<\/div>\n\n\t\n\n\t<div id=\"col-1237752586\" class=\"col medium-6 small-12 large-6\"  >\n\t\t\t\t<div class=\"col-inner\"  >\n\t\t\t\n\t\t\t\n\n<a href=\"https:\/\/iwantmyhealthback.com\/ro\/publicatii-despre-metadichol-disponibile-pe-site-uri-web-independente\/\" class=\"button primary expand\" >\n\t\t<span>Continua\u021bi<\/span>\n\t<\/a>\n\n\n\n\t\t<\/div>\n\t\t\t\t\t<\/div>\n\n\t\n\n<\/div>\n\n\t\t<\/div>\n\n\t\t\n<style>\n#section_639669473 {\n  padding-top: 30px;\n  padding-bottom: 30px;\n}\n<\/style>\n\t<\/section>\n\t\n\n","protected":false},"excerpt":{"rendered":"","protected":false},"author":2,"featured_media":0,"parent":0,"menu_order":0,"comment_status":"closed","ping_status":"closed","template":"page-blank.php","meta":{"bwfblock_default_font":"","_uag_custom_page_level_css":"","footnotes":""},"class_list":["post-5197","page","type-page","status-publish","hentry"],"uagb_featured_image_src":{"full":false,"thumbnail":false,"medium":false,"medium_large":false,"large":false,"1536x1536":false,"2048x2048":false,"woocommerce_thumbnail":false,"woocommerce_single":false,"woocommerce_gallery_thumbnail":false},"uagb_author_info":{"display_name":"IWantMyHealthBack","author_link":"https:\/\/iwantmyhealthback.com\/ro\/author\/anthonette\/"},"uagb_comment_info":0,"uagb_excerpt":null,"_links":{"self":[{"href":"https:\/\/iwantmyhealthback.com\/ro\/wp-json\/wp\/v2\/pages\/5197","targetHints":{"allow":["GET"]}}],"collection":[{"href":"https:\/\/iwantmyhealthback.com\/ro\/wp-json\/wp\/v2\/pages"}],"about":[{"href":"https:\/\/iwantmyhealthback.com\/ro\/wp-json\/wp\/v2\/types\/page"}],"author":[{"embeddable":true,"href":"https:\/\/iwantmyhealthback.com\/ro\/wp-json\/wp\/v2\/users\/2"}],"replies":[{"embeddable":true,"href":"https:\/\/iwantmyhealthback.com\/ro\/wp-json\/wp\/v2\/comments?post=5197"}],"version-history":[{"count":0,"href":"https:\/\/iwantmyhealthback.com\/ro\/wp-json\/wp\/v2\/pages\/5197\/revisions"}],"wp:attachment":[{"href":"https:\/\/iwantmyhealthback.com\/ro\/wp-json\/wp\/v2\/media?parent=5197"}],"curies":[{"name":"wp","href":"https:\/\/api.w.org\/{rel}","templated":true}]}}