{"id":5196,"date":"2024-07-07T04:00:05","date_gmt":"2024-07-07T08:00:05","guid":{"rendered":"https:\/\/iwantmyhealthback.com\/publicatii-despre-metadichol\/"},"modified":"2025-05-21T08:42:09","modified_gmt":"2025-05-21T12:42:09","slug":"publicatii-despre-metadichol","status":"publish","type":"page","link":"https:\/\/iwantmyhealthback.com\/ro\/publicatii-despre-metadichol\/","title":{"rendered":"Publica\u021bii despre Metadichol"},"content":{"rendered":"\n\n\t<section class=\"section has-scroll-for-more\" id=\"section_641460057\">\n\t\t<div class=\"section-bg fill\" >\n\t\t\t\t\t\t\t\t\t<button class=\"scroll-for-more z-5 icon absolute bottom h-center\" aria-label=\"Scroll for more\"><i class=\"icon-angle-down\" aria-hidden=\"true\" style=\"font-size:42px;\"><\/i><\/button>\n\t\t\t\n\t<div class=\"is-border\"\n\t\tstyle=\"border-width:0px 0px 0px 0px;\">\n\t<\/div>\n\n\t\t<\/div>\n\n\t\t\n\n\t\t<div class=\"section-content relative\">\n\t\t\t\n\n<div class=\"row align-center\"  id=\"row-282175943\">\n\n\n\t<div id=\"col-1410547615\" class=\"col medium-8 small-10 large-10\"  >\n\t\t\t\t<div class=\"col-inner text-center\"  >\n\t\t\t\n\t\t\t\n\n<h3>\u0218tiin\u021b\u0103<\/h3>\n<h2 style=\"font-size:250%;\">Publica\u021bii despre Metadichol\u00ae disponibile pe site-uri web independente<\/h2>\n\n\n\t\t<\/div>\n\t\t\t\t\n<style>\n#col-1410547615 > .col-inner {\n  padding: 40px 0px 0px 0px;\n}\n<\/style>\n\t<\/div>\n\n\t\n\n<\/div>\n\n\t\t<\/div>\n\n\t\t\n<style>\n#section_641460057 {\n  padding-top: 0px;\n  padding-bottom: 0px;\n}\n@media (min-width:550px) {\n  #section_641460057 {\n    padding-top: 30px;\n    padding-bottom: 30px;\n  }\n}\n<\/style>\n\t<\/section>\n\t\n<div class=\"row\" style=\"max-width:1200px\" id=\"row-744270627\">\n\n\n\t<div id=\"col-1743895146\" class=\"col small-12 large-12\"  >\n\t\t\t\t<div class=\"col-inner\"  >\n\t\t\t\n\t<div class=\"is-border\"\n\t\tstyle=\"border-width:0px 0px 1px 0px;\">\n\t<\/div>\n\t\t\t\n\n\t<div id=\"text-3613033714\" class=\"text\">\n\t\t\n\n<p>Pentru claritate, informa\u021biile de pe acest site web sau de pe orice site web legat de acesta nu sunt destinate diagnostic\u0103rii, trat\u0103rii, vindec\u0103rii sau prevenirii oric\u0103rei boli. Informa\u021biile sunt prezentate doar \u00een scopuri educa\u021bionale \u0219i nu sunt destinate diagnostic\u0103rii sau prescrierii unei afec\u021biuni medicale sau psihologice, nici prevenirii, trat\u0103rii, atenu\u0103rii sau vindec\u0103rii unor astfel de afec\u021biuni. Informa\u021biile con\u021binute \u00een acest document nu sunt destinate s\u0103 \u00eenlocuiasc\u0103 o rela\u021bie individual\u0103 cu un medic sau un profesionist calificat \u00een domeniul s\u0103n\u0103t\u0103\u021bii. Prin urmare, aceste informa\u021bii nu reprezint\u0103 sfaturi medicale, ci mai degrab\u0103 un schimb de cuno\u0219tin\u021be \u0219i informa\u021bii bazate pe cercetare \u0219i experien\u021b\u0103.   <\/p>\n<p>Declara\u021biile de pe acest site sau de pe site-urile legate de acesta nu au fost evaluate de c\u0103tre Food and Drug Administration, dac\u0103 nu se specific\u0103 altfel.<\/p>\n\t\t\n<style>\n#text-3613033714 {\n  font-size: 1rem;\n  line-height: 1.85;\n  text-align: center;\n}\n<\/style>\n\t<\/div>\n\t\n\n\t\t<\/div>\n\t\t\t\t\t<\/div>\n\n\t\n\n\t<div id=\"col-2092191676\" class=\"col small-12 large-12\"  >\n\t\t\t\t<div class=\"col-inner\"  >\n\t\t\t\n\t\t\t\n\n\t<div id=\"text-544421657\" class=\"text\">\n\t\t\n\n<p><strong>Dac\u0103 dori\u021bi s\u0103 citi\u021bi colec\u021bia noastr\u0103 de publica\u021bii, ve\u021bi fi redirec\u021bionat c\u0103tre un site web separat. Pentru a fi de acord cu acest lucru, face\u021bi clic pe &#8220;Accesa\u021bi publica\u021biile&#8221; de mai jos. <\/strong><\/p>\n\t\t\n<style>\n#text-544421657 {\n  text-align: center;\n}\n<\/style>\n\t<\/div>\n\t\n\n\t\t<\/div>\n\t\t\t\t\t<\/div>\n\n\t\n\n<\/div>\n\n\t<section class=\"section\" id=\"section_2141912473\">\n\t\t<div class=\"section-bg fill\" >\n\t\t\t\t\t\t\t\t\t\n\t\t\t\n\n\t\t<\/div>\n\n\t\t\n\n\t\t<div class=\"section-content relative\">\n\t\t\t\n\n<div class=\"row align-center\" style=\"max-width:800px\" id=\"row-1809307877\">\n\n\n\t<div id=\"col-2140152152\" class=\"col medium-6 small-12 large-6\"  >\n\t\t\t\t<div class=\"col-inner\"  >\n\t\t\t\n\t\t\t\n\n<a href=\"https:\/\/magicdichol.info\/\" class=\"button primary is-outline expand\" target=\"_blank\" rel=\"noopener\">\n\t\t<span>Anuleaz\u0103<\/span>\n\t<\/a>\n\n\n\n\t\t<\/div>\n\t\t\t\t\t<\/div>\n\n\t\n\n\t<div id=\"col-1550498585\" class=\"col medium-6 small-12 large-6\"  >\n\t\t\t\t<div class=\"col-inner\"  >\n\t\t\t\n\t\t\t\n\n<a href=\"https:\/\/iwantmyhealthback.com\/ro\/publicatii-despre-familia-de-produse-magicdichol\/\" class=\"button primary expand\">\n\t\t<span>Du-te la Publica\u021bii<\/span>\n\t<\/a>\n\n\n\n\t\t<\/div>\n\t\t\t\t\t<\/div>\n\n\t\n\n<\/div>\n\n\t\t<\/div>\n\n\t\t\n<style>\n#section_2141912473 {\n  padding-top: 30px;\n  padding-bottom: 30px;\n}\n<\/style>\n\t<\/section>\n\t\n\n","protected":false},"excerpt":{"rendered":"","protected":false},"author":2,"featured_media":0,"parent":0,"menu_order":0,"comment_status":"closed","ping_status":"closed","template":"page-blank.php","meta":{"bwfblock_default_font":"","_uag_custom_page_level_css":"","footnotes":""},"class_list":["post-5196","page","type-page","status-publish","hentry"],"uagb_featured_image_src":{"full":false,"thumbnail":false,"medium":false,"medium_large":false,"large":false,"1536x1536":false,"2048x2048":false,"woocommerce_thumbnail":false,"woocommerce_single":false,"woocommerce_gallery_thumbnail":false},"uagb_author_info":{"display_name":"IWantMyHealthBack","author_link":"https:\/\/iwantmyhealthback.com\/ro\/author\/anthonette\/"},"uagb_comment_info":0,"uagb_excerpt":null,"_links":{"self":[{"href":"https:\/\/iwantmyhealthback.com\/ro\/wp-json\/wp\/v2\/pages\/5196","targetHints":{"allow":["GET"]}}],"collection":[{"href":"https:\/\/iwantmyhealthback.com\/ro\/wp-json\/wp\/v2\/pages"}],"about":[{"href":"https:\/\/iwantmyhealthback.com\/ro\/wp-json\/wp\/v2\/types\/page"}],"author":[{"embeddable":true,"href":"https:\/\/iwantmyhealthback.com\/ro\/wp-json\/wp\/v2\/users\/2"}],"replies":[{"embeddable":true,"href":"https:\/\/iwantmyhealthback.com\/ro\/wp-json\/wp\/v2\/comments?post=5196"}],"version-history":[{"count":0,"href":"https:\/\/iwantmyhealthback.com\/ro\/wp-json\/wp\/v2\/pages\/5196\/revisions"}],"wp:attachment":[{"href":"https:\/\/iwantmyhealthback.com\/ro\/wp-json\/wp\/v2\/media?parent=5196"}],"curies":[{"name":"wp","href":"https:\/\/api.w.org\/{rel}","templated":true}]}}