{"id":5155,"date":"2024-07-11T03:00:08","date_gmt":"2024-07-11T07:00:08","guid":{"rendered":"https:\/\/iwantmyhealthback.com\/metadichol-si-vitamina-c\/"},"modified":"2025-06-19T08:50:13","modified_gmt":"2025-06-19T12:50:13","slug":"metadichol-si-vitamina-c","status":"publish","type":"page","link":"https:\/\/iwantmyhealthback.com\/ro\/metadichol-si-vitamina-c\/","title":{"rendered":"Metadichol\u00ae \u0219i vitamina C"},"content":{"rendered":"\n\n\t<section class=\"section has-scroll-for-more\" id=\"section_287080653\">\n\t\t<div class=\"section-bg fill\" >\n\t\t\t\t\t\t\t\t\t<button class=\"scroll-for-more z-5 icon absolute bottom h-center\" aria-label=\"Scroll for more\"><i class=\"icon-angle-down\" aria-hidden=\"true\" style=\"font-size:42px;\"><\/i><\/button>\n\t\t\t\n\t<div class=\"is-border\"\n\t\tstyle=\"border-width:0px 0px 0px 0px;\">\n\t<\/div>\n\n\t\t<\/div>\n\n\t\t\n\n\t\t<div class=\"section-content relative\">\n\t\t\t\n\n<div class=\"row align-center\"  id=\"row-2115656053\">\n\n\n\t<div id=\"col-1563318567\" class=\"col medium-8 small-10 large-10\"  >\n\t\t\t\t<div class=\"col-inner text-center\"  >\n\t\t\t\n\t\t\t\n\n<h3>Mai multe informa\u021bii<\/h3>\n<h2 style=\"font-size:250%;\">METADICHOL\u00ae \u0218I VITAMINA C<\/h2>\n<p>Cum Metadichol\u00ae, ingredientul cheie al familiei de produse MagicDichol\u00ae, induce vitamina C \u00een organism.<\/p>\n\n\n\t\t<\/div>\n\t\t\t\t\n<style>\n#col-1563318567 > .col-inner {\n  padding: 40px 0px 0px 0px;\n}\n<\/style>\n\t<\/div>\n\n\t\n\n<\/div>\n\n\t\t<\/div>\n\n\t\t\n<style>\n#section_287080653 {\n  padding-top: 0px;\n  padding-bottom: 0px;\n}\n@media (min-width:550px) {\n  #section_287080653 {\n    padding-top: 30px;\n    padding-bottom: 30px;\n  }\n}\n<\/style>\n\t<\/section>\n\t\n\n\t<section class=\"section\" id=\"section_1323021085\">\n\t\t<div class=\"section-bg fill\" >\n\t\t\t\t\t\t\t\t\t\n\t\t\t\n\n\t\t<\/div>\n\n\t\t\n\n\t\t<div class=\"section-content relative\">\n\t\t\t\n\n<div class=\"row\"  id=\"row-488044223\">\n\n\n\t<div id=\"col-514529441\" class=\"col small-12 large-12\"  >\n\t\t\t\t<div class=\"col-inner\"  >\n\t\t\t\n\t\t\t\n\n<div class=\"accordion\">\n\n\t<div id=\"accordion-2184626265\" class=\"accordion-item\">\n\t\t<a id=\"accordion-2184626265-label\" class=\"accordion-title plain\" href=\"#accordion-item-ce-este-metadichol\u00ae-\u0219i-unde-este-disponibil?\" aria-expanded=\"false\" aria-controls=\"accordion-2184626265-content\">\n\t\t\t<button class=\"toggle\" aria-label=\"Toggle\"><i class=\"icon-angle-down\" aria-hidden=\"true\"><\/i><\/button>\n\t\t\t<span>Ce este Metadichol\u00ae \u0219i unde este disponibil?<\/span>\n\t\t<\/a>\n\t\t<div id=\"accordion-2184626265-content\" class=\"accordion-inner\" aria-labelledby=\"accordion-2184626265-label\">\n\t\t\t\n\n<p style=\"margin: 0cm;\"><span lang=\"EN-US\" style=\"color: #0e101a;\">Metadichol este o nanoemulsie de policosanol. Aceste particule de policosanol sunt mai mici de 60 nanometri. Aceasta este aproximativ jum\u0103tate din dimensiunea unui virus. Deoarece sunt at\u00e2t de mici, ele se pot deplasa prin organism \u0219i pot sus\u021bine s\u0103n\u0103tatea acestuia acolo unde este necesar. Metadicholul este cheia produselor MagicDichol: NANO SOMA\u00ae Liquid, NANO SOMA\u00ae Topical Gel \u0219i NANO SOMA\u00ae Skin Cream. Pute\u021bi cump\u0103ra aceste produse \u00een magazinul nostru. Pentru a face cump\u0103r\u0103turi,        <\/span><a href=\"https:\/\/iwantmyhealthback.com\/ro\/cumparati-acum\/\" target=\"_blank\" rel=\"nofollow noopener\"><span lang=\"EN-US\">face\u021bi clic aici.  <\/span><\/a><\/p>\n\n\n\t\t<\/div>\n\t<\/div>\n\t\n\t<div id=\"accordion-2407613134\" class=\"accordion-item\">\n\t\t<a id=\"accordion-2407613134-label\" class=\"accordion-title plain\" href=\"#accordion-item-oamenii-\u0219i-vitamina-c\" aria-expanded=\"false\" aria-controls=\"accordion-2407613134-content\">\n\t\t\t<button class=\"toggle\" aria-label=\"Toggle\"><i class=\"icon-angle-down\" aria-hidden=\"true\"><\/i><\/button>\n\t\t\t<span>Oamenii \u0219i vitamina C<\/span>\n\t\t<\/a>\n\t\t<div id=\"accordion-2407613134-content\" class=\"accordion-inner\" aria-labelledby=\"accordion-2407613134-label\">\n\t\t\t\n\n<div class=\"row\"  id=\"row-1124874394\">\n\n\n\t<div id=\"col-1276300381\" class=\"col small-12 large-12\"  >\n\t\t\t\t<div class=\"col-inner text-center\"  >\n\t\t\t\n\t\t\t\n\n\t<div id=\"text-1034087278\" class=\"text\">\n\t\t\n\n<p style=\"margin: 0cm;\"><span lang=\"EN-US\" style=\"color: #0e101a;\">Acum aproximativ 40 de milioane de ani, oamenii \u0219i-au pierdut capacitatea de a produce vitamina C. Acest lucru se datoreaz\u0103 unei gene care nu mai func\u021bioneaz\u0103 corect. Gena nu poate produce o enzim\u0103 necesar\u0103 pentru a transforma zaharurile din ficatul nostru \u00een vitamina C. Majoritatea celorlalte animale nu au aceast\u0103 problem\u0103. Ele produc vitamina C \u00een mod natural \u0219i nu sufer\u0103 de acelea\u0219i boli ale inimii \u0219i arterelor ca oamenii.  <\/p>\n<p>Niciun medicament nu poate \u00eenlocui vitamina C. Vitamina C este important\u0103 deoarece ajut\u0103 la prevenirea multor boli. Printre acestea se num\u0103r\u0103 cataracta, calculii biliari, vasele de s\u00e2nge sl\u0103bite, alergiile, \u00eemboln\u0103virea u\u0219oar\u0103, anemia, colesterolul \u00een artere, hipertensiunea arterial\u0103, problemele cardiace \u0219i multe altele. Nu avem cu adev\u0103rat nevoie de medicamente noi pentru acest lucru. \u00cen schimb, ob\u021binerea unei cantit\u0103\u021bi suficiente de vitamina C \u00een alte moduri poate ajuta.   <\/p>\n\t\t\n<style>\n#text-1034087278 {\n  font-size: 1rem;\n  text-align: left;\n}\n@media (min-width:550px) {\n  #text-1034087278 {\n    font-size: 1rem;\n  }\n}\n<\/style>\n\t<\/div>\n\t\n\t<div id=\"gap-1023723864\" class=\"gap-element clearfix hide-for-small\" style=\"display:block; height:auto;\">\n\t\t\n<style>\n#gap-1023723864 {\n  padding-top: 30px;\n}\n<\/style>\n\t<\/div>\n\t\n\n\n\t\t<\/div>\n\t\t\t\t\t<\/div>\n\n\t\n\n<\/div>\n\n\t\t<\/div>\n\t<\/div>\n\t\n\t<div id=\"accordion-1649176995\" class=\"accordion-item\">\n\t\t<a id=\"accordion-1649176995-label\" class=\"accordion-title plain\" href=\"#accordion-item-provoc\u0103rile-consumului-de-vitamina-c\" aria-expanded=\"false\" aria-controls=\"accordion-1649176995-content\">\n\t\t\t<button class=\"toggle\" aria-label=\"Toggle\"><i class=\"icon-angle-down\" aria-hidden=\"true\"><\/i><\/button>\n\t\t\t<span>Provoc\u0103rile consumului de vitamina C<\/span>\n\t\t<\/a>\n\t\t<div id=\"accordion-1649176995-content\" class=\"accordion-inner\" aria-labelledby=\"accordion-1649176995-label\">\n\t\t\t\n\n<div class=\"row\"  id=\"row-673794164\">\n\n\n\t<div id=\"col-1267385405\" class=\"col small-12 large-12\"  >\n\t\t\t\t<div class=\"col-inner text-center\"  >\n\t\t\t\n\t\t\t\n\n\t<div id=\"text-1606241634\" class=\"text\">\n\t\t\n\n<p style=\"margin: 0cm;\"><span lang=\"EN-US\" style=\"color: #0e101a;\">Atunci c\u00e2nd \u00eencerca\u021bi s\u0103 ad\u0103uga\u021bi mai mult\u0103 vitamina C \u00een corpul dumneavoastr\u0103 prin administrarea de suplimente, organismul dumneavoastr\u0103 nu poate folosi dec\u00e2t o cantitate limitat\u0103. Odat\u0103 ce a\u021bi luat aproximativ 500 de miligrame, rinichii \u00eencep s\u0103 elimine orice cantitate suplimentar\u0103. Studiile au ar\u0103tat c\u0103 Metadichol ajut\u0103 organismul s\u0103 \u00ee\u0219i m\u0103reasc\u0103 nivelul de vitamina C mult mai mult dec\u00e2t o poate face doar administrarea de suplimente.  <\/p>\n\t\t\n<style>\n#text-1606241634 {\n  font-size: 1rem;\n  text-align: left;\n}\n@media (min-width:550px) {\n  #text-1606241634 {\n    font-size: 1rem;\n  }\n}\n<\/style>\n\t<\/div>\n\t\n\t<div id=\"gap-46737369\" class=\"gap-element clearfix hide-for-small\" style=\"display:block; height:auto;\">\n\t\t\n<style>\n#gap-46737369 {\n  padding-top: 30px;\n}\n<\/style>\n\t<\/div>\n\t\n\n\n\t\t<\/div>\n\t\t\t\t\t<\/div>\n\n\t\n\n<\/div>\n\n\t\t<\/div>\n\t<\/div>\n\t\n\t<div id=\"accordion-2413127891\" class=\"accordion-item\">\n\t\t<a id=\"accordion-2413127891-label\" class=\"accordion-title plain\" aria-expanded=\"false\" aria-controls=\"accordion-2413127891-content\">\n\t\t\t<button class=\"toggle\" aria-label=\"Toggle\"><i class=\"icon-angle-down\" aria-hidden=\"true\"><\/i><\/button>\n\t\t\t<span>Metadichol \u0219i vitamina C: Stimularea nivelurilor<\/span>\n\t\t<\/a>\n\t\t<div id=\"accordion-2413127891-content\" class=\"accordion-inner\" aria-labelledby=\"accordion-2413127891-label\">\n\t\t\t\n\n<div class=\"row\"  id=\"row-896255831\">\n\n\n\t<div id=\"col-1849585950\" class=\"col small-12 large-12\"  >\n\t\t\t\t<div class=\"col-inner text-center\"  >\n\t\t\t\n\t\t\t\n\n\t<div id=\"text-2681579073\" class=\"text\">\n\t\t\n\n<p style=\"margin: 0cm;\"><span lang=\"EN-US\" style=\"color: #0e101a;\">Atunci c\u00e2nd Metadichol v\u0103 ajut\u0103 organismul s\u0103 produc\u0103 propria vitamina C, pute\u021bi avea mult mai mult\u0103 vitamina C \u00een corpul dumneavoastr\u0103. Acest lucru este bun pentru s\u0103n\u0103tatea dumneavoastr\u0103. Vitamina C este necesar\u0103 pentru multe procese importante. Ajut\u0103 la men\u021binerea \u021besutului conjunctiv regulat, ajut\u0103 la repararea r\u0103nilor, ajut\u0103 oasele s\u0103 r\u0103m\u00e2n\u0103 s\u0103n\u0103toase \u0219i ac\u021bioneaz\u0103 \u00een producerea unor lucruri esen\u021biale precum adrenalina \u0219i hormonii tiroidieni. De asemenea, ajut\u0103 la descompunerea proteinelor, combate infec\u021biile, ajut\u0103 organismul s\u0103 utilizeze fierul \u0219i multe altele.    <\/p>\n\t\t\n<style>\n#text-2681579073 {\n  font-size: 1rem;\n  text-align: left;\n}\n@media (min-width:550px) {\n  #text-2681579073 {\n    font-size: 1rem;\n  }\n}\n<\/style>\n\t<\/div>\n\t\n\t<div id=\"gap-1295668963\" class=\"gap-element clearfix hide-for-small\" style=\"display:block; height:auto;\">\n\t\t\n<style>\n#gap-1295668963 {\n  padding-top: 30px;\n}\n<\/style>\n\t<\/div>\n\t\n\n\n\t\t<\/div>\n\t\t\t\t\t<\/div>\n\n\t\n\n<\/div>\n\n\t\t<\/div>\n\t<\/div>\n\t\n\t<div id=\"accordion-1154792959\" class=\"accordion-item\">\n\t\t<a id=\"accordion-1154792959-label\" class=\"accordion-title plain\" href=\"#accordion-item-metadichol-\u0219i-vitamina-c-cresc-\u00eentr-un-studiu-cu-etichet\u0103-deschis\u0103\" aria-expanded=\"false\" aria-controls=\"accordion-1154792959-content\">\n\t\t\t<button class=\"toggle\" aria-label=\"Toggle\"><i class=\"icon-angle-down\" aria-hidden=\"true\"><\/i><\/button>\n\t\t\t<span>Metadichol \u0219i vitamina C cresc \u00eentr-un studiu cu etichet\u0103 deschis\u0103<\/span>\n\t\t<\/a>\n\t\t<div id=\"accordion-1154792959-content\" class=\"accordion-inner\" aria-labelledby=\"accordion-1154792959-label\">\n\t\t\t\n\n<div class=\"row\"  id=\"row-100433265\">\n\n\n\t<div id=\"col-591830005\" class=\"col small-12 large-12\"  >\n\t\t\t\t<div class=\"col-inner text-center\"  >\n\t\t\t\n\t\t\t\n\n\t<div id=\"text-376212607\" class=\"text\">\n\t\t\n\n<p style=\"margin: 0cm;\"><span lang=\"EN-US\" style=\"color: #0e101a;\">Raghavan PR (2017) Metadichol\u00ae \u0219i cre\u0219terea vitaminei C in vivo, un studiu cu etichet\u0103 deschis\u0103. Vitam Miner 6: 163. doi: 10.4172\/2376- 1318.1000163  <\/p>\n<p>Mai jos, Dr. Raghavan explic\u0103 modul \u00een care Metadichol ar putea face organismul s\u0103 produc\u0103 propria sa vitamina C.<\/p>\n\t\t\n<style>\n#text-376212607 {\n  font-size: 1rem;\n  text-align: left;\n}\n@media (min-width:550px) {\n  #text-376212607 {\n    font-size: 1rem;\n  }\n}\n<\/style>\n\t<\/div>\n\t\n\t<div class=\"img has-hover x md-x lg-x y md-y lg-y\" id=\"image_1144021669\">\n\t\t\t\t\t\t\t\t<div class=\"img-inner dark\" >\n\t\t\t<img loading=\"lazy\" decoding=\"async\" width=\"697\" height=\"376\" src=\"https:\/\/iwantmyhealthback.com\/wp-content\/uploads\/2024\/07\/vitamin-c.png\" class=\"attachment-large size-large\" alt=\"\" srcset=\"https:\/\/iwantmyhealthback.com\/wp-content\/uploads\/2024\/07\/vitamin-c.png 697w, https:\/\/iwantmyhealthback.com\/wp-content\/uploads\/2024\/07\/vitamin-c-300x162.png 300w, https:\/\/iwantmyhealthback.com\/wp-content\/uploads\/2024\/07\/vitamin-c-510x275.png 510w\" sizes=\"auto, (max-width: 697px) 100vw, 697px\" \/>\t\t\t\t\t\t\n\t\t\t\t\t<\/div>\n\t\t\t\t\t\t\t\t\n<style>\n#image_1144021669 {\n  width: 100%;\n}\n<\/style>\n\t<\/div>\n\t\n\n\t<div id=\"text-2830884470\" class=\"text\">\n\t\t\n\n<p style=\"margin: 0cm;\"><span lang=\"EN-US\" style=\"color: #0e101a;\">Aceste diagrame arat\u0103 cum Metadichol poate cre\u0219te nivelul de vitamina C f\u0103r\u0103 a fi nevoie de vitamine suplimentare din alimente sau pastile.<\/p>\n\t\t\n<style>\n#text-2830884470 {\n  font-size: 1rem;\n  text-align: center;\n}\n@media (min-width:550px) {\n  #text-2830884470 {\n    font-size: 1rem;\n  }\n}\n<\/style>\n\t<\/div>\n\t\n\t<div class=\"img has-hover x md-x lg-x y md-y lg-y\" id=\"image_1896426923\">\n\t\t\t\t\t\t\t\t<div class=\"img-inner dark\" >\n\t\t\t<img loading=\"lazy\" decoding=\"async\" width=\"830\" height=\"400\" src=\"https:\/\/iwantmyhealthback.com\/wp-content\/uploads\/2024\/07\/vitamins-graph.png\" class=\"attachment-large size-large\" alt=\"\" srcset=\"https:\/\/iwantmyhealthback.com\/wp-content\/uploads\/2024\/07\/vitamins-graph.png 830w, https:\/\/iwantmyhealthback.com\/wp-content\/uploads\/2024\/07\/vitamins-graph-300x145.png 300w, https:\/\/iwantmyhealthback.com\/wp-content\/uploads\/2024\/07\/vitamins-graph-510x246.png 510w, https:\/\/iwantmyhealthback.com\/wp-content\/uploads\/2024\/07\/vitamins-graph-768x370.png 768w\" sizes=\"auto, (max-width: 830px) 100vw, 830px\" \/>\t\t\t\t\t\t\n\t\t\t\t\t<\/div>\n\t\t\t\t\t\t\t\t\n<style>\n#image_1896426923 {\n  width: 100%;\n}\n<\/style>\n\t<\/div>\n\t\n\n\t<div id=\"gap-2089144727\" class=\"gap-element clearfix hide-for-small\" style=\"display:block; height:auto;\">\n\t\t\n<style>\n#gap-2089144727 {\n  padding-top: 30px;\n}\n<\/style>\n\t<\/div>\n\t\n\n\n\t\t<\/div>\n\t\t\t\t\t<\/div>\n\n\t\n\n<\/div>\n\n\t\t<\/div>\n\t<\/div>\n\t\n\t<div id=\"accordion-3979252976\" class=\"accordion-item\">\n\t\t<a id=\"accordion-3979252976-label\" class=\"accordion-title plain\" aria-expanded=\"false\" aria-controls=\"accordion-3979252976-content\">\n\t\t\t<button class=\"toggle\" aria-label=\"Toggle\"><i class=\"icon-angle-down\" aria-hidden=\"true\"><\/i><\/button>\n\t\t\t<span>Metadichol \u0219i vitamina C: Studii de caz<\/span>\n\t\t<\/a>\n\t\t<div id=\"accordion-3979252976-content\" class=\"accordion-inner\" aria-labelledby=\"accordion-3979252976-label\">\n\t\t\t\n\n<div class=\"row\"  id=\"row-542556899\">\n\n\n\t<div id=\"col-1583100607\" class=\"col small-12 large-12\"  >\n\t\t\t\t<div class=\"col-inner text-center\"  >\n\t\t\t\n\t\t\t\n\n\t<div id=\"text-72946432\" class=\"text\">\n\t\t\n\n<p style=\"margin: 0cm;\"><span lang=\"EN-US\" style=\"color: #0e101a;\">Raghavan PR (2017) Niveluri ridicate de vitamina C induse de Metadichol\u00ae: Studii de caz. Vitam Miner 6: 169. doi: 10.4172\/2376- 1318.1000169  <\/p>\n\t\t\n<style>\n#text-72946432 {\n  font-size: 1rem;\n  text-align: left;\n}\n@media (min-width:550px) {\n  #text-72946432 {\n    font-size: 1rem;\n  }\n}\n<\/style>\n\t<\/div>\n\t\n\t<div class=\"img has-hover x md-x lg-x y md-y lg-y\" id=\"image_189541918\">\n\t\t\t\t\t\t\t\t<div class=\"img-inner dark\" >\n\t\t\t<img loading=\"lazy\" decoding=\"async\" width=\"981\" height=\"423\" src=\"https:\/\/iwantmyhealthback.com\/wp-content\/uploads\/2024\/07\/vitaminc-graph2.png\" class=\"attachment-large size-large\" alt=\"\" srcset=\"https:\/\/iwantmyhealthback.com\/wp-content\/uploads\/2024\/07\/vitaminc-graph2.png 981w, https:\/\/iwantmyhealthback.com\/wp-content\/uploads\/2024\/07\/vitaminc-graph2-300x129.png 300w, https:\/\/iwantmyhealthback.com\/wp-content\/uploads\/2024\/07\/vitaminc-graph2-510x220.png 510w, https:\/\/iwantmyhealthback.com\/wp-content\/uploads\/2024\/07\/vitaminc-graph2-768x331.png 768w\" sizes=\"auto, (max-width: 981px) 100vw, 981px\" \/>\t\t\t\t\t\t\n\t\t\t\t\t<\/div>\n\t\t\t\t\t\t\t\t\n<style>\n#image_189541918 {\n  width: 100%;\n}\n<\/style>\n\t<\/div>\n\t\n\n\t<div id=\"text-201966579\" class=\"text\">\n\t\t\n\n<p>&#8220;O substan\u021b\u0103 care interfereaz\u0103 cu func\u021bionarea normal\u0103 a sistemului este un medicament. O substan\u021b\u0103 care restabile\u0219te func\u021bia normal\u0103 a sistemului este un nutrient&#8221; &#8211; Dr. PR Raghavan, dezvoltator al Metadicholului<\/p>\n\t\t\n<style>\n#text-201966579 {\n  font-size: 1rem;\n  text-align: center;\n}\n@media (min-width:550px) {\n  #text-201966579 {\n    font-size: 1.5rem;\n  }\n}\n<\/style>\n\t<\/div>\n\t\n\t<div id=\"text-450152914\" class=\"text\">\n\t\t\n\n<p style=\"margin: 0cm;\"><span lang=\"EN-US\" style=\"color: #0e101a;\">Familia de produse MagicDichol nu vindec\u0103, nu trateaz\u0103 \u0219i nu vindec\u0103 nimic. Mai degrab\u0103, aceste produse stimuleaz\u0103 mecanismele naturale de vindecare ale organismului, care sunt mult mai cuprinz\u0103toare dec\u00e2t majoritatea dintre noi apreciaz\u0103. <\/p>\n\t\t\n<style>\n#text-450152914 {\n  font-size: 1rem;\n  text-align: center;\n}\n@media (min-width:550px) {\n  #text-450152914 {\n    font-size: 1rem;\n  }\n}\n<\/style>\n\t<\/div>\n\t\n\t<div id=\"gap-1817529786\" class=\"gap-element clearfix hide-for-small\" style=\"display:block; height:auto;\">\n\t\t\n<style>\n#gap-1817529786 {\n  padding-top: 30px;\n}\n<\/style>\n\t<\/div>\n\t\n\n\n\t\t<\/div>\n\t\t\t\t\t<\/div>\n\n\t\n\n<\/div>\n\n\t\t<\/div>\n\t<\/div>\n\t\n\n<\/div>\n\n\t\t<\/div>\n\t\t\t\t\t<\/div>\n\n\t\n\n<\/div>\n<div class=\"row\"  id=\"row-783092628\">\n\n\n\t<div id=\"col-777270455\" class=\"col hide-for-small medium-4 small-12 large-4\"  >\n\t\t\t\t<div class=\"col-inner\"  >\n\t\t\t\n\t\t\t\n\n\n\t\t<\/div>\n\t\t\t\t\t<\/div>\n\n\t\n\n\t<div id=\"col-864362265\" class=\"col medium-4 small-12 large-4\"  >\n\t\t\t\t<div class=\"col-inner text-center\"  >\n\t\t\t\n\t\t\t\n\n<a href=\"https:\/\/iwantmyhealthback.com\/ro\/cumparati-acum\/\" target=\"_blank\" class=\"button primary is-large\" rel=\"noopener\" >\n\t\t<span>Pentru cump\u0103r\u0103turi, face\u021bi clic aici<\/span>\n\t<\/a>\n\n\n\n\t\t<\/div>\n\t\t\t\t\t<\/div>\n\n\t\n\n\t<div id=\"col-782929560\" class=\"col hide-for-small medium-4 small-12 large-4\"  >\n\t\t\t\t<div class=\"col-inner\"  >\n\t\t\t\n\t\t\t\n\n\n\t\t<\/div>\n\t\t\t\t\t<\/div>\n\n\t\n\n<\/div>\n\n\t\t<\/div>\n\n\t\t\n<style>\n#section_1323021085 {\n  padding-top: 30px;\n  padding-bottom: 30px;\n}\n<\/style>\n\t<\/section>\n\t\n\n","protected":false},"excerpt":{"rendered":"","protected":false},"author":2,"featured_media":0,"parent":0,"menu_order":0,"comment_status":"closed","ping_status":"closed","template":"page-blank.php","meta":{"bwfblock_default_font":"","_uag_custom_page_level_css":"","footnotes":""},"class_list":["post-5155","page","type-page","status-publish","hentry"],"uagb_featured_image_src":{"full":false,"thumbnail":false,"medium":false,"medium_large":false,"large":false,"1536x1536":false,"2048x2048":false,"woocommerce_thumbnail":false,"woocommerce_single":false,"woocommerce_gallery_thumbnail":false},"uagb_author_info":{"display_name":"IWantMyHealthBack","author_link":"https:\/\/iwantmyhealthback.com\/ro\/author\/anthonette\/"},"uagb_comment_info":0,"uagb_excerpt":null,"_links":{"self":[{"href":"https:\/\/iwantmyhealthback.com\/ro\/wp-json\/wp\/v2\/pages\/5155","targetHints":{"allow":["GET"]}}],"collection":[{"href":"https:\/\/iwantmyhealthback.com\/ro\/wp-json\/wp\/v2\/pages"}],"about":[{"href":"https:\/\/iwantmyhealthback.com\/ro\/wp-json\/wp\/v2\/types\/page"}],"author":[{"embeddable":true,"href":"https:\/\/iwantmyhealthback.com\/ro\/wp-json\/wp\/v2\/users\/2"}],"replies":[{"embeddable":true,"href":"https:\/\/iwantmyhealthback.com\/ro\/wp-json\/wp\/v2\/comments?post=5155"}],"version-history":[{"count":0,"href":"https:\/\/iwantmyhealthback.com\/ro\/wp-json\/wp\/v2\/pages\/5155\/revisions"}],"wp:attachment":[{"href":"https:\/\/iwantmyhealthback.com\/ro\/wp-json\/wp\/v2\/media?parent=5155"}],"curies":[{"name":"wp","href":"https:\/\/api.w.org\/{rel}","templated":true}]}}