{"id":5152,"date":"2024-07-19T10:38:19","date_gmt":"2024-07-19T14:38:19","guid":{"rendered":"https:\/\/iwantmyhealthback.com\/intrebari-frecvente\/"},"modified":"2025-12-25T22:35:29","modified_gmt":"2025-12-26T02:35:29","slug":"intrebari-frecvente","status":"publish","type":"page","link":"https:\/\/iwantmyhealthback.com\/ro\/intrebari-frecvente\/","title":{"rendered":"\u00centreb\u0103ri frecvente"},"content":{"rendered":"\n\n\t<section class=\"section has-scroll-for-more\" id=\"section_2146104917\">\n\t\t<div class=\"section-bg fill\" >\n\t\t\t\t\t\t\t\t\t<button class=\"scroll-for-more z-5 icon absolute bottom h-center\" aria-label=\"Scroll for more\"><i class=\"icon-angle-down\" aria-hidden=\"true\" style=\"font-size:42px;\"><\/i><\/button>\n\t\t\t\n\t<div class=\"is-border\"\n\t\tstyle=\"border-width:0px 0px 0px 0px;\">\n\t<\/div>\n\n\t\t<\/div>\n\n\t\t\n\n\t\t<div class=\"section-content relative\">\n\t\t\t\n\n<div class=\"row align-center\"  id=\"row-790784278\">\n\n\n\t<div id=\"col-497010371\" class=\"col medium-8 small-10 large-10\"  >\n\t\t\t\t<div class=\"col-inner text-center\"  >\n\t\t\t\n\t\t\t\n\n<h3>\u00ceNTREB\u0102RI FRECVENTE<\/h3>\n<h2 style=\"font-size: 250%;\">\u00centreb\u0103ri frecvente<\/h2>\n<p>Cum v\u0103 putem ajuta?<\/p>\n\n\t\t<\/div>\n\t\t\t\t\n<style>\n#col-497010371 > .col-inner {\n  padding: 40px 0px 0px 0px;\n}\n<\/style>\n\t<\/div>\n\n\t\n\n<\/div>\n\n\t\t<\/div>\n\n\t\t\n<style>\n#section_2146104917 {\n  padding-top: 30px;\n  padding-bottom: 30px;\n}\n<\/style>\n\t<\/section>\n\t\n\n\t<section class=\"section\" id=\"section_1488396999\">\n\t\t<div class=\"section-bg fill\" >\n\t\t\t\t\t\t\t\t\t\n\t\t\t\n\n\t\t<\/div>\n\n\t\t\n\n\t\t<div class=\"section-content relative\">\n\t\t\t\n\n<div class=\"row\"  id=\"row-1490774173\">\n\n\n\t<div id=\"col-675468250\" class=\"col small-12 large-12\"  >\n\t\t\t\t<div class=\"col-inner\"  >\n\t\t\t\n\t\t\t\n\n<div class=\"accordion\">\n\n\t<div id=\"accordion-2237376253\" class=\"accordion-item\">\n\t\t<a id=\"accordion-2237376253-label\" class=\"accordion-title plain\" href=\"#accordion-item-cum-se-pronun\u021b\u0103-metadichol\u00ae-\u0219i-magicdichol\u00ae?\" aria-expanded=\"false\" aria-controls=\"accordion-2237376253-content\">\n\t\t\t<button class=\"toggle\" aria-label=\"Toggle\"><i class=\"icon-angle-down\" aria-hidden=\"true\"><\/i><\/button>\n\t\t\t<span>Cum se pronun\u021b\u0103 Metadichol\u00ae \u0219i MagicDichol\u00ae?<\/span>\n\t\t<\/a>\n\t\t<div id=\"accordion-2237376253-content\" class=\"accordion-inner\" aria-labelledby=\"accordion-2237376253-label\">\n\t\t\t\n\n<p>Metadichol se pronun\u021b\u0103: &#8220;Met-uh-dye-call&#8221;. MagicDichol se pronun\u021b\u0103: &#8220;Magic-dye-call&#8221;. <\/p>\n\n\t\t<\/div>\n\t<\/div>\n\t\n\t<div id=\"accordion-4142807860\" class=\"accordion-item\">\n\t\t<a id=\"accordion-4142807860-label\" class=\"accordion-title plain\" href=\"#accordion-item-ce-este-nano-soma\u00ae-liquid?\" aria-expanded=\"false\" aria-controls=\"accordion-4142807860-content\">\n\t\t\t<button class=\"toggle\" aria-label=\"Toggle\"><i class=\"icon-angle-down\" aria-hidden=\"true\"><\/i><\/button>\n\t\t\t<span>Ce este NANO SOMA\u00ae Liquid?<\/span>\n\t\t<\/a>\n\t\t<div id=\"accordion-4142807860-content\" class=\"accordion-inner\" aria-labelledby=\"accordion-4142807860-label\">\n\t\t\t\n\n<p>NANO SOMA Liquid este un nume pentru Metadichol. Este un supliment lichid cu nanoparticule de policosanol. <\/p>\n\n\t\t<\/div>\n\t<\/div>\n\t\n\t<div id=\"accordion-3320690130\" class=\"accordion-item\">\n\t\t<a id=\"accordion-3320690130-label\" class=\"accordion-title plain\" href=\"#accordion-item-care-sunt-ingredientele-din-nano-soma?\" aria-expanded=\"false\" aria-controls=\"accordion-3320690130-content\">\n\t\t\t<button class=\"toggle\" aria-label=\"Toggle\"><i class=\"icon-angle-down\" aria-hidden=\"true\"><\/i><\/button>\n\t\t\t<span>Care sunt ingredientele din NANO SOMA?<\/span>\n\t\t<\/a>\n\t\t<div id=\"accordion-3320690130-content\" class=\"accordion-inner\" aria-labelledby=\"accordion-3320690130-label\">\n\t\t\t\n\n<p>Ingredientele principale din NANO SOMA sunt o nanoemulsie de policosanol din cear\u0103 de orez \u0219i ap\u0103, plus ingrediente minore pentru stabilitatea nanoemulsiei.<\/p>\n\n\t\t<\/div>\n\t<\/div>\n\t\n\t<div id=\"accordion-4258193256\" class=\"accordion-item\">\n\t\t<a id=\"accordion-4258193256-label\" class=\"accordion-title plain\" href=\"#accordion-item-c\u00e2t-timp-dureaz\u0103-p\u00e2n\u0103-se-v\u0103d-efectele-nano-soma\u00ae?\" aria-expanded=\"false\" aria-controls=\"accordion-4258193256-content\">\n\t\t\t<button class=\"toggle\" aria-label=\"Toggle\"><i class=\"icon-angle-down\" aria-hidden=\"true\"><\/i><\/button>\n\t\t\t<span>C\u00e2t timp dureaz\u0103 p\u00e2n\u0103 se v\u0103d efectele NANO SOMA\u00ae?<\/span>\n\t\t<\/a>\n\t\t<div id=\"accordion-4258193256-content\" class=\"accordion-inner\" aria-labelledby=\"accordion-4258193256-label\">\n\t\t\t\n\n<p>Se recomand\u0103 utilizarea constant\u0103 a produsului timp de 90 de zile \u00eenainte de a a\u0219tepta beneficii vizibile pentru s\u0103n\u0103tate, \u00eens\u0103 mul\u021bi oameni observ\u0103 \u00eembun\u0103t\u0103\u021biri mai devreme.<\/p>\n\n\t\t<\/div>\n\t<\/div>\n\t\n\t<div id=\"accordion-2255658850\" class=\"accordion-item\">\n\t\t<a id=\"accordion-2255658850-label\" class=\"accordion-title plain\" href=\"#accordion-item-ce-este-nano-soma\u00ae-topical-gel?\" aria-expanded=\"false\" aria-controls=\"accordion-2255658850-content\">\n\t\t\t<button class=\"toggle\" aria-label=\"Toggle\"><i class=\"icon-angle-down\" aria-hidden=\"true\"><\/i><\/button>\n\t\t\t<span>Ce este NANO SOMA\u00ae Topical Gel?<\/span>\n\t\t<\/a>\n\t\t<div id=\"accordion-2255658850-content\" class=\"accordion-inner\" aria-labelledby=\"accordion-2255658850-label\">\n\t\t\t\n\n<p>Gelul topic NANO SOMA\u00ae este pentru pielea dumneavoastr\u0103. Este NANO SOMA cu gum\u0103 Xanthan ad\u0103ugat\u0103 pentru a-l face potrivit pentru utilizarea pe piele. Ajut\u0103 la s\u0103n\u0103tatea pielii. <\/p>\n\n\t\t<\/div>\n\t<\/div>\n\t\n\t<div id=\"accordion-2946164544\" class=\"accordion-item\">\n\t\t<a id=\"accordion-2946164544-label\" class=\"accordion-title plain\" href=\"#accordion-item-ce-este-crema-de-piele-nano-soma\u00ae?\" aria-expanded=\"false\" aria-controls=\"accordion-2946164544-content\">\n\t\t\t<button class=\"toggle\" aria-label=\"Toggle\"><i class=\"icon-angle-down\" aria-hidden=\"true\"><\/i><\/button>\n\t\t\t<span>Ce este crema de piele NANO SOMA\u00ae?<\/span>\n\t\t<\/a>\n\t\t<div id=\"accordion-2946164544-content\" class=\"accordion-inner\" aria-labelledby=\"accordion-2946164544-label\">\n\t\t\t\n\n<p>Crema de piele NANO SOMA\u00ae este o crem\u0103 neted\u0103, f\u0103r\u0103 ulei, cu acela\u0219i ingredient cheie ca NANO SOMA. Miroase a vanilie, ajut\u0103 la calmarea pielii \u0219i reduce liniile fine \u0219i ridurile. <\/p>\n\n\t\t<\/div>\n\t<\/div>\n\t\n\t<div id=\"accordion-2649966178\" class=\"accordion-item\">\n\t\t<a id=\"accordion-2649966178-label\" class=\"accordion-title plain\" href=\"#accordion-item-este-nano-soma-recomandat-persoanelor-s\u0103n\u0103toase-sau-persoanelor-cu-boli?\" aria-expanded=\"false\" aria-controls=\"accordion-2649966178-content\">\n\t\t\t<button class=\"toggle\" aria-label=\"Toggle\"><i class=\"icon-angle-down\" aria-hidden=\"true\"><\/i><\/button>\n\t\t\t<span>Este NANO SOMA recomandat persoanelor s\u0103n\u0103toase sau persoanelor cu boli?<\/span>\n\t\t<\/a>\n\t\t<div id=\"accordion-2649966178-content\" class=\"accordion-inner\" aria-labelledby=\"accordion-2649966178-label\">\n\t\t\t\n\n<p>NANO SOMA sus\u021bine func\u021bia corporal\u0103 optim\u0103.* Acest lucru este aplicabil tuturor.<\/p>\n\n\t\t<\/div>\n\t<\/div>\n\t\n\t<div id=\"accordion-409557209\" class=\"accordion-item\">\n\t\t<a id=\"accordion-409557209-label\" class=\"accordion-title plain\" href=\"#accordion-item-c\u00e2nd-este-cel-mai-bun-moment-pentru-a-lua-nano-soma?-trebuie-luat-cu-ap\u0103-sau-cu-m\u00e2ncare?-\" aria-expanded=\"false\" aria-controls=\"accordion-409557209-content\">\n\t\t\t<button class=\"toggle\" aria-label=\"Toggle\"><i class=\"icon-angle-down\" aria-hidden=\"true\"><\/i><\/button>\n\t\t\t<span>C\u00e2nd este cel mai bun moment pentru a lua NANO SOMA? Trebuie luat cu ap\u0103 sau cu m\u00e2ncare? <\/span>\n\t\t<\/a>\n\t\t<div id=\"accordion-409557209-content\" class=\"accordion-inner\" aria-labelledby=\"accordion-409557209-label\">\n\t\t\t\n\n<p>NANO SOMA poate fi administrat \u00een orice moment al zilei \u0219i cu sau f\u0103r\u0103 alimente \u0219i ap\u0103.<\/p>\n\n\t\t<\/div>\n\t<\/div>\n\t\n\t<div id=\"accordion-1188912481\" class=\"accordion-item\">\n\t\t<a id=\"accordion-1188912481-label\" class=\"accordion-title plain\" href=\"#accordion-item-este-\u00een-regul\u0103-s\u0103-iau-nano-soma-dac\u0103-am-o-alergie-alimentar\u0103-(alune,-crustacee,-susan,-etc.)?\" aria-expanded=\"false\" aria-controls=\"accordion-1188912481-content\">\n\t\t\t<button class=\"toggle\" aria-label=\"Toggle\"><i class=\"icon-angle-down\" aria-hidden=\"true\"><\/i><\/button>\n\t\t\t<span>Este \u00een regul\u0103 s\u0103 iau NANO SOMA dac\u0103 am o alergie alimentar\u0103 (alune, crustacee, susan, etc.)?<\/span>\n\t\t<\/a>\n\t\t<div id=\"accordion-1188912481-content\" class=\"accordion-inner\" aria-labelledby=\"accordion-1188912481-label\">\n\t\t\t\n\n<p>NANO SOMA nu are reac\u021bii alergice cunoscute.<\/p>\n\n\t\t<\/div>\n\t<\/div>\n\t\n\t<div id=\"accordion-827889657\" class=\"accordion-item\">\n\t\t<a id=\"accordion-827889657-label\" class=\"accordion-title plain\" href=\"#accordion-item-este-bine-s\u0103-lua\u021bi-nano-soma-\u00eempreun\u0103-cu-medicamente-eliberate-pe-baz\u0103-de-re\u021bet\u0103-sau-anticoagulante?\" aria-expanded=\"false\" aria-controls=\"accordion-827889657-content\">\n\t\t\t<button class=\"toggle\" aria-label=\"Toggle\"><i class=\"icon-angle-down\" aria-hidden=\"true\"><\/i><\/button>\n\t\t\t<span>Este bine s\u0103 lua\u021bi NANO SOMA \u00eempreun\u0103 cu medicamente eliberate pe baz\u0103 de re\u021bet\u0103 sau anticoagulante?<\/span>\n\t\t<\/a>\n\t\t<div id=\"accordion-827889657-content\" class=\"accordion-inner\" aria-labelledby=\"accordion-827889657-label\">\n\t\t\t\n\n<p>Nu exist\u0103 interac\u021biuni cunoscute \u00eentre NANO SOMA \u0219i medicamentele eliberate pe baz\u0103 de prescrip\u021bie medical\u0103.<\/p>\n\n\t\t<\/div>\n\t<\/div>\n\t\n\t<div id=\"accordion-142290558\" class=\"accordion-item\">\n\t\t<a id=\"accordion-142290558-label\" class=\"accordion-title plain\" href=\"#accordion-item-este-nano-soma-sigur-pentru-copii-\u0219i-sugari?\" aria-expanded=\"false\" aria-controls=\"accordion-142290558-content\">\n\t\t\t<button class=\"toggle\" aria-label=\"Toggle\"><i class=\"icon-angle-down\" aria-hidden=\"true\"><\/i><\/button>\n\t\t\t<span>Este NANO SOMA sigur pentru copii \u0219i sugari?<\/span>\n\t\t<\/a>\n\t\t<div id=\"accordion-142290558-content\" class=\"accordion-inner\" aria-labelledby=\"accordion-142290558-label\">\n\t\t\t\n\n<p>Da, NANO SOMA este sigur pentru copii \u0219i sugari, dar discuta\u021bi cu medicul dumneavoastr\u0103.<\/p>\n\n\t\t<\/div>\n\t<\/div>\n\t\n\t<div id=\"accordion-4109832081\" class=\"accordion-item\">\n\t\t<a id=\"accordion-4109832081-label\" class=\"accordion-title plain\" href=\"#accordion-item-care-sunt-utiliz\u0103rile-zilnice-recomandate-\u0219i-maxime?\" aria-expanded=\"false\" aria-controls=\"accordion-4109832081-content\">\n\t\t\t<button class=\"toggle\" aria-label=\"Toggle\"><i class=\"icon-angle-down\" aria-hidden=\"true\"><\/i><\/button>\n\t\t\t<span>Care sunt utiliz\u0103rile zilnice recomandate \u0219i maxime?<\/span>\n\t\t<\/a>\n\t\t<div id=\"accordion-4109832081-content\" class=\"accordion-inner\" aria-labelledby=\"accordion-4109832081-label\">\n\t\t\t\n\n<p>Cantitatea obi\u0219nuit\u0103 pentru a r\u0103m\u00e2ne s\u0103n\u0103tos este de cinci pulveriz\u0103ri de NANO SOMA \u00een fiecare zi. Pute\u021bi folosi mai multe dac\u0103 dori\u021bi. <strong><a href=\"https:\/\/iwantmyhealthback.com\/ro\/protocol-de-utilizare\/\">Aceast\u0103 lucrare<\/a><\/strong> ofer\u0103 mai multe detalii cu privire la modul de utilizare a familiei de produse MagicDichol. <\/p>\n\n\t\t<\/div>\n\t<\/div>\n\t\n\t<div id=\"accordion-2584796758\" class=\"accordion-item\">\n\t\t<a id=\"accordion-2584796758-label\" class=\"accordion-title plain\" href=\"#accordion-item-are-nano-soma-efecte-secundare?\" aria-expanded=\"false\" aria-controls=\"accordion-2584796758-content\">\n\t\t\t<button class=\"toggle\" aria-label=\"Toggle\"><i class=\"icon-angle-down\" aria-hidden=\"true\"><\/i><\/button>\n\t\t\t<span>Are NANO SOMA efecte secundare?<\/span>\n\t\t<\/a>\n\t\t<div id=\"accordion-2584796758-content\" class=\"accordion-inner\" aria-labelledby=\"accordion-2584796758-label\">\n\t\t\t\n\n<p>NANO SOMA este fabricat din ingrediente naturale pe baz\u0103 de alimente \u0219i nu are efecte secundare cunoscute. Dezvoltatorul acestuia spune c\u0103 este mai sigur dec\u00e2t sarea \u0219i zah\u0103rul. <\/p>\n\n\t\t<\/div>\n\t<\/div>\n\t\n\n<\/div>\n\n\t\t<\/div>\n\t\t\t\t\t<\/div>\n\n\t\n\n<\/div>\n\n\t\t<\/div>\n\n\t\t\n<style>\n#section_1488396999 {\n  padding-top: 30px;\n  padding-bottom: 30px;\n}\n<\/style>\n\t<\/section>\n\t\n\n","protected":false},"excerpt":{"rendered":"","protected":false},"author":2,"featured_media":0,"parent":0,"menu_order":0,"comment_status":"closed","ping_status":"closed","template":"","meta":{"bwfblock_default_font":"","_uag_custom_page_level_css":"","footnotes":""},"class_list":["post-5152","page","type-page","status-publish","hentry"],"uagb_featured_image_src":{"full":false,"thumbnail":false,"medium":false,"medium_large":false,"large":false,"1536x1536":false,"2048x2048":false,"woocommerce_thumbnail":false,"woocommerce_single":false,"woocommerce_gallery_thumbnail":false},"uagb_author_info":{"display_name":"IWantMyHealthBack","author_link":"https:\/\/iwantmyhealthback.com\/ro\/author\/anthonette\/"},"uagb_comment_info":0,"uagb_excerpt":null,"_links":{"self":[{"href":"https:\/\/iwantmyhealthback.com\/ro\/wp-json\/wp\/v2\/pages\/5152","targetHints":{"allow":["GET"]}}],"collection":[{"href":"https:\/\/iwantmyhealthback.com\/ro\/wp-json\/wp\/v2\/pages"}],"about":[{"href":"https:\/\/iwantmyhealthback.com\/ro\/wp-json\/wp\/v2\/types\/page"}],"author":[{"embeddable":true,"href":"https:\/\/iwantmyhealthback.com\/ro\/wp-json\/wp\/v2\/users\/2"}],"replies":[{"embeddable":true,"href":"https:\/\/iwantmyhealthback.com\/ro\/wp-json\/wp\/v2\/comments?post=5152"}],"version-history":[{"count":0,"href":"https:\/\/iwantmyhealthback.com\/ro\/wp-json\/wp\/v2\/pages\/5152\/revisions"}],"wp:attachment":[{"href":"https:\/\/iwantmyhealthback.com\/ro\/wp-json\/wp\/v2\/media?parent=5152"}],"curies":[{"name":"wp","href":"https:\/\/api.w.org\/{rel}","templated":true}]}}