{"id":5149,"date":"2024-07-15T07:02:56","date_gmt":"2024-07-15T11:02:56","guid":{"rendered":"https:\/\/iwantmyhealthback.com\/despre\/"},"modified":"2025-06-07T10:15:47","modified_gmt":"2025-06-07T14:15:47","slug":"despre","status":"publish","type":"page","link":"https:\/\/iwantmyhealthback.com\/ro\/despre\/","title":{"rendered":"Despre"},"content":{"rendered":"\n\n\t<section class=\"section\" id=\"section_1864534083\">\n\t\t<div class=\"section-bg fill\" >\n\t\t\t\t\t\t\t\t\t\n\t\t\t\n\n\t\t<\/div>\n\n\t\t\n\n\t\t<div class=\"section-content relative\">\n\t\t\t\n\n\t<div id=\"gap-1028287337\" class=\"gap-element clearfix\" style=\"display:block; height:auto;\">\n\t\t\n<style>\n#gap-1028287337 {\n  padding-top: 30px;\n}\n<\/style>\n\t<\/div>\n\t\n\n<div class=\"row align-middle align-center\"  id=\"row-1640726834\">\n\n\n\t<div id=\"col-208868784\" class=\"col medium-12 small-12 large-7\"  >\n\t\t\t\t<div class=\"col-inner\"  >\n\t\t\t\n\t\t\t\n\n\t<div id=\"text-1386695165\" class=\"text\">\n\t\t\n\n<h2>\u00cemi vreau s\u0103n\u0103tatea \u00eenapoi! Dori\u021bi? <\/h2>\n\t\t\n<style>\n#text-1386695165 {\n  font-size: 1.3rem;\n}\n<\/style>\n\t<\/div>\n\t\n<p>Bine a\u021bi venit la Revolu\u021bia S\u0103n\u0103t\u0103\u021bii cu MagicDichol\u00ae. Ne propunem s\u0103 v\u0103 oferim modalit\u0103\u021bi simple \u0219i puternice de a v\u0103 rec\u0103p\u0103ta s\u0103n\u0103tatea. Ingredientul cheie din spatele tuturor produselor noastre este Metadichol\u00ae &#8211; o nanoemulsie de policosanol <a href=\"http:\/\/iwantmyhealthback.com\/worldwide-patents\/\" target=\"_blank\" rel=\"noopener\">patentat\u0103 la nivel mondial<\/a> pentru leg\u0103tura sa unic\u0103 \u0219i profund\u0103 cu corpul nostru.  <\/p>\n<p>C\u00e2nd alege\u021bi produsele noastre, nu ob\u021bine\u021bi doar ceva grozav. V\u0103 al\u0103tura\u021bi unei mi\u0219c\u0103ri care v\u0103 pune s\u0103n\u0103tatea \u00eenapoi \u00een m\u00e2inile Dvs. <\/p>\n<div class=\"row\"  id=\"row-151173388\">\n\n\n\t<div id=\"col-879068351\" class=\"col hide-for-medium small-12 large-12\"  >\n\t\t\t\t<div class=\"col-inner text-left\"  >\n\t\t\t\n\t\t\t\n\n<a href=\"https:\/\/iwantmyhealthback.com\/ro\/beneficii\/\" class=\"button primary is-large\" style=\"border-radius:5px;\">\n\t\t<span>Afla\u021bi mai multe<\/span>\n\t<\/a>\n\n\n<a href=\"https:\/\/iwantmyhealthback.com\/ro\/cumparati-acum\/\" class=\"button primary is-outline is-large\" >\n\t\t<span>Cump\u0103ra acum<\/span>\n\t<\/a>\n\n\n\n\t\t<\/div>\n\t\t\t\t\t<\/div>\n\n\t\n\n\t<div id=\"col-1360329692\" class=\"col show-for-small small-12 large-12\"  >\n\t\t\t\t<div class=\"col-inner text-center\"  >\n\t\t\t\n\t\t\t\n\n<a href=\"https:\/\/iwantmyhealthback.com\/ro\/beneficii\/\" class=\"button primary is-larger\" style=\"border-radius:5px;\">\n\t\t<span>Afla\u021bi mai multe<\/span>\n\t<\/a>\n\n\n\n\t\t<\/div>\n\t\t\t\t\t<\/div>\n\n\t\n\n<\/div>\n\n\t\t<\/div>\n\t\t\t\t\n<style>\n#col-208868784 > .col-inner {\n  padding: 0px 0 0px 0px;\n}\n@media (min-width:550px) {\n  #col-208868784 > .col-inner {\n    padding: 0px 10% 0px 0px;\n  }\n}\n@media (min-width:850px) {\n  #col-208868784 > .col-inner {\n    padding: 0px 20px 0px 0px;\n  }\n}\n<\/style>\n\t<\/div>\n\n\t\n\n\t<div id=\"col-189257561\" class=\"col medium-12 small-12 large-5\"  >\n\t\t\t\t<div class=\"col-inner\"  >\n\t\t\t\n\t\t\t\n\n<div class=\"row\"  id=\"row-1846202502\">\n\n\n\t<div id=\"col-535401415\" class=\"col medium-12 small-12 large-12\"  >\n\t\t\t\t<div class=\"col-inner text-center\"  >\n\t\t\t\n\t\t\t\n\n\n  <div class=\"banner has-hover\" id=\"banner-2025036250\">\n          <div class=\"banner-inner fill\">\n        <div class=\"banner-bg fill\" >\n            <img loading=\"lazy\" decoding=\"async\" width=\"1020\" height=\"388\" src=\"https:\/\/iwantmyhealthback.com\/wp-content\/uploads\/2024\/07\/sugarcane-mobile-1024x390-1.png\" class=\"bg attachment-large size-large\" alt=\"\" \/>                                    \n                    <\/div>\n\t\t\n        <div class=\"banner-layers container\">\n            <div class=\"fill banner-link\"><\/div>            \n\n   <div id=\"text-box-307213931\" class=\"text-box banner-layer x50 md-x50 lg-x50 y50 md-y50 lg-y50 res-text\">\n                                <div class=\"text-box-content text dark\">\n              \n              <div class=\"text-inner text-center\">\n                  \n\n\n              <\/div>\n           <\/div>\n                            \n<style>\n#text-box-307213931 {\n  width: 60%;\n}\n#text-box-307213931 .text-box-content {\n  font-size: 100%;\n}\n@media (min-width:550px) {\n  #text-box-307213931 {\n    width: 60%;\n  }\n}\n<\/style>\n    <\/div>\n \n\n        <\/div>\n      <\/div>\n\n            \n<style>\n#banner-2025036250 {\n  padding-top: 99.99%;\n  background-color: rgba(0, 0, 0, 0);\n}\n@media (min-width:550px) {\n  #banner-2025036250 {\n    padding-top: 150%;\n  }\n}\n@media (min-width:850px) {\n  #banner-2025036250 {\n    padding-top: 80%;\n  }\n}\n<\/style>\n  <\/div>\n\n\n\n\t\t<\/div>\n\t\t\t\t\t<\/div>\n\n\t\n\n<\/div>\n\n\t\t<\/div>\n\t\t\t\t\t<\/div>\n\n\t\n\n<\/div>\n\n\t\t<\/div>\n\n\t\t\n<style>\n#section_1864534083 {\n  padding-top: 30px;\n  padding-bottom: 30px;\n}\n<\/style>\n\t<\/section>\n\t\n\n\t<section class=\"section dark\" id=\"section_539509401\">\n\t\t<div class=\"section-bg fill\" >\n\t\t\t<img loading=\"lazy\" decoding=\"async\" width=\"1024\" height=\"442\" src=\"https:\/\/iwantmyhealthback.com\/wp-content\/uploads\/2024\/07\/magic-dichol-4-1024x442-1.png\" class=\"bg attachment- size-\" alt=\"\" \/>\t\t\t\t\t\t<div class=\"section-bg-overlay absolute fill\"><\/div>\n\t\t\t\n\n\t\t<\/div>\n\n\t\t\n\n\t\t<div class=\"section-content relative\">\n\t\t\t\n\n\t<div id=\"gap-1905129513\" class=\"gap-element clearfix\" style=\"display:block; height:auto;\">\n\t\t\n<style>\n#gap-1905129513 {\n  padding-top: 30px;\n}\n<\/style>\n\t<\/div>\n\t\n\n<div class=\"row align-center\"  id=\"row-2015590683\">\n\n\n\t<div id=\"col-693800940\" class=\"col medium-7 small-12 large-5\"  >\n\t\t\t\t<div class=\"col-inner text-center\"  >\n\t\t\t\n\t\t\t\n\n\t<div id=\"text-3747689549\" class=\"text\">\n\t\t\n\n<h1>Istoria<\/h1>\n\t\t\n<style>\n#text-3747689549 {\n  font-size: 1.75rem;\n}\n<\/style>\n\t<\/div>\n\t\n\n\t\t<\/div>\n\t\t\t\t\t<\/div>\n\n\t\n\n<\/div>\n\n\t\t<\/div>\n\n\t\t\n<style>\n#section_539509401 {\n  padding-top: 30px;\n  padding-bottom: 30px;\n  min-height: 290px;\n}\n#section_539509401 .section-bg-overlay {\n  background-color: rgba(0, 0, 0, 0.16);\n}\n#section_539509401 .section-bg img {\n  object-position: 59% 38%;\n}\n@media (min-width:550px) {\n  #section_539509401 {\n    min-height: 350px;\n  }\n}\n<\/style>\n\t<\/section>\n\t\n\n\t<section class=\"section\" id=\"section_442626157\">\n\t\t<div class=\"section-bg fill\" >\n\t\t\t\t\t\t\t\t\t\n\t\t\t\n\n\t\t<\/div>\n\n\t\t\n\n\t\t<div class=\"section-content relative\">\n\t\t\t\n\n\t<div id=\"gap-737666263\" class=\"gap-element clearfix\" style=\"display:block; height:auto;\">\n\t\t\n<style>\n#gap-737666263 {\n  padding-top: 30px;\n}\n<\/style>\n\t<\/div>\n\t\n\n<div class=\"row row-large\"  id=\"row-1122520197\">\n\n\n\t<div id=\"col-922711227\" class=\"col small-12 large-12\"  >\n\t\t\t\t<div class=\"col-inner\"  >\n\t\t\t\n\t\t\t\n\n<p style=\"font-size: 150%;\"><strong>Produsele MagicDichol\u00ae: Realizate de un expert<\/strong><\/p>\n<p>Dr. PR Raghavan (Raghu) este geniul din spatele Metadichol\u00ae &#8211; cheia produselor MagicDichol. Raghu are peste 20 de ani de experien\u021b\u0103 \u00een cercetare \u0219i a lucrat cu multe institu\u021bii, inclusiv cu nume mari precum Universitatea Columbia. Dup\u0103 ce a cercetat at\u00e2t de mult timp medicamentele, Raghu a c\u0103utat o abordare mai natural\u0103. Scopul s\u0103u a fost s\u0103 mearg\u0103 la r\u0103d\u0103cina problemelor de s\u0103n\u0103tate ale oamenilor.   <\/p>\n<p>Dup\u0103 ce a lucrat la acest vis timp de mai bine de zece ani, Raghu a creat Metadichol \u00een 2008. Acesta este fabricat din particule foarte mici de policosanol care se g\u0103sesc \u00een alimente precum orezul \u0219i trestia de zah\u0103r. Aceste particule minuscule, numite nanoparticule, sunt chiar mai mici dec\u00e2t viru\u0219ii. Ele func\u021bioneaz\u0103 bine \u00een organism pentru a crea \u0219i men\u021bine o stare bun\u0103 de s\u0103n\u0103tate.*   <\/p>\n<p>Din 2008 p\u00e2n\u0103 \u00een 2019, Raghu a testat Metadichol pe diferite probleme de s\u0103n\u0103tate \u0219i \u0219i-a publicat <strong><a href=\"https:\/\/iwantmyhealthback.com\/ro\/publicatii-despre-metadichol\/\">lucr\u0103ri<\/a><\/strong>. Munca sa a fost at\u00e2t de unic\u0103 \u00eenc\u00e2t i-a adus<strong> <a href=\"https:\/\/iwantmyhealthback.com\/ro\/brevete-la-nivel-mondial\/\">37 de brevete la nivel mondial<\/a><\/strong>, inclusiv <strong><a href=\"https:\/\/iwantmyhealthback.com\/ro\/metadichol-brevete-din-s-u-a\/\">trei \u00een SUA<\/a><\/strong>. <\/p>\n<p>Metadichol se afl\u0103 \u00een toate cele trei produse MagicDichol: NANO SOMA\u00ae Liquid, NANO SOMA\u00ae Topical Gel \u0219i NANO SOMA\u00ae Skin Cream.<\/p>\n<p>Peste 100.000 de persoane au \u00eencercat NANO SOMA. Unii au \u00eenceput cu probleme majore de s\u0103n\u0103tate, \u00een timp ce al\u021bii doreau doar s\u0103 se simt\u0103 \u0219i mai s\u0103n\u0103to\u0219i. Mul\u021bi dintre ei au spus pove\u0219ti uimitoare despre modul \u00een care produsele NANO SOMA i-au ajutat, despre care pute\u021bi citi <strong><a href=\"https:\/\/iwantmyhealthback.com\/ro\/testimoniale\/\" data-wplink-edit=\"true\">aici<\/a><\/strong>.  <\/p>\n\n\n\t\t<\/div>\n\t\t\t\t\t<\/div>\n\n\t\n\n<\/div>\n\n\t\t<\/div>\n\n\t\t\n<style>\n#section_442626157 {\n  padding-top: 20px;\n  padding-bottom: 20px;\n}\n@media (min-width:550px) {\n  #section_442626157 {\n    padding-top: 30px;\n    padding-bottom: 30px;\n  }\n}\n<\/style>\n\t<\/section>\n\t\n\n\t<section class=\"section\" id=\"section_1109200275\">\n\t\t<div class=\"section-bg fill\" >\n\t\t\t\t\t\t\t\t\t\n\t\t\t\n\n\t\t<\/div>\n\n\t\t\n\n\t\t<div class=\"section-content relative\">\n\t\t\t\n\n<div class=\"row\"  id=\"row-1597742824\">\n\n\n\t<div id=\"col-1850296071\" class=\"col small-12 large-12\"  >\n\t\t\t\t<div class=\"col-inner\"  >\n\t\t\t\n\t<div class=\"is-border\"\n\t\tstyle=\"border-color:#767676;border-width:2px 2px 2px 2px;\">\n\t<\/div>\n\t\t\t\n\n\t<div id=\"text-836186691\" class=\"text\">\n\t\t\n\n<p><strong>*Aceste declara\u021bii nu au fost evaluate de c\u0103tre US Food and Drug Administration. Acest produs nu este destinat diagnostic\u0103rii sau prescrierii pentru nicio afec\u021biune medical\u0103 \u0219i nici prevenirii, trat\u0103rii, atenu\u0103rii sau vindec\u0103rii unei astfel de afec\u021biuni. Dac\u0103 ave\u021bi orice boal\u0103 sau afec\u021biune medical\u0103, consulta\u021bi furnizorul dumneavoastr\u0103 de asisten\u021b\u0103 medical\u0103.  <\/strong><\/p>\n\t\t\n<style>\n#text-836186691 {\n  font-size: 0.9rem;\n  text-align: left;\n}\n<\/style>\n\t<\/div>\n\t\n\n\t\t<\/div>\n\t\t\t\t\n<style>\n#col-1850296071 > .col-inner {\n  padding: 10px 20px 5px 20px;\n}\n<\/style>\n\t<\/div>\n\n\t\n\n<\/div>\n\n\t\t<\/div>\n\n\t\t\n<style>\n#section_1109200275 {\n  padding-top: 0px;\n  padding-bottom: 0px;\n}\n@media (min-width:550px) {\n  #section_1109200275 {\n    padding-top: 30px;\n    padding-bottom: 30px;\n  }\n}\n<\/style>\n\t<\/section>\n\t\n\n","protected":false},"excerpt":{"rendered":"","protected":false},"author":2,"featured_media":0,"parent":0,"menu_order":0,"comment_status":"closed","ping_status":"closed","template":"page-blank.php","meta":{"bwfblock_default_font":"","_uag_custom_page_level_css":"","footnotes":""},"class_list":["post-5149","page","type-page","status-publish","hentry"],"uagb_featured_image_src":{"full":false,"thumbnail":false,"medium":false,"medium_large":false,"large":false,"1536x1536":false,"2048x2048":false,"woocommerce_thumbnail":false,"woocommerce_single":false,"woocommerce_gallery_thumbnail":false},"uagb_author_info":{"display_name":"IWantMyHealthBack","author_link":"https:\/\/iwantmyhealthback.com\/ro\/author\/anthonette\/"},"uagb_comment_info":0,"uagb_excerpt":null,"_links":{"self":[{"href":"https:\/\/iwantmyhealthback.com\/ro\/wp-json\/wp\/v2\/pages\/5149","targetHints":{"allow":["GET"]}}],"collection":[{"href":"https:\/\/iwantmyhealthback.com\/ro\/wp-json\/wp\/v2\/pages"}],"about":[{"href":"https:\/\/iwantmyhealthback.com\/ro\/wp-json\/wp\/v2\/types\/page"}],"author":[{"embeddable":true,"href":"https:\/\/iwantmyhealthback.com\/ro\/wp-json\/wp\/v2\/users\/2"}],"replies":[{"embeddable":true,"href":"https:\/\/iwantmyhealthback.com\/ro\/wp-json\/wp\/v2\/comments?post=5149"}],"version-history":[{"count":0,"href":"https:\/\/iwantmyhealthback.com\/ro\/wp-json\/wp\/v2\/pages\/5149\/revisions"}],"wp:attachment":[{"href":"https:\/\/iwantmyhealthback.com\/ro\/wp-json\/wp\/v2\/media?parent=5149"}],"curies":[{"name":"wp","href":"https:\/\/api.w.org\/{rel}","templated":true}]}}