{"id":5054,"date":"2024-01-20T17:44:25","date_gmt":"2024-01-20T21:44:25","guid":{"rendered":"https:\/\/iwantmyhealthback.com\/politica-de-confidentialitate\/"},"modified":"2025-04-10T05:16:31","modified_gmt":"2025-04-10T09:16:31","slug":"politica-de-confidentialitate","status":"publish","type":"page","link":"https:\/\/iwantmyhealthback.com\/ro\/politica-de-confidentialitate\/","title":{"rendered":"Politica de confiden\u021bialitate"},"content":{"rendered":"\n\n\t<section class=\"section\" id=\"section_1845733369\">\n\t\t<div class=\"section-bg fill\" >\n\t\t\t\t\t\t\t\t\t\n\t\t\t\n\n\t\t<\/div>\n\n\t\t\n\n\t\t<div class=\"section-content relative\">\n\t\t\t\n\n<div class=\"row\"  id=\"row-229132413\">\n\n\n\t<div id=\"col-270816120\" class=\"col small-12 large-12\"  >\n\t\t\t\t<div class=\"col-inner\"  >\n\t\t\t\n\t\t\t\n\n\t<div id=\"text-3778840179\" class=\"text\">\n\t\t\n\n<h1><span style=\"font-size: 130%;\">Politica de confiden\u021bialitate<\/span><\/h1>\n<p>Politica de confiden\u021bialitate<\/p>\n<p><strong>Ce informa\u021bii colect\u0103m?<\/strong><\/p>\n<p class=\"p1\"><b>IWantmyHealthBack.Com<\/b><\/p>\n<p>colecteaz\u0103 informa\u021bii de la dvs. atunci c\u00e2nd v\u0103 \u00eenregistra\u021bi pe site-ul nostru, plasa\u021bi o comand\u0103, v\u0103 abona\u021bi la newsletter-ul nostru sau completa\u021bi un formular.<\/p>\n<p>Atunci c\u00e2nd comanda\u021bi sau v\u0103 \u00eenregistra\u021bi pe site-ul nostru, dup\u0103 caz, vi se poate cere s\u0103 v\u0103 introduce\u021bi: numele, adresa de e-mail sau adresa po\u0219tal\u0103. Cu toate acestea, pute\u021bi vizita site-ul nostru \u00een mod anonim. <\/p>\n<p>Pentru ce folosim informa\u021biile dumneavoastr\u0103?<\/p>\n<p>Oricare dintre informa\u021biile pe care le colect\u0103m de la dumneavoastr\u0103 poate fi utilizat\u0103 \u00een unul dintre urm\u0103toarele moduri:<\/p>\n<ul>\n<li>Pentru a v\u0103 personaliza experien\u021ba<br>(informa\u021biile dumneavoastr\u0103 ne ajut\u0103 s\u0103 r\u0103spundem mai bine nevoilor dumneavoastr\u0103 individuale)<\/li>\n<li>Pentru a \u00eembun\u0103t\u0103\u021bi site-ul nostru<br>(ne str\u0103duim \u00een permanen\u021b\u0103 s\u0103 \u00eembun\u0103t\u0103\u021bim ofertele site-ului nostru pe baza informa\u021biilor \u0219i feedback-ului pe care \u00eel primim de la dvs.)<\/li>\n<li>Pentru a \u00eembun\u0103t\u0103\u021bi serviciile pentru clien\u021bi<br>(informa\u021biile dumneavoastr\u0103 ne ajut\u0103 s\u0103 r\u0103spundem mai eficient solicit\u0103rilor dumneavoastr\u0103 de servicii pentru clien\u021bi \u0219i nevoilor de asisten\u021b\u0103)<\/li>\n<li>Pentru a procesa tranzac\u021biile<br>Informa\u021biile dvs., fie ele publice sau private, nu vor fi v\u00e2ndute, schimbate, transferate sau furnizate niciunei alte companii, indiferent de motiv, f\u0103r\u0103 consim\u021b\u0103m\u00e2ntul dvs., dec\u00e2t \u00een scopul expres de a livra produsul achizi\u021bionat sau serviciul solicitat.<\/li>\n<li>Pentru a administra un concurs, o promo\u021bie, un sondaj sau alt\u0103 caracteristic\u0103 a site-ului<\/li>\n<li>Pentru a trimite e-mailuri periodice<\/li>\n<li>Adresa de e-mail pe care o furniza\u021bi pentru procesarea comenzii poate fi utilizat\u0103 pentru a v\u0103 trimite informa\u021bii \u0219i actualiz\u0103ri referitoare la comanda dvs., \u00een plus fa\u021b\u0103 de primirea ocazional\u0103 de \u0219tiri despre companie, actualiz\u0103ri, informa\u021bii despre produse sau servicii etc.<\/li>\n<\/ul>\n<p>Not\u0103: Dac\u0103 dori\u021bi \u00een orice moment s\u0103 v\u0103 dezabona\u021bi de la primirea de e-mailuri viitoare, includem instruc\u021biuni detaliate de dezabonare \u00een partea de jos a fiec\u0103rui e-mail.<\/p>\n<p><strong>Cum v\u0103 protej\u0103m informa\u021biile?<\/strong><\/p>\n<p>Implement\u0103m o serie de m\u0103suri de securitate pentru a men\u021bine siguran\u021ba informa\u021biilor dvs. personale atunci c\u00e2nd plasa\u021bi o comand\u0103 sau introduce\u021bi, trimite\u021bi sau accesa\u021bi informa\u021biile dvs. personale.<\/p>\n<p>Oferim utilizarea unui server securizat. Toate informa\u021biile sensibile furnizate sunt transmise prin intermediul tehnologiei Secure Socket Layer (SSL) \u0219i apoi criptate \u00een baza de date a furnizorilor no\u0219tri de gateway-uri de plat\u0103 pentru a fi accesibile numai celor autoriza\u021bi cu drepturi speciale de acces la astfel de sisteme \u0219i care sunt obliga\u021bi s\u0103 p\u0103streze confiden\u021bialitatea informa\u021biilor. <\/p>\n<p><strong>Folosim module cookie?<\/strong><\/p>\n<p>Da (Cookie-urile sunt fi\u0219iere mici pe care un site sau furnizorul s\u0103u de servicii le transfer\u0103 pe hard diskul computerului dvs. prin intermediul browserului dvs. web (dac\u0103 permite\u021bi), care permit site-urilor sau sistemelor furnizorilor de servicii s\u0103 recunoasc\u0103 browserul dvs. \u0219i s\u0103 capteze \u0219i s\u0103 re\u021bin\u0103 anumite informa\u021bii).<\/p>\n<p>Utiliz\u0103m module cookie pentru a ne ajuta s\u0103 re\u021binem \u0219i s\u0103 proces\u0103m articolele din co\u0219ul dvs. de cump\u0103r\u0103turi, s\u0103 \u00een\u021belegem \u0219i s\u0103 salv\u0103m preferin\u021bele dvs. pentru vizitele viitoare \u0219i s\u0103 \u021binem eviden\u021ba reclamelor.<\/p>\n<p><strong>Dezv\u0103luim informa\u021bii c\u0103tre p\u0103r\u021bi externe?<\/strong><\/p>\n<p>Noi nu vindem, nu comercializ\u0103m \u0219i nu transfer\u0103m \u00een alt mod c\u0103tre p\u0103r\u021bi externe informa\u021biile dvs. de identificare personal\u0103. Aceasta nu include p\u0103r\u021bile ter\u021be de \u00eencredere care ne asist\u0103 \u00een operarea site-ului nostru web, \u00een desf\u0103\u0219urarea activit\u0103\u021bii noastre sau \u00een furnizarea de servicii, at\u00e2t timp c\u00e2t p\u0103r\u021bile respective sunt de acord s\u0103 p\u0103streze confiden\u021bialitatea acestor informa\u021bii. Putem, de asemenea, s\u0103 divulg\u0103m informa\u021biile dvs. atunci c\u00e2nd consider\u0103m c\u0103 divulgarea este adecvat\u0103 pentru a respecta legea, pentru a aplica politicile site-ului nostru sau pentru a ne proteja drepturile, proprietatea sau siguran\u021ba noastr\u0103 sau a altora. Cu toate acestea, informa\u021biile neidentificabile personal ale vizitatorilor pot fi furnizate altor p\u0103r\u021bi pentru marketing, publicitate sau alte utiliz\u0103ri.   <\/p>\n<p><strong>Leg\u0103turi cu ter\u021be p\u0103r\u021bi<\/strong><\/p>\n<p>Ocazional, la discre\u021bia noastr\u0103, putem include sau oferi produse sau servicii ale unor ter\u021be p\u0103r\u021bi pe site-ul nostru. Aceste site-uri ter\u021be au politici de confiden\u021bialitate separate \u0219i independente. Prin urmare, nu avem nicio responsabilitate sau r\u0103spundere pentru con\u021binutul \u0219i activit\u0103\u021bile acestor site-uri legate. Cu toate acestea, \u00eencerc\u0103m s\u0103 protej\u0103m integritatea site-ului nostru \u0219i salut\u0103m orice feedback cu privire la aceste site-uri.   <\/p>\n<p><strong>Numai politica de confiden\u021bialitate online<\/strong><\/p>\n<p>Aceast\u0103 politic\u0103 de confiden\u021bialitate online se aplic\u0103 numai informa\u021biilor colectate prin intermediul site-ului nostru web \u0219i nu informa\u021biilor colectate offline.<\/p>\n<p><strong>Consim\u021b\u0103m\u00e2ntul dumneavoastr\u0103<\/strong><\/p>\n<p>Prin utilizarea site-ului nostru, sunte\u021bi de acord cu politica noastr\u0103 de confiden\u021bialitate.<\/p>\n<p><strong>Modific\u0103ri ale politicii noastre de confiden\u021bialitate<\/strong><\/p>\n<p>Dac\u0103 decidem s\u0103 ne modific\u0103m politica de confiden\u021bialitate, vom posta modific\u0103rile respective pe aceast\u0103 pagin\u0103 \u0219i\/sau vom actualiza data de modificare a politicii de confiden\u021bialitate de mai jos.<\/p>\n<p>Aceast\u0103 politic\u0103 a fost modificat\u0103 ultima dat\u0103 la 27.11.2019<\/p>\n\t\t\n<style>\n#text-3778840179 {\n  line-height: 2.05;\n}\n<\/style>\n\t<\/div>\n\t\n\n\t\t<\/div>\n\t\t\t\t\t<\/div>\n\n\t\n\n<\/div>\n<div class=\"row align-middle align-center hide-for-small\"  id=\"row-23007416\">\n\n\n\t<div id=\"col-1242424006\" class=\"col small-12 large-12\"  >\n\t\t\t\t<div class=\"col-inner text-center\"  >\n\t\t\t\n\t\t\t\n\n\t\t<div class=\"hidden\">\n\t\t\t\t\n\n<div class=\"uagb-container-inner-blocks-wrap\" style=\"font-family: Arial\"><p class=\"bwf-adv-heading bwf-adv-head-3a4912f bwf-width-default\"><a href=\"https:\/\/iwantmyhealthback.com\/ro\/politica-de-confidentialitate\/\" data-type=\"page\" data-id=\"3\" target=\"_blank\" rel=\"noreferrer noopener\">Politica de confiden\u021bialitate<\/a>&nbsp;|&nbsp;<a href=\"https:\/\/iwantmyhealthback.com\/ro\/termeni-si-conditii\/\" data-type=\"page\" data-id=\"41\" target=\"_blank\" rel=\"noreferrer noopener\">Termeni<\/a>&nbsp;|&nbsp;<a href=\"https:\/\/iwantmyhealthback.com\/ro\/politica-de-rambursare\/\" data-type=\"page\" data-id=\"10\" target=\"_blank\" rel=\"noreferrer noopener\">Politica de rambursare&nbsp;<\/a>|&nbsp;<a href=\"https:\/\/iwantmyhealthback.com\/ro\/contactati-ne\/\" data-type=\"page\" data-id=\"42\" target=\"_blank\" rel=\"noreferrer noopener\">Contact<\/a><br>iWantMyHealthBack.com Copyright. Toate drepturile rezervate.<\/p><\/div>\n\t\t<\/div>\n\t\n\n\t\t<\/div>\n\t\t\t\t\t<\/div>\n\n\t\n\n<\/div>\n\n\t\t<\/div>\n\n\t\t\n<style>\n#section_1845733369 {\n  padding-top: 30px;\n  padding-bottom: 30px;\n}\n<\/style>\n\t<\/section>\n\t\n\n","protected":false},"excerpt":{"rendered":"","protected":false},"author":1,"featured_media":0,"parent":0,"menu_order":0,"comment_status":"closed","ping_status":"open","template":"","meta":{"bwfblock_default_font":"","_uag_custom_page_level_css":"","footnotes":""},"class_list":["post-5054","page","type-page","status-publish","hentry"],"uagb_featured_image_src":{"full":false,"thumbnail":false,"medium":false,"medium_large":false,"large":false,"1536x1536":false,"2048x2048":false,"woocommerce_thumbnail":false,"woocommerce_single":false,"woocommerce_gallery_thumbnail":false},"uagb_author_info":{"display_name":"IWantMyHealthBack","author_link":"https:\/\/iwantmyhealthback.com\/ro\/author\/iwantmyhealth\/"},"uagb_comment_info":0,"uagb_excerpt":null,"_links":{"self":[{"href":"https:\/\/iwantmyhealthback.com\/ro\/wp-json\/wp\/v2\/pages\/5054","targetHints":{"allow":["GET"]}}],"collection":[{"href":"https:\/\/iwantmyhealthback.com\/ro\/wp-json\/wp\/v2\/pages"}],"about":[{"href":"https:\/\/iwantmyhealthback.com\/ro\/wp-json\/wp\/v2\/types\/page"}],"author":[{"embeddable":true,"href":"https:\/\/iwantmyhealthback.com\/ro\/wp-json\/wp\/v2\/users\/1"}],"replies":[{"embeddable":true,"href":"https:\/\/iwantmyhealthback.com\/ro\/wp-json\/wp\/v2\/comments?post=5054"}],"version-history":[{"count":0,"href":"https:\/\/iwantmyhealthback.com\/ro\/wp-json\/wp\/v2\/pages\/5054\/revisions"}],"wp:attachment":[{"href":"https:\/\/iwantmyhealthback.com\/ro\/wp-json\/wp\/v2\/media?parent=5054"}],"curies":[{"name":"wp","href":"https:\/\/api.w.org\/{rel}","templated":true}]}}