{"id":5052,"date":"2024-01-22T16:47:54","date_gmt":"2024-01-22T20:47:54","guid":{"rendered":"https:\/\/iwantmyhealthback.com\/termeni-si-conditii\/"},"modified":"2024-08-04T10:01:53","modified_gmt":"2024-08-04T14:01:53","slug":"termeni-si-conditii","status":"publish","type":"page","link":"https:\/\/iwantmyhealthback.com\/ro\/termeni-si-conditii\/","title":{"rendered":"Termeni \u0219i condi\u021bii"},"content":{"rendered":"\n\n\t<section class=\"section\" id=\"section_549373894\">\n\t\t<div class=\"section-bg fill\" >\n\t\t\t\t\t\t\t\t\t\n\t\t\t\n\n\t\t<\/div>\n\n\t\t\n\n\t\t<div class=\"section-content relative\">\n\t\t\t\n\n<div class=\"row\"  id=\"row-1678292925\">\n\n\n\t<div id=\"col-1618632607\" class=\"col small-12 large-12\"  >\n\t\t\t\t<div class=\"col-inner\"  >\n\t\t\t\n\t\t\t\n\n\t<div id=\"text-558262852\" class=\"text\">\n\t\t\n\n<h1><span style=\"font-size: 130%;\">Termeni \u0219i condi\u021bii de utilizare a site-ului<\/span><\/h1>\n<p>Declara\u021bia de utilizare a sitului<\/p>\n<p>Domeniul de aplicare al prezentei Declara\u021bii &#8211; Prin accesarea \u0219i utilizarea \u00een continuare a Site-ului web de pe care a\u021bi ajuns la aceast\u0103 Declara\u021bie, sunte\u021bi de acord cu Termenii prezentei Declara\u021bii.\nAceast\u0103 Declara\u021bie privind confiden\u021bialitatea\/informa\u021biile a fost adoptat\u0103 de <b>IWantmyHealthBack.Com<\/b> <\/p>\n<p>.<\/p>\n<p>Organiza\u021bia \u00ee\u0219i rezerv\u0103 toate drepturile.<\/p>\n<p>Nici ace\u0219tia, nici cel\u0103lalt personal al Organiza\u021biei nu pot diagnostica sau trata afec\u021biuni sau boli.\nPersoanele care necesit\u0103 \u00eengrijiri medicale trebuie s\u0103 consulte un medic autorizat. <\/p>\n<p>Con\u021binutul site-urilor web legate de prezenta Declara\u021bie este destinat numai jurisdic\u021biilor \u00een care furnizarea unor astfel de informa\u021bii este legal\u0103.<\/p>\n<p>Accesul la acest site \u0219i utilizarea acestuia sunt supuse urm\u0103torilor termeni \u0219i condi\u021bii \u0219i tuturor legilor aplicabile.\nPute\u021bi naviga pe acest site pentru divertisment \u0219i informare personal\u0103.\nCu toate acestea, v\u0103 rug\u0103m s\u0103 nu distribui\u021bi, modifica\u021bi, transmite\u021bi sau revizui\u021bi con\u021binutul acestui site f\u0103r\u0103 permisiunea noastr\u0103 scris\u0103.\nCon\u021binutul site-urilor care au leg\u0103tur\u0103 cu aceast\u0103 Declara\u021bie include materiale protejate de drepturi de autor care sunt fie utilizate cu permisiune, fie sunt oferite \u00een temeiul excep\u021biei de utilizare corect\u0103.   <\/p>\n<p>Nu oferim nicio garan\u021bie sau declara\u021bie cu privire la acurate\u021bea sau caracterul complet al con\u021binutului acestui site sau al con\u021binutului oric\u0103rui site sau site-uri legate de acest site.\nNici Organiza\u021bia \u0219i nici unul dintre afilia\u021bii s\u0103i nu vor fi r\u0103spunz\u0103tori pentru orice daune directe, accidentale, consecvente, indirecte sau punitive care rezult\u0103 din accesul la sau utilizarea oric\u0103rui con\u021binut al acestui site sau a con\u021binutului oric\u0103rui site sau site-uri legate de acest site. <\/p>\n<p>Orice comunicare sau material pe care \u00eel posta\u021bi sau ne transmite\u021bi pe internet este \u0219i va fi tratat ca neconfiden\u021bial \u0219i neproprietar (cu excep\u021bia celor prev\u0103zute \u00een Politica de confiden\u021bialitate).\nTransmi\u021b\u00e2nd sau post\u00e2nd orice comunicare sau material pe aceste site-uri, sunte\u021bi de acord c\u0103 Organiza\u021bia sau oricare dintre afilia\u021bii s\u0103i poate utiliza comunicarea sau materialul dvs. \u00een orice scop, inclusiv reproducerea, transmiterea, publicarea, difuzarea \u0219i postarea.\nEste posibil s\u0103 nu fim \u00een m\u0103sur\u0103 s\u0103 r\u0103spundem la toate mesajele postate pe acest site.\n\u00cen plus, nu posta\u021bi sau transmite\u021bi niciun material ilegal, amenin\u021b\u0103tor, calomnios, def\u0103im\u0103tor, obscen, pornografic sau profanator sau orice material care ar putea constitui sau \u00eencuraja un comportament care ar fi considerat infrac\u021biune penal\u0103 sau care ar \u00eenc\u0103lca orice lege.\nVom elimina orice astfel de declara\u021bii.    <\/p>\n<p>Toate numele, logo-urile \u0219i m\u0103rcile care apar pe acest site, cu excep\u021bia cazului \u00een care se men\u021bioneaz\u0103 altfel, sunt m\u0103rci comerciale (m\u0103rci de servicii) de\u021binute sau utilizate sub licen\u021b\u0103 de noi sau de afilia\u021bii no\u0219tri \u00een zonele geografice \u00een care ace\u0219tia comercializeaz\u0103 produse \u0219i servicii care poart\u0103 aceste m\u0103rci comerciale sau sunt o &#8220;utilizare corect\u0103&#8221; a m\u0103rcilor sau a materialelor cu drepturi de autor ale altora.\nUtilizarea ilegal\u0103 sau abuziv\u0103 a m\u0103rcilor, a materialelor cu drepturi de autor sau a oric\u0103rui alt con\u021binut de pe acest site, cu excep\u021bia celor prev\u0103zute \u00een ace\u0219ti termeni \u0219i condi\u021bii sau \u00een con\u021binutul site-ului, este strict interzis\u0103.\nIntr\u00e2nd pe acest site, sunte\u021bi de acord s\u0103 respecta\u021bi marca comercial\u0103, drepturile de autor \u0219i alte propriet\u0103\u021bi intelectuale protejate postate pe acest site sau pe site-urile conectate la acesta.  <\/p>\n<p>Orice experien\u021be ale consumatorilor la care se face referire pe acest site web au fost oferite voluntar de c\u0103tre produc\u0103tori, f\u0103r\u0103 niciun fel de stimulent.\nRezultatele men\u021bionate \u00een experien\u021bele consumatorilor pot s\u0103 nu fie tipice, iar rezultatele altor persoane pot varia. <\/p>\n<p>Orice materiale ale ter\u021bilor c\u0103tre care trimit linkurile de pe aceste site-uri sau care pot fi accesibile prin intermediul acestor site-uri sunt responsabilitatea exclusiv\u0103 a celor care posteaz\u0103 astfel de materiale; acest site \u0219i afilia\u021bii s\u0103i nu sus\u021bin \u0219i nu adopt\u0103 nicio informa\u021bie sau afirma\u021bie con\u021binut\u0103 \u00een astfel de site-uri ale ter\u021bilor.\nV\u0103 punem la dispozi\u021bie link-uri doar pentru comoditate, iar link-urile nu implic\u0103 o aprobare din partea noastr\u0103 a site-ului ter\u021bului sau a con\u021binutului acestuia.\nRe\u021bine\u021bi c\u0103 politicile de confiden\u021bialitate ale site-urilor legate pot fi diferite de ale noastre \u0219i trebuie s\u0103 citi\u021bi termenii, condi\u021biile \u0219i politicile de confiden\u021bialitate ale acestor site-uri \u00eenainte de a dezv\u0103lui informa\u021bii personale.  <\/p>\n<p>Notificare privind Digital Millennium Copyright Act (&#8220;DMCA&#8221;) &#8211; Materialele pot fi puse la dispozi\u021bie prin intermediul acestui site web de c\u0103tre ter\u021be p\u0103r\u021bi care nu se afl\u0103 sub controlul nostru.\nNu avem nicio obliga\u021bie \u0219i nu scan\u0103m con\u021binutul utilizat \u00een leg\u0103tur\u0103 cu site-urile pentru a detecta includerea de con\u021binut ilegal sau nepermis.\nCu toate acestea, respect\u0103m drepturile de autor ale altora.\nPolitica noastr\u0103 este s\u0103 nu permitem ca materialele despre care \u0219tim c\u0103 \u00eencalc\u0103 drepturile de autor ale unei alte p\u0103r\u021bi s\u0103 r\u0103m\u00e2n\u0103 pe acest site web.\nDac\u0103 considera\u021bi c\u0103 orice material de pe acest site web \u00eencalc\u0103 un drept de autor, trebuie s\u0103 ne trimite\u021bi o notificare scris\u0103 detaliat\u0103 prin e-mail la help@iwantmyhealthback.com    <\/p>\n<p>.<\/p>\n<p>\u00cen plus, Organiza\u021bia nu \u00ee\u0219i asum\u0103 nicio r\u0103spundere juridic\u0103 pentru acurate\u021bea, exhaustivitatea sau utilitatea informa\u021biilor, produselor sau proceselor dezv\u0103luite aici \u0219i nici pentru absen\u021ba viru\u0219ilor informatici \u0219i nu garanteaz\u0103 c\u0103 utilizarea acestor informa\u021bii, produse sau procese nu \u00eencalc\u0103 drepturile de proprietate privat\u0103.<\/p>\n<p>Nu oferim produse sau servicii \u00een scopul diagnostic\u0103rii, prescrierii, trat\u0103rii sau preten\u021biilor de a preveni, atenua sau vindeca orice boal\u0103, afec\u021biune medical\u0103 sau psihologic\u0103.\nDeclara\u021biile f\u0103cute pe aceste site-uri web nu au fost evaluate de c\u0103tre United States Food and Drug Administration (FDA) sau orice alt\u0103 autoritate guvernamental\u0103, cu excep\u021bia cazului \u00een care se specific\u0103 altfel.\nNu facem discriminare pe baza niciunei categorisiri ilegale.\nOferim servicii \u0219i\/sau produse \u00een mod privat, numai cu consim\u021b\u0103m\u00e2ntul informat al beneficiarului.   <\/p>\n<p>Este posibil ca substan\u021bele dietetice \u0219i alte substan\u021be \u0219i\/sau materialele, echipamentele sau dispozitivele discutate pe acest site s\u0103 nu fi fost supuse evalu\u0103rii \u0219i\/sau test\u0103rii de c\u0103tre FDA sau agen\u021bia similar\u0103 din orice alt\u0103 \u021bar\u0103.\nRiscurile care ar putea fi determinate de astfel de teste nu sunt cunoscute.\n\u00cen cazul \u00een care aceste substan\u021be sunt suplimente alimentare, ele nu sunt destinate diagnostic\u0103rii, trat\u0103rii, vindec\u0103rii sau prevenirii vreunei boli.\n\u00cen anumite jurisdic\u021bii, unele dintre acestea pot fi considerate medicamente eliberate pe baz\u0103 de re\u021bet\u0103, substan\u021be controlate sau de contraband\u0103 sau dispozitive medicale.\nDeoarece informa\u021biile publicate pe site-ul web sunt accesibile oric\u0103rei persoane din \u00eentreaga lume, site-ul nu ofer\u0103 sfaturi juridice, nutri\u021bionale sau medicale care s-ar putea aplica unui anumit consumator.\nConsumatorii sunt sf\u0103tui\u021bi s\u0103 consulte un consilier juridic \u0219i\/sau un profesionist (profesioni\u0219ti) din domeniul s\u0103n\u0103t\u0103\u021bii la nivel local \u0219i regional \u00eenainte de a achizi\u021biona orice membru, produs \u0219i\/sau serviciu de pe site.\nOpiniile exprimate pe acest site \u0219i pe site-urile c\u0103tre care acesta poate avea leg\u0103turi nu reprezint\u0103 neap\u0103rat punctul de vedere al organiza\u021biei care sponsorizeaz\u0103 \u0219i nu sunt adoptate \u00een scopuri comerciale.\nAceste informa\u021bii nu sunt destinate diagnostic\u0103rii sau prescrierii unor afec\u021biuni medicale sau psihologice \u0219i nici nu pretind prevenirea, tratarea, atenuarea sau vindecarea unor astfel de afec\u021biuni prin mijloace medicale standard.\nNu oferim diagnostic, \u00eengrijire, tratament sau reabilitare persoanelor \u0219i nici nu aplic\u0103m principii medicale, de s\u0103n\u0103tate mintal\u0103 sau de dezvoltare uman\u0103.         \u00cen cazul \u00een care produsele sunt benefice pentru clien\u021bi, un astfel de beneficiu deriv\u0103 din valoarea lor nutritiv\u0103 \u0219i nu din vreo preten\u021bie de ac\u021biune medicamentoas\u0103. \u00cen m\u0103sura \u00een care organiza\u021bia este o asocia\u021bie privat\u0103, acest site web este o &#8220;asocia\u021bie expresiv\u0103&#8221;, care este expresia convingerilor asocia\u021biei prin deciziile \u0219i activit\u0103\u021bile sale interne.<\/p>\n<p>Dac\u0103 achizi\u021biona\u021bi orice servicii sau produse prin intermediul site-ului web, recunoa\u0219te\u021bi c\u0103 a\u021bi f\u0103cut acest lucru cu consim\u021b\u0103m\u00e2ntul dumneavoastr\u0103 \u00een cuno\u0219tin\u021b\u0103 de cauz\u0103 \u0219i, prin prezenta, acorda\u021bi o licen\u021b\u0103 privat\u0103 furnizorului de servicii pentru a furniza astfel de produse sau servicii.<\/p>\n\t\t\n<style>\n#text-558262852 {\n  line-height: 2.05;\n  color: rgb(0,0,0);\n}\n#text-558262852 > * {\n  color: rgb(0,0,0);\n}\n<\/style>\n\t<\/div>\n\t\n\n\t\t<\/div>\n\t\t\t\t\t<\/div>\n\n\t\n\n<\/div>\n<div class=\"row align-middle align-center\"  id=\"row-239078142\">\n\n\n\n<\/div>\n\n\t\t<\/div>\n\n\t\t\n<style>\n#section_549373894 {\n  padding-top: 30px;\n  padding-bottom: 30px;\n}\n<\/style>\n\t<\/section>\n\t\n\n","protected":false},"excerpt":{"rendered":"","protected":false},"author":2,"featured_media":0,"parent":0,"menu_order":0,"comment_status":"closed","ping_status":"closed","template":"","meta":{"bwfblock_default_font":"","_uag_custom_page_level_css":"","footnotes":""},"class_list":["post-5052","page","type-page","status-publish","hentry"],"uagb_featured_image_src":{"full":false,"thumbnail":false,"medium":false,"medium_large":false,"large":false,"1536x1536":false,"2048x2048":false,"woocommerce_thumbnail":false,"woocommerce_single":false,"woocommerce_gallery_thumbnail":false},"uagb_author_info":{"display_name":"IWantMyHealthBack","author_link":"https:\/\/iwantmyhealthback.com\/ro\/author\/anthonette\/"},"uagb_comment_info":0,"uagb_excerpt":null,"_links":{"self":[{"href":"https:\/\/iwantmyhealthback.com\/ro\/wp-json\/wp\/v2\/pages\/5052","targetHints":{"allow":["GET"]}}],"collection":[{"href":"https:\/\/iwantmyhealthback.com\/ro\/wp-json\/wp\/v2\/pages"}],"about":[{"href":"https:\/\/iwantmyhealthback.com\/ro\/wp-json\/wp\/v2\/types\/page"}],"author":[{"embeddable":true,"href":"https:\/\/iwantmyhealthback.com\/ro\/wp-json\/wp\/v2\/users\/2"}],"replies":[{"embeddable":true,"href":"https:\/\/iwantmyhealthback.com\/ro\/wp-json\/wp\/v2\/comments?post=5052"}],"version-history":[{"count":0,"href":"https:\/\/iwantmyhealthback.com\/ro\/wp-json\/wp\/v2\/pages\/5052\/revisions"}],"wp:attachment":[{"href":"https:\/\/iwantmyhealthback.com\/ro\/wp-json\/wp\/v2\/media?parent=5052"}],"curies":[{"name":"wp","href":"https:\/\/api.w.org\/{rel}","templated":true}]}}