{"id":5050,"date":"2024-01-22T16:53:16","date_gmt":"2024-01-22T20:53:16","guid":{"rendered":"https:\/\/iwantmyhealthback.com\/politica-de-rambursare\/"},"modified":"2024-08-04T10:01:49","modified_gmt":"2024-08-04T14:01:49","slug":"politica-de-rambursare","status":"publish","type":"page","link":"https:\/\/iwantmyhealthback.com\/ro\/politica-de-rambursare\/","title":{"rendered":"Politica de rambursare"},"content":{"rendered":"\n\n\t<section class=\"section\" id=\"section_1185226038\">\n\t\t<div class=\"section-bg fill\" >\n\t\t\t\t\t\t\t\t\t\n\t\t\t\n\n\t\t<\/div>\n\n\t\t\n\n\t\t<div class=\"section-content relative\">\n\t\t\t\n\n<div class=\"row\"  id=\"row-1877292631\">\n\n\n\t<div id=\"col-1611492963\" class=\"col small-12 large-12\"  >\n\t\t\t\t<div class=\"col-inner\"  >\n\t\t\t\n\t\t\t\n\n\t<div id=\"text-817972822\" class=\"text\">\n\t\t\n\n<h1><span style=\"font-size: 130%;\">Politica de rambursare<\/span><\/h1>\n<p>V\u0103 mul\u021bumim pentru achizi\u021bionarea produselor noastre la iWantMyHealthBack.com<\/p>\n<p>Pentru a fi eligibil pentru o rambursare, trebuie s\u0103 returna\u021bi produsul \u00een termen de 30 de zile calendaristice de la cump\u0103rare. Produsul trebuie s\u0103 fie \u00een aceea\u0219i stare \u00een care l-a\u021bi primit \u0219i s\u0103 nu fie deteriorat \u00een niciun fel.<\/p>\n<p>Dup\u0103 ce primim articolul, echipa noastr\u0103 de profesioni\u0219ti \u00eel va inspecta \u0219i va procesa rambursarea. Banii vor fi rambursa\u021bi prin metoda de plat\u0103 ini\u021bial\u0103 pe care a\u021bi utilizat-o \u00een timpul achizi\u021biei. Pentru pl\u0103\u021bile cu cardul de credit, poate dura \u00eentre 5 \u0219i 10 zile lucr\u0103toare pentru ca rambursarea s\u0103 apar\u0103 pe extrasul cardului de credit.<\/p>\n<p>Dac\u0103 produsul este deteriorat \u00een vreun fel sau a\u021bi ini\u021biat returnarea dup\u0103 ce au trecut 30 de zile calendaristice, nu ve\u021bi fi eligibil pentru o rambursare.<\/p>\n<p>Dac\u0103 ceva nu este clar sau ave\u021bi mai multe \u00eentreb\u0103ri, nu ezita\u021bi s\u0103 contacta\u021bi echipa noastr\u0103 de asisten\u021b\u0103 pentru clien\u021bi la <a href=\"mailto:@iwantmyhealthback.com\">help@iwantmyhealthback.com<\/a><\/p>\n\t\t\n<style>\n#text-817972822 {\n  line-height: 2.05;\n  color: rgb(0,0,0);\n}\n#text-817972822 > * {\n  color: rgb(0,0,0);\n}\n<\/style>\n\t<\/div>\n\t\n\n\t\t<\/div>\n\t\t\t\t\t<\/div>\n\n\t\n\n<\/div>\n<div class=\"row align-middle align-center\"  id=\"row-150802701\">\n\n\n\t<div id=\"col-307936570\" class=\"col small-12 large-12\"  >\n\t\t\t\t<div class=\"col-inner text-center\"  >\n\t\t\t\n\t\t\t\n\n\t\t<div class=\"hidden\">\n\t\t\t\t\n\n<div class=\"uagb-container-inner-blocks-wrap\" style=\"font-family: Arial\"><p class=\"bwf-adv-heading bwf-adv-head-3a4912f bwf-width-default\"><a href=\"https:\/\/iwantmyhealthback.com\/privacy-policy\/\" data-type=\"page\" data-id=\"3\" target=\"_blank\" rel=\"noreferrer noopener\">Politica de confiden\u021bialitate<\/a>&nbsp;|&nbsp;<a href=\"https:\/\/iwantmyhealthback.com\/terms-and-conditions\/\" data-type=\"page\" data-id=\"41\" target=\"_blank\" rel=\"noreferrer noopener\">Termeni<\/a>&nbsp;|&nbsp;<a href=\"https:\/\/iwantmyhealthback.com\/ro\/?page_id=5050\" data-type=\"page\" data-id=\"10\" target=\"_blank\" rel=\"noreferrer noopener\">Politica de rambursare&nbsp;<\/a>|&nbsp;<a href=\"https:\/\/iwantmyhealthback.com\/contact-us\/\" data-type=\"page\" data-id=\"42\" target=\"_blank\" rel=\"noreferrer noopener\">Contact<\/a><br>iWantMyHealthBack.com Copyright. Toate drepturile rezervate.<\/p><\/div>\n\t\t<\/div>\n\t\n\n\t\t<\/div>\n\t\t\t\t\t<\/div>\n\n\t\n\n<\/div>\n\n\t\t<\/div>\n\n\t\t\n<style>\n#section_1185226038 {\n  padding-top: 30px;\n  padding-bottom: 30px;\n}\n<\/style>\n\t<\/section>\n\t\n\t<div id=\"gap-2137891244\" class=\"gap-element clearfix\" style=\"display:block; height:auto;\">\n\t\t\n<style>\n#gap-2137891244 {\n  padding-top: 27px;\n}\n@media (min-width:550px) {\n  #gap-2137891244 {\n    padding-top: 100px;\n  }\n}\n<\/style>\n\t<\/div>\n\t\n\n\n","protected":false},"excerpt":{"rendered":"","protected":false},"author":1,"featured_media":0,"parent":0,"menu_order":0,"comment_status":"closed","ping_status":"closed","template":"","meta":{"bwfblock_default_font":"","_uag_custom_page_level_css":"","footnotes":""},"class_list":["post-5050","page","type-page","status-publish","hentry"],"uagb_featured_image_src":{"full":false,"thumbnail":false,"medium":false,"medium_large":false,"large":false,"1536x1536":false,"2048x2048":false,"woocommerce_thumbnail":false,"woocommerce_single":false,"woocommerce_gallery_thumbnail":false},"uagb_author_info":{"display_name":"IWantMyHealthBack","author_link":"https:\/\/iwantmyhealthback.com\/ro\/author\/iwantmyhealth\/"},"uagb_comment_info":0,"uagb_excerpt":null,"_links":{"self":[{"href":"https:\/\/iwantmyhealthback.com\/ro\/wp-json\/wp\/v2\/pages\/5050","targetHints":{"allow":["GET"]}}],"collection":[{"href":"https:\/\/iwantmyhealthback.com\/ro\/wp-json\/wp\/v2\/pages"}],"about":[{"href":"https:\/\/iwantmyhealthback.com\/ro\/wp-json\/wp\/v2\/types\/page"}],"author":[{"embeddable":true,"href":"https:\/\/iwantmyhealthback.com\/ro\/wp-json\/wp\/v2\/users\/1"}],"replies":[{"embeddable":true,"href":"https:\/\/iwantmyhealthback.com\/ro\/wp-json\/wp\/v2\/comments?post=5050"}],"version-history":[{"count":0,"href":"https:\/\/iwantmyhealthback.com\/ro\/wp-json\/wp\/v2\/pages\/5050\/revisions"}],"wp:attachment":[{"href":"https:\/\/iwantmyhealthback.com\/ro\/wp-json\/wp\/v2\/media?parent=5050"}],"curies":[{"name":"wp","href":"https:\/\/api.w.org\/{rel}","templated":true}]}}