{"id":11105,"date":"2025-03-06T23:05:51","date_gmt":"2025-03-07T03:05:51","guid":{"rendered":"https:\/\/iwantmyhealthback.com\/nano-soma-alimentul-pe-care-ar-trebui-sa-l-consumam-cu-totii-in-fiecare-zi\/"},"modified":"2025-03-07T07:52:05","modified_gmt":"2025-03-07T11:52:05","slug":"nano-soma-alimentul-pe-care-ar-trebui-sa-l-consumam-cu-totii-in-fiecare-zi","status":"publish","type":"page","link":"https:\/\/iwantmyhealthback.com\/ro\/nano-soma-alimentul-pe-care-ar-trebui-sa-l-consumam-cu-totii-in-fiecare-zi\/","title":{"rendered":"NANO SOMA\u00ae &#8211; alimentul pe care ar trebui s\u0103-l consum\u0103m cu to\u021bii \u00een fiecare zi"},"content":{"rendered":"\n\t<div id=\"text-4175249286\" class=\"text\">\n\t\t\n\n<h1>NANO SOMA\u00ae &#8211; alimentul pe care ar trebui s\u0103-l consum\u0103m cu to\u021bii \u00een fiecare zi<br><\/h1>\n\t\t\n<style>\n#text-4175249286 {\n  text-align: center;\n}\n<\/style>\n\t<\/div>\n\t\n<div class=\"row\"  id=\"row-1057255813\">\n\n\n\t<div id=\"col-300115270\" class=\"col medium-2 small-12 large-2\"  >\n\t\t\t\t<div class=\"col-inner\"  >\n\t\t\t\n\t\t\t\n\n\n\t\t<\/div>\n\t\t\t\t\t<\/div>\n\n\t\n\n\t<div id=\"col-1117344297\" class=\"col medium-8 small-12 large-8\"  >\n\t\t\t\t<div class=\"col-inner text-center\"  >\n\t\t\t\n\t\t\t\n\n<div class=\"video video-fit mb\" style=\"padding-top:56.25%;\"><iframe loading=\"lazy\" title=\"NANO SOMA\u00ae - the food we should all consume every day\" src=\"https:\/\/player.vimeo.com\/video\/1052693490?dnt=1&amp;app_id=122963\" width=\"1020\" height=\"574\" frameborder=\"0\" allow=\"autoplay; fullscreen; picture-in-picture; clipboard-write; encrypted-media\"><\/iframe><\/div>\n\n<a href=\"https:\/\/iwantmyhealthback.com\/ro\/cumparati-acum\/\" target=\"_blank\" class=\"button primary is-larger\" rel=\"noopener\" style=\"border-radius:10px;\">\n\t\t<span>Comanda\u021bi NANO SOMA\u00ae ast\u0103zi<\/span>\n\t<\/a>\n\n\n\n\t\t<\/div>\n\t\t\t\t\t<\/div>\n\n\t\n\n\t<div id=\"col-1535250499\" class=\"col medium-2 small-12 large-2\"  >\n\t\t\t\t<div class=\"col-inner\"  >\n\t\t\t\n\t\t\t\n\n\n\t\t<\/div>\n\t\t\t\t\t<\/div>\n\n\t\n\n<\/div>\n\n\t<section class=\"section\" id=\"section_1791585994\">\n\t\t<div class=\"section-bg fill\" >\n\t\t\t\t\t\t\t\t\t\n\t\t\t\n\n\t\t<\/div>\n\n\t\t\n\n\t\t<div class=\"section-content relative\">\n\t\t\t\n\n<div class=\"row\"  id=\"row-672818929\">\n\n\n\t<div id=\"col-598102831\" class=\"col small-12 large-12\"  >\n\t\t\t\t<div class=\"col-inner text-center\"  >\n\t\t\t\n\t\t\t\n\n\t<div id=\"gap-1693638388\" class=\"gap-element clearfix\" style=\"display:block; height:auto;\">\n\t\t\n<style>\n#gap-1693638388 {\n  padding-top: 30px;\n}\n<\/style>\n\t<\/div>\n\t\n\n<div class=\"row\"  id=\"row-606569615\">\n\n\n\t<div id=\"col-518245597\" class=\"col medium-6 small-12 large-6\"  >\n\t\t\t\t<div class=\"col-inner text-center\"  >\n\t\t\t\n\t<div class=\"is-border\"\n\t\tstyle=\"border-width:1px 1px 1px 1px;\">\n\t<\/div>\n\t\t\t\n\n\t<div class=\"img has-hover x md-x lg-x y md-y lg-y\" id=\"image_1926298320\">\n\t\t\t\t\t\t\t\t<div class=\"img-inner dark\" >\n\t\t\t<img loading=\"lazy\" decoding=\"async\" width=\"150\" height=\"150\" src=\"https:\/\/iwantmyhealthback.com\/wp-content\/uploads\/2025\/03\/Immune-150x150-1.webp\" class=\"attachment-original size-original\" alt=\"\" srcset=\"https:\/\/iwantmyhealthback.com\/wp-content\/uploads\/2025\/03\/Immune-150x150-1.webp 150w, https:\/\/iwantmyhealthback.com\/wp-content\/uploads\/2025\/03\/Immune-150x150-1-100x100.webp 100w\" sizes=\"auto, (max-width: 150px) 100vw, 150px\" \/>\t\t\t\t\t\t\n\t\t\t\t\t<\/div>\n\t\t\t\t\t\t\t\t\n<style>\n#image_1926298320 {\n  width: 30%;\n}\n<\/style>\n\t<\/div>\n\t\n\n\t<div id=\"text-757497204\" class=\"text\">\n\t\t\n\n<p><strong>R\u0102ZBOINICUL SISTEMULUI IMUNITAR<\/strong><\/p>\n\t\t\n<style>\n#text-757497204 {\n  font-size: 1.5rem;\n}\n<\/style>\n\t<\/div>\n\t\n\t<div id=\"text-377936629\" class=\"text\">\n\t\t\n\n<p>\u00cemputernici\u021bi ap\u0103rarea natural\u0103 a organismului dumneavoastr\u0103 cu o solu\u021bie brevetat\u0103 care v\u0103 fortific\u0103 rezisten\u021ba imunitar\u0103.*<\/p>\n\t\t\n<style>\n#text-377936629 {\n  font-size: 0.95rem;\n}\n<\/style>\n\t<\/div>\n\t\n\n\t\t<\/div>\n\t\t\t\t\n<style>\n#col-518245597 > .col-inner {\n  padding: 10px 10px 10px 10px;\n}\n<\/style>\n\t<\/div>\n\n\t\n\n\t<div id=\"col-1076126050\" class=\"col medium-6 small-12 large-6\"  >\n\t\t\t\t<div class=\"col-inner text-center\"  >\n\t\t\t\n\t<div class=\"is-border\"\n\t\tstyle=\"border-width:1px 1px 1px 1px;\">\n\t<\/div>\n\t\t\t\n\n\t<div class=\"img has-hover x md-x lg-x y md-y lg-y\" id=\"image_1528778445\">\n\t\t\t\t\t\t\t\t<div class=\"img-inner dark\" >\n\t\t\t<img loading=\"lazy\" decoding=\"async\" width=\"150\" height=\"150\" src=\"https:\/\/iwantmyhealthback.com\/wp-content\/uploads\/2025\/03\/energize-150x150-1.png\" class=\"attachment-large size-large\" alt=\"\" srcset=\"https:\/\/iwantmyhealthback.com\/wp-content\/uploads\/2025\/03\/energize-150x150-1.png 150w, https:\/\/iwantmyhealthback.com\/wp-content\/uploads\/2025\/03\/energize-150x150-1-100x100.png 100w\" sizes=\"auto, (max-width: 150px) 100vw, 150px\" \/>\t\t\t\t\t\t\n\t\t\t\t\t<\/div>\n\t\t\t\t\t\t\t\t\n<style>\n#image_1528778445 {\n  width: 30%;\n}\n<\/style>\n\t<\/div>\n\t\n\n\t<div id=\"text-3917726069\" class=\"text\">\n\t\t\n\n<p><strong>V\u0102 ENERGIZEAZ\u0102 CELULELE<\/strong><\/p>\n\t\t\n<style>\n#text-3917726069 {\n  font-size: 1.5rem;\n}\n<\/style>\n\t<\/div>\n\t\n\t<div id=\"text-3863782221\" class=\"text\">\n\t\t\n\n<p>Re\u00eenc\u0103rca\u021bi-v\u0103 via\u021ba la nivel celular &#8211; sim\u021bi\u021bi-v\u0103 <br>\u00eentinerit cu fiecare pulverizare.<\/p>\n\t\t\n<style>\n#text-3863782221 {\n  font-size: 0.95rem;\n  text-align: center;\n}\n<\/style>\n\t<\/div>\n\t\n\n\t\t<\/div>\n\t\t\t\t\n<style>\n#col-1076126050 > .col-inner {\n  padding: 10px 10px 10px 10px;\n}\n<\/style>\n\t<\/div>\n\n\t\n\n<\/div>\n<div class=\"row\"  id=\"row-1427548382\">\n\n\n\t<div id=\"col-1670147731\" class=\"col medium-6 small-12 large-6\"  >\n\t\t\t\t<div class=\"col-inner text-center\"  >\n\t\t\t\n\t<div class=\"is-border\"\n\t\tstyle=\"border-width:1px 1px 1px 1px;\">\n\t<\/div>\n\t\t\t\n\n\t<div class=\"img has-hover x md-x lg-x y md-y lg-y\" id=\"image_65211243\">\n\t\t\t\t\t\t\t\t<div class=\"img-inner dark\" >\n\t\t\t<img loading=\"lazy\" decoding=\"async\" width=\"150\" height=\"150\" src=\"https:\/\/iwantmyhealthback.com\/wp-content\/uploads\/2025\/03\/cognitive-150x150-1.png\" class=\"attachment-large size-large\" alt=\"\" srcset=\"https:\/\/iwantmyhealthback.com\/wp-content\/uploads\/2025\/03\/cognitive-150x150-1.png 150w, https:\/\/iwantmyhealthback.com\/wp-content\/uploads\/2025\/03\/cognitive-150x150-1-100x100.png 100w\" sizes=\"auto, (max-width: 150px) 100vw, 150px\" \/>\t\t\t\t\t\t\n\t\t\t\t\t<\/div>\n\t\t\t\t\t\t\t\t\n<style>\n#image_65211243 {\n  width: 30%;\n}\n<\/style>\n\t<\/div>\n\t\n\n\t<div id=\"text-2913029163\" class=\"text\">\n\t\t\n\n<p><strong>CLARITATE COGNITIV\u0102<\/strong><\/p>\n\t\t\n<style>\n#text-2913029163 {\n  font-size: 1.5rem;\n}\n<\/style>\n\t<\/div>\n\t\n\t<div id=\"text-4168124258\" class=\"text\">\n\t\t\n\n<p>Elibera\u021bi cea\u021ba pentru o minte mai ager\u0103 \u0219i o reten\u021bie a memoriei care sfideaz\u0103 v\u00e2rsta.<\/p>\n\t\t\n<style>\n#text-4168124258 {\n  font-size: 0.95rem;\n}\n<\/style>\n\t<\/div>\n\t\n\n\t\t<\/div>\n\t\t\t\t\n<style>\n#col-1670147731 > .col-inner {\n  padding: 10px 10px 10px 10px;\n}\n<\/style>\n\t<\/div>\n\n\t\n\n\t<div id=\"col-1681571780\" class=\"col medium-6 small-12 large-6\"  >\n\t\t\t\t<div class=\"col-inner text-center\"  >\n\t\t\t\n\t<div class=\"is-border\"\n\t\tstyle=\"border-width:1px 1px 1px 1px;\">\n\t<\/div>\n\t\t\t\n\n\t<div class=\"img has-hover x md-x lg-x y md-y lg-y\" id=\"image_1305126706\">\n\t\t\t\t\t\t\t\t<div class=\"img-inner dark\" >\n\t\t\t<img loading=\"lazy\" decoding=\"async\" width=\"150\" height=\"150\" src=\"https:\/\/iwantmyhealthback.com\/wp-content\/uploads\/2025\/03\/VITALITY-150x150-1.png\" class=\"attachment-large size-large\" alt=\"\" srcset=\"https:\/\/iwantmyhealthback.com\/wp-content\/uploads\/2025\/03\/VITALITY-150x150-1.png 150w, https:\/\/iwantmyhealthback.com\/wp-content\/uploads\/2025\/03\/VITALITY-150x150-1-100x100.png 100w\" sizes=\"auto, (max-width: 150px) 100vw, 150px\" \/>\t\t\t\t\t\t\n\t\t\t\t\t<\/div>\n\t\t\t\t\t\t\t\t\n<style>\n#image_1305126706 {\n  width: 30%;\n}\n<\/style>\n\t<\/div>\n\t\n\n\t<div id=\"text-1791264785\" class=\"text\">\n\t\t\n\n<p><strong>VITALITATE CARE PULSEAZ\u0102<\/strong><\/p>\n\t\t\n<style>\n#text-1791264785 {\n  font-size: 1.5rem;\n}\n<\/style>\n\t<\/div>\n\t\n\t<div id=\"text-1478368411\" class=\"text\">\n\t\t\n\n<p>\u00cembun\u0103t\u0103\u021be\u0219te s\u0103n\u0103tatea inimii \u0219i excelen\u021ba circulatorie pentru o via\u021b\u0103 plin\u0103 de vitalitate.*<\/p>\n\t\t\n<style>\n#text-1478368411 {\n  font-size: 0.95rem;\n}\n<\/style>\n\t<\/div>\n\t\n\n\t\t<\/div>\n\t\t\t\t\n<style>\n#col-1681571780 > .col-inner {\n  padding: 10px 10px 10px 10px;\n}\n<\/style>\n\t<\/div>\n\n\t\n\n<\/div>\n<a href=\"https:\/\/iwantmyhealthback.com\/ro\/cumparati-acum\/\" class=\"button primary is-larger\" style=\"border-radius:10px;\">\n\t\t<span>VREAU NANO SOMA\u00ae Ast\u0103zi<\/span>\n\t<\/a>\n\n\n\n\t\t<\/div>\n\t\t\t\t\t<\/div>\n\n\t\n\n<\/div>\n\n\t\t<\/div>\n\n\t\t\n<style>\n#section_1791585994 {\n  padding-top: 30px;\n  padding-bottom: 30px;\n}\n<\/style>\n\t<\/section>\n\t\n\n","protected":false},"excerpt":{"rendered":"","protected":false},"author":2,"featured_media":0,"parent":0,"menu_order":0,"comment_status":"closed","ping_status":"closed","template":"","meta":{"bwfblock_default_font":"","_uag_custom_page_level_css":"","footnotes":""},"class_list":["post-11105","page","type-page","status-publish","hentry"],"uagb_featured_image_src":{"full":false,"thumbnail":false,"medium":false,"medium_large":false,"large":false,"1536x1536":false,"2048x2048":false,"woocommerce_thumbnail":false,"woocommerce_single":false,"woocommerce_gallery_thumbnail":false},"uagb_author_info":{"display_name":"IWantMyHealthBack","author_link":"https:\/\/iwantmyhealthback.com\/ro\/author\/anthonette\/"},"uagb_comment_info":0,"uagb_excerpt":null,"_links":{"self":[{"href":"https:\/\/iwantmyhealthback.com\/ro\/wp-json\/wp\/v2\/pages\/11105","targetHints":{"allow":["GET"]}}],"collection":[{"href":"https:\/\/iwantmyhealthback.com\/ro\/wp-json\/wp\/v2\/pages"}],"about":[{"href":"https:\/\/iwantmyhealthback.com\/ro\/wp-json\/wp\/v2\/types\/page"}],"author":[{"embeddable":true,"href":"https:\/\/iwantmyhealthback.com\/ro\/wp-json\/wp\/v2\/users\/2"}],"replies":[{"embeddable":true,"href":"https:\/\/iwantmyhealthback.com\/ro\/wp-json\/wp\/v2\/comments?post=11105"}],"version-history":[{"count":0,"href":"https:\/\/iwantmyhealthback.com\/ro\/wp-json\/wp\/v2\/pages\/11105\/revisions"}],"wp:attachment":[{"href":"https:\/\/iwantmyhealthback.com\/ro\/wp-json\/wp\/v2\/media?parent=11105"}],"curies":[{"name":"wp","href":"https:\/\/api.w.org\/{rel}","templated":true}]}}