{"id":10729,"date":"2025-01-31T13:04:03","date_gmt":"2025-01-31T17:04:03","guid":{"rendered":"https:\/\/iwantmyhealthback.com\/introducere-in-metadichol%ef%b8%8f%ef%b8%8f%ef%b8%8f-nano-soma%ef%b8%8f%ef%b8%8f%ef%b8%8f\/"},"modified":"2025-05-06T02:07:59","modified_gmt":"2025-05-06T06:07:59","slug":"introducere-in-metadichol%ef%b8%8f%ef%b8%8f%ef%b8%8f-nano-soma%ef%b8%8f%ef%b8%8f%ef%b8%8f","status":"publish","type":"page","link":"https:\/\/iwantmyhealthback.com\/ro\/introducere-in-metadichol%ef%b8%8f%ef%b8%8f%ef%b8%8f-nano-soma%ef%b8%8f%ef%b8%8f%ef%b8%8f\/","title":{"rendered":"Introducere la Metadichol\u00ae\/NANO SOMA\u00ae"},"content":{"rendered":"\n\n\t<section class=\"section\" id=\"section_1699855141\">\n\t\t<div class=\"section-bg fill\" >\n\t\t\t\t\t\t\t\t\t\n\t\t\t\n\n\t\t<\/div>\n\n\t\t\n\n\t\t<div class=\"section-content relative\">\n\t\t\t\n\n<div class=\"row\"  id=\"row-2107168168\">\n\n\n\t<div id=\"col-353543668\" class=\"col hide-for-small medium-1 small-12 large-1\"  >\n\t\t\t\t<div class=\"col-inner\"  >\n\t\t\t\n\t\t\t\n\n\n\t\t<\/div>\n\t\t\t\t\t<\/div>\n\n\t\n\n\t<div id=\"col-48709958\" class=\"col medium-10 small-12 large-10\"  >\n\t\t\t\t<div class=\"col-inner text-center\"  >\n\t\t\t\n\t\t\t\n\n\t<div id=\"text-127340806\" class=\"text\">\n\t\t\n\n<p>Introducere \u00een Metadichol\/NANO SOMA &#8211; calea c\u0103tre s\u0103n\u0103tatea natural\u0103 cu Dr. Palayakotai Raghavan &amp; Dr. Richard Presser<\/p>\n\n\t\t\n<style>\n#text-127340806 {\n  font-size: 1.5rem;\n  text-align: center;\n}\n@media (min-width:850px) {\n  #text-127340806 {\n    font-size: 2rem;\n  }\n}\n<\/style>\n\t<\/div>\n\t\n<div class=\"video video-fit mb\" style=\"padding-top:56.25%;\"><iframe loading=\"lazy\" title=\"Introduction to Metadichol\/NANO SOMA - the path to Natural Health with Dr. Palayakotai Raghavan &amp; Dr. Richard Presser\" src=\"https:\/\/player.vimeo.com\/video\/716381777?dnt=1&amp;app_id=122963\" width=\"1020\" height=\"574\" frameborder=\"0\" allow=\"autoplay; fullscreen; picture-in-picture; clipboard-write; encrypted-media\"><\/iframe><\/div>\n\n<a href=\"https:\/\/iwantmyhealthback.com\/ro\/cumparati-acum\/\" target=\"_blank\" class=\"button primary is-larger\" rel=\"noopener\" style=\"border-radius:10px;\">\n\t\t<span>SHOP NOW<\/span>\n\t<\/a>\n\n\n\n\t\t<\/div>\n\t\t\t\t\t<\/div>\n\n\t\n\n\t<div id=\"col-832644435\" class=\"col hide-for-small medium-1 small-12 large-1\"  >\n\t\t\t\t<div class=\"col-inner\"  >\n\t\t\t\n\t\t\t\n\n\n\t\t<\/div>\n\t\t\t\t\t<\/div>\n\n\t\n\n<\/div>\n\n\t\t<\/div>\n\n\t\t\n<style>\n#section_1699855141 {\n  padding-top: 30px;\n  padding-bottom: 30px;\n}\n<\/style>\n\t<\/section>\n\t\n\n","protected":false},"excerpt":{"rendered":"","protected":false},"author":2,"featured_media":0,"parent":0,"menu_order":0,"comment_status":"closed","ping_status":"closed","template":"","meta":{"bwfblock_default_font":"","_uag_custom_page_level_css":"","footnotes":""},"class_list":["post-10729","page","type-page","status-publish","hentry"],"uagb_featured_image_src":{"full":false,"thumbnail":false,"medium":false,"medium_large":false,"large":false,"1536x1536":false,"2048x2048":false,"woocommerce_thumbnail":false,"woocommerce_single":false,"woocommerce_gallery_thumbnail":false},"uagb_author_info":{"display_name":"IWantMyHealthBack","author_link":"https:\/\/iwantmyhealthback.com\/ro\/author\/anthonette\/"},"uagb_comment_info":0,"uagb_excerpt":null,"_links":{"self":[{"href":"https:\/\/iwantmyhealthback.com\/ro\/wp-json\/wp\/v2\/pages\/10729","targetHints":{"allow":["GET"]}}],"collection":[{"href":"https:\/\/iwantmyhealthback.com\/ro\/wp-json\/wp\/v2\/pages"}],"about":[{"href":"https:\/\/iwantmyhealthback.com\/ro\/wp-json\/wp\/v2\/types\/page"}],"author":[{"embeddable":true,"href":"https:\/\/iwantmyhealthback.com\/ro\/wp-json\/wp\/v2\/users\/2"}],"replies":[{"embeddable":true,"href":"https:\/\/iwantmyhealthback.com\/ro\/wp-json\/wp\/v2\/comments?post=10729"}],"version-history":[{"count":0,"href":"https:\/\/iwantmyhealthback.com\/ro\/wp-json\/wp\/v2\/pages\/10729\/revisions"}],"wp:attachment":[{"href":"https:\/\/iwantmyhealthback.com\/ro\/wp-json\/wp\/v2\/media?parent=10729"}],"curies":[{"name":"wp","href":"https:\/\/api.w.org\/{rel}","templated":true}]}}