{"id":10715,"date":"2025-01-31T12:54:33","date_gmt":"2025-01-31T16:54:33","guid":{"rendered":"https:\/\/iwantmyhealthback.com\/joanne-aarstol-marturie\/"},"modified":"2025-05-21T08:44:39","modified_gmt":"2025-05-21T12:44:39","slug":"joanne-aarstol-marturie","status":"publish","type":"page","link":"https:\/\/iwantmyhealthback.com\/ro\/joanne-aarstol-marturie\/","title":{"rendered":"Joanne Aarstol M\u0103rturie"},"content":{"rendered":"\n\n\t<section class=\"section\" id=\"section_1268125762\">\n\t\t<div class=\"section-bg fill\" >\n\t\t\t\t\t\t\t\t\t\n\t\t\t\n\n\t\t<\/div>\n\n\t\t\n\n\t\t<div class=\"section-content relative\">\n\t\t\t\n\n<div class=\"row\"  id=\"row-723163730\">\n\n\n\t<div id=\"col-820766768\" class=\"col hide-for-small medium-1 small-12 large-1\"  >\n\t\t\t\t<div class=\"col-inner\"  >\n\t\t\t\n\t\t\t\n\n\n\t\t<\/div>\n\t\t\t\t\t<\/div>\n\n\t\n\n\t<div id=\"col-2035359794\" class=\"col medium-10 small-12 large-10\"  >\n\t\t\t\t<div class=\"col-inner text-center\"  >\n\t\t\t\n\t\t\t\n\n\t<div id=\"text-1762540422\" class=\"text\">\n\t\t\n\n<p>Joanne Aarstol \u00eemp\u0103rt\u0103\u0219e\u0219te povestea ei de succes cu SM \u0219i ajutorul NANO SOMA <sup>\u00ae\ufe0f<\/sup><\/p>\n\t\t\n<style>\n#text-1762540422 {\n  font-size: 1.5rem;\n  text-align: center;\n}\n@media (min-width:850px) {\n  #text-1762540422 {\n    font-size: 2rem;\n  }\n}\n<\/style>\n\t<\/div>\n\t\n<div class=\"video video-fit mb\" style=\"padding-top:56.25%;\"><iframe loading=\"lazy\" title=\"Joanne Aarstol shares her recovery from MS with the help of NANO SOMA\u00ae\" src=\"https:\/\/player.vimeo.com\/video\/933546338?dnt=1&amp;app_id=122963\" width=\"1020\" height=\"574\" frameborder=\"0\" allow=\"autoplay; fullscreen; picture-in-picture; clipboard-write; encrypted-media\"><\/iframe><\/div>\n\n<a href=\"https:\/\/iwantmyhealthback.com\/ro\/cumparati-acum\/\" target=\"_blank\" class=\"button primary is-larger\" rel=\"noopener\" style=\"border-radius:10px;\">\n\t\t<span>OB\u021aINE\u021aI NANO SOMA\u00ae ACUM!<\/span>\n\t<\/a>\n\n\n\n\t\t<\/div>\n\t\t\t\t\t<\/div>\n\n\t\n\n\t<div id=\"col-1824925390\" class=\"col hide-for-small medium-1 small-12 large-1\"  >\n\t\t\t\t<div class=\"col-inner\"  >\n\t\t\t\n\t\t\t\n\n\n\t\t<\/div>\n\t\t\t\t\t<\/div>\n\n\t\n\n<\/div>\n\t<div id=\"text-3382784160\" class=\"text\">\n\t\t\n\n<p><em><span style=\"font-size: 120%;\">M\u0103rturiile \u0219i declara\u021biile furnizate \u00een acest videoclip se bazeaz\u0103 pe experien\u021ba individual\u0103 a acestui utilizator \u0219i nu se garanteaz\u0103 c\u0103 reprezint\u0103 rezultatele pe care le poate ob\u021bine fiecare utilizator. NANO SOMA\u00ae este conceput pentru a sus\u021bine func\u021biile naturale ale organismului, iar rezultatele pot varia. <\/span><\/em><\/p>\n\t\t\n<style>\n#text-3382784160 {\n  font-size: 0.75rem;\n  text-align: center;\n}\n<\/style>\n\t<\/div>\n\t\n\n\t\t<\/div>\n\n\t\t\n<style>\n#section_1268125762 {\n  padding-top: 30px;\n  padding-bottom: 30px;\n}\n<\/style>\n\t<\/section>\n\t\n\n\n\t<section class=\"section\" id=\"section_1415491215\">\n\t\t<div class=\"section-bg fill\" >\n\t\t\t\t\t\t\t\t\t\n\t\t\t\n\n\t\t<\/div>\n\n\t\t\n\n\t\t<div class=\"section-content relative\">\n\t\t\t\n\n<div class=\"row\"  id=\"row-104790466\">\n\n\n\t<div id=\"col-291352188\" class=\"col small-12 large-12\"  >\n\t\t\t\t<div class=\"col-inner\"  >\n\t\t\t\n\t<div class=\"is-border\"\n\t\tstyle=\"border-color:#767676;border-width:2px 2px 2px 2px;\">\n\t<\/div>\n\t\t\t\n\n\t<div id=\"text-501943331\" class=\"text\">\n\t\t\n\n<p><strong>* Aceste declara\u021bii nu au fost evaluate de c\u0103tre US Food and Drug Administration. Acest produs nu este destinat diagnostic\u0103rii sau prescrierii pentru nicio afec\u021biune medical\u0103 \u0219i nici prevenirii, trat\u0103rii, atenu\u0103rii sau vindec\u0103rii unor astfel de afec\u021biuni. Dac\u0103 ave\u021bi orice boal\u0103 sau afec\u021biune medical\u0103, consulta\u021bi furnizorul dumneavoastr\u0103 de asisten\u021b\u0103 medical\u0103.  <\/strong><\/p>\n\t\t\n<style>\n#text-501943331 {\n  font-size: 0.9rem;\n  text-align: left;\n}\n<\/style>\n\t<\/div>\n\t\n\n\t\t<\/div>\n\t\t\t\t\n<style>\n#col-291352188 > .col-inner {\n  padding: 10px 20px 5px 20px;\n}\n<\/style>\n\t<\/div>\n\n\t\n\n<\/div>\n\n\t\t<\/div>\n\n\t\t\n<style>\n#section_1415491215 {\n  padding-top: 0px;\n  padding-bottom: 0px;\n}\n@media (min-width:550px) {\n  #section_1415491215 {\n    padding-top: 30px;\n    padding-bottom: 30px;\n  }\n}\n<\/style>\n\t<\/section>\n\t\n\n","protected":false},"excerpt":{"rendered":"","protected":false},"author":2,"featured_media":0,"parent":0,"menu_order":0,"comment_status":"closed","ping_status":"closed","template":"","meta":{"bwfblock_default_font":"","_uag_custom_page_level_css":"","footnotes":""},"class_list":["post-10715","page","type-page","status-publish","hentry"],"uagb_featured_image_src":{"full":false,"thumbnail":false,"medium":false,"medium_large":false,"large":false,"1536x1536":false,"2048x2048":false,"woocommerce_thumbnail":false,"woocommerce_single":false,"woocommerce_gallery_thumbnail":false},"uagb_author_info":{"display_name":"IWantMyHealthBack","author_link":"https:\/\/iwantmyhealthback.com\/ro\/author\/anthonette\/"},"uagb_comment_info":0,"uagb_excerpt":null,"_links":{"self":[{"href":"https:\/\/iwantmyhealthback.com\/ro\/wp-json\/wp\/v2\/pages\/10715","targetHints":{"allow":["GET"]}}],"collection":[{"href":"https:\/\/iwantmyhealthback.com\/ro\/wp-json\/wp\/v2\/pages"}],"about":[{"href":"https:\/\/iwantmyhealthback.com\/ro\/wp-json\/wp\/v2\/types\/page"}],"author":[{"embeddable":true,"href":"https:\/\/iwantmyhealthback.com\/ro\/wp-json\/wp\/v2\/users\/2"}],"replies":[{"embeddable":true,"href":"https:\/\/iwantmyhealthback.com\/ro\/wp-json\/wp\/v2\/comments?post=10715"}],"version-history":[{"count":0,"href":"https:\/\/iwantmyhealthback.com\/ro\/wp-json\/wp\/v2\/pages\/10715\/revisions"}],"wp:attachment":[{"href":"https:\/\/iwantmyhealthback.com\/ro\/wp-json\/wp\/v2\/media?parent=10715"}],"curies":[{"name":"wp","href":"https:\/\/api.w.org\/{rel}","templated":true}]}}