{"id":15320,"date":"2025-07-01T01:37:18","date_gmt":"2025-07-01T05:37:18","guid":{"rendered":"https:\/\/iwantmyhealthback.com\/disclaimer\/"},"modified":"2025-07-02T02:14:42","modified_gmt":"2025-07-02T06:14:42","slug":"disclaimer","status":"publish","type":"page","link":"https:\/\/iwantmyhealthback.com\/nl\/disclaimer\/","title":{"rendered":"Disclaimer"},"content":{"rendered":"\n\n\t<section class=\"section has-scroll-for-more\" id=\"section_2116626454\">\n\t\t<div class=\"section-bg fill\" >\n\t\t\t\t\t\t\t\t\t<button class=\"scroll-for-more z-5 icon absolute bottom h-center\" aria-label=\"Scroll voor meer\"><i class=\"icon-angle-down\" aria-hidden=\"true\" style=\"font-size:42px;\"><\/i><\/button>\n\t\t\t\n\t<div class=\"is-border\"\n\t\tstyle=\"border-width:0px 0px 0px 0px;\">\n\t<\/div>\n\n\t\t<\/div>\n\n\t\t\n\n\t\t<div class=\"section-content relative\">\n\t\t\t\n\n<div class=\"row align-center\"  id=\"row-614062878\">\n\n\n\t<div id=\"col-1864628426\" class=\"col medium-8 small-10 large-10\"  >\n\t\t\t\t<div class=\"col-inner text-center\"  >\n\t\t\t\n\t\t\t\n\n<h3>Getuigenissen<\/h3>\n<h2 style=\"font-size:250%;\">Echte verhalen. Echte transformaties. <\/h2>\n\n\t\t<\/div>\n\t\t\t\t\n<style>\n#col-1864628426 > .col-inner {\n  padding: 40px 0px 0px 0px;\n}\n<\/style>\n\t<\/div>\n\n\t\n\n<\/div>\n\n\t\t<\/div>\n\n\t\t\n<style>\n#section_2116626454 {\n  padding-top: 30px;\n  padding-bottom: 30px;\n}\n<\/style>\n\t<\/section>\n\t\n<div class=\"row\"  id=\"row-454687806\">\n\n\n\t<div id=\"col-772439334\" class=\"col small-12 large-12\"  >\n\t\t\t\t<div class=\"col-inner\"  >\n\t\t\t\n\t\t\t\n\n<p>Voor alle duidelijkheid: de informatie op deze website of gelinkte websites is niet bedoeld om een diagnose te stellen, te behandelen, te genezen of een ziekte te voorkomen. De informatie wordt alleen voor educatieve doeleinden gepresenteerd en is niet bedoeld om een diagnose te stellen of een medische of psychologische aandoening voor te schrijven, noch om dergelijke aandoeningen te voorkomen, behandelen, verzachten of genezen. De informatie in dit document is niet bedoeld ter vervanging van een \u00e9\u00e9n-op-\u00e9\u00e9n relatie met een arts of gekwalificeerde zorgverlener. Daarom is deze informatie niet bedoeld als medisch advies, maar eerder als het delen van kennis en informatie gebaseerd op onderzoek en ervaring.   <\/p>\n<p>Verklaringen op deze site of gelinkte sites zijn niet beoordeeld door de Food and Drug Administration, tenzij anders vermeld.<\/p>\n<p>  MagicDichol\u00ae moedigt u aan om uw eigen beslissingen te nemen over uw gezondheidszorg op basis van uw eigen oordeel en onderzoek in samenwerking met een gekwalificeerde zorgverlener.<\/p>\n<p>NIETS OP DEZE WEBSITE IS BEDOELD ALS, OF MAG WORDEN OPGEVAT ALS, MEDISCH ADVIES. CONSUMENTEN DIENEN HUN EIGEN ZORGVERLENERS TE RAADPLEGEN VOOR INDIVIDUELE, MEDISCHE AANBEVELINGEN. DE INFORMATIE OP DEZE WEBSITE HEEFT BETREKKING OP VOEDINGSSUPPLEMENTEN, PRODUCTEN DIE GEEN GENEESMIDDELEN ZIJN. ONZE VOEDINGSSUPPLEMENTEN EN COSMETISCHE PRODUCTEN ZIJN NIET BEDOELD VOOR GEBRUIK ALS MIDDEL OM ZIEKTEN OF ANDERE MEDISCHE OF ABNORMALE AANDOENINGEN TE GENEZEN, BEHANDELEN, VOORKOMEN, DIAGNOSTICEREN OF VERZACHTEN.   <\/p>\n\n\t\t<\/div>\n\t\t\t\t\t<\/div>\n\n\t\n\n<\/div>\n\n\t<section class=\"section\" id=\"section_760452179\">\n\t\t<div class=\"section-bg fill\" >\n\t\t\t\t\t\t\t\t\t\n\t\t\t\n\n\t\t<\/div>\n\n\t\t\n\n\t\t<div class=\"section-content relative\">\n\t\t\t\n\n<div class=\"row row-full-width align-center\"  id=\"row-452554759\">\n\n\n\t<div id=\"col-945370562\" class=\"col medium-6 small-12 large-6\"  >\n\t\t\t\t<div class=\"col-inner\"  >\n\t\t\t\n\t\t\t\n\n<a href=\"https:\/\/iwantmyhealthback.com\/nl\/\" class=\"button primary is-outline expand\" >\n\t\t<span>Annuleren<\/span>\n\t<\/a>\n\n\n\n\t\t<\/div>\n\t\t\t\t\t<\/div>\n\n\t\n\n\t<div id=\"col-1229865526\" class=\"col medium-6 small-12 large-6\"  >\n\t\t\t\t<div class=\"col-inner\"  >\n\t\t\t\n\t\t\t\n\n<a href=\"https:\/\/iwantmyhealthback.com\/wp-content\/uploads\/2025\/07\/Metadichol-Testimonials-Gathered-by-Cosmic-Connections.pdf\" class=\"button primary expand\" >\n\t\t<span>Akkoord om door te gaan<\/span>\n\t<\/a>\n\n\n\n\t\t<\/div>\n\t\t\t\t\t<\/div>\n\n\t\n\n<\/div>\n\n\t\t<\/div>\n\n\t\t\n<style>\n#section_760452179 {\n  padding-top: 30px;\n  padding-bottom: 30px;\n}\n<\/style>\n\t<\/section>\n\t\n\n","protected":false},"excerpt":{"rendered":"","protected":false},"author":2,"featured_media":0,"parent":0,"menu_order":0,"comment_status":"closed","ping_status":"closed","template":"","meta":{"bwfblock_default_font":"","_uag_custom_page_level_css":"","footnotes":""},"class_list":["post-15320","page","type-page","status-publish","hentry"],"uagb_featured_image_src":{"full":false,"thumbnail":false,"medium":false,"medium_large":false,"large":false,"1536x1536":false,"2048x2048":false,"woocommerce_thumbnail":false,"woocommerce_single":false,"woocommerce_gallery_thumbnail":false},"uagb_author_info":{"display_name":"IWantMyHealthBack","author_link":"https:\/\/iwantmyhealthback.com\/nl\/author\/anthonette\/"},"uagb_comment_info":0,"uagb_excerpt":null,"_links":{"self":[{"href":"https:\/\/iwantmyhealthback.com\/nl\/wp-json\/wp\/v2\/pages\/15320","targetHints":{"allow":["GET"]}}],"collection":[{"href":"https:\/\/iwantmyhealthback.com\/nl\/wp-json\/wp\/v2\/pages"}],"about":[{"href":"https:\/\/iwantmyhealthback.com\/nl\/wp-json\/wp\/v2\/types\/page"}],"author":[{"embeddable":true,"href":"https:\/\/iwantmyhealthback.com\/nl\/wp-json\/wp\/v2\/users\/2"}],"replies":[{"embeddable":true,"href":"https:\/\/iwantmyhealthback.com\/nl\/wp-json\/wp\/v2\/comments?post=15320"}],"version-history":[{"count":0,"href":"https:\/\/iwantmyhealthback.com\/nl\/wp-json\/wp\/v2\/pages\/15320\/revisions"}],"wp:attachment":[{"href":"https:\/\/iwantmyhealthback.com\/nl\/wp-json\/wp\/v2\/media?parent=15320"}],"curies":[{"name":"wp","href":"https:\/\/api.w.org\/{rel}","templated":true}]}}