{"id":2550,"date":"2024-01-29T19:41:42","date_gmt":"2024-01-29T19:41:42","guid":{"rendered":"https:\/\/iwantmyhealthback.com\/product\/metasomer-telomerase-crema-naturale-per-la-pelle\/"},"modified":"2025-10-19T17:51:15","modified_gmt":"2025-10-19T21:51:15","slug":"metasomer-telomerase-crema-naturale-per-la-pelle","status":"publish","type":"product","link":"https:\/\/iwantmyhealthback.com\/it\/prodotto\/metasomer-telomerase-crema-naturale-per-la-pelle\/","title":{"rendered":"NANO SOMA\u00ae Skin Cream"},"content":{"rendered":"\n\t<section class=\"section\" id=\"section_1087004027\">\n\t\t<div class=\"section-bg fill\" >\n\t\t\t\t\t\t\t\t\t\n\t\t\t\n\n\t\t<\/div>\n\n\t\t\n\n\t\t<div class=\"section-content relative\">\n\t\t\t\n<p><strong>La crema per la pelle NANO SOMA \u00e8 una crema per la pelle bella, liscia e priva di oli, con una meravigliosa fragranza di vanillina biologica. Poich\u00e9 innesca naturalmente la produzione di vitamina C nelle cellule della pelle, la crema NANO SOMA favorisce in modo naturale e semplice il ripristino del collagene nella pelle. <\/strong><\/p>\n<p><img loading=\"lazy\" decoding=\"async\" class=\"alignnone size-full wp-image-254\" src=\"https:\/\/magicdichol.info\/wp-content\/uploads\/2023\/12\/Topical20vitamin20C20for20skin20regeneration.jpg\" alt=\"\" width=\"815\" height=\"505\"><\/p>\n<p><strong>Ecco un&#8217;illustrazione della crema per la pelle NANO SOMA all&#8217;opera:<\/strong><\/p>\n<p><strong><img loading=\"lazy\" decoding=\"async\" class=\"alignnone size-full wp-image-5493\" src=\"https:\/\/magicdichol.info\/wp-content\/uploads\/2023\/12\/Female-58-years-old.png\" alt=\"\" width=\"1021\" height=\"697\"><\/strong><\/p>\n<p><strong>In base alla nostra esperienza, chi prova la Crema per la Pelle NANO SOMA semplicemente la ADORA!!!<br \/>\n<\/strong><\/p>\n<p><strong>Contenuto: 1 flacone. oz. (30 ml)  <\/strong><\/p>\n<p><strong>INGREDIENTI:<br \/>\nAcqua, Emisqualano neossance, Glicerina, Alcool cetostearilico, Cera oleosa, Vitamina E TPGS, 2-Fenossietanolo, Gomma xantana, Policosanoli, Saccarosio monolaurato, Potassio sorbato, Acido ialuronico, Acido citrico monoidrato, Fragranza (latte di vaniglia)<\/strong><\/p>\n<p><strong>Gli ingredienti sono generalmente riconosciuti come sicuri (GRAS)<\/strong><\/p>\n<div class=\"row\"  id=\"row-1343982990\">\n\n\t<div id=\"col-833669216\" class=\"col small-12 large-12\"  >\n\t\t\t\t<div class=\"col-inner\"  >\n\t\t\t\n\t<div class=\"is-border\"\n\t\tstyle=\"border-color:rgb(204, 204, 204);border-width:1px 1px 1px 1px;\">\n\t<\/div>\n\t\t\t\n\t<div id=\"text-2934785580\" class=\"text\">\n\t\t\n<p>*Questa dichiarazione non \u00e8 stata valutata dalla Food and Drug Administration. Questo prodotto non \u00e8 destinato a diagnosticare o prescrivere alcuna condizione medica, n\u00e9 a prevenire, trattare, attenuare o curare tali condizioni. In caso di malattie o condizioni mediche, consulta il tuo medico di fiducia.<\/p>\n\t\t\n<style>\n#text-2934785580 {\n  font-size: 0.9rem;\n  text-align: left;\n}\n<\/style>\n\t<\/div>\n\t\n\t\t<\/div>\n\t\t\t\t\n<style>\n#col-833669216 > .col-inner {\n  padding: 20px 20px 20px 20px;\n}\n<\/style>\n\t<\/div>\n\n\t\n<\/div>\n\t\t<\/div>\n\n\t\t\n<style>\n#section_1087004027 {\n  padding-top: 30px;\n  padding-bottom: 30px;\n}\n<\/style>\n\t<\/section>\n\t\n","protected":false},"excerpt":{"rendered":"<p>La crema per la pelle NANO SOMA \u00e8 una crema per la pelle bella, liscia e priva di oli, con una meravigliosa fragranza di vanillina biologica. Poich\u00e9 innesca naturalmente la produzione di vitamina C nelle cellule della pelle, la crema NANO SOMA favorisce in modo naturale e semplice il ripristino del collagene nella pelle. <\/p>\n","protected":false},"featured_media":18737,"comment_status":"open","ping_status":"closed","template":"","meta":{"bwfblock_default_font":"","_uag_custom_page_level_css":""},"product_brand":[],"product_cat":[78],"product_tag":[1221],"class_list":{"0":"post-2550","1":"product","2":"type-product","3":"status-publish","4":"has-post-thumbnail","6":"product_cat-salute","7":"product_tag-crema-per-la-pelle-nano-soma","9":"first","10":"instock","11":"taxable","12":"shipping-taxable","13":"purchasable","14":"product-type-simple"},"uagb_featured_image_src":{"full":["https:\/\/iwantmyhealthback.com\/wp-content\/uploads\/2024\/01\/signal-2025-10-18-203311_002.jpg",1142,1286,false],"thumbnail":["https:\/\/iwantmyhealthback.com\/wp-content\/uploads\/2024\/01\/signal-2025-10-18-203311_002-150x150.jpg",150,150,true],"medium":["https:\/\/iwantmyhealthback.com\/wp-content\/uploads\/2024\/01\/signal-2025-10-18-203311_002-266x300.jpg",266,300,true],"medium_large":["https:\/\/iwantmyhealthback.com\/wp-content\/uploads\/2024\/01\/signal-2025-10-18-203311_002-768x865.jpg",768,865,true],"large":["https:\/\/iwantmyhealthback.com\/wp-content\/uploads\/2024\/01\/signal-2025-10-18-203311_002-909x1024.jpg",909,1024,true],"1536x1536":["https:\/\/iwantmyhealthback.com\/wp-content\/uploads\/2024\/01\/signal-2025-10-18-203311_002.jpg",1142,1286,false],"2048x2048":["https:\/\/iwantmyhealthback.com\/wp-content\/uploads\/2024\/01\/signal-2025-10-18-203311_002.jpg",1142,1286,false],"woocommerce_thumbnail":["https:\/\/iwantmyhealthback.com\/wp-content\/uploads\/2024\/01\/signal-2025-10-18-203311_002-300x338.jpg",300,338,true],"woocommerce_single":["https:\/\/iwantmyhealthback.com\/wp-content\/uploads\/2024\/01\/signal-2025-10-18-203311_002-510x574.jpg",510,574,true],"woocommerce_gallery_thumbnail":["https:\/\/iwantmyhealthback.com\/wp-content\/uploads\/2024\/01\/signal-2025-10-18-203311_002-100x100.jpg",100,100,true]},"uagb_author_info":{"display_name":"IWantMyHealthBack","author_link":"https:\/\/iwantmyhealthback.com\/it\/author\/"},"uagb_comment_info":0,"uagb_excerpt":"La crema per la pelle NANO SOMA \u00e8 una crema per la pelle bella, liscia e priva di oli, con una meravigliosa fragranza di vanillina biologica. Poich\u00e9 innesca naturalmente la produzione di vitamina C nelle cellule della pelle, la crema NANO SOMA favorisce in modo naturale e semplice il ripristino del collagene nella pelle.","_links":{"self":[{"href":"https:\/\/iwantmyhealthback.com\/it\/wp-json\/wp\/v2\/product\/2550","targetHints":{"allow":["GET"]}}],"collection":[{"href":"https:\/\/iwantmyhealthback.com\/it\/wp-json\/wp\/v2\/product"}],"about":[{"href":"https:\/\/iwantmyhealthback.com\/it\/wp-json\/wp\/v2\/types\/product"}],"replies":[{"embeddable":true,"href":"https:\/\/iwantmyhealthback.com\/it\/wp-json\/wp\/v2\/comments?post=2550"}],"wp:featuredmedia":[{"embeddable":true,"href":"https:\/\/iwantmyhealthback.com\/it\/wp-json\/wp\/v2\/media\/18737"}],"wp:attachment":[{"href":"https:\/\/iwantmyhealthback.com\/it\/wp-json\/wp\/v2\/media?parent=2550"}],"wp:term":[{"taxonomy":"product_brand","embeddable":true,"href":"https:\/\/iwantmyhealthback.com\/it\/wp-json\/wp\/v2\/product_brand?post=2550"},{"taxonomy":"product_cat","embeddable":true,"href":"https:\/\/iwantmyhealthback.com\/it\/wp-json\/wp\/v2\/product_cat?post=2550"},{"taxonomy":"product_tag","embeddable":true,"href":"https:\/\/iwantmyhealthback.com\/it\/wp-json\/wp\/v2\/product_tag?post=2550"}],"curies":[{"name":"wp","href":"https:\/\/api.w.org\/{rel}","templated":true}]}}