{"id":2545,"date":"2024-01-30T14:31:09","date_gmt":"2024-01-30T18:31:09","guid":{"rendered":"https:\/\/iwantmyhealthback.com\/product\/nano-soma-liquido-confezione-da-3\/"},"modified":"2025-05-07T06:08:06","modified_gmt":"2025-05-07T10:08:06","slug":"nano-soma-liquido-confezione-da-3","status":"publish","type":"product","link":"https:\/\/iwantmyhealthback.com\/it\/prodotto\/nano-soma-liquido-confezione-da-3\/","title":{"rendered":"NANO SOMA\u00ae Liquido &#8211; Confezione da 3"},"content":{"rendered":"<p>NANO <sup>SOMA\u00ae<\/sup> Liquid \u00e8 una <i>rivoluzione<\/i> per la tua salute.<\/p>\n<p>Sei alla ricerca di uno strumento semplice, completamente naturale e potente per sostenere il tuo corpo <i>in un modo completamente nuovo?<\/i><\/p>\n<p>NANO SOMA invita il corpo a..:<\/p>\n<ul>\n<li>Produrre vitamina C endogena<\/li>\n<li>Regola il recettore della vitamina D<\/li>\n<li>Regola tutti i 48\/9 recettori nucleari<\/li>\n<li>Promuove un invecchiamento sano* grazie al nuovo supporto dei telomeri<\/li>\n<li>Favorisce un&#8217;immunit\u00e0 forte*.<\/li>\n<\/ul>\n<p>Tuttavia NANO SOMA \u00e8 un alimento, non un farmaco, e i suoi ingredienti sono classificati come GRAS (Generally Recognized as Safe) dalla FDA.<\/p>\n<hr>\n<p class=\"text-center\" style=\"text-align: center;\"><b>&#8220;Una sostanza che <i>interferisce <\/i>con la normale funzione del sistema \u00e8 un farmaco; una sostanza che <i>ripristina la <\/i>normale funzione del sistema \u00e8 un nutriente&#8221;. <\/b><\/p>\n<p class=\"text-center\" style=\"text-align: center;\"><i>Dr. Raghavan<\/i>, creatore di NANO SOMA.<\/p>\n<hr>\n<p><u>Che cos&#8217;\u00e8 il NANO SOMA?<\/u><\/p>\n<p>NANO SOMA \u00e8 il nome commerciale di <sup>Metadichol\u00ae<\/sup>. Il Metadichol \u00e8 una nano-emulsione ampiamente <a href=\"https:\/\/iwantmyhealthback.com\/it\/brevetti-in-tutto-il-mondo\/\">brevettata<\/a> di alcoli a catena lunga noti come <i>policosanolo,<\/i> una sostanza naturale che viene rimossa dagli alimenti quando vengono raffinati. <\/p>\n<p>NANO SOMA \u00e8 come la <b>chiave mancante per la salute ottimale del nostro corpo<\/b>, che non sapevamo mancasse fino a quando non \u00e8 apparsa.<\/p>\n<p><u>Rivoluzione della salute<\/u><\/p>\n<p>Poich\u00e9 NANO SOMA \u00e8 composto da alimenti, il corpo risponde in modo sorprendente. Invece di interferire nei processi naturali, NANO SOMA <i>ricorda<\/i> al corpo come funzionare in modo ottimale. <\/p>\n<p>\u00c8 stato dimostrato che il suo ingrediente chiave, il Metadichol, \u00e8 in grado di <a href=\"https:\/\/www.researchgate.net\/publication\/361666714_Title_MetadicholR_is_a_nano_lipid_emulsion_that_expresses_all_48_nuclear_receptors_in_stem_and_somatic_cells\" target=\"_blank\" rel=\"noopener\"><b>regolare tutti i 48\/9 recettori nucleari<\/b><\/a> nel nucleo della cellula e di crearli quando prima non c&#8217;erano.<\/p>\n<p>Ci\u00f2 significa che, in presenza di NANO SOMA, il tuo corpo \u00e8 in grado di produrre ci\u00f2 di cui ha bisogno per sostenere una salute ideale, sia che si tratti di geni, cellule e DNA sani, sia che si tratti di una forte immunit\u00e0 e di robusti processi metabolici e di guarigione*.<\/p>\n<p><u>Raccomandazioni e promemoria<\/u><\/p>\n<p>Ancora una volta, NANO SOMA non guarisce, non cura e non tratta <i>nulla.<\/i> Piuttosto, <b>stimola i meccanismi naturali di guarigione dell&#8217;organismo.<\/b><\/p>\n<p>L&#8217;uso costante \u00e8 fondamentale. Se assumi 5 spruzzi una volta al giorno (per il mantenimento della salute), ogni flacone dura circa 1 mese. Pertanto, se stai iniziando il tuo percorso con NANO SOMA, <b><u>ti consigliamo di acquistare almeno 3 flaconi<\/u><\/b>.  <\/p>\n<p>In genere si consiglia di attendere 90 giorni di utilizzo prima di aspettarsi un risultato, quindi l&#8217;acquisto di almeno 3 flaconi per il tuo primo ordine \u00e8 il miglior supporto per il tuo viaggio con NANO SOMA.<\/p>\n<p>__<\/p>\n<p><strong>Ingredienti:<\/strong><strong> <\/strong>Acqua, Vitamina E TPGS, Policosanoli, Conservante (sorbato di potassio), Regolatore di acidit\u00e0 (acido citrico), Emulsionante (esteri di saccarosio degli acidi grassi).<\/p>\n<p>__<\/p>\n<p><i>Tieni presente che n\u00e9 le aziende che forniscono i prodotti a base di Metadichol, n\u00e9 i direttori e gli azionisti delle aziende sono medici e non forniscono consigli medici. Per consigli medici, consulta il tuo medico di fiducia.  Inoltre, questi prodotti non sono destinati a diagnosticare, trattare, curare o prevenire alcuna malattia. Piuttosto, stimolano i meccanismi naturali di guarigione dell&#8217;organismo, che sono molto pi\u00f9 completi di quanto la maggior parte di noi possa immaginare. <\/i><\/p>\n<div style=\"text-align: center;\"><\/div>\n<div class=\"row\"  id=\"row-2014362382\">\n\n\t<div id=\"col-1794145455\" class=\"col small-12 large-12\"  >\n\t\t\t\t<div class=\"col-inner\"  >\n\t\t\t\n\t<div class=\"is-border\"\n\t\tstyle=\"border-color:rgb(204, 204, 204);border-width:1px 1px 1px 1px;\">\n\t<\/div>\n\t\t\t\n\t<div id=\"text-2386491426\" class=\"text\">\n\t\t\n<p>*Questa dichiarazione non \u00e8 stata valutata dalla Food and Drug Administration. Questo prodotto non \u00e8 destinato a diagnosticare o prescrivere alcuna condizione medica, n\u00e9 a prevenire, trattare, attenuare o curare tali condizioni. In caso di malattie o condizioni mediche, consulta il tuo medico di fiducia.<\/p>\n<p>Le testimonianze, le dichiarazioni e le opinioni presentate sul nostro sito web sono applicabili e autorizzate dagli individui raffigurati. I risultati variano e potrebbero non essere rappresentativi dell&#8217;esperienza di altre persone.<\/p>\n\t\t\n<style>\n#text-2386491426 {\n  font-size: 0.75rem;\n  text-align: left;\n}\n<\/style>\n\t<\/div>\n\t\n\t\t<\/div>\n\t\t\t\t\n<style>\n#col-1794145455 > .col-inner {\n  padding: 20px 20px 20px 20px;\n}\n<\/style>\n\t<\/div>\n\n\t\n<\/div>\n","protected":false},"excerpt":{"rendered":"<p>NANO <sup>SOMA\u00ae<\/sup> Liquid \u00e8 una <i>rivoluzione<\/i> per la tua salute.<\/p>\n<p>Sei alla ricerca di uno strumento semplice, completamente naturale e potente per sostenere il tuo corpo <i>in un modo completamente nuovo?<\/i><\/p>\n<p>NANO SOMA invita il corpo a..:<\/p>\n<ul>\n<li>Produrre vitamina C endogena<\/li>\n<li>Regola il recettore della vitamina D<\/li>\n<li>Regola tutti i 48\/9 recettori nucleari<\/li>\n<li>Promuove un invecchiamento sano* grazie al nuovo supporto dei telomeri<\/li>\n<li>Favorisce un&#8217;immunit\u00e0 forte*.<\/li>\n<\/ul>\n<p>Tuttavia NANO SOMA \u00e8 un alimento, non un farmaco, e i suoi ingredienti sono classificati come GRAS (Generally Recognized as Safe) dalla FDA.<\/p>\n","protected":false},"featured_media":1530,"comment_status":"open","ping_status":"closed","template":"","meta":{"bwfblock_default_font":"","_uag_custom_page_level_css":""},"product_brand":[],"product_cat":[73],"product_tag":[1211],"class_list":{"0":"post-2545","1":"product","2":"type-product","3":"status-publish","4":"has-post-thumbnail","6":"product_cat-3-confezioni","7":"product_tag-nano-soma-liquido","9":"first","10":"instock","11":"sale","12":"taxable","13":"shipping-taxable","14":"purchasable","15":"product-type-simple"},"uagb_featured_image_src":{"full":["https:\/\/iwantmyhealthback.com\/wp-content\/uploads\/2024\/01\/USNS3PACKBottlesGradient20Nov2023.png",1142,1286,false],"thumbnail":["https:\/\/iwantmyhealthback.com\/wp-content\/uploads\/2024\/01\/USNS3PACKBottlesGradient20Nov2023-150x150.png",150,150,true],"medium":["https:\/\/iwantmyhealthback.com\/wp-content\/uploads\/2024\/01\/USNS3PACKBottlesGradient20Nov2023-266x300.png",266,300,true],"medium_large":["https:\/\/iwantmyhealthback.com\/wp-content\/uploads\/2024\/01\/USNS3PACKBottlesGradient20Nov2023-768x865.png",768,865,true],"large":["https:\/\/iwantmyhealthback.com\/wp-content\/uploads\/2024\/01\/USNS3PACKBottlesGradient20Nov2023-909x1024.png",909,1024,true],"1536x1536":["https:\/\/iwantmyhealthback.com\/wp-content\/uploads\/2024\/01\/USNS3PACKBottlesGradient20Nov2023.png",1142,1286,false],"2048x2048":["https:\/\/iwantmyhealthback.com\/wp-content\/uploads\/2024\/01\/USNS3PACKBottlesGradient20Nov2023.png",1142,1286,false],"woocommerce_thumbnail":["https:\/\/iwantmyhealthback.com\/wp-content\/uploads\/2024\/01\/USNS3PACKBottlesGradient20Nov2023-300x338.png",300,338,true],"woocommerce_single":["https:\/\/iwantmyhealthback.com\/wp-content\/uploads\/2024\/01\/USNS3PACKBottlesGradient20Nov2023-510x574.png",510,574,true],"woocommerce_gallery_thumbnail":["https:\/\/iwantmyhealthback.com\/wp-content\/uploads\/2024\/01\/USNS3PACKBottlesGradient20Nov2023-100x100.png",100,100,true]},"uagb_author_info":{"display_name":"IWantMyHealthBack","author_link":"https:\/\/iwantmyhealthback.com\/it\/author\/"},"uagb_comment_info":0,"uagb_excerpt":"NANO SOMA\u00ae Liquid \u00e8 una rivoluzione per la tua salute. Sei alla ricerca di uno strumento semplice, completamente naturale e potente per sostenere il tuo corpo in un modo completamente nuovo? NANO SOMA invita il corpo a..: Produrre vitamina C endogena Regola il recettore della vitamina D Regola tutti i 48\/9 recettori nucleari Promuove un&hellip;","_links":{"self":[{"href":"https:\/\/iwantmyhealthback.com\/it\/wp-json\/wp\/v2\/product\/2545","targetHints":{"allow":["GET"]}}],"collection":[{"href":"https:\/\/iwantmyhealthback.com\/it\/wp-json\/wp\/v2\/product"}],"about":[{"href":"https:\/\/iwantmyhealthback.com\/it\/wp-json\/wp\/v2\/types\/product"}],"replies":[{"embeddable":true,"href":"https:\/\/iwantmyhealthback.com\/it\/wp-json\/wp\/v2\/comments?post=2545"}],"wp:featuredmedia":[{"embeddable":true,"href":"https:\/\/iwantmyhealthback.com\/it\/wp-json\/wp\/v2\/media\/1530"}],"wp:attachment":[{"href":"https:\/\/iwantmyhealthback.com\/it\/wp-json\/wp\/v2\/media?parent=2545"}],"wp:term":[{"taxonomy":"product_brand","embeddable":true,"href":"https:\/\/iwantmyhealthback.com\/it\/wp-json\/wp\/v2\/product_brand?post=2545"},{"taxonomy":"product_cat","embeddable":true,"href":"https:\/\/iwantmyhealthback.com\/it\/wp-json\/wp\/v2\/product_cat?post=2545"},{"taxonomy":"product_tag","embeddable":true,"href":"https:\/\/iwantmyhealthback.com\/it\/wp-json\/wp\/v2\/product_tag?post=2545"}],"curies":[{"name":"wp","href":"https:\/\/api.w.org\/{rel}","templated":true}]}}