{"id":2454,"date":"2024-01-30T15:11:59","date_gmt":"2024-01-30T19:11:59","guid":{"rendered":"https:\/\/iwantmyhealthback.com\/product\/metasomer-gel-topico-confezione-da-12-pezzi\/"},"modified":"2025-05-17T11:51:58","modified_gmt":"2025-05-17T15:51:58","slug":"metasomer-gel-topico-confezione-da-12-pezzi","status":"publish","type":"product","link":"https:\/\/iwantmyhealthback.com\/it\/prodotto\/metasomer-gel-topico-confezione-da-12-pezzi\/","title":{"rendered":"NANO SOMA\u00ae Topical Gel &#8211; 12 Pack"},"content":{"rendered":"\n\t<section class=\"section\" id=\"section_1393541120\">\n\t\t<div class=\"section-bg fill\" >\n\t\t\t\t\t\t\t\t\t\n\t\t\t\n\n\t\t<\/div>\n\n\t\t\n\n\t\t<div class=\"section-content relative\">\n\t\t\t\n<p>NANO SOMA Topical Gel \u00e8 una forma di gel di Metadichol\u00ae da applicare immediatamente sulla pelle. Molte persone hanno riportato incredibili benefici dall&#8217;uso del NANO SOMA Topical Gel, che <a href=\"https:\/\/iwantmyhealthback.com\/wp-content\/uploads\/2024\/01\/METASOMER-Topical-Gel-Testimonials.pdf\" target=\"_blank\" rel=\"noopener\">puoi trovare qui<\/a>.  Ecco alcuni esempi:<\/p>\n<p><strong>L&#8217;immagine seguente mostra il cambiamento nell&#8217;aspetto di una protuberanza dopo sette settimane di utilizzo del gel topico NANO SOMA.<\/strong><\/p>\n<figure class=\"text-center\"><img decoding=\"async\" src=\"https:\/\/magicdichol.info\/wp-content\/uploads\/2023\/12\/EL20neck20bump.png\" width=\"654\" height=\"217.70834350585938\"><\/figure>\n<p>&#8212;<\/p>\n<p><b>&#8220;Mi sono liberato di un neo in pochi giorni utilizzando il gel topico NANO SOMA&#8221;.<\/b><\/p>\n<p><b>Randy Ora<\/b><\/p>\n<p>&#8212;<\/p>\n<p><b>&#8220;Venerd\u00ec mi hanno sostituito il secondo ginocchio. Domenica, oggi, il calore e il disagio erano insopportabili. Sapendo questo, ho ordinato in anticipo il gel topico NANO SOMA. Questa sera l&#8217;ho applicato su tutta la gamba. Come un maestro di Reiki che rimuove il trauma, il gel topico NANO SOMA lo ha fatto in un minuto. Wow! Ecco fatto&#8221;.<\/b><\/p>\n<p><b>Charlie Zev<\/b><\/p>\n<p>&#8212;<\/p>\n<p><b>&#8220;Questo gel topico NANO SOMA \u00e8 un integratore miracoloso. L&#8217;ho usato su entrambe le ginocchia quattro volte al giorno per quattro giorni. Il prurito che ho avuto negli ultimi 15 anni \u00e8 completamente scomparso. \u00c8 un prodotto straordinario&#8221;.<\/b><\/p>\n<p><b>Seyed e Ummu Mohamed, India<\/b><\/p>\n<p>&#8212;<\/p>\n<p>NANO SOMA Topical Gel \u00e8 una nanoemulsione di alcoli a catena lunga presenti in molti alimenti. Viene comunemente chiamato policosanolo ed \u00e8 presente in alimenti non raffinati come il riso, la canna da zucchero e il grano. Questa nano emulsione di policosanolo in forma di gel \u00e8 stata brevettata dal Dr. Raghavan (US 9006292).  <\/p>\n<p><strong>ISTRUZIONI PER L&#8217;USO:<br \/>\n<\/strong><\/p>\n<p>Applicare sulla pelle secondo le necessit\u00e0.<\/p>\n<p><strong>BENEFICI:<br \/>\n<\/strong><\/p>\n<p>Rivitalizza la pelle.*<br \/>\nSupporta la normale guarigione.*<br \/>\nPromuove una pelle sana.*<br \/>\nSicuro da usare intorno agli occhi e in altre zone sensibili.*<\/p>\n<p>Promuove il sollievo dal malessere.*<\/p>\n<p>Contenuto: 1 fl. oz (30 ml)  <\/p>\n<p><strong>Ingredienti:<\/strong> Nanoemulsione di Policosanolo, Vitamina E, Acqua, Estere di Acidi Grassi del Saccarosio, Acido Citrico, Gomma Xantana Commestibile<\/p>\n<div class=\"row\"  id=\"row-845643896\">\n\n\t<div id=\"col-222901760\" class=\"col small-12 large-12\"  >\n\t\t\t\t<div class=\"col-inner\"  >\n\t\t\t\n\t<div class=\"is-border\"\n\t\tstyle=\"border-color:rgb(204, 204, 204);border-width:2px 2px 2px 2px;\">\n\t<\/div>\n\t\t\t\n\t<div id=\"text-202447905\" class=\"text\">\n\t\t\n<div style=\"text-align: center;\"><b>*Questa dichiarazione non \u00e8 stata valutata dalla Food and Drug Administration. Questo prodotto non \u00e8 destinato a diagnosticare o prescrivere alcuna condizione medica, n\u00e9 a prevenire, trattare, attenuare o curare tali condizioni. Se hai una malattia o un problema medico    <\/b><strong>condizioni, consulta il tuo medico curante.<\/strong><\/div>\n\t\t\n<style>\n#text-202447905 {\n  font-size: 0.9rem;\n}\n<\/style>\n\t<\/div>\n\t\n\t\t<\/div>\n\t\t\t\t\n<style>\n#col-222901760 > .col-inner {\n  padding: 10px 20px 10px 20px;\n}\n<\/style>\n\t<\/div>\n\n\t\n<\/div>\n\t\t<\/div>\n\n\t\t\n<style>\n#section_1393541120 {\n  padding-top: 30px;\n  padding-bottom: 30px;\n}\n<\/style>\n\t<\/section>\n\t\n","protected":false},"excerpt":{"rendered":"<p>NANO SOMA Topical Gel \u00e8 una forma di gel di Metadichol\u00ae da applicare immediatamente sulla pelle. Molte persone hanno riportato incredibili benefici dall&#8217;uso del NANO SOMA Topical Gel, che <a href=\"https:\/\/iwantmyhealthback.com\/wp-content\/uploads\/2024\/01\/METASOMER-Topical-Gel-Testimonials.pdf\" target=\"_blank\" rel=\"noopener\">puoi trovare qui<\/a>.  Ecco alcuni esempi:<\/p>\n","protected":false},"featured_media":11792,"comment_status":"open","ping_status":"closed","template":"","meta":{"bwfblock_default_font":"","_uag_custom_page_level_css":""},"product_brand":[],"product_cat":[68],"product_tag":[1224],"class_list":{"0":"post-2454","1":"product","2":"type-product","3":"status-publish","4":"has-post-thumbnail","6":"product_cat-12-confezioni","7":"product_tag-nano-soma-gel-topico","9":"first","10":"instock","11":"sale","12":"taxable","13":"shipping-taxable","14":"purchasable","15":"product-type-simple"},"uagb_featured_image_src":{"full":["https:\/\/iwantmyhealthback.com\/wp-content\/uploads\/2024\/01\/signal-2025-03-28-144430_004.jpeg",1142,1286,false],"thumbnail":["https:\/\/iwantmyhealthback.com\/wp-content\/uploads\/2024\/01\/signal-2025-03-28-144430_004-150x150.jpeg",150,150,true],"medium":["https:\/\/iwantmyhealthback.com\/wp-content\/uploads\/2024\/01\/signal-2025-03-28-144430_004-266x300.jpeg",266,300,true],"medium_large":["https:\/\/iwantmyhealthback.com\/wp-content\/uploads\/2024\/01\/signal-2025-03-28-144430_004-768x865.jpeg",768,865,true],"large":["https:\/\/iwantmyhealthback.com\/wp-content\/uploads\/2024\/01\/signal-2025-03-28-144430_004-909x1024.jpeg",909,1024,true],"1536x1536":["https:\/\/iwantmyhealthback.com\/wp-content\/uploads\/2024\/01\/signal-2025-03-28-144430_004.jpeg",1142,1286,false],"2048x2048":["https:\/\/iwantmyhealthback.com\/wp-content\/uploads\/2024\/01\/signal-2025-03-28-144430_004.jpeg",1142,1286,false],"woocommerce_thumbnail":["https:\/\/iwantmyhealthback.com\/wp-content\/uploads\/2024\/01\/signal-2025-03-28-144430_004-300x338.jpeg",300,338,true],"woocommerce_single":["https:\/\/iwantmyhealthback.com\/wp-content\/uploads\/2024\/01\/signal-2025-03-28-144430_004-510x574.jpeg",510,574,true],"woocommerce_gallery_thumbnail":["https:\/\/iwantmyhealthback.com\/wp-content\/uploads\/2024\/01\/signal-2025-03-28-144430_004-100x100.jpeg",100,100,true]},"uagb_author_info":{"display_name":"IWantMyHealthBack","author_link":"https:\/\/iwantmyhealthback.com\/it\/author\/"},"uagb_comment_info":0,"uagb_excerpt":"NANO SOMA Topical Gel \u00e8 una forma di gel di Metadichol\u00ae da applicare immediatamente sulla pelle. Molte persone hanno riportato incredibili benefici dall'uso del NANO SOMA Topical Gel, che puoi trovare qui. Ecco alcuni esempi:","_links":{"self":[{"href":"https:\/\/iwantmyhealthback.com\/it\/wp-json\/wp\/v2\/product\/2454","targetHints":{"allow":["GET"]}}],"collection":[{"href":"https:\/\/iwantmyhealthback.com\/it\/wp-json\/wp\/v2\/product"}],"about":[{"href":"https:\/\/iwantmyhealthback.com\/it\/wp-json\/wp\/v2\/types\/product"}],"replies":[{"embeddable":true,"href":"https:\/\/iwantmyhealthback.com\/it\/wp-json\/wp\/v2\/comments?post=2454"}],"wp:featuredmedia":[{"embeddable":true,"href":"https:\/\/iwantmyhealthback.com\/it\/wp-json\/wp\/v2\/media\/11792"}],"wp:attachment":[{"href":"https:\/\/iwantmyhealthback.com\/it\/wp-json\/wp\/v2\/media?parent=2454"}],"wp:term":[{"taxonomy":"product_brand","embeddable":true,"href":"https:\/\/iwantmyhealthback.com\/it\/wp-json\/wp\/v2\/product_brand?post=2454"},{"taxonomy":"product_cat","embeddable":true,"href":"https:\/\/iwantmyhealthback.com\/it\/wp-json\/wp\/v2\/product_cat?post=2454"},{"taxonomy":"product_tag","embeddable":true,"href":"https:\/\/iwantmyhealthback.com\/it\/wp-json\/wp\/v2\/product_tag?post=2454"}],"curies":[{"name":"wp","href":"https:\/\/api.w.org\/{rel}","templated":true}]}}