{"id":2444,"date":"2024-03-15T16:31:07","date_gmt":"2024-03-15T16:31:07","guid":{"rendered":"https:\/\/iwantmyhealthback.com\/product\/magicdichol-starter-pack\/"},"modified":"2025-10-19T17:41:29","modified_gmt":"2025-10-19T21:41:29","slug":"magicdichol-starter-pack","status":"publish","type":"product","link":"https:\/\/iwantmyhealthback.com\/it\/prodotto\/magicdichol-starter-pack\/","title":{"rendered":"MagicDichol\u00ae Starter Pack"},"content":{"rendered":"<p>Il <sup>MagicDichol\u00ae<\/sup> Starter Pack ti offre 3 flaconi di NANO <sup>SOMA\u00ae<\/sup> Liquid, 1 NANO <sup>SOMA\u00ae<\/sup> Topical Gel e 1 NANO <sup>SOMA\u00ae<\/sup> Skin Cream, tutti scontati del 15% rispetto ai prezzi dei singoli flaconi.<\/p>\n<p>Lo Starter Pack MagicDichol \u00e8 stato ideato per presentarti i 3 prodotti MagicDichol e per aiutarti a iniziare il tuo fantastico viaggio con questi prodotti straordinari che, per molti, cambiano la vita.<\/p>\n<p>Ingredienti di NANO SOMA: Acqua, Vitamina E TPGS, Policosanoli, Conservante (sorbato di potassio), Regolatore di acidit\u00e0 (acido citrico), Emulsionante (esteri di saccarosio degli acidi grassi).<\/p>\n<p>NANO SOMA Gel Topico Ingredienti: Nanoemulsione di Policosanolo, Vitamina E, Acqua, Estere di Acidi Grassi del Saccarosio, Acido Citrico, Gomma Xantana Commestibile<\/p>\n<p>NANO SOMA Crema per la pelle Ingredienti: Acqua, Emisqualano neossance, Glicerina, Alcool cetostearilico, Cera oleosa, Vitamina E TPGS, 2-Fenossietanolo, Gomma xantana, Policosanoli, Saccarosio monolaurato, Sorbato di potassio, Acido ialuronico, Acido citrico monoidrato, Fragranza (latte di vaniglia)<\/p>\n<div class=\"row\"  id=\"row-915701650\">\n\n\t<div id=\"col-1904395296\" class=\"col small-12 large-12\"  >\n\t\t\t\t<div class=\"col-inner\"  >\n\t\t\t\n\t<div class=\"is-border\"\n\t\tstyle=\"border-color:rgb(204, 204, 204);border-width:2px 2px 2px 2px;\">\n\t<\/div>\n\t\t\t\n\t<div id=\"text-813738084\" class=\"text\">\n\t\t\n<div style=\"text-align: left;\">*Questa dichiarazione non \u00e8 stata valutata dalla Food and Drug Administration. Questo prodotto non \u00e8 destinato a diagnosticare o prescrivere alcuna condizione medica, n\u00e9 a prevenire, trattare, attenuare o curare tali condizioni. In caso di malattie o condizioni mediche, consulta il tuo medico di fiducia.<\/div>\n\t\t\n<style>\n#text-813738084 {\n  font-size: 0.75rem;\n  text-align: left;\n  color: rgb(0,0,0);\n}\n#text-813738084 > * {\n  color: rgb(0,0,0);\n}\n<\/style>\n\t<\/div>\n\t\n\t\t<\/div>\n\t\t\t\t\n<style>\n#col-1904395296 > .col-inner {\n  padding: 10px 20px 10px 20px;\n}\n<\/style>\n\t<\/div>\n\n\t\n<\/div>\n","protected":false},"excerpt":{"rendered":"<p>Il MagicDichol Starter Pack ti offre 3 flaconi di NANO SOMA Liquid e 1 di NANO SOMA Topical Gel e NANO SOMA Skin Cream, tutti scontati del 15% rispetto ai prezzi dei singoli flaconi.<\/p>\n","protected":false},"featured_media":18713,"comment_status":"open","ping_status":"closed","template":"","meta":{"bwfblock_default_font":"","_uag_custom_page_level_css":""},"product_brand":[],"product_cat":[63],"product_tag":[],"class_list":{"0":"post-2444","1":"product","2":"type-product","3":"status-publish","4":"has-post-thumbnail","6":"product_cat-pacchetto-starter","8":"first","9":"instock","10":"sale","11":"taxable","12":"shipping-taxable","13":"purchasable","14":"product-type-simple"},"uagb_featured_image_src":{"full":["https:\/\/iwantmyhealthback.com\/wp-content\/uploads\/2024\/03\/MD-Starter-Pack-New-Cream-High-Quality-1.jpg",580,400,false],"thumbnail":["https:\/\/iwantmyhealthback.com\/wp-content\/uploads\/2024\/03\/MD-Starter-Pack-New-Cream-High-Quality-1-150x150.jpg",150,150,true],"medium":["https:\/\/iwantmyhealthback.com\/wp-content\/uploads\/2024\/03\/MD-Starter-Pack-New-Cream-High-Quality-1-300x207.jpg",300,207,true],"medium_large":["https:\/\/iwantmyhealthback.com\/wp-content\/uploads\/2024\/03\/MD-Starter-Pack-New-Cream-High-Quality-1.jpg",580,400,false],"large":["https:\/\/iwantmyhealthback.com\/wp-content\/uploads\/2024\/03\/MD-Starter-Pack-New-Cream-High-Quality-1.jpg",580,400,false],"1536x1536":["https:\/\/iwantmyhealthback.com\/wp-content\/uploads\/2024\/03\/MD-Starter-Pack-New-Cream-High-Quality-1.jpg",580,400,false],"2048x2048":["https:\/\/iwantmyhealthback.com\/wp-content\/uploads\/2024\/03\/MD-Starter-Pack-New-Cream-High-Quality-1.jpg",580,400,false],"woocommerce_thumbnail":["https:\/\/iwantmyhealthback.com\/wp-content\/uploads\/2024\/03\/MD-Starter-Pack-New-Cream-High-Quality-1-300x207.jpg",300,207,true],"woocommerce_single":["https:\/\/iwantmyhealthback.com\/wp-content\/uploads\/2024\/03\/MD-Starter-Pack-New-Cream-High-Quality-1-510x352.jpg",510,352,true],"woocommerce_gallery_thumbnail":["https:\/\/iwantmyhealthback.com\/wp-content\/uploads\/2024\/03\/MD-Starter-Pack-New-Cream-High-Quality-1-100x100.jpg",100,100,true]},"uagb_author_info":{"display_name":"IWantMyHealthBack","author_link":"https:\/\/iwantmyhealthback.com\/it\/author\/"},"uagb_comment_info":0,"uagb_excerpt":"Il MagicDichol Starter Pack ti offre 3 flaconi di NANO SOMA Liquid e 1 di NANO SOMA Topical Gel e NANO SOMA Skin Cream, tutti scontati del 15% rispetto ai prezzi dei singoli flaconi.","_links":{"self":[{"href":"https:\/\/iwantmyhealthback.com\/it\/wp-json\/wp\/v2\/product\/2444","targetHints":{"allow":["GET"]}}],"collection":[{"href":"https:\/\/iwantmyhealthback.com\/it\/wp-json\/wp\/v2\/product"}],"about":[{"href":"https:\/\/iwantmyhealthback.com\/it\/wp-json\/wp\/v2\/types\/product"}],"replies":[{"embeddable":true,"href":"https:\/\/iwantmyhealthback.com\/it\/wp-json\/wp\/v2\/comments?post=2444"}],"wp:featuredmedia":[{"embeddable":true,"href":"https:\/\/iwantmyhealthback.com\/it\/wp-json\/wp\/v2\/media\/18713"}],"wp:attachment":[{"href":"https:\/\/iwantmyhealthback.com\/it\/wp-json\/wp\/v2\/media?parent=2444"}],"wp:term":[{"taxonomy":"product_brand","embeddable":true,"href":"https:\/\/iwantmyhealthback.com\/it\/wp-json\/wp\/v2\/product_brand?post=2444"},{"taxonomy":"product_cat","embeddable":true,"href":"https:\/\/iwantmyhealthback.com\/it\/wp-json\/wp\/v2\/product_cat?post=2444"},{"taxonomy":"product_tag","embeddable":true,"href":"https:\/\/iwantmyhealthback.com\/it\/wp-json\/wp\/v2\/product_tag?post=2444"}],"curies":[{"name":"wp","href":"https:\/\/api.w.org\/{rel}","templated":true}]}}