{"id":7627,"date":"2024-10-16T03:45:03","date_gmt":"2024-10-16T07:45:03","guid":{"rendered":"https:\/\/iwantmyhealthback.com\/la-testimonianza-di-sean-su-nano-soma\/"},"modified":"2025-05-21T08:45:02","modified_gmt":"2025-05-21T12:45:02","slug":"la-testimonianza-di-sean-su-nano-soma","status":"publish","type":"page","link":"https:\/\/iwantmyhealthback.com\/it\/la-testimonianza-di-sean-su-nano-soma\/","title":{"rendered":"La testimonianza di Sean su NANO SOMA"},"content":{"rendered":"\n\n\t<section class=\"section\" id=\"section_918489524\">\n\t\t<div class=\"section-bg fill\" >\n\t\t\t\t\t\t\t\t\t\n\t\t\t\n\n\t\t<\/div>\n\n\t\t\n\n\t\t<div class=\"section-content relative\">\n\t\t\t\n\n<div class=\"row align-middle align-center\"  id=\"row-700162086\">\n\n\n\t<div id=\"col-1631259367\" class=\"col medium-10 small-12 large-10\"  >\n\t\t\t\t<div class=\"col-inner text-center\"  >\n\t\t\t\n\t\t\t\n\n\t<div id=\"text-1503058154\" class=\"text hide-for-small\">\n\t\t\n\n<h1 style=\"font-size: 40px\">Testimonianza NANO SOMA\u00ae di Sean<\/h1>\n<p style=\"font-size:22px\">L&#8217;importanza di assumere NANO SOMA\u00ae quotidianamente<\/p>\n\n\t\t\n<style>\n#text-1503058154 {\n  font-size: 1.6rem;\n}\n@media (min-width:550px) {\n  #text-1503058154 {\n    font-size: 2.4rem;\n  }\n}\n<\/style>\n\t<\/div>\n\t\n\t<div id=\"text-809301743\" class=\"text show-for-small\">\n\t\t\n\n<h1 style=\"font-size: 25px\">Testimonianza NANO <sup>SOMA\u00ae<\/sup> di Sean<\/h1>\n<p style=\"font-size:15px\">L&#8217;importanza di assumere NANO <sup>SOMA\u00ae<\/sup> quotidianamente<\/p>\n\t\t\n<style>\n#text-809301743 {\n  font-size: 1.6rem;\n}\n@media (min-width:550px) {\n  #text-809301743 {\n    font-size: 2.4rem;\n  }\n}\n<\/style>\n\t<\/div>\n\t\n\n\n<div style=\"padding:45.36% 0 0 0;position:relative;\"><iframe src=\"https:\/\/player.vimeo.com\/video\/853261799?h=699cd07194\" style=\"position:absolute;top:0;left:0;width:100%;height:100%;\" frameborder=\"0\" allow=\"autoplay; fullscreen; picture-in-picture\" allowfullscreen=\"\"><\/iframe><\/div><script src=\"https:\/\/player.vimeo.com\/api\/player.js\"><\/script>\n\n\t<div id=\"gap-1269688704\" class=\"gap-element clearfix\" style=\"display:block; height:auto;\">\n\t\t\n<style>\n#gap-1269688704 {\n  padding-top: 30px;\n}\n<\/style>\n\t<\/div>\n\t\n\n<a href=\"https:\/\/iwantmyhealthback.com\/it\/acquista-ora\/\" target=\"_blank\" class=\"button primary is-xlarge hide-for-small\" rel=\"noopener\" >\n\t\t<span>ACQUISTA ORA<\/span>\n\t<\/a>\n\n\n<a href=\"https:\/\/magicdichol.info\/products\/#nanosoma\" target=\"_blank\" class=\"button primary is-larger expand show-for-small\" rel=\"noopener\">\n\t\t<span>NANO SOMA<\/span>\n\t<\/a>\n\n\n\t<div id=\"text-2842093893\" class=\"text\">\n\t\t\n\n<p>Assumere NANO SOMA\u00ae ogni giorno, come fa Sean, \u00e8 fondamentale anche se sei gi\u00e0 in buona salute o hai raggiunto i tuoi obiettivi di salute, perch\u00e9 NANO SOMA:<\/p>\n<ul>\n<li><span style=\"font-size: 115%;\">Induce l&#8217;organismo a produrre la propria vitamina C, migliorando l&#8217;immunit\u00e0 naturale*.<\/span><\/li>\n<li><span style=\"font-size: 115%;\">Regola tutti i recettori nucleari dell&#8217;organismo, come la tiroide o il recettore della vitamina D, fornendo un supporto completo all&#8217;equilibrio dell&#8217;organismo<\/span><\/li>\n<li><span style=\"font-size: 115%;\">Un valido supporto per il mantenimento della giovinezza e l&#8217;inversione degli effetti dell&#8217;invecchiamento biologico*.<\/span><\/li>\n<li><span style=\"font-size: 115%;\">Mantiene il DNA sano supportando la salute delle cellule e ottimizzando la funzione del genoma*.<\/span><\/li>\n<li><span style=\"font-size: 115%;\">Aiuta ad affrontare i problemi di salute di cui potremmo non essere consapevoli<\/span><\/li>\n<\/ul>\n<p>Integrando NANO SOMA nella tua routine quotidiana, ti assicurerai che il tuo corpo rimanga energizzato, vibrante e capace di mantenere il benessere generale, indipendentemente dal tuo attuale stato di salute.<\/p>\n\n\t\t\n<style>\n#text-2842093893 {\n  font-size: 1rem;\n  text-align: left;\n}\n@media (min-width:550px) {\n  #text-2842093893 {\n    font-size: 1.3rem;\n  }\n}\n<\/style>\n\t<\/div>\n\t\n<a href=\"https:\/\/iwantmyhealthback.com\/it\/prodotto\/nano-soma-liquido\/\" target=\"_blank\" class=\"button primary is-xlarge hide-for-small\" rel=\"noopener\">\n\t\t<span>NANO SOMA<\/span>\n\t<\/a>\n\n\n\t<div id=\"text-3596616881\" class=\"text\">\n\t\t\n\n<p>NANO SOMA aiuta il tuo corpo dall&#8217;interno verso l&#8217;esterno. Non hai ancora provato la nostra Crema per la pelle NANO SOMA o il Gel topico NANO SOMA? Provali oggi stesso e scopri la differenza!  <\/p>\n\t\t\n<style>\n#text-3596616881 {\n  font-size: 1.3rem;\n  text-align: left;\n}\n<\/style>\n\t<\/div>\n\t\n<a href=\"https:\/\/iwantmyhealthback.com\/it\/acquista-ora\/\" class=\"button primary is-xlarge hide-for-small\">\n\t\t<span>VAI AL NEGOZIO<\/span>\n\t<\/a>\n\n\n<a href=\"https:\/\/magicdichol.info\/shop-now\" class=\"button primary is-larger expand show-for-small\" target=\"_blank\" rel=\"noopener\">\n\t\t<span>ACQUISTA ORA<\/span>\n\t<\/a>\n\n\n\n\t\t<\/div>\n\t\t\t\t\n<style>\n#col-1631259367 > .col-inner {\n  padding: 0px 0px 0px 0px;\n}\n<\/style>\n\t<\/div>\n\n\t\n\n<\/div>\n\n\t\t<\/div>\n\n\t\t\n<style>\n#section_918489524 {\n  padding-top: 30px;\n  padding-bottom: 30px;\n}\n<\/style>\n\t<\/section>\n\t\n\n","protected":false},"excerpt":{"rendered":"","protected":false},"author":2,"featured_media":0,"parent":0,"menu_order":0,"comment_status":"closed","ping_status":"closed","template":"","meta":{"bwfblock_default_font":"","_uag_custom_page_level_css":"","footnotes":""},"class_list":["post-7627","page","type-page","status-publish","hentry"],"uagb_featured_image_src":{"full":false,"thumbnail":false,"medium":false,"medium_large":false,"large":false,"1536x1536":false,"2048x2048":false,"woocommerce_thumbnail":false,"woocommerce_single":false,"woocommerce_gallery_thumbnail":false},"uagb_author_info":{"display_name":"IWantMyHealthBack","author_link":"https:\/\/iwantmyhealthback.com\/it\/author\/anthonette\/"},"uagb_comment_info":0,"uagb_excerpt":null,"_links":{"self":[{"href":"https:\/\/iwantmyhealthback.com\/it\/wp-json\/wp\/v2\/pages\/7627","targetHints":{"allow":["GET"]}}],"collection":[{"href":"https:\/\/iwantmyhealthback.com\/it\/wp-json\/wp\/v2\/pages"}],"about":[{"href":"https:\/\/iwantmyhealthback.com\/it\/wp-json\/wp\/v2\/types\/page"}],"author":[{"embeddable":true,"href":"https:\/\/iwantmyhealthback.com\/it\/wp-json\/wp\/v2\/users\/2"}],"replies":[{"embeddable":true,"href":"https:\/\/iwantmyhealthback.com\/it\/wp-json\/wp\/v2\/comments?post=7627"}],"version-history":[{"count":0,"href":"https:\/\/iwantmyhealthback.com\/it\/wp-json\/wp\/v2\/pages\/7627\/revisions"}],"wp:attachment":[{"href":"https:\/\/iwantmyhealthback.com\/it\/wp-json\/wp\/v2\/media?parent=7627"}],"curies":[{"name":"wp","href":"https:\/\/api.w.org\/{rel}","templated":true}]}}